{"id":991,"date":"2024-06-22T15:52:07","date_gmt":"2024-06-22T13:52:07","guid":{"rendered":"https:\/\/www.kakikuu.fi\/?page_id=991"},"modified":"2026-02-01T19:21:29","modified_gmt":"2026-02-01T17:21:29","slug":"hiilijalanjaljen-laskenta","status":"publish","type":"page","link":"https:\/\/www.kakikuu.fi\/en\/ratkaisut\/hiilijalanjaljen-laskenta\/","title":{"rendered":"Carbon footprint calculation"},"content":{"rendered":"\n<p>Ota askel kohti kest\u00e4v\u00e4mp\u00e4\u00e4 tulevaisuutta hiilijalanj\u00e4ljen laskennan avulla. Hiilijalanj\u00e4ljen laskenta tuo yrityksen ja tuotteen p\u00e4\u00e4st\u00f6t n\u00e4kyviksi ja mahdollistaa niiden suunnitelmallisen v\u00e4hent\u00e4misen. Se tarjoaa yrityksellesi arvokasta tietoa ja dataa, jonka avulla voit tehd\u00e4 tietoon perustuvia p\u00e4\u00e4t\u00f6ksi\u00e4 ja suunnata resursseja entist\u00e4 tehokkaammin.<\/p>\n\n\n\n<ul class=\"wp-block-list\">\n<li>Yksil\u00f6llinen laskenta &#8211; hiilijalanj\u00e4ljen laskenta voidaan toteuttaa joko yksitt\u00e4iselle tuotteelle tai koko yritykselle. T\u00e4ll\u00e4 varmistat, ett\u00e4 saat juuri tarpeisiisi sopivaa tietoa<\/li>\n\n\n\n<li>Resurssien tehokas kohdentaminen &#8211; laskennan avulla yrityksesi voi suunnata resurssejaan sinne, miss\u00e4 p\u00e4\u00e4st\u00f6jen v\u00e4hent\u00e4minen on vaikuttavinta. T\u00e4m\u00e4 tehostaa vastuullisuusty\u00f6t\u00e4si ja auttaa saavuttamaan kest\u00e4v\u00e4n kehityksen tavoitteet mahdollisimman kustannustehokkaasti<\/li>\n\n\n\n<li>Konkreettiset hy\u00f6dyt &#8211; hiilijalanj\u00e4ljen n\u00e4kyv\u00e4ksi tekeminen auttaa yrityst\u00e4si vastaamaan sidosryhmien odotuksiin, parantamaan yrityskuvaa ja vahvistamaan kilpailukyky\u00e4 markkinoilla, joissa kest\u00e4vyys on yh\u00e4 t\u00e4rke\u00e4mpi tekij\u00e4<\/li>\n\n\n\n<li>Selke\u00e4 raportti ja suositukset &#8211; saat selke\u00e4t raportit ja suositukset, joiden avulla voit aloittaa konkreettiset toimenpiteet p\u00e4\u00e4st\u00f6jen v\u00e4hent\u00e4miseksi<\/li>\n\n\n\n<li>Pitk\u00e4j\u00e4nteinen vaikutus &#8211; hiilijalanj\u00e4ljen laskenta on ensimm\u00e4inen askel kohti pitk\u00e4j\u00e4nteist\u00e4 vastuullisuusty\u00f6t\u00e4. Se auttaa sinua luomaan strategian, jonka avulla voit v\u00e4hent\u00e4\u00e4 ymp\u00e4rist\u00f6vaikutuksiasi systemaattisesti ja jatkuvasti<\/li>\n<\/ul>\n\n\n\n<p>Anna yrityksesi kasvaa kest\u00e4v\u00e4sti samalla kun edist\u00e4t ilmastonmuutoksen torjuntaa. N\u00e4yt\u00e4 asiakkaille ja sidosryhmille, ett\u00e4 yrityksesi on sitoutunut vastuullisuuteen ja ymp\u00e4rist\u00f6nsuojeluun.<\/p>\n\n\n\n<p>Kysy lis\u00e4\u00e4 ja pyyd\u00e4 tarjous:<\/p>\n\n\n<div class=\"wpforms-container wpforms-container-full wpforms-block wpforms-block-459a39c7-d805-4e31-a3d4-48124f9a13e2\" id=\"wpforms-120\"><form id=\"wpforms-form-120\" class=\"wpforms-validate wpforms-form wpforms-ajax-form\" data-formid=\"120\" method=\"post\" enctype=\"multipart\/form-data\" action=\"\/en\/wp-json\/wp\/v2\/pages\/991\" data-token=\"a8d42a3abd6b31b9716272d955485850\" data-token-time=\"1777279498\"><noscript class=\"wpforms-error-noscript\">Please enable JavaScript in your browser to complete this form.<\/noscript><div class=\"wpforms-field-container\"><div id=\"wpforms-120-field_0-container\" class=\"wpforms-field wpforms-field-name\" data-field-id=\"0\"><label class=\"wpforms-field-label\" for=\"wpforms-120-field_0\">Nimi <span class=\"wpforms-required-label\">*<\/span><\/label><input type=\"text\" id=\"wpforms-120-field_0\" class=\"wpforms-field-medium wpforms-field-required\" name=\"wpforms[fields][0]\" required><\/div><div id=\"wpforms-120-field_1-container\" class=\"wpforms-field wpforms-field-email\" data-field-id=\"1\"><label class=\"wpforms-field-label\" for=\"wpforms-120-field_1\">S\u00e4hk\u00f6postiosoitteesi <span class=\"wpforms-required-label\">*<\/span><\/label><input type=\"email\" id=\"wpforms-120-field_1\" class=\"wpforms-field-medium wpforms-field-required\" name=\"wpforms[fields][1]\" spellcheck=\"false\" required><\/div><div id=\"wpforms-120-field_2-container\" class=\"wpforms-field wpforms-field-textarea\" data-field-id=\"2\"><label class=\"wpforms-field-label\" for=\"wpforms-120-field_2\">Viestisi meille<\/label><textarea id=\"wpforms-120-field_2\" class=\"wpforms-field-medium\" name=\"wpforms[fields][2]\" ><\/textarea><\/div><\/div><!-- .wpforms-field-container --><div class=\"wpforms-submit-container\" ><input type=\"hidden\" name=\"wpforms[id]\" value=\"120\"><input type=\"hidden\" name=\"page_title\" value=\"\"><input type=\"hidden\" name=\"page_url\" value=\"https:\/\/www.kakikuu.fi\/en\/wp-json\/wp\/v2\/pages\/991\"><input type=\"hidden\" name=\"url_referer\" value=\"\"><button type=\"submit\" name=\"wpforms[submit]\" id=\"wpforms-submit-120\" class=\"wpforms-submit\" data-alt-text=\"L\u00e4hetet\u00e4\u00e4n...\" data-submit-text=\"L\u00e4het\u00e4\" aria-live=\"assertive\" value=\"wpforms-submit\">L\u00e4het\u00e4<\/button><img loading=\"lazy\" decoding=\"async\" src=\"https:\/\/www.kakikuu.fi\/wp-content\/plugins\/wpforms-lite\/assets\/images\/submit-spin.svg\" class=\"wpforms-submit-spinner\" style=\"display: none;\" width=\"26\" height=\"26\" alt=\"Loading\"><\/div><\/form><\/div>  <!-- .wpforms-container -->","protected":false},"excerpt":{"rendered":"<p>Ota askel kohti kest\u00e4v\u00e4mp\u00e4\u00e4 tulevaisuutta hiilijalanj\u00e4ljen laskennan avulla. Hiilijalanj\u00e4ljen laskenta tuo yrityksen ja tuotteen p\u00e4\u00e4st\u00f6t n\u00e4kyviksi ja mahdollistaa niiden suunnitelmallisen v\u00e4hent\u00e4misen. Se tarjoaa yrityksellesi arvokasta tietoa ja dataa, jonka avulla voit tehd\u00e4 tietoon perustuvia p\u00e4\u00e4t\u00f6ksi\u00e4 ja suunnata resursseja entist\u00e4 tehokkaammin. Anna yrityksesi kasvaa kest\u00e4v\u00e4sti samalla kun edist\u00e4t ilmastonmuutoksen torjuntaa. N\u00e4yt\u00e4 [&hellip;]<\/p>\n","protected":false},"author":1,"featured_media":1203,"parent":34,"menu_order":4,"comment_status":"closed","ping_status":"closed","template":"","meta":{"footnotes":""},"class_list":["post-991","page","type-page","status-publish","has-post-thumbnail","hentry"],"yoast_head":"<!-- This site is optimized with the Yoast SEO plugin v27.4 - https:\/\/yoast.com\/product\/yoast-seo-wordpress\/ -->\n<title>Hiilijalanj\u00e4ljen laskenta pk-yrityksille | K\u00e4kikuu<\/title>\n<meta name=\"description\" content=\"Hiilijalanj\u00e4ljen laskenta auttaa pk-yrityst\u00e4 tunnistamaan p\u00e4\u00e4st\u00f6jen l\u00e4hteet ja kohdistamaan toimet sinne, miss\u00e4 vaikutus on suurin.\" \/>\n<meta name=\"robots\" content=\"index, follow, max-snippet:-1, max-image-preview:large, max-video-preview:-1\" \/>\n<link rel=\"canonical\" href=\"https:\/\/www.kakikuu.fi\/en\/ratkaisut\/hiilijalanjaljen-laskenta\/\" \/>\n<meta property=\"og:locale\" content=\"en_GB\" \/>\n<meta property=\"og:type\" content=\"article\" \/>\n<meta property=\"og:title\" content=\"Hiilijalanj\u00e4ljen laskenta pk-yrityksille | K\u00e4kikuu\" \/>\n<meta property=\"og:description\" content=\"Hiilijalanj\u00e4ljen laskenta auttaa pk-yrityst\u00e4 tunnistamaan p\u00e4\u00e4st\u00f6jen l\u00e4hteet ja kohdistamaan toimet sinne, miss\u00e4 vaikutus on suurin.\" \/>\n<meta property=\"og:url\" content=\"https:\/\/www.kakikuu.fi\/en\/ratkaisut\/hiilijalanjaljen-laskenta\/\" \/>\n<meta property=\"og:site_name\" content=\"K\u00e4kikuu\" \/>\n<meta property=\"article:publisher\" content=\"https:\/\/www.facebook.com\/profile.php?id=61551999317882\" \/>\n<meta property=\"article:modified_time\" content=\"2026-02-01T17:21:29+00:00\" \/>\n<meta property=\"og:image\" content=\"https:\/\/www.kakikuu.fi\/wp-content\/uploads\/2024\/10\/carlos-muza-hpjSkU2UYSU-unsplash-small-jpg.webp\" \/>\n\t<meta property=\"og:image:width\" content=\"1500\" \/>\n\t<meta property=\"og:image:height\" content=\"1068\" \/>\n\t<meta property=\"og:image:type\" content=\"image\/jpeg\" \/>\n<meta name=\"twitter:card\" content=\"summary_large_image\" \/>\n<meta name=\"twitter:label1\" content=\"Estimated reading time\" \/>\n\t<meta name=\"twitter:data1\" content=\"2 minutes\" \/>\n<script type=\"application\/ld+json\" class=\"yoast-schema-graph\">{\"@context\":\"https:\\\/\\\/schema.org\",\"@graph\":[{\"@type\":\"WebPage\",\"@id\":\"https:\\\/\\\/www.kakikuu.fi\\\/ratkaisut\\\/hiilijalanjaljen-laskenta\\\/\",\"url\":\"https:\\\/\\\/www.kakikuu.fi\\\/ratkaisut\\\/hiilijalanjaljen-laskenta\\\/\",\"name\":\"Hiilijalanj\u00e4ljen laskenta pk-yrityksille | K\u00e4kikuu\",\"isPartOf\":{\"@id\":\"https:\\\/\\\/www.kakikuu.fi\\\/#website\"},\"primaryImageOfPage\":{\"@id\":\"https:\\\/\\\/www.kakikuu.fi\\\/ratkaisut\\\/hiilijalanjaljen-laskenta\\\/#primaryimage\"},\"image\":{\"@id\":\"https:\\\/\\\/www.kakikuu.fi\\\/ratkaisut\\\/hiilijalanjaljen-laskenta\\\/#primaryimage\"},\"thumbnailUrl\":\"https:\\\/\\\/www.kakikuu.fi\\\/wp-content\\\/uploads\\\/2024\\\/10\\\/carlos-muza-hpjSkU2UYSU-unsplash-small-jpg.webp\",\"datePublished\":\"2024-06-22T13:52:07+00:00\",\"dateModified\":\"2026-02-01T17:21:29+00:00\",\"description\":\"Hiilijalanj\u00e4ljen laskenta auttaa pk-yrityst\u00e4 tunnistamaan p\u00e4\u00e4st\u00f6jen l\u00e4hteet ja kohdistamaan toimet sinne, miss\u00e4 vaikutus on suurin.\",\"breadcrumb\":{\"@id\":\"https:\\\/\\\/www.kakikuu.fi\\\/ratkaisut\\\/hiilijalanjaljen-laskenta\\\/#breadcrumb\"},\"inLanguage\":\"en-GB\",\"potentialAction\":[{\"@type\":\"ReadAction\",\"target\":[\"https:\\\/\\\/www.kakikuu.fi\\\/ratkaisut\\\/hiilijalanjaljen-laskenta\\\/\"]}]},{\"@type\":\"ImageObject\",\"inLanguage\":\"en-GB\",\"@id\":\"https:\\\/\\\/www.kakikuu.fi\\\/ratkaisut\\\/hiilijalanjaljen-laskenta\\\/#primaryimage\",\"url\":\"https:\\\/\\\/www.kakikuu.fi\\\/wp-content\\\/uploads\\\/2024\\\/10\\\/carlos-muza-hpjSkU2UYSU-unsplash-small-jpg.webp\",\"contentUrl\":\"https:\\\/\\\/www.kakikuu.fi\\\/wp-content\\\/uploads\\\/2024\\\/10\\\/carlos-muza-hpjSkU2UYSU-unsplash-small-jpg.webp\",\"width\":1500,\"height\":1068,\"caption\":\"K\u00e4kikuu on yritysten ja organisaatioiden kumppani vastuullisuusty\u00f6ss\u00e4\"},{\"@type\":\"BreadcrumbList\",\"@id\":\"https:\\\/\\\/www.kakikuu.fi\\\/ratkaisut\\\/hiilijalanjaljen-laskenta\\\/#breadcrumb\",\"itemListElement\":[{\"@type\":\"ListItem\",\"position\":1,\"name\":\"Etusivu\",\"item\":\"https:\\\/\\\/www.kakikuu.fi\\\/\"},{\"@type\":\"ListItem\",\"position\":2,\"name\":\"Vastuullisuusty\u00f6n ratkaisut pk-yrityksille\",\"item\":\"https:\\\/\\\/www.kakikuu.fi\\\/ratkaisut\\\/\"},{\"@type\":\"ListItem\",\"position\":3,\"name\":\"Hiilijalanj\u00e4ljen laskenta\"}]},{\"@type\":\"WebSite\",\"@id\":\"https:\\\/\\\/www.kakikuu.fi\\\/#website\",\"url\":\"https:\\\/\\\/www.kakikuu.fi\\\/\",\"name\":\"K\u00e4kikuu\",\"description\":\"Yritysvastuun kumppani\",\"publisher\":{\"@id\":\"https:\\\/\\\/www.kakikuu.fi\\\/#organization\"},\"potentialAction\":[{\"@type\":\"SearchAction\",\"target\":{\"@type\":\"EntryPoint\",\"urlTemplate\":\"https:\\\/\\\/www.kakikuu.fi\\\/?s={search_term_string}\"},\"query-input\":{\"@type\":\"PropertyValueSpecification\",\"valueRequired\":true,\"valueName\":\"search_term_string\"}}],\"inLanguage\":\"en-GB\"},{\"@type\":\"Organization\",\"@id\":\"https:\\\/\\\/www.kakikuu.fi\\\/#organization\",\"name\":\"K\u00e4kikuu\",\"url\":\"https:\\\/\\\/www.kakikuu.fi\\\/\",\"logo\":{\"@type\":\"ImageObject\",\"inLanguage\":\"en-GB\",\"@id\":\"https:\\\/\\\/www.kakikuu.fi\\\/#\\\/schema\\\/logo\\\/image\\\/\",\"url\":\"https:\\\/\\\/www.kakikuu.fi\\\/wp-content\\\/uploads\\\/2024\\\/02\\\/cropped-Capture-5-jpg.webp\",\"contentUrl\":\"https:\\\/\\\/www.kakikuu.fi\\\/wp-content\\\/uploads\\\/2024\\\/02\\\/cropped-Capture-5-jpg.webp\",\"width\":508,\"height\":252,\"caption\":\"K\u00e4kikuu\"},\"image\":{\"@id\":\"https:\\\/\\\/www.kakikuu.fi\\\/#\\\/schema\\\/logo\\\/image\\\/\"},\"sameAs\":[\"https:\\\/\\\/www.facebook.com\\\/profile.php?id=61551999317882\"]}]}<\/script>\n<!-- \/ Yoast SEO plugin. -->","yoast_head_json":{"title":"Hiilijalanj\u00e4ljen laskenta pk-yrityksille | K\u00e4kikuu","description":"Hiilijalanj\u00e4ljen laskenta auttaa pk-yrityst\u00e4 tunnistamaan p\u00e4\u00e4st\u00f6jen l\u00e4hteet ja kohdistamaan toimet sinne, miss\u00e4 vaikutus on suurin.","robots":{"index":"index","follow":"follow","max-snippet":"max-snippet:-1","max-image-preview":"max-image-preview:large","max-video-preview":"max-video-preview:-1"},"canonical":"https:\/\/www.kakikuu.fi\/en\/ratkaisut\/hiilijalanjaljen-laskenta\/","og_locale":"en_GB","og_type":"article","og_title":"Hiilijalanj\u00e4ljen laskenta pk-yrityksille | K\u00e4kikuu","og_description":"Hiilijalanj\u00e4ljen laskenta auttaa pk-yrityst\u00e4 tunnistamaan p\u00e4\u00e4st\u00f6jen l\u00e4hteet ja kohdistamaan toimet sinne, miss\u00e4 vaikutus on suurin.","og_url":"https:\/\/www.kakikuu.fi\/en\/ratkaisut\/hiilijalanjaljen-laskenta\/","og_site_name":"K\u00e4kikuu","article_publisher":"https:\/\/www.facebook.com\/profile.php?id=61551999317882","article_modified_time":"2026-02-01T17:21:29+00:00","og_image":[{"width":1500,"height":1068,"url":"https:\/\/www.kakikuu.fi\/wp-content\/uploads\/2024\/10\/carlos-muza-hpjSkU2UYSU-unsplash-small-jpg.webp","type":"image\/jpeg"}],"twitter_card":"summary_large_image","twitter_misc":{"Estimated reading time":"2 minutes"},"schema":{"@context":"https:\/\/schema.org","@graph":[{"@type":"WebPage","@id":"https:\/\/www.kakikuu.fi\/ratkaisut\/hiilijalanjaljen-laskenta\/","url":"https:\/\/www.kakikuu.fi\/ratkaisut\/hiilijalanjaljen-laskenta\/","name":"Hiilijalanj\u00e4ljen laskenta pk-yrityksille | K\u00e4kikuu","isPartOf":{"@id":"https:\/\/www.kakikuu.fi\/#website"},"primaryImageOfPage":{"@id":"https:\/\/www.kakikuu.fi\/ratkaisut\/hiilijalanjaljen-laskenta\/#primaryimage"},"image":{"@id":"https:\/\/www.kakikuu.fi\/ratkaisut\/hiilijalanjaljen-laskenta\/#primaryimage"},"thumbnailUrl":"https:\/\/www.kakikuu.fi\/wp-content\/uploads\/2024\/10\/carlos-muza-hpjSkU2UYSU-unsplash-small-jpg.webp","datePublished":"2024-06-22T13:52:07+00:00","dateModified":"2026-02-01T17:21:29+00:00","description":"Hiilijalanj\u00e4ljen laskenta auttaa pk-yrityst\u00e4 tunnistamaan p\u00e4\u00e4st\u00f6jen l\u00e4hteet ja kohdistamaan toimet sinne, miss\u00e4 vaikutus on suurin.","breadcrumb":{"@id":"https:\/\/www.kakikuu.fi\/ratkaisut\/hiilijalanjaljen-laskenta\/#breadcrumb"},"inLanguage":"en-GB","potentialAction":[{"@type":"ReadAction","target":["https:\/\/www.kakikuu.fi\/ratkaisut\/hiilijalanjaljen-laskenta\/"]}]},{"@type":"ImageObject","inLanguage":"en-GB","@id":"https:\/\/www.kakikuu.fi\/ratkaisut\/hiilijalanjaljen-laskenta\/#primaryimage","url":"https:\/\/www.kakikuu.fi\/wp-content\/uploads\/2024\/10\/carlos-muza-hpjSkU2UYSU-unsplash-small-jpg.webp","contentUrl":"https:\/\/www.kakikuu.fi\/wp-content\/uploads\/2024\/10\/carlos-muza-hpjSkU2UYSU-unsplash-small-jpg.webp","width":1500,"height":1068,"caption":"K\u00e4kikuu on yritysten ja organisaatioiden kumppani vastuullisuusty\u00f6ss\u00e4"},{"@type":"BreadcrumbList","@id":"https:\/\/www.kakikuu.fi\/ratkaisut\/hiilijalanjaljen-laskenta\/#breadcrumb","itemListElement":[{"@type":"ListItem","position":1,"name":"Etusivu","item":"https:\/\/www.kakikuu.fi\/"},{"@type":"ListItem","position":2,"name":"Vastuullisuusty\u00f6n ratkaisut pk-yrityksille","item":"https:\/\/www.kakikuu.fi\/ratkaisut\/"},{"@type":"ListItem","position":3,"name":"Hiilijalanj\u00e4ljen laskenta"}]},{"@type":"WebSite","@id":"https:\/\/www.kakikuu.fi\/#website","url":"https:\/\/www.kakikuu.fi\/","name":"K\u00e4kikuu","description":"Your Partner in Corporate Responsibility","publisher":{"@id":"https:\/\/www.kakikuu.fi\/#organization"},"potentialAction":[{"@type":"SearchAction","target":{"@type":"EntryPoint","urlTemplate":"https:\/\/www.kakikuu.fi\/?s={search_term_string}"},"query-input":{"@type":"PropertyValueSpecification","valueRequired":true,"valueName":"search_term_string"}}],"inLanguage":"en-GB"},{"@type":"Organization","@id":"https:\/\/www.kakikuu.fi\/#organization","name":"K\u00e4kikuu","url":"https:\/\/www.kakikuu.fi\/","logo":{"@type":"ImageObject","inLanguage":"en-GB","@id":"https:\/\/www.kakikuu.fi\/#\/schema\/logo\/image\/","url":"https:\/\/www.kakikuu.fi\/wp-content\/uploads\/2024\/02\/cropped-Capture-5-jpg.webp","contentUrl":"https:\/\/www.kakikuu.fi\/wp-content\/uploads\/2024\/02\/cropped-Capture-5-jpg.webp","width":508,"height":252,"caption":"K\u00e4kikuu"},"image":{"@id":"https:\/\/www.kakikuu.fi\/#\/schema\/logo\/image\/"},"sameAs":["https:\/\/www.facebook.com\/profile.php?id=61551999317882"]}]}},"_links":{"self":[{"href":"https:\/\/www.kakikuu.fi\/en\/wp-json\/wp\/v2\/pages\/991","targetHints":{"allow":["GET"]}}],"collection":[{"href":"https:\/\/www.kakikuu.fi\/en\/wp-json\/wp\/v2\/pages"}],"about":[{"href":"https:\/\/www.kakikuu.fi\/en\/wp-json\/wp\/v2\/types\/page"}],"author":[{"embeddable":true,"href":"https:\/\/www.kakikuu.fi\/en\/wp-json\/wp\/v2\/users\/1"}],"replies":[{"embeddable":true,"href":"https:\/\/www.kakikuu.fi\/en\/wp-json\/wp\/v2\/comments?post=991"}],"version-history":[{"count":1,"href":"https:\/\/www.kakikuu.fi\/en\/wp-json\/wp\/v2\/pages\/991\/revisions"}],"predecessor-version":[{"id":1854,"href":"https:\/\/www.kakikuu.fi\/en\/wp-json\/wp\/v2\/pages\/991\/revisions\/1854"}],"up":[{"embeddable":true,"href":"https:\/\/www.kakikuu.fi\/en\/wp-json\/wp\/v2\/pages\/34"}],"wp:featuredmedia":[{"embeddable":true,"href":"https:\/\/www.kakikuu.fi\/en\/wp-json\/wp\/v2\/media\/1203"}],"wp:attachment":[{"href":"https:\/\/www.kakikuu.fi\/en\/wp-json\/wp\/v2\/media?parent=991"}],"curies":[{"name":"wp","href":"https:\/\/api.w.org\/{rel}","templated":true}]}}