{"id":989,"date":"2024-06-22T15:50:30","date_gmt":"2024-06-22T13:50:30","guid":{"rendered":"https:\/\/www.kakikuu.fi\/?page_id=989"},"modified":"2026-02-01T19:14:43","modified_gmt":"2026-02-01T17:14:43","slug":"yrityksen-vastuullisuusstrategia","status":"publish","type":"page","link":"https:\/\/www.kakikuu.fi\/en\/ratkaisut\/yrityksen-vastuullisuusstrategia\/","title":{"rendered":"Company\u2019s Sustainability Strategy"},"content":{"rendered":"\n<p>Yrityksen vastuullisuusstrategia tarjoaa kaikki tarvittavat ty\u00f6kalut ja toimenpiteet, joilla varmistat yrityksesi menestyksen kest\u00e4v\u00e4ll\u00e4 liiketoimintamallilla. Vastuullisuusstrategiapaketti sis\u00e4lt\u00e4\u00e4 yrityksesi liiketoimintastrategiaan liitett\u00e4v\u00e4n vastuullisuusty\u00f6n kokonaisuuden:<\/p>\n\n\n\n<ul class=\"wp-block-list\">\n<li><a href=\"https:\/\/www.kakikuu.fi\/vastuullisuustyon-itsearviointilomake\/\" target=\"_blank\" rel=\"noreferrer noopener\">Vastuullisuuden nykytilan kartoitus<\/a> &#8211; analyysi yrityksesi nykyisist\u00e4 vastuullisuusk\u00e4yt\u00e4nn\u00f6ist\u00e4 ja niiden vaikutuksista.<\/li>\n\n\n\n<li>Yrityksen arvot, missio ja visio &#8211; selkeytt\u00e4minen ja vahvistaminen vastuullisuuden n\u00e4k\u00f6kulmasta.<\/li>\n\n\n\n<li>Toimintaymp\u00e4rist\u00f6 ja sen vaikutukset yrityksesi liiketoimintaan &#8211; miten toimintaymp\u00e4rist\u00f6si vaikuttaa yrityksesi vastuullisuuteen ja liiketoimintasi menestykseen.<\/li>\n\n\n\n<li>Sidosryhm\u00e4kartoitus &#8211; t\u00e4rkeimpien sidosryhmien ja niiden yritykseesi kohdistamien odotusten tunnistaminen ja analysointi.<\/li>\n\n\n\n<li><a href=\"https:\/\/www.kakikuu.fi\/ratkaisut\/kaksoisolennaisuusanalyysi\/\" target=\"_blank\" rel=\"noreferrer noopener\">Kaksoisolennaisuusanalyysi<\/a> &#8211; merkitt\u00e4vimpien vastuullisuusteemojen ja -kysymysten arviointi yrityksesi ja sen sidosryhmien n\u00e4k\u00f6kulmista.<\/li>\n\n\n\n<li>Yrityksesi vastuullisuusty\u00f6n tavoitteet &#8211; selkeiden, mitattavien ja saavutettavien tavoitteiden m\u00e4\u00e4ritt\u00e4minen yrityksesi vastuullisuusty\u00f6n kehitt\u00e4miseksi.<\/li>\n\n\n\n<li>Vastuullisuusty\u00f6n kaksoisolennaisuusanalyysiin perustuvat yrityksesi vastuullisuusty\u00f6n teemat ja toimenpiteet &#8211; selke\u00e4t vastuullisuusty\u00f6n painopisteet ja konkreettiset toimenpiteet, jotka perustuvat kaksoisolennaisuusanalyysin tuloksiin.<\/li>\n\n\n\n<li>Mittarit vastuullisuustoimenpiteille &#8211; tarkat ja mitattavat mittarit, joiden avulla voit seurata ja arvioida vastuullisuustoimenpiteiden vaikutuksia ja edistymist\u00e4.<\/li>\n\n\n\n<li>Vastuullisuusty\u00f6n hallintatavat ja vastuut yrityksess\u00e4si &#8211; selkeiden hallintatapojen muodostaminen ja vastuiden m\u00e4\u00e4ritt\u00e4minen, jotta vastuullisuusty\u00f6st\u00e4 tulee kiinte\u00e4 osa yrityksesi toimintaa.<\/li>\n\n\n\n<li>Vastuullisuusty\u00f6n jalkauttaminen &#8211; vastuullisuustoimen integroiminen osaksi yrityksen arkea varmistamalla, ett\u00e4 jokainen ty\u00f6ntekij\u00e4 ymm\u00e4rt\u00e4\u00e4 yrityksen vastuullisuusty\u00f6n tavoitteet ja sitoutuu niihin.<\/li>\n\n\n\n<li>Vastuullisuusviestint\u00e4 &#8211; viestint\u00e4strategia, joka tuo yrityksesi vastuullisuusty\u00f6n n\u00e4kyv\u00e4ksi ja k\u00e4y keskustelua vastuullisuudesta sidosryhmiesi kanssa.<\/li>\n\n\n\n<li><a href=\"https:\/\/www.kakikuu.fi\/yrityksen-vastuullisuusraportti\/\" target=\"_blank\" rel=\"noreferrer noopener\">Vastuullisuusraportointi<\/a> &#8211; t\u00e4rke\u00e4 osa vastuullisuusty\u00f6n tulosten l\u00e4pin\u00e4kyv\u00e4\u00e4 ja uskottavaa viestint\u00e4\u00e4.<\/li>\n<\/ul>\n\n\n\n<p>T\u00e4ll\u00e4 vastuullisuustrategiapaketilla pystyt integroimaan vastuullisuusty\u00f6n osaksi yrityksesi liiketoimintaa ja arkea ja lis\u00e4\u00e4m\u00e4\u00e4n yrityksesi kilpailukyky\u00e4 ja pitk\u00e4j\u00e4nteist\u00e4 menestyst\u00e4.<\/p>\n\n\n\n<p><\/p>\n\n\n\n<p>Kysy lis\u00e4\u00e4 ja pyyd\u00e4 tarjous:<\/p>\n\n\n<div class=\"wpforms-container wpforms-container-full wpforms-block wpforms-block-57771718-7c98-4f1a-bf26-5d8b74e6d79f\" id=\"wpforms-120\"><form id=\"wpforms-form-120\" class=\"wpforms-validate wpforms-form wpforms-ajax-form\" data-formid=\"120\" method=\"post\" enctype=\"multipart\/form-data\" action=\"\/en\/wp-json\/wp\/v2\/pages\/989\" data-token=\"a8d42a3abd6b31b9716272d955485850\" data-token-time=\"1777278783\"><noscript class=\"wpforms-error-noscript\">Please enable JavaScript in your browser to complete this form.<\/noscript><div class=\"wpforms-field-container\"><div id=\"wpforms-120-field_0-container\" class=\"wpforms-field wpforms-field-name\" data-field-id=\"0\"><label class=\"wpforms-field-label\" for=\"wpforms-120-field_0\">Nimi <span class=\"wpforms-required-label\">*<\/span><\/label><input type=\"text\" id=\"wpforms-120-field_0\" class=\"wpforms-field-medium wpforms-field-required\" name=\"wpforms[fields][0]\" required><\/div><div id=\"wpforms-120-field_1-container\" class=\"wpforms-field wpforms-field-email\" data-field-id=\"1\"><label class=\"wpforms-field-label\" for=\"wpforms-120-field_1\">S\u00e4hk\u00f6postiosoitteesi <span class=\"wpforms-required-label\">*<\/span><\/label><input type=\"email\" id=\"wpforms-120-field_1\" class=\"wpforms-field-medium wpforms-field-required\" name=\"wpforms[fields][1]\" spellcheck=\"false\" required><\/div><div id=\"wpforms-120-field_2-container\" class=\"wpforms-field wpforms-field-textarea\" data-field-id=\"2\"><label class=\"wpforms-field-label\" for=\"wpforms-120-field_2\">Viestisi meille<\/label><textarea id=\"wpforms-120-field_2\" class=\"wpforms-field-medium\" name=\"wpforms[fields][2]\" ><\/textarea><\/div><\/div><!-- .wpforms-field-container --><div class=\"wpforms-submit-container\" ><input type=\"hidden\" name=\"wpforms[id]\" value=\"120\"><input type=\"hidden\" name=\"page_title\" value=\"\"><input type=\"hidden\" name=\"page_url\" value=\"https:\/\/www.kakikuu.fi\/en\/wp-json\/wp\/v2\/pages\/989\"><input type=\"hidden\" name=\"url_referer\" value=\"\"><button type=\"submit\" name=\"wpforms[submit]\" id=\"wpforms-submit-120\" class=\"wpforms-submit\" data-alt-text=\"L\u00e4hetet\u00e4\u00e4n...\" data-submit-text=\"L\u00e4het\u00e4\" aria-live=\"assertive\" value=\"wpforms-submit\">L\u00e4het\u00e4<\/button><img loading=\"lazy\" decoding=\"async\" src=\"https:\/\/www.kakikuu.fi\/wp-content\/plugins\/wpforms-lite\/assets\/images\/submit-spin.svg\" class=\"wpforms-submit-spinner\" style=\"display: none;\" width=\"26\" height=\"26\" alt=\"Loading\"><\/div><\/form><\/div>  <!-- .wpforms-container -->","protected":false},"excerpt":{"rendered":"<p>Yrityksen vastuullisuusstrategia tarjoaa kaikki tarvittavat ty\u00f6kalut ja toimenpiteet, joilla varmistat yrityksesi menestyksen kest\u00e4v\u00e4ll\u00e4 liiketoimintamallilla. Vastuullisuusstrategiapaketti sis\u00e4lt\u00e4\u00e4 yrityksesi liiketoimintastrategiaan liitett\u00e4v\u00e4n vastuullisuusty\u00f6n kokonaisuuden: T\u00e4ll\u00e4 vastuullisuustrategiapaketilla pystyt integroimaan vastuullisuusty\u00f6n osaksi yrityksesi liiketoimintaa ja arkea ja lis\u00e4\u00e4m\u00e4\u00e4n yrityksesi kilpailukyky\u00e4 ja pitk\u00e4j\u00e4nteist\u00e4 menestyst\u00e4. Kysy lis\u00e4\u00e4 ja pyyd\u00e4 tarjous:<\/p>","protected":false},"author":1,"featured_media":1215,"parent":34,"menu_order":3,"comment_status":"closed","ping_status":"closed","template":"","meta":{"footnotes":""},"class_list":["post-989","page","type-page","status-publish","has-post-thumbnail","hentry"],"yoast_head":"<!-- This site is optimized with the Yoast SEO plugin v27.4 - https:\/\/yoast.com\/product\/yoast-seo-wordpress\/ -->\n<title>Vastuullisuusstrategia pk-yrityksille | K\u00e4kikuu<\/title>\n<meta name=\"description\" content=\"Vastuullisuusstrategia auttaa pk-yrityst\u00e4 yhdist\u00e4m\u00e4\u00e4n vastuullisuusty\u00f6n liiketoiminnan tavoitteisiin ja p\u00e4\u00e4t\u00f6ksentekoon.\" \/>\n<meta name=\"robots\" content=\"index, follow, max-snippet:-1, max-image-preview:large, max-video-preview:-1\" \/>\n<link rel=\"canonical\" href=\"https:\/\/www.kakikuu.fi\/en\/ratkaisut\/yrityksen-vastuullisuusstrategia\/\" \/>\n<meta property=\"og:locale\" content=\"en_GB\" \/>\n<meta property=\"og:type\" content=\"article\" \/>\n<meta property=\"og:title\" content=\"Vastuullisuusstrategia pk-yrityksille | K\u00e4kikuu\" \/>\n<meta property=\"og:description\" content=\"Vastuullisuusstrategia auttaa pk-yrityst\u00e4 yhdist\u00e4m\u00e4\u00e4n vastuullisuusty\u00f6n liiketoiminnan tavoitteisiin ja p\u00e4\u00e4t\u00f6ksentekoon.\" \/>\n<meta property=\"og:url\" content=\"https:\/\/www.kakikuu.fi\/en\/ratkaisut\/yrityksen-vastuullisuusstrategia\/\" \/>\n<meta property=\"og:site_name\" content=\"K\u00e4kikuu\" \/>\n<meta property=\"article:publisher\" content=\"https:\/\/www.facebook.com\/profile.php?id=61551999317882\" \/>\n<meta property=\"article:modified_time\" content=\"2026-02-01T17:14:43+00:00\" \/>\n<meta property=\"og:image\" content=\"https:\/\/www.kakikuu.fi\/wp-content\/uploads\/2024\/10\/med-badr-chemmaoui-ZSPBhokqDMc-unsplash-small.jpg\" \/>\n\t<meta property=\"og:image:width\" content=\"1500\" \/>\n\t<meta property=\"og:image:height\" content=\"1000\" \/>\n\t<meta property=\"og:image:type\" content=\"image\/jpeg\" \/>\n<meta name=\"twitter:card\" content=\"summary_large_image\" \/>\n<meta name=\"twitter:label1\" content=\"Estimated reading time\" \/>\n\t<meta name=\"twitter:data1\" content=\"2 minutes\" \/>\n<script type=\"application\/ld+json\" class=\"yoast-schema-graph\">{\"@context\":\"https:\\\/\\\/schema.org\",\"@graph\":[{\"@type\":\"WebPage\",\"@id\":\"https:\\\/\\\/www.kakikuu.fi\\\/ratkaisut\\\/yrityksen-vastuullisuusstrategia\\\/\",\"url\":\"https:\\\/\\\/www.kakikuu.fi\\\/ratkaisut\\\/yrityksen-vastuullisuusstrategia\\\/\",\"name\":\"Vastuullisuusstrategia pk-yrityksille | K\u00e4kikuu\",\"isPartOf\":{\"@id\":\"https:\\\/\\\/www.kakikuu.fi\\\/#website\"},\"primaryImageOfPage\":{\"@id\":\"https:\\\/\\\/www.kakikuu.fi\\\/ratkaisut\\\/yrityksen-vastuullisuusstrategia\\\/#primaryimage\"},\"image\":{\"@id\":\"https:\\\/\\\/www.kakikuu.fi\\\/ratkaisut\\\/yrityksen-vastuullisuusstrategia\\\/#primaryimage\"},\"thumbnailUrl\":\"https:\\\/\\\/www.kakikuu.fi\\\/wp-content\\\/uploads\\\/2024\\\/10\\\/med-badr-chemmaoui-ZSPBhokqDMc-unsplash-small.jpg\",\"datePublished\":\"2024-06-22T13:50:30+00:00\",\"dateModified\":\"2026-02-01T17:14:43+00:00\",\"description\":\"Vastuullisuusstrategia auttaa pk-yrityst\u00e4 yhdist\u00e4m\u00e4\u00e4n vastuullisuusty\u00f6n liiketoiminnan tavoitteisiin ja p\u00e4\u00e4t\u00f6ksentekoon.\",\"breadcrumb\":{\"@id\":\"https:\\\/\\\/www.kakikuu.fi\\\/ratkaisut\\\/yrityksen-vastuullisuusstrategia\\\/#breadcrumb\"},\"inLanguage\":\"en-GB\",\"potentialAction\":[{\"@type\":\"ReadAction\",\"target\":[\"https:\\\/\\\/www.kakikuu.fi\\\/ratkaisut\\\/yrityksen-vastuullisuusstrategia\\\/\"]}]},{\"@type\":\"ImageObject\",\"inLanguage\":\"en-GB\",\"@id\":\"https:\\\/\\\/www.kakikuu.fi\\\/ratkaisut\\\/yrityksen-vastuullisuusstrategia\\\/#primaryimage\",\"url\":\"https:\\\/\\\/www.kakikuu.fi\\\/wp-content\\\/uploads\\\/2024\\\/10\\\/med-badr-chemmaoui-ZSPBhokqDMc-unsplash-small.jpg\",\"contentUrl\":\"https:\\\/\\\/www.kakikuu.fi\\\/wp-content\\\/uploads\\\/2024\\\/10\\\/med-badr-chemmaoui-ZSPBhokqDMc-unsplash-small.jpg\",\"width\":1500,\"height\":1000,\"caption\":\"vastuullisuus, yritysvastuu, strategiaty\u00f6\"},{\"@type\":\"BreadcrumbList\",\"@id\":\"https:\\\/\\\/www.kakikuu.fi\\\/ratkaisut\\\/yrityksen-vastuullisuusstrategia\\\/#breadcrumb\",\"itemListElement\":[{\"@type\":\"ListItem\",\"position\":1,\"name\":\"Etusivu\",\"item\":\"https:\\\/\\\/www.kakikuu.fi\\\/\"},{\"@type\":\"ListItem\",\"position\":2,\"name\":\"Vastuullisuusty\u00f6n ratkaisut pk-yrityksille\",\"item\":\"https:\\\/\\\/www.kakikuu.fi\\\/ratkaisut\\\/\"},{\"@type\":\"ListItem\",\"position\":3,\"name\":\"Yrityksen vastuullisuusstrategia\"}]},{\"@type\":\"WebSite\",\"@id\":\"https:\\\/\\\/www.kakikuu.fi\\\/#website\",\"url\":\"https:\\\/\\\/www.kakikuu.fi\\\/\",\"name\":\"K\u00e4kikuu\",\"description\":\"Yritysvastuun kumppani\",\"publisher\":{\"@id\":\"https:\\\/\\\/www.kakikuu.fi\\\/#organization\"},\"potentialAction\":[{\"@type\":\"SearchAction\",\"target\":{\"@type\":\"EntryPoint\",\"urlTemplate\":\"https:\\\/\\\/www.kakikuu.fi\\\/?s={search_term_string}\"},\"query-input\":{\"@type\":\"PropertyValueSpecification\",\"valueRequired\":true,\"valueName\":\"search_term_string\"}}],\"inLanguage\":\"en-GB\"},{\"@type\":\"Organization\",\"@id\":\"https:\\\/\\\/www.kakikuu.fi\\\/#organization\",\"name\":\"K\u00e4kikuu\",\"url\":\"https:\\\/\\\/www.kakikuu.fi\\\/\",\"logo\":{\"@type\":\"ImageObject\",\"inLanguage\":\"en-GB\",\"@id\":\"https:\\\/\\\/www.kakikuu.fi\\\/#\\\/schema\\\/logo\\\/image\\\/\",\"url\":\"https:\\\/\\\/www.kakikuu.fi\\\/wp-content\\\/uploads\\\/2024\\\/02\\\/cropped-Capture-5-jpg.webp\",\"contentUrl\":\"https:\\\/\\\/www.kakikuu.fi\\\/wp-content\\\/uploads\\\/2024\\\/02\\\/cropped-Capture-5-jpg.webp\",\"width\":508,\"height\":252,\"caption\":\"K\u00e4kikuu\"},\"image\":{\"@id\":\"https:\\\/\\\/www.kakikuu.fi\\\/#\\\/schema\\\/logo\\\/image\\\/\"},\"sameAs\":[\"https:\\\/\\\/www.facebook.com\\\/profile.php?id=61551999317882\"]}]}<\/script>\n<!-- \/ Yoast SEO plugin. -->","yoast_head_json":{"title":"Vastuullisuusstrategia pk-yrityksille | K\u00e4kikuu","description":"Vastuullisuusstrategia auttaa pk-yrityst\u00e4 yhdist\u00e4m\u00e4\u00e4n vastuullisuusty\u00f6n liiketoiminnan tavoitteisiin ja p\u00e4\u00e4t\u00f6ksentekoon.","robots":{"index":"index","follow":"follow","max-snippet":"max-snippet:-1","max-image-preview":"max-image-preview:large","max-video-preview":"max-video-preview:-1"},"canonical":"https:\/\/www.kakikuu.fi\/en\/ratkaisut\/yrityksen-vastuullisuusstrategia\/","og_locale":"en_GB","og_type":"article","og_title":"Vastuullisuusstrategia pk-yrityksille | K\u00e4kikuu","og_description":"Vastuullisuusstrategia auttaa pk-yrityst\u00e4 yhdist\u00e4m\u00e4\u00e4n vastuullisuusty\u00f6n liiketoiminnan tavoitteisiin ja p\u00e4\u00e4t\u00f6ksentekoon.","og_url":"https:\/\/www.kakikuu.fi\/en\/ratkaisut\/yrityksen-vastuullisuusstrategia\/","og_site_name":"K\u00e4kikuu","article_publisher":"https:\/\/www.facebook.com\/profile.php?id=61551999317882","article_modified_time":"2026-02-01T17:14:43+00:00","og_image":[{"width":1500,"height":1000,"url":"https:\/\/www.kakikuu.fi\/wp-content\/uploads\/2024\/10\/med-badr-chemmaoui-ZSPBhokqDMc-unsplash-small.jpg","type":"image\/jpeg"}],"twitter_card":"summary_large_image","twitter_misc":{"Estimated reading time":"2 minutes"},"schema":{"@context":"https:\/\/schema.org","@graph":[{"@type":"WebPage","@id":"https:\/\/www.kakikuu.fi\/ratkaisut\/yrityksen-vastuullisuusstrategia\/","url":"https:\/\/www.kakikuu.fi\/ratkaisut\/yrityksen-vastuullisuusstrategia\/","name":"Vastuullisuusstrategia pk-yrityksille | K\u00e4kikuu","isPartOf":{"@id":"https:\/\/www.kakikuu.fi\/#website"},"primaryImageOfPage":{"@id":"https:\/\/www.kakikuu.fi\/ratkaisut\/yrityksen-vastuullisuusstrategia\/#primaryimage"},"image":{"@id":"https:\/\/www.kakikuu.fi\/ratkaisut\/yrityksen-vastuullisuusstrategia\/#primaryimage"},"thumbnailUrl":"https:\/\/www.kakikuu.fi\/wp-content\/uploads\/2024\/10\/med-badr-chemmaoui-ZSPBhokqDMc-unsplash-small.jpg","datePublished":"2024-06-22T13:50:30+00:00","dateModified":"2026-02-01T17:14:43+00:00","description":"Vastuullisuusstrategia auttaa pk-yrityst\u00e4 yhdist\u00e4m\u00e4\u00e4n vastuullisuusty\u00f6n liiketoiminnan tavoitteisiin ja p\u00e4\u00e4t\u00f6ksentekoon.","breadcrumb":{"@id":"https:\/\/www.kakikuu.fi\/ratkaisut\/yrityksen-vastuullisuusstrategia\/#breadcrumb"},"inLanguage":"en-GB","potentialAction":[{"@type":"ReadAction","target":["https:\/\/www.kakikuu.fi\/ratkaisut\/yrityksen-vastuullisuusstrategia\/"]}]},{"@type":"ImageObject","inLanguage":"en-GB","@id":"https:\/\/www.kakikuu.fi\/ratkaisut\/yrityksen-vastuullisuusstrategia\/#primaryimage","url":"https:\/\/www.kakikuu.fi\/wp-content\/uploads\/2024\/10\/med-badr-chemmaoui-ZSPBhokqDMc-unsplash-small.jpg","contentUrl":"https:\/\/www.kakikuu.fi\/wp-content\/uploads\/2024\/10\/med-badr-chemmaoui-ZSPBhokqDMc-unsplash-small.jpg","width":1500,"height":1000,"caption":"vastuullisuus, yritysvastuu, strategiaty\u00f6"},{"@type":"BreadcrumbList","@id":"https:\/\/www.kakikuu.fi\/ratkaisut\/yrityksen-vastuullisuusstrategia\/#breadcrumb","itemListElement":[{"@type":"ListItem","position":1,"name":"Etusivu","item":"https:\/\/www.kakikuu.fi\/"},{"@type":"ListItem","position":2,"name":"Vastuullisuusty\u00f6n ratkaisut pk-yrityksille","item":"https:\/\/www.kakikuu.fi\/ratkaisut\/"},{"@type":"ListItem","position":3,"name":"Yrityksen vastuullisuusstrategia"}]},{"@type":"WebSite","@id":"https:\/\/www.kakikuu.fi\/#website","url":"https:\/\/www.kakikuu.fi\/","name":"K\u00e4kikuu","description":"Your Partner in Corporate Responsibility","publisher":{"@id":"https:\/\/www.kakikuu.fi\/#organization"},"potentialAction":[{"@type":"SearchAction","target":{"@type":"EntryPoint","urlTemplate":"https:\/\/www.kakikuu.fi\/?s={search_term_string}"},"query-input":{"@type":"PropertyValueSpecification","valueRequired":true,"valueName":"search_term_string"}}],"inLanguage":"en-GB"},{"@type":"Organization","@id":"https:\/\/www.kakikuu.fi\/#organization","name":"K\u00e4kikuu","url":"https:\/\/www.kakikuu.fi\/","logo":{"@type":"ImageObject","inLanguage":"en-GB","@id":"https:\/\/www.kakikuu.fi\/#\/schema\/logo\/image\/","url":"https:\/\/www.kakikuu.fi\/wp-content\/uploads\/2024\/02\/cropped-Capture-5-jpg.webp","contentUrl":"https:\/\/www.kakikuu.fi\/wp-content\/uploads\/2024\/02\/cropped-Capture-5-jpg.webp","width":508,"height":252,"caption":"K\u00e4kikuu"},"image":{"@id":"https:\/\/www.kakikuu.fi\/#\/schema\/logo\/image\/"},"sameAs":["https:\/\/www.facebook.com\/profile.php?id=61551999317882"]}]}},"_links":{"self":[{"href":"https:\/\/www.kakikuu.fi\/en\/wp-json\/wp\/v2\/pages\/989","targetHints":{"allow":["GET"]}}],"collection":[{"href":"https:\/\/www.kakikuu.fi\/en\/wp-json\/wp\/v2\/pages"}],"about":[{"href":"https:\/\/www.kakikuu.fi\/en\/wp-json\/wp\/v2\/types\/page"}],"author":[{"embeddable":true,"href":"https:\/\/www.kakikuu.fi\/en\/wp-json\/wp\/v2\/users\/1"}],"replies":[{"embeddable":true,"href":"https:\/\/www.kakikuu.fi\/en\/wp-json\/wp\/v2\/comments?post=989"}],"version-history":[{"count":3,"href":"https:\/\/www.kakikuu.fi\/en\/wp-json\/wp\/v2\/pages\/989\/revisions"}],"predecessor-version":[{"id":1824,"href":"https:\/\/www.kakikuu.fi\/en\/wp-json\/wp\/v2\/pages\/989\/revisions\/1824"}],"up":[{"embeddable":true,"href":"https:\/\/www.kakikuu.fi\/en\/wp-json\/wp\/v2\/pages\/34"}],"wp:featuredmedia":[{"embeddable":true,"href":"https:\/\/www.kakikuu.fi\/en\/wp-json\/wp\/v2\/media\/1215"}],"wp:attachment":[{"href":"https:\/\/www.kakikuu.fi\/en\/wp-json\/wp\/v2\/media?parent=989"}],"curies":[{"name":"wp","href":"https:\/\/api.w.org\/{rel}","templated":true}]}}