{"id":79,"date":"2022-12-27T15:23:49","date_gmt":"2022-12-27T13:23:49","guid":{"rendered":"http:\/\/www.kakikuu.fi\/?page_id=79"},"modified":"2026-02-01T22:20:54","modified_gmt":"2026-02-01T20:20:54","slug":"asiantuntijamme","status":"publish","type":"page","link":"https:\/\/www.kakikuu.fi\/en\/asiantuntijamme\/","title":{"rendered":"Our Experts"},"content":{"rendered":"\n<h2 class=\"wp-block-heading\">Asiantuntijamme &#8211; pk-yritysten vastuullisuusty\u00f6n ja kest\u00e4v\u00e4n liiketoiminnan asiantuntijat<\/h2>\n\n\n\n<h2 class=\"wp-block-heading\">Jukka K. Niemi &#8211; pk-yritysten vastuullisuusty\u00f6n asiantuntija<\/h2>\n\n\n\n<h2 class=\"wp-block-heading\">Maren Heijari &#8211; kest\u00e4v\u00e4n kehityksen ja kiertotalouden asiantuntija<\/h2>\n\n\n\n<div class=\"wp-block-columns is-layout-flex wp-container-core-columns-is-layout-28f84493 wp-block-columns-is-layout-flex\">\n<div class=\"wp-block-column is-layout-flow wp-block-column-is-layout-flow\">\n<figure class=\"wp-block-image size-full is-resized\"><img loading=\"lazy\" decoding=\"async\" width=\"611\" height=\"698\" src=\"https:\/\/www.kakikuu.fi\/wp-content\/uploads\/2024\/11\/Jukka-K.-Niemi-yritysten-vastuullisuustyon-asiantuntija.webp\" alt=\"\" class=\"wp-image-1281\" style=\"width:171px;height:auto\" srcset=\"https:\/\/www.kakikuu.fi\/wp-content\/uploads\/2024\/11\/Jukka-K.-Niemi-yritysten-vastuullisuustyon-asiantuntija.webp 611w, https:\/\/www.kakikuu.fi\/wp-content\/uploads\/2024\/11\/Jukka-K.-Niemi-yritysten-vastuullisuustyon-asiantuntija-263x300.webp 263w\" sizes=\"auto, (max-width: 611px) 100vw, 611px\" \/><figcaption class=\"wp-element-caption\">Jukka K. Niemi, MBA Management in Sustainable Business, ymp\u00e4rist\u00f6suunnittelija AMK, yritt\u00e4j\u00e4 &#8211; jukka@kakikuu.fi &#8211; 040-5030490<\/figcaption><\/figure>\n\n\n\n<p>Jukka K. Niemi on K\u00e4kikuu Oy:n perustaja ja pk-yritysten vastuullisuusty\u00f6n asiantuntija, joka auttaa yrityksi\u00e4 kehitt\u00e4m\u00e4\u00e4n liiketoimintal\u00e4ht\u00f6ist\u00e4 ja vaikuttavaa vastuullisuusty\u00f6t\u00e4. Jukka erikoistunut pk-yritysten <a href=\"https:\/\/www.kakikuu.fi\/ratkaisut\/\" target=\"_blank\" rel=\"noreferrer noopener\">vastuullisuusty\u00f6h\u00f6n<\/a> ja liiketoiminnan kehitt\u00e4miseen. Siihen meill\u00e4 on monipuolisia pk-yrityksille kohdennettua ja r\u00e4\u00e4t\u00e4l\u00f6ityj\u00e4 vastuullisuusty\u00f6n ratkaisuja kuten vastuullisuusstrategioita, hiilijalanj\u00e4ljen laskentaa, vastuullisuusraportointia ja koulutuksia.<\/p>\n\n\n\n<hr class=\"wp-block-separator has-alpha-channel-opacity\"\/>\n\n\n\n<h2 class=\"wp-block-heading\">Vastuullisuusty\u00f6 pk-yrityksiss\u00e4 k\u00e4yt\u00e4nn\u00f6ss\u00e4<\/h2>\n\n\n\n<p>Arvioimme jatkuvasti muuttuvan s\u00e4\u00e4ntely-ymp\u00e4rist\u00f6n vaikutuksia pk-yrityksiin ja niiden vastuullisuusty\u00f6h\u00f6n. T\u00e4h\u00e4n kuuluvat esimerkiksi <a href=\"https:\/\/www.kakikuu.fi\/vsme-kestavyysraportointistandardi-pk-yrityksille\/\" target=\"_blank\" rel=\"noreferrer noopener\">VSME-standardi <\/a>pk-yrityksille ja suurten yritysten kest\u00e4vyysraportointidirektiivin <a href=\"CSRD:n\">CSRD:n<\/a> vaikutukset pk-yrityksiin.<\/p>\n\n\n\n<p>Kahdenkymmenen vuoden kokemus yritt\u00e4j\u00e4n\u00e4 ja <a href=\"https:\/\/www.hamk.fi\/en\/degree\/master-of-business-administration-management-in-sustainable-business\/\" target=\"_blank\" rel=\"noreferrer noopener\">kest\u00e4v\u00e4n liiketalouden<\/a> ja <a href=\"https:\/\/www.hamk.fi\/tutkinnot\/ymparistosuunnittelija-amk-kestava-kehitys\/\" target=\"_blank\" rel=\"noreferrer noopener\">kest\u00e4v\u00e4n kehityksen koulutus H\u00e4meen ammattikorkeakoulussa<\/a> ja <a href=\"https:\/\/www.nhlstenden.com\/en\" target=\"_blank\" rel=\"noreferrer noopener\">NHL Stendenin ammattikorkeakoulussa Hollannissa<\/a> ovat yhdess\u00e4 muovanneet Jukasta asiantuntijan, jolla on erinomaiset valmiudet n\u00e4hd\u00e4 syv\u00e4lle pk-yritysten strategisen johtamisen ja vastuullisuusty\u00f6n maailmaan.<\/p>\n\n\n\n<p>Yritysjohtamisen erikoisammattitutkinto ja pitk\u00e4 ura yritysjohdossa ja yritystoiminnan kehitt\u00e4misess\u00e4 ohjaavat Jukan n\u00e4kemyksi\u00e4 siit\u00e4, miten vastuullinen liiketoiminta voi olla positiivisen muutoksen voima. Vastuullisuusty\u00f6 tuo yrityksille etuja, jotka auttavat sit\u00e4 tekem\u00e4\u00e4n parempaa tulosta ja turvaavat sen liiketoimintaa pitk\u00e4lle tulevaisuuteen. Samalla my\u00f6s luonto ja ymp\u00e4rist\u00f6 kiitt\u00e4v\u00e4t.<\/p>\n\n\n\n<p>Jukka K. Niemi my\u00f6s kirjoittanut Kauppakamarin kustantaman syksyll\u00e4 2024 ilmestyneen kirjan <a href=\"https:\/\/www.kakikuu.fi\/kirja-vastuullisuustyo-pk-yrityksissa\/\" target=\"_blank\" rel=\"noreferrer noopener\">Vastuullisuusty\u00f6 pk-yrityksiss\u00e4 &#8211; opas tuloksekkaaseen liiketoimintaan<\/a>. Kirjan h\u00e4n on kirjoittanut k\u00e4yt\u00e4nn\u00f6nl\u00e4heisesti ja ymm\u00e4rrett\u00e4v\u00e4sti siten, ett\u00e4 se inspiroi ja kannustaa lukijaansa vaikuttavaan vastuullisuusty\u00f6h\u00f6n.<\/p>\n<\/div>\n\n\n\n<div class=\"wp-block-column is-layout-flow wp-block-column-is-layout-flow\">\n<figure class=\"wp-block-image size-full is-resized\"><img loading=\"lazy\" decoding=\"async\" width=\"918\" height=\"995\" src=\"https:\/\/www.kakikuu.fi\/wp-content\/uploads\/2024\/11\/Maren-Heijari-kestavan-kehityksen-asiantuntija.webp\" alt=\"\" class=\"wp-image-1280\" style=\"width:182px;height:auto\" srcset=\"https:\/\/www.kakikuu.fi\/wp-content\/uploads\/2024\/11\/Maren-Heijari-kestavan-kehityksen-asiantuntija.webp 918w, https:\/\/www.kakikuu.fi\/wp-content\/uploads\/2024\/11\/Maren-Heijari-kestavan-kehityksen-asiantuntija-277x300.webp 277w, https:\/\/www.kakikuu.fi\/wp-content\/uploads\/2024\/11\/Maren-Heijari-kestavan-kehityksen-asiantuntija-768x832.webp 768w\" sizes=\"auto, (max-width: 918px) 100vw, 918px\" \/><figcaption class=\"wp-element-caption\">Maren Heijari, kest\u00e4v\u00e4n kehityksen asiantuntija &#8211; maren@kakikuu.fi &#8211; 050-3024521<\/figcaption><\/figure>\n\n\n\n<p>Maren on kest\u00e4v\u00e4n kehityksen asiantuntija. H\u00e4n erikoistunut pienten ja keskikokoisten yritysten vastuullisuusty\u00f6h\u00f6n ja kiertotalouden kehitt\u00e4miseen. Ty\u00f6uransa aikana Maren ty\u00f6skennellyt monipuolisesti myynniss\u00e4, HR:ss\u00e4, ostossa sek\u00e4 logistiikan koordinoinnissa, mik\u00e4 antaa h\u00e4nelle laaja-alaisen n\u00e4kemyksen yritystoiminnasta erityisesti taloudellisen ja sosiaalisen vastuun n\u00e4k\u00f6kulmista.<\/p>\n\n\n\n<p>Marenin kest\u00e4v\u00e4\u00e4n kehityksen ja kiertotalouden osaaminen on kasvanut opintojeni my\u00f6t\u00e4 <a href=\"https:\/\/www.hamk.fi\/tutkinnot\/ymparistosuunnittelija-amk-kestava-kehitys\/\" target=\"_blank\" rel=\"noreferrer noopener\">H\u00e4meen ammattikorkeakoulussa<\/a>. Asiakasl\u00e4ht\u00f6isyys on h\u00e4nelle t\u00e4rke\u00e4 periaate. Maren auttaa asiakkaitaan l\u00f6yt\u00e4m\u00e4\u00e4n heille sopivat <a href=\"https:\/\/www.kakikuu.fi\/ratkaisut\/\" target=\"_blank\" rel=\"noreferrer noopener\">ratkaisut<\/a> toteuttaa vastuullisuutta heid\u00e4n toiminnassaan. Pitk\u00e4 ty\u00f6kokemus asiakasrajapinnassa antaa Marenille t\u00e4h\u00e4n hyv\u00e4t ev\u00e4\u00e4t.<\/p>\n<\/div>\n<\/div>\n\n\n\n<hr class=\"wp-block-separator has-alpha-channel-opacity\"\/>\n\n\n\n<h2 class=\"wp-block-heading\">Ota yhteytt\u00e4<\/h2>\n\n\n\n<p>Ota yhteytt\u00e4 ja kysy lis\u00e4tietoja tai pyyd\u00e4 tarjous t\u00e4ll\u00e4 lomakkeella. Vastaamme sinulle mahdollisimman pian, kuitenkin viimeist\u00e4\u00e4n seuraavana arkip\u00e4iv\u00e4n\u00e4.<\/p>\n\n\n<div class=\"wpforms-container wpforms-container-full wpforms-block wpforms-block-8e0b0ce9-c23b-4823-82bb-a1ad016f91e0\" id=\"wpforms-120\"><form id=\"wpforms-form-120\" class=\"wpforms-validate wpforms-form wpforms-ajax-form\" data-formid=\"120\" method=\"post\" enctype=\"multipart\/form-data\" action=\"\/en\/wp-json\/wp\/v2\/pages\/79\" data-token=\"2ae052a2f676fd45fd64eb8c8a73ae3c\" data-token-time=\"1777705706\"><noscript class=\"wpforms-error-noscript\">Please enable JavaScript in your browser to complete this form.<\/noscript><div class=\"wpforms-field-container\"><div id=\"wpforms-120-field_0-container\" class=\"wpforms-field wpforms-field-name\" data-field-id=\"0\"><label class=\"wpforms-field-label\" for=\"wpforms-120-field_0\">Nimi <span class=\"wpforms-required-label\">*<\/span><\/label><input type=\"text\" id=\"wpforms-120-field_0\" class=\"wpforms-field-medium wpforms-field-required\" name=\"wpforms[fields][0]\" required><\/div><div id=\"wpforms-120-field_1-container\" class=\"wpforms-field wpforms-field-email\" data-field-id=\"1\"><label class=\"wpforms-field-label\" for=\"wpforms-120-field_1\">S\u00e4hk\u00f6postiosoitteesi <span class=\"wpforms-required-label\">*<\/span><\/label><input type=\"email\" id=\"wpforms-120-field_1\" class=\"wpforms-field-medium wpforms-field-required\" name=\"wpforms[fields][1]\" spellcheck=\"false\" required><\/div><div id=\"wpforms-120-field_2-container\" class=\"wpforms-field wpforms-field-textarea\" data-field-id=\"2\"><label class=\"wpforms-field-label\" for=\"wpforms-120-field_2\">Viestisi meille<\/label><textarea id=\"wpforms-120-field_2\" class=\"wpforms-field-medium\" name=\"wpforms[fields][2]\" ><\/textarea><\/div><\/div><!-- .wpforms-field-container --><div class=\"wpforms-submit-container\" ><input type=\"hidden\" name=\"wpforms[id]\" value=\"120\"><input type=\"hidden\" name=\"page_title\" value=\"\"><input type=\"hidden\" name=\"page_url\" value=\"https:\/\/www.kakikuu.fi\/en\/wp-json\/wp\/v2\/pages\/79\"><input type=\"hidden\" name=\"url_referer\" value=\"\"><button type=\"submit\" name=\"wpforms[submit]\" id=\"wpforms-submit-120\" class=\"wpforms-submit\" data-alt-text=\"L\u00e4hetet\u00e4\u00e4n...\" data-submit-text=\"L\u00e4het\u00e4\" aria-live=\"assertive\" value=\"wpforms-submit\">L\u00e4het\u00e4<\/button><img loading=\"lazy\" decoding=\"async\" src=\"https:\/\/www.kakikuu.fi\/wp-content\/plugins\/wpforms-lite\/assets\/images\/submit-spin.svg\" class=\"wpforms-submit-spinner\" style=\"display: none;\" width=\"26\" height=\"26\" alt=\"Loading\"><\/div><\/form><\/div>  <!-- .wpforms-container -->","protected":false},"excerpt":{"rendered":"<p>Asiantuntijamme &#8211; pk-yritysten vastuullisuusty\u00f6n ja kest\u00e4v\u00e4n liiketoiminnan asiantuntijat Jukka K. Niemi &#8211; pk-yritysten vastuullisuusty\u00f6n asiantuntija Maren Heijari &#8211; kest\u00e4v\u00e4n kehityksen ja kiertotalouden asiantuntija Jukka K. Niemi on K\u00e4kikuu Oy:n perustaja ja pk-yritysten vastuullisuusty\u00f6n asiantuntija, joka auttaa yrityksi\u00e4 kehitt\u00e4m\u00e4\u00e4n liiketoimintal\u00e4ht\u00f6ist\u00e4 ja vaikuttavaa vastuullisuusty\u00f6t\u00e4. Jukka erikoistunut pk-yritysten vastuullisuusty\u00f6h\u00f6n ja liiketoiminnan kehitt\u00e4miseen. Siihen [&hellip;]<\/p>\n","protected":false},"author":1,"featured_media":1199,"parent":0,"menu_order":0,"comment_status":"closed","ping_status":"closed","template":"","meta":{"footnotes":""},"class_list":["post-79","page","type-page","status-publish","has-post-thumbnail","hentry"],"yoast_head":"<!-- This site is optimized with the Yoast SEO plugin v27.5 - https:\/\/yoast.com\/product\/yoast-seo-wordpress\/ -->\n<title>Pk-yritysten vastuullisuusty\u00f6n asiantuntijat \u2013 K\u00e4kikuu Oy<\/title>\n<meta name=\"description\" content=\"Tutustu K\u00e4kikuu Oy:n asiantuntijoihin. Autamme pk-yrityksi\u00e4 kehitt\u00e4m\u00e4\u00e4n liiketoimintal\u00e4ht\u00f6ist\u00e4 vastuullisuusty\u00f6t\u00e4.\" \/>\n<meta name=\"robots\" content=\"index, follow, max-snippet:-1, max-image-preview:large, max-video-preview:-1\" \/>\n<link rel=\"canonical\" href=\"https:\/\/www.kakikuu.fi\/en\/asiantuntijamme\/\" \/>\n<meta property=\"og:locale\" content=\"en_GB\" \/>\n<meta property=\"og:type\" content=\"article\" \/>\n<meta property=\"og:title\" content=\"Pk-yritysten vastuullisuusty\u00f6n asiantuntijat \u2013 K\u00e4kikuu Oy\" \/>\n<meta property=\"og:description\" content=\"Tutustu K\u00e4kikuu Oy:n asiantuntijoihin. Autamme pk-yrityksi\u00e4 kehitt\u00e4m\u00e4\u00e4n liiketoimintal\u00e4ht\u00f6ist\u00e4 vastuullisuusty\u00f6t\u00e4.\" \/>\n<meta property=\"og:url\" content=\"https:\/\/www.kakikuu.fi\/en\/asiantuntijamme\/\" \/>\n<meta property=\"og:site_name\" content=\"K\u00e4kikuu\" \/>\n<meta property=\"article:publisher\" content=\"https:\/\/www.facebook.com\/profile.php?id=61551999317882\" \/>\n<meta property=\"article:modified_time\" content=\"2026-02-01T20:20:54+00:00\" \/>\n<meta property=\"og:image\" content=\"https:\/\/www.kakikuu.fi\/wp-content\/uploads\/2024\/10\/robert-lukeman-_RBcxo9AU-U-unsplash-small.jpg\" \/>\n\t<meta property=\"og:image:width\" content=\"1500\" \/>\n\t<meta property=\"og:image:height\" content=\"1001\" \/>\n\t<meta property=\"og:image:type\" content=\"image\/jpeg\" \/>\n<meta name=\"twitter:card\" content=\"summary_large_image\" \/>\n<meta name=\"twitter:label1\" content=\"Estimated reading time\" \/>\n\t<meta name=\"twitter:data1\" content=\"3 minutes\" \/>\n<script type=\"application\/ld+json\" class=\"yoast-schema-graph\">{\"@context\":\"https:\\\/\\\/schema.org\",\"@graph\":[{\"@type\":\"WebPage\",\"@id\":\"https:\\\/\\\/www.kakikuu.fi\\\/asiantuntijamme\\\/\",\"url\":\"https:\\\/\\\/www.kakikuu.fi\\\/asiantuntijamme\\\/\",\"name\":\"Pk-yritysten vastuullisuusty\u00f6n asiantuntijat \u2013 K\u00e4kikuu Oy\",\"isPartOf\":{\"@id\":\"https:\\\/\\\/www.kakikuu.fi\\\/#website\"},\"primaryImageOfPage\":{\"@id\":\"https:\\\/\\\/www.kakikuu.fi\\\/asiantuntijamme\\\/#primaryimage\"},\"image\":{\"@id\":\"https:\\\/\\\/www.kakikuu.fi\\\/asiantuntijamme\\\/#primaryimage\"},\"thumbnailUrl\":\"https:\\\/\\\/www.kakikuu.fi\\\/wp-content\\\/uploads\\\/2024\\\/10\\\/robert-lukeman-_RBcxo9AU-U-unsplash-small.jpg\",\"datePublished\":\"2022-12-27T13:23:49+00:00\",\"dateModified\":\"2026-02-01T20:20:54+00:00\",\"description\":\"Tutustu K\u00e4kikuu Oy:n asiantuntijoihin. Autamme pk-yrityksi\u00e4 kehitt\u00e4m\u00e4\u00e4n liiketoimintal\u00e4ht\u00f6ist\u00e4 vastuullisuusty\u00f6t\u00e4.\",\"breadcrumb\":{\"@id\":\"https:\\\/\\\/www.kakikuu.fi\\\/asiantuntijamme\\\/#breadcrumb\"},\"inLanguage\":\"en-GB\",\"potentialAction\":[{\"@type\":\"ReadAction\",\"target\":[\"https:\\\/\\\/www.kakikuu.fi\\\/asiantuntijamme\\\/\"]}]},{\"@type\":\"ImageObject\",\"inLanguage\":\"en-GB\",\"@id\":\"https:\\\/\\\/www.kakikuu.fi\\\/asiantuntijamme\\\/#primaryimage\",\"url\":\"https:\\\/\\\/www.kakikuu.fi\\\/wp-content\\\/uploads\\\/2024\\\/10\\\/robert-lukeman-_RBcxo9AU-U-unsplash-small.jpg\",\"contentUrl\":\"https:\\\/\\\/www.kakikuu.fi\\\/wp-content\\\/uploads\\\/2024\\\/10\\\/robert-lukeman-_RBcxo9AU-U-unsplash-small.jpg\",\"width\":1500,\"height\":1001,\"caption\":\"K\u00e4kikuu on yritysten ja organisaatioiden kumppani vastuullisuusty\u00f6ss\u00e4\"},{\"@type\":\"BreadcrumbList\",\"@id\":\"https:\\\/\\\/www.kakikuu.fi\\\/asiantuntijamme\\\/#breadcrumb\",\"itemListElement\":[{\"@type\":\"ListItem\",\"position\":1,\"name\":\"Etusivu\",\"item\":\"https:\\\/\\\/www.kakikuu.fi\\\/\"},{\"@type\":\"ListItem\",\"position\":2,\"name\":\"Asiantuntijamme\"}]},{\"@type\":\"WebSite\",\"@id\":\"https:\\\/\\\/www.kakikuu.fi\\\/#website\",\"url\":\"https:\\\/\\\/www.kakikuu.fi\\\/\",\"name\":\"K\u00e4kikuu\",\"description\":\"Yritysvastuun kumppani\",\"publisher\":{\"@id\":\"https:\\\/\\\/www.kakikuu.fi\\\/#organization\"},\"potentialAction\":[{\"@type\":\"SearchAction\",\"target\":{\"@type\":\"EntryPoint\",\"urlTemplate\":\"https:\\\/\\\/www.kakikuu.fi\\\/?s={search_term_string}\"},\"query-input\":{\"@type\":\"PropertyValueSpecification\",\"valueRequired\":true,\"valueName\":\"search_term_string\"}}],\"inLanguage\":\"en-GB\"},{\"@type\":\"Organization\",\"@id\":\"https:\\\/\\\/www.kakikuu.fi\\\/#organization\",\"name\":\"K\u00e4kikuu\",\"url\":\"https:\\\/\\\/www.kakikuu.fi\\\/\",\"logo\":{\"@type\":\"ImageObject\",\"inLanguage\":\"en-GB\",\"@id\":\"https:\\\/\\\/www.kakikuu.fi\\\/#\\\/schema\\\/logo\\\/image\\\/\",\"url\":\"https:\\\/\\\/www.kakikuu.fi\\\/wp-content\\\/uploads\\\/2024\\\/02\\\/cropped-Capture-5-jpg.webp\",\"contentUrl\":\"https:\\\/\\\/www.kakikuu.fi\\\/wp-content\\\/uploads\\\/2024\\\/02\\\/cropped-Capture-5-jpg.webp\",\"width\":508,\"height\":252,\"caption\":\"K\u00e4kikuu\"},\"image\":{\"@id\":\"https:\\\/\\\/www.kakikuu.fi\\\/#\\\/schema\\\/logo\\\/image\\\/\"},\"sameAs\":[\"https:\\\/\\\/www.facebook.com\\\/profile.php?id=61551999317882\"]}]}<\/script>\n<!-- \/ Yoast SEO plugin. -->","yoast_head_json":{"title":"Pk-yritysten vastuullisuusty\u00f6n asiantuntijat \u2013 K\u00e4kikuu Oy","description":"Tutustu K\u00e4kikuu Oy:n asiantuntijoihin. Autamme pk-yrityksi\u00e4 kehitt\u00e4m\u00e4\u00e4n liiketoimintal\u00e4ht\u00f6ist\u00e4 vastuullisuusty\u00f6t\u00e4.","robots":{"index":"index","follow":"follow","max-snippet":"max-snippet:-1","max-image-preview":"max-image-preview:large","max-video-preview":"max-video-preview:-1"},"canonical":"https:\/\/www.kakikuu.fi\/en\/asiantuntijamme\/","og_locale":"en_GB","og_type":"article","og_title":"Pk-yritysten vastuullisuusty\u00f6n asiantuntijat \u2013 K\u00e4kikuu Oy","og_description":"Tutustu K\u00e4kikuu Oy:n asiantuntijoihin. Autamme pk-yrityksi\u00e4 kehitt\u00e4m\u00e4\u00e4n liiketoimintal\u00e4ht\u00f6ist\u00e4 vastuullisuusty\u00f6t\u00e4.","og_url":"https:\/\/www.kakikuu.fi\/en\/asiantuntijamme\/","og_site_name":"K\u00e4kikuu","article_publisher":"https:\/\/www.facebook.com\/profile.php?id=61551999317882","article_modified_time":"2026-02-01T20:20:54+00:00","og_image":[{"width":1500,"height":1001,"url":"https:\/\/www.kakikuu.fi\/wp-content\/uploads\/2024\/10\/robert-lukeman-_RBcxo9AU-U-unsplash-small.jpg","type":"image\/jpeg"}],"twitter_card":"summary_large_image","twitter_misc":{"Estimated reading time":"3 minutes"},"schema":{"@context":"https:\/\/schema.org","@graph":[{"@type":"WebPage","@id":"https:\/\/www.kakikuu.fi\/asiantuntijamme\/","url":"https:\/\/www.kakikuu.fi\/asiantuntijamme\/","name":"Pk-yritysten vastuullisuusty\u00f6n asiantuntijat \u2013 K\u00e4kikuu Oy","isPartOf":{"@id":"https:\/\/www.kakikuu.fi\/#website"},"primaryImageOfPage":{"@id":"https:\/\/www.kakikuu.fi\/asiantuntijamme\/#primaryimage"},"image":{"@id":"https:\/\/www.kakikuu.fi\/asiantuntijamme\/#primaryimage"},"thumbnailUrl":"https:\/\/www.kakikuu.fi\/wp-content\/uploads\/2024\/10\/robert-lukeman-_RBcxo9AU-U-unsplash-small.jpg","datePublished":"2022-12-27T13:23:49+00:00","dateModified":"2026-02-01T20:20:54+00:00","description":"Tutustu K\u00e4kikuu Oy:n asiantuntijoihin. Autamme pk-yrityksi\u00e4 kehitt\u00e4m\u00e4\u00e4n liiketoimintal\u00e4ht\u00f6ist\u00e4 vastuullisuusty\u00f6t\u00e4.","breadcrumb":{"@id":"https:\/\/www.kakikuu.fi\/asiantuntijamme\/#breadcrumb"},"inLanguage":"en-GB","potentialAction":[{"@type":"ReadAction","target":["https:\/\/www.kakikuu.fi\/asiantuntijamme\/"]}]},{"@type":"ImageObject","inLanguage":"en-GB","@id":"https:\/\/www.kakikuu.fi\/asiantuntijamme\/#primaryimage","url":"https:\/\/www.kakikuu.fi\/wp-content\/uploads\/2024\/10\/robert-lukeman-_RBcxo9AU-U-unsplash-small.jpg","contentUrl":"https:\/\/www.kakikuu.fi\/wp-content\/uploads\/2024\/10\/robert-lukeman-_RBcxo9AU-U-unsplash-small.jpg","width":1500,"height":1001,"caption":"K\u00e4kikuu on yritysten ja organisaatioiden kumppani vastuullisuusty\u00f6ss\u00e4"},{"@type":"BreadcrumbList","@id":"https:\/\/www.kakikuu.fi\/asiantuntijamme\/#breadcrumb","itemListElement":[{"@type":"ListItem","position":1,"name":"Etusivu","item":"https:\/\/www.kakikuu.fi\/"},{"@type":"ListItem","position":2,"name":"Asiantuntijamme"}]},{"@type":"WebSite","@id":"https:\/\/www.kakikuu.fi\/#website","url":"https:\/\/www.kakikuu.fi\/","name":"K\u00e4kikuu","description":"Your Partner in Corporate Responsibility","publisher":{"@id":"https:\/\/www.kakikuu.fi\/#organization"},"potentialAction":[{"@type":"SearchAction","target":{"@type":"EntryPoint","urlTemplate":"https:\/\/www.kakikuu.fi\/?s={search_term_string}"},"query-input":{"@type":"PropertyValueSpecification","valueRequired":true,"valueName":"search_term_string"}}],"inLanguage":"en-GB"},{"@type":"Organization","@id":"https:\/\/www.kakikuu.fi\/#organization","name":"K\u00e4kikuu","url":"https:\/\/www.kakikuu.fi\/","logo":{"@type":"ImageObject","inLanguage":"en-GB","@id":"https:\/\/www.kakikuu.fi\/#\/schema\/logo\/image\/","url":"https:\/\/www.kakikuu.fi\/wp-content\/uploads\/2024\/02\/cropped-Capture-5-jpg.webp","contentUrl":"https:\/\/www.kakikuu.fi\/wp-content\/uploads\/2024\/02\/cropped-Capture-5-jpg.webp","width":508,"height":252,"caption":"K\u00e4kikuu"},"image":{"@id":"https:\/\/www.kakikuu.fi\/#\/schema\/logo\/image\/"},"sameAs":["https:\/\/www.facebook.com\/profile.php?id=61551999317882"]}]}},"_links":{"self":[{"href":"https:\/\/www.kakikuu.fi\/en\/wp-json\/wp\/v2\/pages\/79","targetHints":{"allow":["GET"]}}],"collection":[{"href":"https:\/\/www.kakikuu.fi\/en\/wp-json\/wp\/v2\/pages"}],"about":[{"href":"https:\/\/www.kakikuu.fi\/en\/wp-json\/wp\/v2\/types\/page"}],"author":[{"embeddable":true,"href":"https:\/\/www.kakikuu.fi\/en\/wp-json\/wp\/v2\/users\/1"}],"replies":[{"embeddable":true,"href":"https:\/\/www.kakikuu.fi\/en\/wp-json\/wp\/v2\/comments?post=79"}],"version-history":[{"count":10,"href":"https:\/\/www.kakikuu.fi\/en\/wp-json\/wp\/v2\/pages\/79\/revisions"}],"predecessor-version":[{"id":1875,"href":"https:\/\/www.kakikuu.fi\/en\/wp-json\/wp\/v2\/pages\/79\/revisions\/1875"}],"wp:featuredmedia":[{"embeddable":true,"href":"https:\/\/www.kakikuu.fi\/en\/wp-json\/wp\/v2\/media\/1199"}],"wp:attachment":[{"href":"https:\/\/www.kakikuu.fi\/en\/wp-json\/wp\/v2\/media?parent=79"}],"curies":[{"name":"wp","href":"https:\/\/api.w.org\/{rel}","templated":true}]}}