{"id":618,"date":"2024-01-10T11:46:48","date_gmt":"2024-01-10T09:46:48","guid":{"rendered":"https:\/\/www.kakikuu.fi\/?page_id=618"},"modified":"2026-02-01T22:29:25","modified_gmt":"2026-02-01T20:29:25","slug":"vastuullisuus-kakikuussa","status":"publish","type":"page","link":"https:\/\/www.kakikuu.fi\/en\/vastuullisuus-kakikuussa\/","title":{"rendered":"Sustainability at K\u00e4kikuu"},"content":{"rendered":"<p>Even the actions of a small company have significance and impact, as sustainability is built from small efforts. For this reason, we specialize in providing solutions for the sustainability challenges of small and medium-sized enterprises and advancing sustainable development within them.<\/p>\n\n\n\n<p>In our operations, sustainability means, among other things, minimizing consumption by moving as resource-efficiently as possible. We use our equipment to the fullest, and in our purchases, we prefer used and recycled items. We do not use paper prints at all. We always consider things from the perspective of their entire value chain, lifecycle, and materiality. Nature is also K\u00e4kikuu\u2019s silent stakeholder, empowering force, and source of inspiration.<\/p>\n\n\n\n<p>Since it\u2019s not possible to eliminate all consumption, we offset the remaining emissions by purchasing carbon offsets from reliable climate projects.<\/p>\n\n\n\n<p>In addition to the overall sustainability approach, K\u00e4kikuu aims to contribute to the <a href=\"https:\/\/kestavakehitys.fi\/agenda-2030\" data-type=\"link\" data-id=\"https:\/\/kestavakehitys.fi\/agenda-2030\" target=\"_blank\" rel=\"noreferrer noopener\">UN Agenda 2030<\/a> sustainable development goals through its operations, with the most important goals for the company being:<\/p>\n\n\n\n<div class=\"wp-block-columns is-layout-flex wp-container-core-columns-is-layout-28f84493 wp-block-columns-is-layout-flex\">\n<div class=\"wp-block-column is-layout-flow wp-block-column-is-layout-flow\"><div class=\"wp-block-image\">\n<figure class=\"aligncenter size-full\"><img loading=\"lazy\" decoding=\"async\" width=\"176\" height=\"176\" src=\"https:\/\/www.kakikuu.fi\/wp-content\/uploads\/2024\/01\/12-vastuullista-kuluttamista-1-jpg.webp\" alt=\"\" class=\"wp-image-638\" srcset=\"https:\/\/www.kakikuu.fi\/wp-content\/uploads\/2024\/01\/12-vastuullista-kuluttamista-1-jpg.webp 176w, https:\/\/www.kakikuu.fi\/wp-content\/uploads\/2024\/01\/12-vastuullista-kuluttamista-1-150x150.webp 150w\" sizes=\"auto, (max-width: 176px) 100vw, 176px\" \/><\/figure>\n<\/div>\n\n\n<p class=\"has-text-align-center\">Through our operations, we aim to contribute to ensuring the sustainability of consumption and production patterns. We want to promote the reduction of food waste and waste in general, and support the sustainable and efficient use of natural resources.<\/p>\n<\/div>\n\n\n\n<div class=\"wp-block-column is-layout-flow wp-block-column-is-layout-flow\"><div class=\"wp-block-image\">\n<figure class=\"aligncenter size-full\"><img loading=\"lazy\" decoding=\"async\" width=\"174\" height=\"173\" src=\"https:\/\/www.kakikuu.fi\/wp-content\/uploads\/2024\/01\/13-ilmastotekoja-jpg.webp\" alt=\"\" class=\"wp-image-639\" srcset=\"https:\/\/www.kakikuu.fi\/wp-content\/uploads\/2024\/01\/13-ilmastotekoja-jpg.webp 174w, https:\/\/www.kakikuu.fi\/wp-content\/uploads\/2024\/01\/13-ilmastotekoja-150x150.webp 150w\" sizes=\"auto, (max-width: 174px) 100vw, 174px\" \/><\/figure>\n<\/div>\n\n\n<p class=\"has-text-align-center\">We aim to promote actions against climate change and its impacts by increasing awareness and action, particularly within small and medium-sized enterprises.<\/p>\n<\/div>\n<\/div>\n\n\n\n<div class=\"wp-block-columns is-layout-flex wp-container-core-columns-is-layout-28f84493 wp-block-columns-is-layout-flex\">\n<div class=\"wp-block-column is-layout-flow wp-block-column-is-layout-flow\" style=\"flex-basis:100%\">\n<div style=\"height:100px\" aria-hidden=\"true\" class=\"wp-block-spacer\"><\/div>\n<\/div>\n<\/div>\n\n\n\n<h2 class=\"wp-block-heading\">Customer Promise<\/h2>\n\n\n\n<p>You will receive practical, clear, and expert support from K\u00e4kikuu in implementing responsibility and sustainable development in your company. With our support, your company can carry out impactful <a href=\"https:\/\/www.kakikuu.fi\/en\/ratkaisut\/\" target=\"_blank\" rel=\"noreferrer noopener\">sustainability work<\/a>.<\/p>\n\n\n\n<hr class=\"wp-block-separator has-alpha-channel-opacity\"\/>\n\n\n\n<h2 class=\"wp-block-heading\">Our Values<\/h2>\n\n\n\n<p>K\u00e4kikuu is a collaborative, attentive, and straightforward partner in sustainability work, always acting with trust and honesty for the benefit of the client and sustainable development. At K\u00e4kikuu, every individual is equally valued.<\/p>\n\n\n\n<hr class=\"wp-block-separator has-alpha-channel-opacity\"\/>\n\n\n\n<h2 class=\"wp-block-heading\">Our Mission<\/h2>\n\n\n\n<p>K\u00e4kikuu helps as many small and medium-sized enterprises as possible transition to responsible business practices, thereby promoting sustainable development in businesses, in Finland, and globally.<\/p>\n\n\n\n<hr class=\"wp-block-separator has-alpha-channel-opacity\"\/>\n\n\n\n<h2 class=\"wp-block-heading\">Our Vision<\/h2>\n\n\n\n<p>By 2030, K\u00e4kikuu aims to be Finland's most knowledgeable, well-known, and trusted expert and promoter of sustainability work for small and medium-sized enterprises.<\/p>\n\n\n\n<hr class=\"wp-block-separator has-alpha-channel-opacity\"\/>\n\n\n\n<h2 class=\"wp-block-heading\">Our Carbon Footprint<\/h2>\n\n\n\n<p>We always operate in a resource-efficient manner, ensuring that our carbon footprint is as small as possible. However, since we cannot reduce all of our emissions, we support carbon sequestration and the promotion of biodiversity in domestic nature restoration projects.<\/p>\n\n\n<div class=\"wp-block-image\">\n<figure class=\"aligncenter size-full is-resized\"><img loading=\"lazy\" decoding=\"async\" width=\"625\" height=\"866\" src=\"https:\/\/www.kakikuu.fi\/wp-content\/uploads\/2024\/02\/Piitsonsuo-10.2.2024-1-jpg.webp\" alt=\"\" class=\"wp-image-685\" style=\"width:557px;height:auto\" srcset=\"https:\/\/www.kakikuu.fi\/wp-content\/uploads\/2024\/02\/Piitsonsuo-10.2.2024-1-jpg.webp 625w, https:\/\/www.kakikuu.fi\/wp-content\/uploads\/2024\/02\/Piitsonsuo-10.2.2024-1-217x300.webp 217w\" sizes=\"auto, (max-width: 625px) 100vw, 625px\" \/><\/figure>\n<\/div>","protected":false},"excerpt":{"rendered":"<p>My\u00f6s pienen yrityksen teoilla on merkityst\u00e4 ja vaikutusta, sill\u00e4 vastuullisuus muodostuu pienist\u00e4 puroista. T\u00e4m\u00e4n vuoksi olemme erikoistuneet pienten ja keskisuurten yritysten vastuullisuusasioiden ratkaisuihin ja kest\u00e4v\u00e4n kehityksen edist\u00e4miseen niiss\u00e4. Omassa toiminnassamme vastuullisuus tarkoittaa muun muassa, ett\u00e4 minimoimme kulutuksen liikkumalla mahdollisimman resurssitehokkaasti. Laitteet k\u00e4yt\u00e4mme loppuun, ja hankinnoissa suosimme k\u00e4ytetty\u00e4 ja kierr\u00e4tetty\u00e4. Paperitulosteita [&hellip;]<\/p>\n","protected":false},"author":1,"featured_media":1192,"parent":0,"menu_order":0,"comment_status":"open","ping_status":"closed","template":"","meta":{"footnotes":""},"class_list":["post-618","page","type-page","status-publish","has-post-thumbnail","hentry"],"yoast_head":"<!-- This site is optimized with the Yoast SEO plugin v27.4 - https:\/\/yoast.com\/product\/yoast-seo-wordpress\/ -->\n<title>Vastuullisuus k\u00e4kikuussa<\/title>\n<meta name=\"description\" content=\"Vastuullisuus, arvot ja asiakaslupaus toteutuvat meill\u00e4 resurssitehokkaasti. Luonto on K\u00e4kikuun hiljainen sidosryhm\u00e4 ja voimaannuttaja.\" \/>\n<meta name=\"robots\" content=\"index, follow, max-snippet:-1, max-image-preview:large, max-video-preview:-1\" \/>\n<link rel=\"canonical\" href=\"https:\/\/www.kakikuu.fi\/en\/vastuullisuus-kakikuussa\/\" \/>\n<meta property=\"og:locale\" content=\"en_GB\" \/>\n<meta property=\"og:type\" content=\"article\" \/>\n<meta property=\"og:title\" content=\"Vastuullisuus k\u00e4kikuussa\" \/>\n<meta property=\"og:description\" content=\"Vastuullisuus, arvot ja asiakaslupaus toteutuvat meill\u00e4 resurssitehokkaasti. Luonto on K\u00e4kikuun hiljainen sidosryhm\u00e4 ja voimaannuttaja.\" \/>\n<meta property=\"og:url\" content=\"https:\/\/www.kakikuu.fi\/en\/vastuullisuus-kakikuussa\/\" \/>\n<meta property=\"og:site_name\" content=\"K\u00e4kikuu\" \/>\n<meta property=\"article:publisher\" content=\"https:\/\/www.facebook.com\/profile.php?id=61551999317882\" \/>\n<meta property=\"article:modified_time\" content=\"2026-02-01T20:29:25+00:00\" \/>\n<meta property=\"og:image\" content=\"https:\/\/www.kakikuu.fi\/wp-content\/uploads\/2024\/10\/tim-swaan-eOpewngf68w-unsplash-2650-small.jpg\" \/>\n\t<meta property=\"og:image:width\" content=\"1500\" \/>\n\t<meta property=\"og:image:height\" content=\"1000\" \/>\n\t<meta property=\"og:image:type\" content=\"image\/jpeg\" \/>\n<meta name=\"twitter:card\" content=\"summary_large_image\" \/>\n<meta name=\"twitter:label1\" content=\"Estimated reading time\" \/>\n\t<meta name=\"twitter:data1\" content=\"3 minutes\" \/>\n<script type=\"application\/ld+json\" class=\"yoast-schema-graph\">{\"@context\":\"https:\\\/\\\/schema.org\",\"@graph\":[{\"@type\":\"WebPage\",\"@id\":\"https:\\\/\\\/www.kakikuu.fi\\\/vastuullisuus-kakikuussa\\\/\",\"url\":\"https:\\\/\\\/www.kakikuu.fi\\\/vastuullisuus-kakikuussa\\\/\",\"name\":\"Vastuullisuus k\u00e4kikuussa\",\"isPartOf\":{\"@id\":\"https:\\\/\\\/www.kakikuu.fi\\\/#website\"},\"primaryImageOfPage\":{\"@id\":\"https:\\\/\\\/www.kakikuu.fi\\\/vastuullisuus-kakikuussa\\\/#primaryimage\"},\"image\":{\"@id\":\"https:\\\/\\\/www.kakikuu.fi\\\/vastuullisuus-kakikuussa\\\/#primaryimage\"},\"thumbnailUrl\":\"https:\\\/\\\/www.kakikuu.fi\\\/wp-content\\\/uploads\\\/2024\\\/10\\\/tim-swaan-eOpewngf68w-unsplash-2650-small.jpg\",\"datePublished\":\"2024-01-10T09:46:48+00:00\",\"dateModified\":\"2026-02-01T20:29:25+00:00\",\"description\":\"Vastuullisuus, arvot ja asiakaslupaus toteutuvat meill\u00e4 resurssitehokkaasti. Luonto on K\u00e4kikuun hiljainen sidosryhm\u00e4 ja voimaannuttaja.\",\"breadcrumb\":{\"@id\":\"https:\\\/\\\/www.kakikuu.fi\\\/vastuullisuus-kakikuussa\\\/#breadcrumb\"},\"inLanguage\":\"en-GB\",\"potentialAction\":[{\"@type\":\"ReadAction\",\"target\":[\"https:\\\/\\\/www.kakikuu.fi\\\/vastuullisuus-kakikuussa\\\/\"]}]},{\"@type\":\"ImageObject\",\"inLanguage\":\"en-GB\",\"@id\":\"https:\\\/\\\/www.kakikuu.fi\\\/vastuullisuus-kakikuussa\\\/#primaryimage\",\"url\":\"https:\\\/\\\/www.kakikuu.fi\\\/wp-content\\\/uploads\\\/2024\\\/10\\\/tim-swaan-eOpewngf68w-unsplash-2650-small.jpg\",\"contentUrl\":\"https:\\\/\\\/www.kakikuu.fi\\\/wp-content\\\/uploads\\\/2024\\\/10\\\/tim-swaan-eOpewngf68w-unsplash-2650-small.jpg\",\"width\":1500,\"height\":1000,\"caption\":\"K\u00e4kikuu on yritysten ja organisaatioiden kumppani vastuullisuusty\u00f6ss\u00e4\"},{\"@type\":\"BreadcrumbList\",\"@id\":\"https:\\\/\\\/www.kakikuu.fi\\\/vastuullisuus-kakikuussa\\\/#breadcrumb\",\"itemListElement\":[{\"@type\":\"ListItem\",\"position\":1,\"name\":\"Etusivu\",\"item\":\"https:\\\/\\\/www.kakikuu.fi\\\/\"},{\"@type\":\"ListItem\",\"position\":2,\"name\":\"Vastuullisuus K\u00e4kikuussa\"}]},{\"@type\":\"WebSite\",\"@id\":\"https:\\\/\\\/www.kakikuu.fi\\\/#website\",\"url\":\"https:\\\/\\\/www.kakikuu.fi\\\/\",\"name\":\"K\u00e4kikuu\",\"description\":\"Yritysvastuun kumppani\",\"publisher\":{\"@id\":\"https:\\\/\\\/www.kakikuu.fi\\\/#organization\"},\"potentialAction\":[{\"@type\":\"SearchAction\",\"target\":{\"@type\":\"EntryPoint\",\"urlTemplate\":\"https:\\\/\\\/www.kakikuu.fi\\\/?s={search_term_string}\"},\"query-input\":{\"@type\":\"PropertyValueSpecification\",\"valueRequired\":true,\"valueName\":\"search_term_string\"}}],\"inLanguage\":\"en-GB\"},{\"@type\":\"Organization\",\"@id\":\"https:\\\/\\\/www.kakikuu.fi\\\/#organization\",\"name\":\"K\u00e4kikuu\",\"url\":\"https:\\\/\\\/www.kakikuu.fi\\\/\",\"logo\":{\"@type\":\"ImageObject\",\"inLanguage\":\"en-GB\",\"@id\":\"https:\\\/\\\/www.kakikuu.fi\\\/#\\\/schema\\\/logo\\\/image\\\/\",\"url\":\"https:\\\/\\\/www.kakikuu.fi\\\/wp-content\\\/uploads\\\/2024\\\/02\\\/cropped-Capture-5-jpg.webp\",\"contentUrl\":\"https:\\\/\\\/www.kakikuu.fi\\\/wp-content\\\/uploads\\\/2024\\\/02\\\/cropped-Capture-5-jpg.webp\",\"width\":508,\"height\":252,\"caption\":\"K\u00e4kikuu\"},\"image\":{\"@id\":\"https:\\\/\\\/www.kakikuu.fi\\\/#\\\/schema\\\/logo\\\/image\\\/\"},\"sameAs\":[\"https:\\\/\\\/www.facebook.com\\\/profile.php?id=61551999317882\"]}]}<\/script>\n<!-- \/ Yoast SEO plugin. -->","yoast_head_json":{"title":"Vastuullisuus k\u00e4kikuussa","description":"Vastuullisuus, arvot ja asiakaslupaus toteutuvat meill\u00e4 resurssitehokkaasti. Luonto on K\u00e4kikuun hiljainen sidosryhm\u00e4 ja voimaannuttaja.","robots":{"index":"index","follow":"follow","max-snippet":"max-snippet:-1","max-image-preview":"max-image-preview:large","max-video-preview":"max-video-preview:-1"},"canonical":"https:\/\/www.kakikuu.fi\/en\/vastuullisuus-kakikuussa\/","og_locale":"en_GB","og_type":"article","og_title":"Vastuullisuus k\u00e4kikuussa","og_description":"Vastuullisuus, arvot ja asiakaslupaus toteutuvat meill\u00e4 resurssitehokkaasti. Luonto on K\u00e4kikuun hiljainen sidosryhm\u00e4 ja voimaannuttaja.","og_url":"https:\/\/www.kakikuu.fi\/en\/vastuullisuus-kakikuussa\/","og_site_name":"K\u00e4kikuu","article_publisher":"https:\/\/www.facebook.com\/profile.php?id=61551999317882","article_modified_time":"2026-02-01T20:29:25+00:00","og_image":[{"width":1500,"height":1000,"url":"https:\/\/www.kakikuu.fi\/wp-content\/uploads\/2024\/10\/tim-swaan-eOpewngf68w-unsplash-2650-small.jpg","type":"image\/jpeg"}],"twitter_card":"summary_large_image","twitter_misc":{"Estimated reading time":"3 minutes"},"schema":{"@context":"https:\/\/schema.org","@graph":[{"@type":"WebPage","@id":"https:\/\/www.kakikuu.fi\/vastuullisuus-kakikuussa\/","url":"https:\/\/www.kakikuu.fi\/vastuullisuus-kakikuussa\/","name":"Vastuullisuus k\u00e4kikuussa","isPartOf":{"@id":"https:\/\/www.kakikuu.fi\/#website"},"primaryImageOfPage":{"@id":"https:\/\/www.kakikuu.fi\/vastuullisuus-kakikuussa\/#primaryimage"},"image":{"@id":"https:\/\/www.kakikuu.fi\/vastuullisuus-kakikuussa\/#primaryimage"},"thumbnailUrl":"https:\/\/www.kakikuu.fi\/wp-content\/uploads\/2024\/10\/tim-swaan-eOpewngf68w-unsplash-2650-small.jpg","datePublished":"2024-01-10T09:46:48+00:00","dateModified":"2026-02-01T20:29:25+00:00","description":"Vastuullisuus, arvot ja asiakaslupaus toteutuvat meill\u00e4 resurssitehokkaasti. Luonto on K\u00e4kikuun hiljainen sidosryhm\u00e4 ja voimaannuttaja.","breadcrumb":{"@id":"https:\/\/www.kakikuu.fi\/vastuullisuus-kakikuussa\/#breadcrumb"},"inLanguage":"en-GB","potentialAction":[{"@type":"ReadAction","target":["https:\/\/www.kakikuu.fi\/vastuullisuus-kakikuussa\/"]}]},{"@type":"ImageObject","inLanguage":"en-GB","@id":"https:\/\/www.kakikuu.fi\/vastuullisuus-kakikuussa\/#primaryimage","url":"https:\/\/www.kakikuu.fi\/wp-content\/uploads\/2024\/10\/tim-swaan-eOpewngf68w-unsplash-2650-small.jpg","contentUrl":"https:\/\/www.kakikuu.fi\/wp-content\/uploads\/2024\/10\/tim-swaan-eOpewngf68w-unsplash-2650-small.jpg","width":1500,"height":1000,"caption":"K\u00e4kikuu on yritysten ja organisaatioiden kumppani vastuullisuusty\u00f6ss\u00e4"},{"@type":"BreadcrumbList","@id":"https:\/\/www.kakikuu.fi\/vastuullisuus-kakikuussa\/#breadcrumb","itemListElement":[{"@type":"ListItem","position":1,"name":"Etusivu","item":"https:\/\/www.kakikuu.fi\/"},{"@type":"ListItem","position":2,"name":"Vastuullisuus K\u00e4kikuussa"}]},{"@type":"WebSite","@id":"https:\/\/www.kakikuu.fi\/#website","url":"https:\/\/www.kakikuu.fi\/","name":"K\u00e4kikuu","description":"Your Partner in Corporate Responsibility","publisher":{"@id":"https:\/\/www.kakikuu.fi\/#organization"},"potentialAction":[{"@type":"SearchAction","target":{"@type":"EntryPoint","urlTemplate":"https:\/\/www.kakikuu.fi\/?s={search_term_string}"},"query-input":{"@type":"PropertyValueSpecification","valueRequired":true,"valueName":"search_term_string"}}],"inLanguage":"en-GB"},{"@type":"Organization","@id":"https:\/\/www.kakikuu.fi\/#organization","name":"K\u00e4kikuu","url":"https:\/\/www.kakikuu.fi\/","logo":{"@type":"ImageObject","inLanguage":"en-GB","@id":"https:\/\/www.kakikuu.fi\/#\/schema\/logo\/image\/","url":"https:\/\/www.kakikuu.fi\/wp-content\/uploads\/2024\/02\/cropped-Capture-5-jpg.webp","contentUrl":"https:\/\/www.kakikuu.fi\/wp-content\/uploads\/2024\/02\/cropped-Capture-5-jpg.webp","width":508,"height":252,"caption":"K\u00e4kikuu"},"image":{"@id":"https:\/\/www.kakikuu.fi\/#\/schema\/logo\/image\/"},"sameAs":["https:\/\/www.facebook.com\/profile.php?id=61551999317882"]}]}},"_links":{"self":[{"href":"https:\/\/www.kakikuu.fi\/en\/wp-json\/wp\/v2\/pages\/618","targetHints":{"allow":["GET"]}}],"collection":[{"href":"https:\/\/www.kakikuu.fi\/en\/wp-json\/wp\/v2\/pages"}],"about":[{"href":"https:\/\/www.kakikuu.fi\/en\/wp-json\/wp\/v2\/types\/page"}],"author":[{"embeddable":true,"href":"https:\/\/www.kakikuu.fi\/en\/wp-json\/wp\/v2\/users\/1"}],"replies":[{"embeddable":true,"href":"https:\/\/www.kakikuu.fi\/en\/wp-json\/wp\/v2\/comments?post=618"}],"version-history":[{"count":3,"href":"https:\/\/www.kakikuu.fi\/en\/wp-json\/wp\/v2\/pages\/618\/revisions"}],"predecessor-version":[{"id":1885,"href":"https:\/\/www.kakikuu.fi\/en\/wp-json\/wp\/v2\/pages\/618\/revisions\/1885"}],"wp:featuredmedia":[{"embeddable":true,"href":"https:\/\/www.kakikuu.fi\/en\/wp-json\/wp\/v2\/media\/1192"}],"wp:attachment":[{"href":"https:\/\/www.kakikuu.fi\/en\/wp-json\/wp\/v2\/media?parent=618"}],"curies":[{"name":"wp","href":"https:\/\/api.w.org\/{rel}","templated":true}]}}