{"id":455,"date":"2023-09-17T10:33:08","date_gmt":"2023-09-17T08:33:08","guid":{"rendered":"https:\/\/www.kakikuu.fi\/?page_id=455"},"modified":"2026-02-01T22:24:50","modified_gmt":"2026-02-01T20:24:50","slug":"csrd-raportointi","status":"publish","type":"page","link":"https:\/\/www.kakikuu.fi\/en\/csrd-raportointi\/","title":{"rendered":"CSRD Reporting"},"content":{"rendered":"\n<p>Suurten yritysten kest\u00e4vyysraportointidirektiivi CSRD (Corporate Sustainability Reporting Directive) tuo yritysvastuun raportoinnin perinteisen tilinp\u00e4\u00e4t\u00f6sraportoinnin rinnalle yhdenvertaiseksi osaksi yrityksen tilinp\u00e4\u00e4t\u00f6st\u00e4 ja vuosikertomusta. T\u00e4m\u00e4 on merkitt\u00e4v\u00e4 muutos, joka asettaa askelmerkit koko yritysraportoinnin tulevaisuudelle kaikenkokoisissa yrityksiss\u00e4. On my\u00f6s hyv\u00e4 ymm\u00e4rt\u00e4\u00e4, mit\u00e4 CSRD-direktiivi tarkoittaa k\u00e4yt\u00e4nn\u00f6ss\u00e4 pk-yrityksille<\/p>\n\n\n\n<p>Direktiivin mukaisissa ESRS-standardeissa (European Sustainability Reporting Standards) m\u00e4\u00e4ritet\u00e4\u00e4n tiedot, jotka yritysten on raportoitava olennaisiksi katsomistaan ymp\u00e4rist\u00f6\u00f6n, yhteiskuntaan ja hallintotapaansa liittyvist\u00e4 kest\u00e4vyysvaikutuksistaan, -riskeist\u00e4\u00e4n ja &#8211; mahdollisuuksistaan. Euroopan komissio on julkaissut kaksi monialaista kaikkia direktiivin piirin kuuluvia yrityksi\u00e4 koskevaa standardia ja 10 aihekohtaista standardia, joita sovelletaan yrityksiin niiden tekem\u00e4n olennaisuuden arvioinnin perustella riippumatta siit\u00e4, mill\u00e4 alalla ne toimivat. <\/p>\n\n\n\n<hr class=\"wp-block-separator has-alpha-channel-opacity\"\/>\n\n\n\n<h2 class=\"wp-block-heading\">Keit\u00e4 CSRD koskee<\/h2>\n\n\n\n<p>CSRD-raportointivelvollisuus koskee vain suuria yrityksi\u00e4, joilla on yli 1000 ty\u00f6ntekij\u00e4\u00e4. Ensimm\u00e4inen kaikkia suuryrityksi\u00e4 koskeva raportointivuosi on 2027. Raportointivelvollisuus laajenee p\u00f6rssilistattuihin pk-yrityksiin vuonna 2028.<\/p>\n\n\n\n<p>Vaikka CSRD-direktiivi ei koske suoraan pk-yrityksi\u00e4, vaikuttaa se oleellisesti my\u00f6s niihin arvoketjujen, asiakasvaatimusten ja rahoituksen kautta. K\u00e4yt\u00e4nn\u00f6ss\u00e4 t\u00e4m\u00e4 tarkoittaa, ett\u00e4 suuryritykset pyyt\u00e4v\u00e4t vastuullisuustietoja alihankkijoiltaan ja vastuullisuustiedoista tulee osa toimittajavalintaa. My\u00f6s tarjouspyynn\u00f6iss\u00e4 vastuullisuudesta on tullut perusoletus. CSRD vahvistaa t\u00e4t\u00e4 kehyst\u00e4, jolloin vastuullisuuskysymykset vakioituvat ja niit\u00e4 koskevien kyselyjen m\u00e4\u00e4r\u00e4 kasvaa. T\u00e4ll\u00f6in pk-yritys, jolla ei ole mit\u00e4\u00e4n vastattavaa, on heikossa asemassa.<\/p>\n\n\n\n<hr class=\"wp-block-separator has-alpha-channel-opacity\"\/>\n\n\n\n<h2 class=\"wp-block-heading\">Miten pienemm\u00e4n ja pk-yrityksen kannattaa edet\u00e4?<\/h2>\n\n\n\n<p>Alle 1000 ty\u00f6ntekij\u00f6iden yritysten kannattaa rakentaa liiketoimintal\u00e4ht\u00f6ist\u00e4 vastuullisuusstrategiaa CSRD-raportoinnin sijaan. Yritysten tulee keskitty\u00e4 ydinliiketoimintaansa ja sidosryhm\u00e4odotuksiin liittyviin keskeisiin vastuullisuusty\u00f6n teemoihin. N\u00e4m\u00e4 teemat yritys voi selvitt\u00e4\u00e4 kevennetyll\u00e4 <a href=\"https:\/\/www.kakikuu.fi\/ratkaisut\/kaksoisolennaisuusanalyysi\/\" target=\"_blank\" rel=\"noreferrer noopener\">kaksoisolennaisuusanalyysill\u00e4<\/a> ja siihen liittyv\u00e4ll\u00e4 sidosryhm\u00e4ty\u00f6ll\u00e4.<\/p>\n\n\n\n<p>Yritys voi selvitt\u00e4\u00e4 vastuullisuusty\u00f6ns\u00e4 nykytilan ja kehitt\u00e4mistarpeet maksuttomalla vastuullisuusty\u00f6n <a href=\"https:\/\/www.kakikuu.fi\/vastuullisuustyon-itsearviointilomake\/\" target=\"_blank\" rel=\"noreferrer noopener\">itsearviointilomakkeella<\/a>. Se on K\u00e4kikuun k\u00e4yt\u00e4nn\u00f6nl\u00e4heinen ty\u00f6kalu, joka perustuu EU:n pk-yrityksille suunnattuun vapaaehtoiseen yritysvastuun <a href=\"https:\/\/www.kakikuu.fi\/vsme-kestavyysraportointistandardi-pk-yrityksille\/\" target=\"_blank\" rel=\"noreferrer noopener\">VSME-raportointistandardiin<\/a> ja laajaan kokemukseemme pk-yritysten vastuullisuusty\u00f6n kehitt\u00e4misest\u00e4.<\/p>\n\n\n\n<p>Lue lis\u00e4\u00e4 muuttuvista raportointivaatimuksista ja niiden vaikutuksista pk-yritysten vastuullisuusty\u00f6h\u00f6n K\u00e4kikuun <a href=\"https:\/\/www.kakikuu.fi\/vastuullisuusraportointi-muuttuu-mita-se-tarkoittaa-pk-yrityksille\/\" target=\"_blank\" rel=\"noreferrer noopener\">blogista<\/a>.<\/p>\n\n\n\n<p class=\"has-text-align-center\">&#8211;<\/p>\n\n\n\n<h2 class=\"wp-block-heading\">Ota yhteytt\u00e4<\/h2>\n\n\n\n<p>Ota yhteytt\u00e4 ja kysy lis\u00e4tietoja tai pyyd\u00e4 tarjous t\u00e4ll\u00e4 lomakkeella. Vastaamme sinulle mahdollisimman pian, kuitenkin viimeist\u00e4\u00e4n seuraavana arkip\u00e4iv\u00e4n\u00e4.<\/p>\n\n\n<div class=\"wpforms-container wpforms-container-full wpforms-block wpforms-block-07d29d9b-117f-47e9-8bd3-53d7425c824b\" id=\"wpforms-120\"><form id=\"wpforms-form-120\" class=\"wpforms-validate wpforms-form wpforms-ajax-form\" data-formid=\"120\" method=\"post\" enctype=\"multipart\/form-data\" action=\"\/en\/wp-json\/wp\/v2\/pages\/455\" data-token=\"a8d42a3abd6b31b9716272d955485850\" data-token-time=\"1777278783\"><noscript class=\"wpforms-error-noscript\">Please enable JavaScript in your browser to complete this form.<\/noscript><div class=\"wpforms-field-container\"><div id=\"wpforms-120-field_0-container\" class=\"wpforms-field wpforms-field-name\" data-field-id=\"0\"><label class=\"wpforms-field-label\" for=\"wpforms-120-field_0\">Nimi <span class=\"wpforms-required-label\">*<\/span><\/label><input type=\"text\" id=\"wpforms-120-field_0\" class=\"wpforms-field-medium wpforms-field-required\" name=\"wpforms[fields][0]\" required><\/div><div id=\"wpforms-120-field_1-container\" class=\"wpforms-field wpforms-field-email\" data-field-id=\"1\"><label class=\"wpforms-field-label\" for=\"wpforms-120-field_1\">S\u00e4hk\u00f6postiosoitteesi <span class=\"wpforms-required-label\">*<\/span><\/label><input type=\"email\" id=\"wpforms-120-field_1\" class=\"wpforms-field-medium wpforms-field-required\" name=\"wpforms[fields][1]\" spellcheck=\"false\" required><\/div><div id=\"wpforms-120-field_2-container\" class=\"wpforms-field wpforms-field-textarea\" data-field-id=\"2\"><label class=\"wpforms-field-label\" for=\"wpforms-120-field_2\">Viestisi meille<\/label><textarea id=\"wpforms-120-field_2\" class=\"wpforms-field-medium\" name=\"wpforms[fields][2]\" ><\/textarea><\/div><\/div><!-- .wpforms-field-container --><div class=\"wpforms-submit-container\" ><input type=\"hidden\" name=\"wpforms[id]\" value=\"120\"><input type=\"hidden\" name=\"page_title\" value=\"\"><input type=\"hidden\" name=\"page_url\" value=\"https:\/\/www.kakikuu.fi\/en\/wp-json\/wp\/v2\/pages\/455\"><input type=\"hidden\" name=\"url_referer\" value=\"\"><button type=\"submit\" name=\"wpforms[submit]\" id=\"wpforms-submit-120\" class=\"wpforms-submit\" data-alt-text=\"L\u00e4hetet\u00e4\u00e4n...\" data-submit-text=\"L\u00e4het\u00e4\" aria-live=\"assertive\" value=\"wpforms-submit\">L\u00e4het\u00e4<\/button><img loading=\"lazy\" decoding=\"async\" src=\"https:\/\/www.kakikuu.fi\/wp-content\/plugins\/wpforms-lite\/assets\/images\/submit-spin.svg\" class=\"wpforms-submit-spinner\" style=\"display: none;\" width=\"26\" height=\"26\" alt=\"Loading\"><\/div><\/form><\/div>  <!-- .wpforms-container -->\n\n<p style=\"text-align: left;\"><!-- \/wp:post-content --><!-- wp:paragraph {\"align\":\"center\"} --><\/p>\n<p><!-- \/wp:paragraph --><!-- wp:paragraph {\"align\":\"center\"} --><\/p>\n<p><!-- \/wp:paragraph --><\/p>\n<p><!-- wp:paragraph {\"align\":\"center\"} --><\/p>\n<p><!-- \/wp:paragraph --><\/p>\n<p><!-- wp:heading {\"level\":4} --><\/p>\n<p><!-- \/wp:heading --><\/p>","protected":false},"excerpt":{"rendered":"<p>Suurten yritysten kest\u00e4vyysraportointidirektiivi CSRD (Corporate Sustainability Reporting Directive) tuo yritysvastuun raportoinnin perinteisen tilinp\u00e4\u00e4t\u00f6sraportoinnin rinnalle yhdenvertaiseksi osaksi yrityksen tilinp\u00e4\u00e4t\u00f6st\u00e4 ja vuosikertomusta. T\u00e4m\u00e4 on merkitt\u00e4v\u00e4 muutos, joka asettaa askelmerkit koko yritysraportoinnin tulevaisuudelle kaikenkokoisissa yrityksiss\u00e4. On my\u00f6s hyv\u00e4 ymm\u00e4rt\u00e4\u00e4, mit\u00e4 CSRD-direktiivi tarkoittaa k\u00e4yt\u00e4nn\u00f6ss\u00e4 pk-yrityksille Direktiivin mukaisissa ESRS-standardeissa (European Sustainability Reporting Standards) m\u00e4\u00e4ritet\u00e4\u00e4n tiedot, [&hellip;]<\/p>\n","protected":false},"author":1,"featured_media":1212,"parent":0,"menu_order":0,"comment_status":"open","ping_status":"closed","template":"","meta":{"footnotes":""},"class_list":["post-455","page","type-page","status-publish","has-post-thumbnail","hentry"],"yoast_head":"<!-- This site is optimized with the Yoast SEO plugin v27.4 - https:\/\/yoast.com\/product\/yoast-seo-wordpress\/ -->\n<title>CSRD ja pk-yritykset \u2013 mit\u00e4 direktiivi tarkoittaa k\u00e4yt\u00e4nn\u00f6ss\u00e4?<\/title>\n<meta name=\"description\" content=\"CSRD ei velvoita pk-yrityksi\u00e4 raportoimaan, mutta vaikuttaa arvoketjujen kautta. Mit\u00e4 t\u00e4m\u00e4 tarkoittaa pk-yrityksille?\" \/>\n<meta name=\"robots\" content=\"index, follow, max-snippet:-1, max-image-preview:large, max-video-preview:-1\" \/>\n<link rel=\"canonical\" href=\"https:\/\/www.kakikuu.fi\/en\/csrd-raportointi\/\" \/>\n<meta property=\"og:locale\" content=\"en_GB\" \/>\n<meta property=\"og:type\" content=\"article\" \/>\n<meta property=\"og:title\" content=\"CSRD ja pk-yritykset \u2013 mit\u00e4 direktiivi tarkoittaa k\u00e4yt\u00e4nn\u00f6ss\u00e4?\" \/>\n<meta property=\"og:description\" content=\"CSRD ei velvoita pk-yrityksi\u00e4 raportoimaan, mutta vaikuttaa arvoketjujen kautta. Mit\u00e4 t\u00e4m\u00e4 tarkoittaa pk-yrityksille?\" \/>\n<meta property=\"og:url\" content=\"https:\/\/www.kakikuu.fi\/en\/csrd-raportointi\/\" \/>\n<meta property=\"og:site_name\" content=\"K\u00e4kikuu\" \/>\n<meta property=\"article:publisher\" content=\"https:\/\/www.facebook.com\/profile.php?id=61551999317882\" \/>\n<meta property=\"article:modified_time\" content=\"2026-02-01T20:24:50+00:00\" \/>\n<meta property=\"og:image\" content=\"https:\/\/www.kakikuu.fi\/wp-content\/uploads\/2024\/10\/dariusz-sankowski-3OiYMgDKJ6k-unsplash-small-jpg.webp\" \/>\n\t<meta property=\"og:image:width\" content=\"1500\" \/>\n\t<meta property=\"og:image:height\" content=\"1125\" \/>\n\t<meta property=\"og:image:type\" content=\"image\/jpeg\" \/>\n<meta name=\"twitter:card\" content=\"summary_large_image\" \/>\n<meta name=\"twitter:label1\" content=\"Estimated reading time\" \/>\n\t<meta name=\"twitter:data1\" content=\"2 minutes\" \/>\n<script type=\"application\/ld+json\" class=\"yoast-schema-graph\">{\"@context\":\"https:\\\/\\\/schema.org\",\"@graph\":[{\"@type\":\"WebPage\",\"@id\":\"https:\\\/\\\/www.kakikuu.fi\\\/csrd-raportointi\\\/\",\"url\":\"https:\\\/\\\/www.kakikuu.fi\\\/csrd-raportointi\\\/\",\"name\":\"CSRD ja pk-yritykset \u2013 mit\u00e4 direktiivi tarkoittaa k\u00e4yt\u00e4nn\u00f6ss\u00e4?\",\"isPartOf\":{\"@id\":\"https:\\\/\\\/www.kakikuu.fi\\\/#website\"},\"primaryImageOfPage\":{\"@id\":\"https:\\\/\\\/www.kakikuu.fi\\\/csrd-raportointi\\\/#primaryimage\"},\"image\":{\"@id\":\"https:\\\/\\\/www.kakikuu.fi\\\/csrd-raportointi\\\/#primaryimage\"},\"thumbnailUrl\":\"https:\\\/\\\/www.kakikuu.fi\\\/wp-content\\\/uploads\\\/2024\\\/10\\\/dariusz-sankowski-3OiYMgDKJ6k-unsplash-small-jpg.webp\",\"datePublished\":\"2023-09-17T08:33:08+00:00\",\"dateModified\":\"2026-02-01T20:24:50+00:00\",\"description\":\"CSRD ei velvoita pk-yrityksi\u00e4 raportoimaan, mutta vaikuttaa arvoketjujen kautta. Mit\u00e4 t\u00e4m\u00e4 tarkoittaa pk-yrityksille?\",\"breadcrumb\":{\"@id\":\"https:\\\/\\\/www.kakikuu.fi\\\/csrd-raportointi\\\/#breadcrumb\"},\"inLanguage\":\"en-GB\",\"potentialAction\":[{\"@type\":\"ReadAction\",\"target\":[\"https:\\\/\\\/www.kakikuu.fi\\\/csrd-raportointi\\\/\"]}]},{\"@type\":\"ImageObject\",\"inLanguage\":\"en-GB\",\"@id\":\"https:\\\/\\\/www.kakikuu.fi\\\/csrd-raportointi\\\/#primaryimage\",\"url\":\"https:\\\/\\\/www.kakikuu.fi\\\/wp-content\\\/uploads\\\/2024\\\/10\\\/dariusz-sankowski-3OiYMgDKJ6k-unsplash-small-jpg.webp\",\"contentUrl\":\"https:\\\/\\\/www.kakikuu.fi\\\/wp-content\\\/uploads\\\/2024\\\/10\\\/dariusz-sankowski-3OiYMgDKJ6k-unsplash-small-jpg.webp\",\"width\":1500,\"height\":1125,\"caption\":\"K\u00e4kikuu, yritysvastuu, vastuullisuusty\u00f6, CSRD-raportointity\u00f6kalu, vastuullisuusraportti, kest\u00e4vyysraportointi, yritysvastuu, CSRD,. ESRS\"},{\"@type\":\"BreadcrumbList\",\"@id\":\"https:\\\/\\\/www.kakikuu.fi\\\/csrd-raportointi\\\/#breadcrumb\",\"itemListElement\":[{\"@type\":\"ListItem\",\"position\":1,\"name\":\"Etusivu\",\"item\":\"https:\\\/\\\/www.kakikuu.fi\\\/\"},{\"@type\":\"ListItem\",\"position\":2,\"name\":\"CSRD-raportointi\"}]},{\"@type\":\"WebSite\",\"@id\":\"https:\\\/\\\/www.kakikuu.fi\\\/#website\",\"url\":\"https:\\\/\\\/www.kakikuu.fi\\\/\",\"name\":\"K\u00e4kikuu\",\"description\":\"Yritysvastuun kumppani\",\"publisher\":{\"@id\":\"https:\\\/\\\/www.kakikuu.fi\\\/#organization\"},\"potentialAction\":[{\"@type\":\"SearchAction\",\"target\":{\"@type\":\"EntryPoint\",\"urlTemplate\":\"https:\\\/\\\/www.kakikuu.fi\\\/?s={search_term_string}\"},\"query-input\":{\"@type\":\"PropertyValueSpecification\",\"valueRequired\":true,\"valueName\":\"search_term_string\"}}],\"inLanguage\":\"en-GB\"},{\"@type\":\"Organization\",\"@id\":\"https:\\\/\\\/www.kakikuu.fi\\\/#organization\",\"name\":\"K\u00e4kikuu\",\"url\":\"https:\\\/\\\/www.kakikuu.fi\\\/\",\"logo\":{\"@type\":\"ImageObject\",\"inLanguage\":\"en-GB\",\"@id\":\"https:\\\/\\\/www.kakikuu.fi\\\/#\\\/schema\\\/logo\\\/image\\\/\",\"url\":\"https:\\\/\\\/www.kakikuu.fi\\\/wp-content\\\/uploads\\\/2024\\\/02\\\/cropped-Capture-5-jpg.webp\",\"contentUrl\":\"https:\\\/\\\/www.kakikuu.fi\\\/wp-content\\\/uploads\\\/2024\\\/02\\\/cropped-Capture-5-jpg.webp\",\"width\":508,\"height\":252,\"caption\":\"K\u00e4kikuu\"},\"image\":{\"@id\":\"https:\\\/\\\/www.kakikuu.fi\\\/#\\\/schema\\\/logo\\\/image\\\/\"},\"sameAs\":[\"https:\\\/\\\/www.facebook.com\\\/profile.php?id=61551999317882\"]}]}<\/script>\n<!-- \/ Yoast SEO plugin. -->","yoast_head_json":{"title":"CSRD ja pk-yritykset \u2013 mit\u00e4 direktiivi tarkoittaa k\u00e4yt\u00e4nn\u00f6ss\u00e4?","description":"CSRD ei velvoita pk-yrityksi\u00e4 raportoimaan, mutta vaikuttaa arvoketjujen kautta. Mit\u00e4 t\u00e4m\u00e4 tarkoittaa pk-yrityksille?","robots":{"index":"index","follow":"follow","max-snippet":"max-snippet:-1","max-image-preview":"max-image-preview:large","max-video-preview":"max-video-preview:-1"},"canonical":"https:\/\/www.kakikuu.fi\/en\/csrd-raportointi\/","og_locale":"en_GB","og_type":"article","og_title":"CSRD ja pk-yritykset \u2013 mit\u00e4 direktiivi tarkoittaa k\u00e4yt\u00e4nn\u00f6ss\u00e4?","og_description":"CSRD ei velvoita pk-yrityksi\u00e4 raportoimaan, mutta vaikuttaa arvoketjujen kautta. Mit\u00e4 t\u00e4m\u00e4 tarkoittaa pk-yrityksille?","og_url":"https:\/\/www.kakikuu.fi\/en\/csrd-raportointi\/","og_site_name":"K\u00e4kikuu","article_publisher":"https:\/\/www.facebook.com\/profile.php?id=61551999317882","article_modified_time":"2026-02-01T20:24:50+00:00","og_image":[{"width":1500,"height":1125,"url":"https:\/\/www.kakikuu.fi\/wp-content\/uploads\/2024\/10\/dariusz-sankowski-3OiYMgDKJ6k-unsplash-small-jpg.webp","type":"image\/jpeg"}],"twitter_card":"summary_large_image","twitter_misc":{"Estimated reading time":"2 minutes"},"schema":{"@context":"https:\/\/schema.org","@graph":[{"@type":"WebPage","@id":"https:\/\/www.kakikuu.fi\/csrd-raportointi\/","url":"https:\/\/www.kakikuu.fi\/csrd-raportointi\/","name":"CSRD ja pk-yritykset \u2013 mit\u00e4 direktiivi tarkoittaa k\u00e4yt\u00e4nn\u00f6ss\u00e4?","isPartOf":{"@id":"https:\/\/www.kakikuu.fi\/#website"},"primaryImageOfPage":{"@id":"https:\/\/www.kakikuu.fi\/csrd-raportointi\/#primaryimage"},"image":{"@id":"https:\/\/www.kakikuu.fi\/csrd-raportointi\/#primaryimage"},"thumbnailUrl":"https:\/\/www.kakikuu.fi\/wp-content\/uploads\/2024\/10\/dariusz-sankowski-3OiYMgDKJ6k-unsplash-small-jpg.webp","datePublished":"2023-09-17T08:33:08+00:00","dateModified":"2026-02-01T20:24:50+00:00","description":"CSRD ei velvoita pk-yrityksi\u00e4 raportoimaan, mutta vaikuttaa arvoketjujen kautta. Mit\u00e4 t\u00e4m\u00e4 tarkoittaa pk-yrityksille?","breadcrumb":{"@id":"https:\/\/www.kakikuu.fi\/csrd-raportointi\/#breadcrumb"},"inLanguage":"en-GB","potentialAction":[{"@type":"ReadAction","target":["https:\/\/www.kakikuu.fi\/csrd-raportointi\/"]}]},{"@type":"ImageObject","inLanguage":"en-GB","@id":"https:\/\/www.kakikuu.fi\/csrd-raportointi\/#primaryimage","url":"https:\/\/www.kakikuu.fi\/wp-content\/uploads\/2024\/10\/dariusz-sankowski-3OiYMgDKJ6k-unsplash-small-jpg.webp","contentUrl":"https:\/\/www.kakikuu.fi\/wp-content\/uploads\/2024\/10\/dariusz-sankowski-3OiYMgDKJ6k-unsplash-small-jpg.webp","width":1500,"height":1125,"caption":"K\u00e4kikuu, yritysvastuu, vastuullisuusty\u00f6, CSRD-raportointity\u00f6kalu, vastuullisuusraportti, kest\u00e4vyysraportointi, yritysvastuu, CSRD,. ESRS"},{"@type":"BreadcrumbList","@id":"https:\/\/www.kakikuu.fi\/csrd-raportointi\/#breadcrumb","itemListElement":[{"@type":"ListItem","position":1,"name":"Etusivu","item":"https:\/\/www.kakikuu.fi\/"},{"@type":"ListItem","position":2,"name":"CSRD-raportointi"}]},{"@type":"WebSite","@id":"https:\/\/www.kakikuu.fi\/#website","url":"https:\/\/www.kakikuu.fi\/","name":"K\u00e4kikuu","description":"Your Partner in Corporate Responsibility","publisher":{"@id":"https:\/\/www.kakikuu.fi\/#organization"},"potentialAction":[{"@type":"SearchAction","target":{"@type":"EntryPoint","urlTemplate":"https:\/\/www.kakikuu.fi\/?s={search_term_string}"},"query-input":{"@type":"PropertyValueSpecification","valueRequired":true,"valueName":"search_term_string"}}],"inLanguage":"en-GB"},{"@type":"Organization","@id":"https:\/\/www.kakikuu.fi\/#organization","name":"K\u00e4kikuu","url":"https:\/\/www.kakikuu.fi\/","logo":{"@type":"ImageObject","inLanguage":"en-GB","@id":"https:\/\/www.kakikuu.fi\/#\/schema\/logo\/image\/","url":"https:\/\/www.kakikuu.fi\/wp-content\/uploads\/2024\/02\/cropped-Capture-5-jpg.webp","contentUrl":"https:\/\/www.kakikuu.fi\/wp-content\/uploads\/2024\/02\/cropped-Capture-5-jpg.webp","width":508,"height":252,"caption":"K\u00e4kikuu"},"image":{"@id":"https:\/\/www.kakikuu.fi\/#\/schema\/logo\/image\/"},"sameAs":["https:\/\/www.facebook.com\/profile.php?id=61551999317882"]}]}},"_links":{"self":[{"href":"https:\/\/www.kakikuu.fi\/en\/wp-json\/wp\/v2\/pages\/455","targetHints":{"allow":["GET"]}}],"collection":[{"href":"https:\/\/www.kakikuu.fi\/en\/wp-json\/wp\/v2\/pages"}],"about":[{"href":"https:\/\/www.kakikuu.fi\/en\/wp-json\/wp\/v2\/types\/page"}],"author":[{"embeddable":true,"href":"https:\/\/www.kakikuu.fi\/en\/wp-json\/wp\/v2\/users\/1"}],"replies":[{"embeddable":true,"href":"https:\/\/www.kakikuu.fi\/en\/wp-json\/wp\/v2\/comments?post=455"}],"version-history":[{"count":5,"href":"https:\/\/www.kakikuu.fi\/en\/wp-json\/wp\/v2\/pages\/455\/revisions"}],"predecessor-version":[{"id":1881,"href":"https:\/\/www.kakikuu.fi\/en\/wp-json\/wp\/v2\/pages\/455\/revisions\/1881"}],"wp:featuredmedia":[{"embeddable":true,"href":"https:\/\/www.kakikuu.fi\/en\/wp-json\/wp\/v2\/media\/1212"}],"wp:attachment":[{"href":"https:\/\/www.kakikuu.fi\/en\/wp-json\/wp\/v2\/media?parent=455"}],"curies":[{"name":"wp","href":"https:\/\/api.w.org\/{rel}","templated":true}]}}