{"id":34,"date":"2022-12-27T12:54:37","date_gmt":"2022-12-27T10:54:37","guid":{"rendered":"http:\/\/www.kakikuu.fi\/?page_id=34"},"modified":"2026-04-10T21:03:10","modified_gmt":"2026-04-10T19:03:10","slug":"ratkaisut","status":"publish","type":"page","link":"https:\/\/www.kakikuu.fi\/en\/ratkaisut\/","title":{"rendered":"Sustainability solutions for SMEs"},"content":{"rendered":"\n<p>Yritysvastuu on nyt ajankohtaisempaa kuin milloinkaan. K\u00e4kikuu on yritysten ja organisaatioiden yritysvastuun kumppani aina sen suunnittelusta tulosten seurantaan ja raportointiin asti. Asiakkaanamme saat meilt\u00e4 k\u00e4yt\u00e4nn\u00f6nl\u00e4heisen, ymm\u00e4rrett\u00e4v\u00e4n ja asiantuntevan avun vastuullisen liiketoimintamallin toteuttamiseen sinun yrityksess\u00e4si. Rakennamme yhdess\u00e4 yrityksellesi kest\u00e4v\u00e4n tulevaisuuden luottamuksella siten, ett\u00e4 yrityksesi voi tehd\u00e4 oman n\u00e4k\u00f6ist\u00e4ns\u00e4 ja kokoistansa vastuullisuusty\u00f6t\u00e4 ja menesty\u00e4 my\u00f6s tulevaisuudessa. <\/p>\n\n\n\n<p>Suuria yrityksi\u00e4 koskeva s\u00e4\u00e4ntely, kuten <a href=\"https:\/\/www.kakikuu.fi\/csrd-raportointi\/\" target=\"_blank\" rel=\"noreferrer noopener\">CSRD<\/a>, ei velvoita pk-yrityksi\u00e4 suoraan. Sen vaikutukset ulottuvat kuitenkin laajasti arvoketjujen kautta. K\u00e4yt\u00e4nn\u00f6ss\u00e4 vastuullisuus on yh\u00e4 useammin edellytys sille, ett\u00e4 pk-yritys voi toimia osana toisten yritysten toimitusketjuja tai osallistua kilpailutuksiin. T\u00e4ss\u00e4 ymp\u00e4rist\u00f6ss\u00e4 vastuullinen liiketoimintamalli ei ole en\u00e4\u00e4 valinnainen lis\u00e4, vaan osa yrityksen perusvalmiuksia.<\/p>\n\n\n\n<p>Vastuullisuusty\u00f6 tuo yritykselle hy\u00f6tyj\u00e4 esimerkiksi kustannuss\u00e4\u00e4st\u00f6ill\u00e4 ja resurssitehokkuuden parantumisella. Asiakkaat ja muut sidosryhm\u00e4t arvostavat vastuullisesti toimivaa yrityst\u00e4, jolloin heid\u00e4n luottamuksensa ja sitoutumisensa yritykseen kasvaa. Hyvinvoiva henkil\u00f6st\u00f6 on sitoutunutta, motivoitunutta ja tekee parempaa laatua. <\/p>\n\n\n\n<p>Rahoittajat ja sijoittajat tarkastelevat yritysten riskiprofiilia yh\u00e4 enemm\u00e4n my\u00f6s vastuullisuuden kannalta. Vastuullisesti toimiva ja siit\u00e4 raportoiva yritys voi saada rahoituksensa helpommin ja edullisemmin kuin sellaiset, jotka eiv\u00e4t toteuta vastuullista liiketoimintamallia. Suuria yrityksi\u00e4 koskeva lis\u00e4\u00e4ntyv\u00e4 s\u00e4\u00e4ntely asettaa askelmerkkej\u00e4 my\u00f6s pienten ja keskisuurten yritysten vastuullisuusty\u00f6lle. Niinp\u00e4 vastuullinen liiketoimintamalli on jatkossa yh\u00e4 useammin edellytys kilpailutuksiin osallistumiselle ja siihen, ett\u00e4 yritys on tai p\u00e4\u00e4see osaksi toisten yritysten arvoketjuja.<\/p>\n\n\n\n<p>Erityisesti pieniss\u00e4 ja keskisuurissa yrityksiss\u00e4 resurssit ovat usein rajalliset, niin my\u00f6s niiden vastuullisuusty\u00f6ss\u00e4. Usein on pula ajasta, rahasta ja osaamisesta. Sit\u00e4 t\u00e4rke\u00e4mp\u00e4\u00e4 on, ett\u00e4 resursseja k\u00e4ytet\u00e4\u00e4n tehokkaasti ja siell\u00e4, miss\u00e4 niill\u00e4 saadaan aikaan paras mahdollinen vaikutus pienin mahdollisin kustannuksin. T\u00e4t\u00e4 yritys voi toteuttaa tekem\u00e4ll\u00e4 j\u00e4rjestelm\u00e4llist\u00e4 ja tavoitteellista vastuullisuusty\u00f6t\u00e4. K\u00e4kikuu auttaa siin\u00e4.<\/p>\n\n\n\n<p>Tarjoamme pk-yrityksille konkreettisia vastuullisuusty\u00f6n ratkaisuja, jotka tukevat sek\u00e4 liiketoiminnan kehitt\u00e4mist\u00e4 ett\u00e4 raportointitarpeita. Palveluitamme yrityksille ja organisaatioille ovat mm.<\/p>\n\n\n\n<ul class=\"wp-block-list\">\n<li><a href=\"https:\/\/www.kakikuu.fi\/verkkokurssit-pk-yrityksille\/\" target=\"_blank\" rel=\"noreferrer noopener\">vastuullisuusty\u00f6n verkkokurssit<\/a><\/li>\n\n\n\n<li><a href=\"https:\/\/www.kakikuu.fi\/vastuullisuustyon-itsearviointilomake\/\" target=\"_blank\" rel=\"noreferrer noopener\">vastuullisuusty\u00f6n nykytilan kartoitus<\/a><\/li>\n\n\n\n<li><a href=\"https:\/\/www.kakikuu.fi\/ratkaisut\/pk-yrityksen-vastuullisuustyon-kasikirja\/\" target=\"_blank\" rel=\"noreferrer noopener\">pk-yrityksen vastuullisuusty\u00f6n k\u00e4sikirja<\/a><\/li>\n\n\n\n<li><a href=\"https:\/\/www.kakikuu.fi\/ratkaisut\/kaksoisolennaisuusanalyysi\/\" target=\"_blank\" rel=\"noreferrer noopener\">kaksoisolennaisuusanalyysi<\/a><\/li>\n\n\n\n<li><a href=\"https:\/\/www.kakikuu.fi\/ratkaisut\/yrityksen-vastuullisuusstrategia\/\" target=\"_blank\" rel=\"noreferrer noopener\">vastuullisuusstrategia<\/a><\/li>\n\n\n\n<li><a href=\"https:\/\/www.kakikuu.fi\/yrityksen-vastuullisuusraportti\/\" target=\"_blank\" rel=\"noreferrer noopener\">vastuullisuusraportti<\/a><\/li>\n\n\n\n<li><a href=\"https:\/\/www.kakikuu.fi\/ratkaisut\/hiilijalanjaljen-laskenta\/\" target=\"_blank\" rel=\"noreferrer noopener\">hiilijalanj\u00e4ljen laskenta<\/a><\/li>\n\n\n\n<li><a href=\"https:\/\/www.kakikuu.fi\/ratkaisut\/fasilitoitu-tyopaja\/\" target=\"_blank\" rel=\"noreferrer noopener\">fasilitoitu ty\u00f6paja<\/a><\/li>\n\n\n\n<li><a href=\"https:\/\/www.kakikuu.fi\/human-responsibility-hures-ihmiskeskeinen-vastuullisuuskonsepti\/\" target=\"_blank\" rel=\"noreferrer noopener\">Human Responsibility HuRes\u00ae &#8211; ihmiskeskeinen vastuullisuuskonsepti<\/a><\/li>\n<\/ul>\n\n\n\n<p>Kaikki palvelumme sis\u00e4lt\u00e4v\u00e4t niist\u00e4 aiheutuvan hiilijalanj\u00e4ljen kompensoinnin kotimaisessa luonnon ennallistamiskohteessa.<\/p>\n\n\n\n<p>Kaikki palvelut ja tuotteet voidaan toimittaa suomeksi, englanniksi ja saksaksi. <\/p>\n\n\n\n<hr class=\"wp-block-separator has-alpha-channel-opacity\"\/>\n\n\n\n<h2 class=\"wp-block-heading\">Ota yhteytt\u00e4<\/h2>\n\n\n\n<p>Ota yhteytt\u00e4 ja kysy lis\u00e4tietoja tai pyyd\u00e4 tarjous t\u00e4ll\u00e4 lomakkeella. Vastaamme sinulle mahdollisimman pian, kuitenkin viimeist\u00e4\u00e4n seuraavana arkip\u00e4iv\u00e4n\u00e4.<\/p>\n\n\n<div class=\"wpforms-container wpforms-container-full wpforms-block wpforms-block-3f59c221-2085-4621-98d7-5a135786edfe\" id=\"wpforms-120\"><form id=\"wpforms-form-120\" class=\"wpforms-validate wpforms-form wpforms-ajax-form\" data-formid=\"120\" method=\"post\" enctype=\"multipart\/form-data\" action=\"\/en\/wp-json\/wp\/v2\/pages\/34\" data-token=\"a8d42a3abd6b31b9716272d955485850\" data-token-time=\"1777279396\"><noscript class=\"wpforms-error-noscript\">Please enable JavaScript in your browser to complete this form.<\/noscript><div class=\"wpforms-field-container\"><div id=\"wpforms-120-field_0-container\" class=\"wpforms-field wpforms-field-name\" data-field-id=\"0\"><label class=\"wpforms-field-label\" for=\"wpforms-120-field_0\">Nimi <span class=\"wpforms-required-label\">*<\/span><\/label><input type=\"text\" id=\"wpforms-120-field_0\" class=\"wpforms-field-medium wpforms-field-required\" name=\"wpforms[fields][0]\" required><\/div><div id=\"wpforms-120-field_1-container\" class=\"wpforms-field wpforms-field-email\" data-field-id=\"1\"><label class=\"wpforms-field-label\" for=\"wpforms-120-field_1\">S\u00e4hk\u00f6postiosoitteesi <span class=\"wpforms-required-label\">*<\/span><\/label><input type=\"email\" id=\"wpforms-120-field_1\" class=\"wpforms-field-medium wpforms-field-required\" name=\"wpforms[fields][1]\" spellcheck=\"false\" required><\/div><div id=\"wpforms-120-field_2-container\" class=\"wpforms-field wpforms-field-textarea\" data-field-id=\"2\"><label class=\"wpforms-field-label\" for=\"wpforms-120-field_2\">Viestisi meille<\/label><textarea id=\"wpforms-120-field_2\" class=\"wpforms-field-medium\" name=\"wpforms[fields][2]\" ><\/textarea><\/div><\/div><!-- .wpforms-field-container --><div class=\"wpforms-submit-container\" ><input type=\"hidden\" name=\"wpforms[id]\" value=\"120\"><input type=\"hidden\" name=\"page_title\" value=\"\"><input type=\"hidden\" name=\"page_url\" value=\"https:\/\/www.kakikuu.fi\/en\/wp-json\/wp\/v2\/pages\/34\"><input type=\"hidden\" name=\"url_referer\" value=\"\"><button type=\"submit\" name=\"wpforms[submit]\" id=\"wpforms-submit-120\" class=\"wpforms-submit\" data-alt-text=\"L\u00e4hetet\u00e4\u00e4n...\" data-submit-text=\"L\u00e4het\u00e4\" aria-live=\"assertive\" value=\"wpforms-submit\">L\u00e4het\u00e4<\/button><img loading=\"lazy\" decoding=\"async\" src=\"https:\/\/www.kakikuu.fi\/wp-content\/plugins\/wpforms-lite\/assets\/images\/submit-spin.svg\" class=\"wpforms-submit-spinner\" style=\"display: none;\" width=\"26\" height=\"26\" alt=\"Loading\"><\/div><\/form><\/div>  <!-- .wpforms-container -->","protected":false},"excerpt":{"rendered":"<p>Yritysvastuu on nyt ajankohtaisempaa kuin milloinkaan. K\u00e4kikuu on yritysten ja organisaatioiden yritysvastuun kumppani aina sen suunnittelusta tulosten seurantaan ja raportointiin asti. Asiakkaanamme saat meilt\u00e4 k\u00e4yt\u00e4nn\u00f6nl\u00e4heisen, ymm\u00e4rrett\u00e4v\u00e4n ja asiantuntevan avun vastuullisen liiketoimintamallin toteuttamiseen sinun yrityksess\u00e4si. Rakennamme yhdess\u00e4 yrityksellesi kest\u00e4v\u00e4n tulevaisuuden luottamuksella siten, ett\u00e4 yrityksesi voi tehd\u00e4 oman n\u00e4k\u00f6ist\u00e4ns\u00e4 ja kokoistansa vastuullisuusty\u00f6t\u00e4 [&hellip;]<\/p>\n","protected":false},"author":1,"featured_media":1723,"parent":0,"menu_order":0,"comment_status":"closed","ping_status":"closed","template":"","meta":{"footnotes":""},"class_list":["post-34","page","type-page","status-publish","has-post-thumbnail","hentry"],"yoast_head":"<!-- This site is optimized with the Yoast SEO plugin v27.4 - https:\/\/yoast.com\/product\/yoast-seo-wordpress\/ -->\n<title>Vastuullisuusty\u00f6n ratkaisut pk-yrityksille | K\u00e4kikuu<\/title>\n<meta name=\"description\" content=\"K\u00e4yt\u00e4nn\u00f6nl\u00e4heiset vastuullisuusty\u00f6n ratkaisut pk-yrityksille: strategiat, raportointi, hiilijalanj\u00e4lki ja koulutukset.\" \/>\n<meta name=\"robots\" content=\"index, follow, max-snippet:-1, max-image-preview:large, max-video-preview:-1\" \/>\n<link rel=\"canonical\" href=\"https:\/\/www.kakikuu.fi\/en\/ratkaisut\/\" \/>\n<meta property=\"og:locale\" content=\"en_GB\" \/>\n<meta property=\"og:type\" content=\"article\" \/>\n<meta property=\"og:title\" content=\"Vastuullisuusty\u00f6n ratkaisut pk-yrityksille | K\u00e4kikuu\" \/>\n<meta property=\"og:description\" content=\"K\u00e4yt\u00e4nn\u00f6nl\u00e4heiset vastuullisuusty\u00f6n ratkaisut pk-yrityksille: strategiat, raportointi, hiilijalanj\u00e4lki ja koulutukset.\" \/>\n<meta property=\"og:url\" content=\"https:\/\/www.kakikuu.fi\/en\/ratkaisut\/\" \/>\n<meta property=\"og:site_name\" content=\"K\u00e4kikuu\" \/>\n<meta property=\"article:publisher\" content=\"https:\/\/www.facebook.com\/profile.php?id=61551999317882\" \/>\n<meta property=\"article:modified_time\" content=\"2026-04-10T19:03:10+00:00\" \/>\n<meta property=\"og:image\" content=\"https:\/\/www.kakikuu.fi\/wp-content\/uploads\/2025\/11\/simon-kadula-8gr6bObQLOI-partly-unsplash.jpg\" \/>\n\t<meta property=\"og:image:width\" content=\"1166\" \/>\n\t<meta property=\"og:image:height\" content=\"581\" \/>\n\t<meta property=\"og:image:type\" content=\"image\/jpeg\" \/>\n<meta name=\"twitter:card\" content=\"summary_large_image\" \/>\n<meta name=\"twitter:label1\" content=\"Estimated reading time\" \/>\n\t<meta name=\"twitter:data1\" content=\"3 minutes\" \/>\n<script type=\"application\/ld+json\" class=\"yoast-schema-graph\">{\"@context\":\"https:\\\/\\\/schema.org\",\"@graph\":[{\"@type\":\"WebPage\",\"@id\":\"https:\\\/\\\/www.kakikuu.fi\\\/ratkaisut\\\/\",\"url\":\"https:\\\/\\\/www.kakikuu.fi\\\/ratkaisut\\\/\",\"name\":\"Vastuullisuusty\u00f6n ratkaisut pk-yrityksille | K\u00e4kikuu\",\"isPartOf\":{\"@id\":\"https:\\\/\\\/www.kakikuu.fi\\\/#website\"},\"primaryImageOfPage\":{\"@id\":\"https:\\\/\\\/www.kakikuu.fi\\\/ratkaisut\\\/#primaryimage\"},\"image\":{\"@id\":\"https:\\\/\\\/www.kakikuu.fi\\\/ratkaisut\\\/#primaryimage\"},\"thumbnailUrl\":\"https:\\\/\\\/www.kakikuu.fi\\\/wp-content\\\/uploads\\\/2025\\\/11\\\/simon-kadula-8gr6bObQLOI-partly-unsplash.jpg\",\"datePublished\":\"2022-12-27T10:54:37+00:00\",\"dateModified\":\"2026-04-10T19:03:10+00:00\",\"description\":\"K\u00e4yt\u00e4nn\u00f6nl\u00e4heiset vastuullisuusty\u00f6n ratkaisut pk-yrityksille: strategiat, raportointi, hiilijalanj\u00e4lki ja koulutukset.\",\"breadcrumb\":{\"@id\":\"https:\\\/\\\/www.kakikuu.fi\\\/ratkaisut\\\/#breadcrumb\"},\"inLanguage\":\"en-GB\",\"potentialAction\":[{\"@type\":\"ReadAction\",\"target\":[\"https:\\\/\\\/www.kakikuu.fi\\\/ratkaisut\\\/\"]}]},{\"@type\":\"ImageObject\",\"inLanguage\":\"en-GB\",\"@id\":\"https:\\\/\\\/www.kakikuu.fi\\\/ratkaisut\\\/#primaryimage\",\"url\":\"https:\\\/\\\/www.kakikuu.fi\\\/wp-content\\\/uploads\\\/2025\\\/11\\\/simon-kadula-8gr6bObQLOI-partly-unsplash.jpg\",\"contentUrl\":\"https:\\\/\\\/www.kakikuu.fi\\\/wp-content\\\/uploads\\\/2025\\\/11\\\/simon-kadula-8gr6bObQLOI-partly-unsplash.jpg\",\"width\":1166,\"height\":581,\"caption\":\"VVastuullisuusty\u00f6n ratkaisut yrityksille\"},{\"@type\":\"BreadcrumbList\",\"@id\":\"https:\\\/\\\/www.kakikuu.fi\\\/ratkaisut\\\/#breadcrumb\",\"itemListElement\":[{\"@type\":\"ListItem\",\"position\":1,\"name\":\"Etusivu\",\"item\":\"https:\\\/\\\/www.kakikuu.fi\\\/\"},{\"@type\":\"ListItem\",\"position\":2,\"name\":\"Vastuullisuusty\u00f6n ratkaisut pk-yrityksille\"}]},{\"@type\":\"WebSite\",\"@id\":\"https:\\\/\\\/www.kakikuu.fi\\\/#website\",\"url\":\"https:\\\/\\\/www.kakikuu.fi\\\/\",\"name\":\"K\u00e4kikuu\",\"description\":\"Yritysvastuun kumppani\",\"publisher\":{\"@id\":\"https:\\\/\\\/www.kakikuu.fi\\\/#organization\"},\"potentialAction\":[{\"@type\":\"SearchAction\",\"target\":{\"@type\":\"EntryPoint\",\"urlTemplate\":\"https:\\\/\\\/www.kakikuu.fi\\\/?s={search_term_string}\"},\"query-input\":{\"@type\":\"PropertyValueSpecification\",\"valueRequired\":true,\"valueName\":\"search_term_string\"}}],\"inLanguage\":\"en-GB\"},{\"@type\":\"Organization\",\"@id\":\"https:\\\/\\\/www.kakikuu.fi\\\/#organization\",\"name\":\"K\u00e4kikuu\",\"url\":\"https:\\\/\\\/www.kakikuu.fi\\\/\",\"logo\":{\"@type\":\"ImageObject\",\"inLanguage\":\"en-GB\",\"@id\":\"https:\\\/\\\/www.kakikuu.fi\\\/#\\\/schema\\\/logo\\\/image\\\/\",\"url\":\"https:\\\/\\\/www.kakikuu.fi\\\/wp-content\\\/uploads\\\/2024\\\/02\\\/cropped-Capture-5-jpg.webp\",\"contentUrl\":\"https:\\\/\\\/www.kakikuu.fi\\\/wp-content\\\/uploads\\\/2024\\\/02\\\/cropped-Capture-5-jpg.webp\",\"width\":508,\"height\":252,\"caption\":\"K\u00e4kikuu\"},\"image\":{\"@id\":\"https:\\\/\\\/www.kakikuu.fi\\\/#\\\/schema\\\/logo\\\/image\\\/\"},\"sameAs\":[\"https:\\\/\\\/www.facebook.com\\\/profile.php?id=61551999317882\"]}]}<\/script>\n<!-- \/ Yoast SEO plugin. -->","yoast_head_json":{"title":"Vastuullisuusty\u00f6n ratkaisut pk-yrityksille | K\u00e4kikuu","description":"K\u00e4yt\u00e4nn\u00f6nl\u00e4heiset vastuullisuusty\u00f6n ratkaisut pk-yrityksille: strategiat, raportointi, hiilijalanj\u00e4lki ja koulutukset.","robots":{"index":"index","follow":"follow","max-snippet":"max-snippet:-1","max-image-preview":"max-image-preview:large","max-video-preview":"max-video-preview:-1"},"canonical":"https:\/\/www.kakikuu.fi\/en\/ratkaisut\/","og_locale":"en_GB","og_type":"article","og_title":"Vastuullisuusty\u00f6n ratkaisut pk-yrityksille | K\u00e4kikuu","og_description":"K\u00e4yt\u00e4nn\u00f6nl\u00e4heiset vastuullisuusty\u00f6n ratkaisut pk-yrityksille: strategiat, raportointi, hiilijalanj\u00e4lki ja koulutukset.","og_url":"https:\/\/www.kakikuu.fi\/en\/ratkaisut\/","og_site_name":"K\u00e4kikuu","article_publisher":"https:\/\/www.facebook.com\/profile.php?id=61551999317882","article_modified_time":"2026-04-10T19:03:10+00:00","og_image":[{"width":1166,"height":581,"url":"https:\/\/www.kakikuu.fi\/wp-content\/uploads\/2025\/11\/simon-kadula-8gr6bObQLOI-partly-unsplash.jpg","type":"image\/jpeg"}],"twitter_card":"summary_large_image","twitter_misc":{"Estimated reading time":"3 minutes"},"schema":{"@context":"https:\/\/schema.org","@graph":[{"@type":"WebPage","@id":"https:\/\/www.kakikuu.fi\/ratkaisut\/","url":"https:\/\/www.kakikuu.fi\/ratkaisut\/","name":"Vastuullisuusty\u00f6n ratkaisut pk-yrityksille | K\u00e4kikuu","isPartOf":{"@id":"https:\/\/www.kakikuu.fi\/#website"},"primaryImageOfPage":{"@id":"https:\/\/www.kakikuu.fi\/ratkaisut\/#primaryimage"},"image":{"@id":"https:\/\/www.kakikuu.fi\/ratkaisut\/#primaryimage"},"thumbnailUrl":"https:\/\/www.kakikuu.fi\/wp-content\/uploads\/2025\/11\/simon-kadula-8gr6bObQLOI-partly-unsplash.jpg","datePublished":"2022-12-27T10:54:37+00:00","dateModified":"2026-04-10T19:03:10+00:00","description":"K\u00e4yt\u00e4nn\u00f6nl\u00e4heiset vastuullisuusty\u00f6n ratkaisut pk-yrityksille: strategiat, raportointi, hiilijalanj\u00e4lki ja koulutukset.","breadcrumb":{"@id":"https:\/\/www.kakikuu.fi\/ratkaisut\/#breadcrumb"},"inLanguage":"en-GB","potentialAction":[{"@type":"ReadAction","target":["https:\/\/www.kakikuu.fi\/ratkaisut\/"]}]},{"@type":"ImageObject","inLanguage":"en-GB","@id":"https:\/\/www.kakikuu.fi\/ratkaisut\/#primaryimage","url":"https:\/\/www.kakikuu.fi\/wp-content\/uploads\/2025\/11\/simon-kadula-8gr6bObQLOI-partly-unsplash.jpg","contentUrl":"https:\/\/www.kakikuu.fi\/wp-content\/uploads\/2025\/11\/simon-kadula-8gr6bObQLOI-partly-unsplash.jpg","width":1166,"height":581,"caption":"VVastuullisuusty\u00f6n ratkaisut yrityksille"},{"@type":"BreadcrumbList","@id":"https:\/\/www.kakikuu.fi\/ratkaisut\/#breadcrumb","itemListElement":[{"@type":"ListItem","position":1,"name":"Etusivu","item":"https:\/\/www.kakikuu.fi\/"},{"@type":"ListItem","position":2,"name":"Vastuullisuusty\u00f6n ratkaisut pk-yrityksille"}]},{"@type":"WebSite","@id":"https:\/\/www.kakikuu.fi\/#website","url":"https:\/\/www.kakikuu.fi\/","name":"K\u00e4kikuu","description":"Your Partner in Corporate Responsibility","publisher":{"@id":"https:\/\/www.kakikuu.fi\/#organization"},"potentialAction":[{"@type":"SearchAction","target":{"@type":"EntryPoint","urlTemplate":"https:\/\/www.kakikuu.fi\/?s={search_term_string}"},"query-input":{"@type":"PropertyValueSpecification","valueRequired":true,"valueName":"search_term_string"}}],"inLanguage":"en-GB"},{"@type":"Organization","@id":"https:\/\/www.kakikuu.fi\/#organization","name":"K\u00e4kikuu","url":"https:\/\/www.kakikuu.fi\/","logo":{"@type":"ImageObject","inLanguage":"en-GB","@id":"https:\/\/www.kakikuu.fi\/#\/schema\/logo\/image\/","url":"https:\/\/www.kakikuu.fi\/wp-content\/uploads\/2024\/02\/cropped-Capture-5-jpg.webp","contentUrl":"https:\/\/www.kakikuu.fi\/wp-content\/uploads\/2024\/02\/cropped-Capture-5-jpg.webp","width":508,"height":252,"caption":"K\u00e4kikuu"},"image":{"@id":"https:\/\/www.kakikuu.fi\/#\/schema\/logo\/image\/"},"sameAs":["https:\/\/www.facebook.com\/profile.php?id=61551999317882"]}]}},"_links":{"self":[{"href":"https:\/\/www.kakikuu.fi\/en\/wp-json\/wp\/v2\/pages\/34","targetHints":{"allow":["GET"]}}],"collection":[{"href":"https:\/\/www.kakikuu.fi\/en\/wp-json\/wp\/v2\/pages"}],"about":[{"href":"https:\/\/www.kakikuu.fi\/en\/wp-json\/wp\/v2\/types\/page"}],"author":[{"embeddable":true,"href":"https:\/\/www.kakikuu.fi\/en\/wp-json\/wp\/v2\/users\/1"}],"replies":[{"embeddable":true,"href":"https:\/\/www.kakikuu.fi\/en\/wp-json\/wp\/v2\/comments?post=34"}],"version-history":[{"count":7,"href":"https:\/\/www.kakikuu.fi\/en\/wp-json\/wp\/v2\/pages\/34\/revisions"}],"predecessor-version":[{"id":2127,"href":"https:\/\/www.kakikuu.fi\/en\/wp-json\/wp\/v2\/pages\/34\/revisions\/2127"}],"wp:featuredmedia":[{"embeddable":true,"href":"https:\/\/www.kakikuu.fi\/en\/wp-json\/wp\/v2\/media\/1723"}],"wp:attachment":[{"href":"https:\/\/www.kakikuu.fi\/en\/wp-json\/wp\/v2\/media?parent=34"}],"curies":[{"name":"wp","href":"https:\/\/api.w.org\/{rel}","templated":true}]}}