{"id":3,"date":"2022-12-27T11:48:28","date_gmt":"2022-12-27T11:48:28","guid":{"rendered":"http:\/\/www.kakikuu.fi\/?page_id=3"},"modified":"2024-02-28T08:11:20","modified_gmt":"2024-02-28T06:11:20","slug":"privacy-policy","status":"publish","type":"page","link":"https:\/\/www.kakikuu.fi\/en\/privacy-policy\/","title":{"rendered":"Privacy Policy"},"content":{"rendered":"<p>Data security is one of the core pillars of our operations. We collect and store your personal and other data only with your consent, and we always process it for a legitimate and clearly defined purpose. Your data is retained only for as long as necessary for the stated purpose or as required by law. We never disclose your information to third parties without your explicit consent.<\/p>\n\n\n\n<p>We comply with all applicable data protection and data security laws, regulations, and customer and regulatory requirements in all our operations. We regularly assess and measure the effectiveness of our information security management system and continuously improve it.<\/p>","protected":false},"excerpt":{"rendered":"<p>Tietoturva on yksi toimintamme peruspilareista. Henkil\u00f6- ja muita tietojasi ker\u00e4\u00e4mme ja s\u00e4ilyt\u00e4mme vain sinun luvallasi, ja k\u00e4sittelemme niit\u00e4 aina perustellun k\u00e4ytt\u00f6tarkoituksen mukaisesti. S\u00e4ilyt\u00e4mme tietojasi vain k\u00e4ytt\u00f6tarkoituksen mukaisen tai laissa s\u00e4\u00e4detyn ajan. Emme koskaan luovuta tietojasi kolmansille osapuolille ilman nimenomaista suostumustasi. Noudatamme kaikessa toiminnassamme tietoturvaan ja tietosuojaan liittyvi\u00e4 lakeja ja asetuksia [&hellip;]<\/p>\n","protected":false},"author":1,"featured_media":796,"parent":0,"menu_order":0,"comment_status":"closed","ping_status":"open","template":"","meta":{"footnotes":""},"class_list":["post-3","page","type-page","status-publish","has-post-thumbnail","hentry"],"yoast_head":"<!-- This site is optimized with the Yoast SEO plugin v27.4 - https:\/\/yoast.com\/product\/yoast-seo-wordpress\/ -->\n<title>K\u00e4kikuu tietoturva<\/title>\n<meta name=\"description\" content=\"Tietoturva ja tiedoistasi huolehtiminen on yksi toimintamme peruspilareista. Emme koskaan luovuta tietojasi eteenp\u00e4in.\" \/>\n<meta name=\"robots\" content=\"index, follow, max-snippet:-1, max-image-preview:large, max-video-preview:-1\" \/>\n<link rel=\"canonical\" href=\"https:\/\/www.kakikuu.fi\/en\/privacy-policy\/\" \/>\n<meta property=\"og:locale\" content=\"en_GB\" \/>\n<meta property=\"og:type\" content=\"article\" \/>\n<meta property=\"og:title\" content=\"K\u00e4kikuu tietoturva\" \/>\n<meta property=\"og:description\" content=\"Tietoturva ja tiedoistasi huolehtiminen on yksi toimintamme peruspilareista. Emme koskaan luovuta tietojasi eteenp\u00e4in.\" \/>\n<meta property=\"og:url\" content=\"https:\/\/www.kakikuu.fi\/en\/privacy-policy\/\" \/>\n<meta property=\"og:site_name\" content=\"K\u00e4kikuu\" \/>\n<meta property=\"article:publisher\" content=\"https:\/\/www.facebook.com\/profile.php?id=61551999317882\" \/>\n<meta property=\"article:modified_time\" content=\"2024-02-28T06:11:20+00:00\" \/>\n<meta property=\"og:image\" content=\"https:\/\/www.kakikuu.fi\/wp-content\/uploads\/2024\/02\/tobias-fischer-PkbZahEG2Ng-unsplash-scaled.webp\" \/>\n\t<meta property=\"og:image:width\" content=\"2560\" \/>\n\t<meta property=\"og:image:height\" content=\"1920\" \/>\n\t<meta property=\"og:image:type\" content=\"image\/jpeg\" \/>\n<meta name=\"twitter:card\" content=\"summary_large_image\" \/>\n<meta name=\"twitter:label1\" content=\"Estimated reading time\" \/>\n\t<meta name=\"twitter:data1\" content=\"1 minute\" \/>\n<script type=\"application\/ld+json\" class=\"yoast-schema-graph\">{\"@context\":\"https:\\\/\\\/schema.org\",\"@graph\":[{\"@type\":\"WebPage\",\"@id\":\"https:\\\/\\\/www.kakikuu.fi\\\/privacy-policy\\\/\",\"url\":\"https:\\\/\\\/www.kakikuu.fi\\\/privacy-policy\\\/\",\"name\":\"K\u00e4kikuu tietoturva\",\"isPartOf\":{\"@id\":\"https:\\\/\\\/www.kakikuu.fi\\\/#website\"},\"primaryImageOfPage\":{\"@id\":\"https:\\\/\\\/www.kakikuu.fi\\\/privacy-policy\\\/#primaryimage\"},\"image\":{\"@id\":\"https:\\\/\\\/www.kakikuu.fi\\\/privacy-policy\\\/#primaryimage\"},\"thumbnailUrl\":\"https:\\\/\\\/www.kakikuu.fi\\\/wp-content\\\/uploads\\\/2024\\\/02\\\/tobias-fischer-PkbZahEG2Ng-unsplash-scaled.webp\",\"datePublished\":\"2022-12-27T11:48:28+00:00\",\"dateModified\":\"2024-02-28T06:11:20+00:00\",\"description\":\"Tietoturva ja tiedoistasi huolehtiminen on yksi toimintamme peruspilareista. Emme koskaan luovuta tietojasi eteenp\u00e4in.\",\"breadcrumb\":{\"@id\":\"https:\\\/\\\/www.kakikuu.fi\\\/privacy-policy\\\/#breadcrumb\"},\"inLanguage\":\"en-GB\",\"potentialAction\":[{\"@type\":\"ReadAction\",\"target\":[\"https:\\\/\\\/www.kakikuu.fi\\\/privacy-policy\\\/\"]}]},{\"@type\":\"ImageObject\",\"inLanguage\":\"en-GB\",\"@id\":\"https:\\\/\\\/www.kakikuu.fi\\\/privacy-policy\\\/#primaryimage\",\"url\":\"https:\\\/\\\/www.kakikuu.fi\\\/wp-content\\\/uploads\\\/2024\\\/02\\\/tobias-fischer-PkbZahEG2Ng-unsplash-scaled.webp\",\"contentUrl\":\"https:\\\/\\\/www.kakikuu.fi\\\/wp-content\\\/uploads\\\/2024\\\/02\\\/tobias-fischer-PkbZahEG2Ng-unsplash-scaled.webp\",\"width\":2560,\"height\":1920,\"caption\":\"K\u00e4kikuu tietoturvaseloste\"},{\"@type\":\"BreadcrumbList\",\"@id\":\"https:\\\/\\\/www.kakikuu.fi\\\/privacy-policy\\\/#breadcrumb\",\"itemListElement\":[{\"@type\":\"ListItem\",\"position\":1,\"name\":\"Etusivu\",\"item\":\"https:\\\/\\\/www.kakikuu.fi\\\/\"},{\"@type\":\"ListItem\",\"position\":2,\"name\":\"Tietosuojaseloste\"}]},{\"@type\":\"WebSite\",\"@id\":\"https:\\\/\\\/www.kakikuu.fi\\\/#website\",\"url\":\"https:\\\/\\\/www.kakikuu.fi\\\/\",\"name\":\"K\u00e4kikuu\",\"description\":\"Yritysvastuun kumppani\",\"publisher\":{\"@id\":\"https:\\\/\\\/www.kakikuu.fi\\\/#organization\"},\"potentialAction\":[{\"@type\":\"SearchAction\",\"target\":{\"@type\":\"EntryPoint\",\"urlTemplate\":\"https:\\\/\\\/www.kakikuu.fi\\\/?s={search_term_string}\"},\"query-input\":{\"@type\":\"PropertyValueSpecification\",\"valueRequired\":true,\"valueName\":\"search_term_string\"}}],\"inLanguage\":\"en-GB\"},{\"@type\":\"Organization\",\"@id\":\"https:\\\/\\\/www.kakikuu.fi\\\/#organization\",\"name\":\"K\u00e4kikuu\",\"url\":\"https:\\\/\\\/www.kakikuu.fi\\\/\",\"logo\":{\"@type\":\"ImageObject\",\"inLanguage\":\"en-GB\",\"@id\":\"https:\\\/\\\/www.kakikuu.fi\\\/#\\\/schema\\\/logo\\\/image\\\/\",\"url\":\"https:\\\/\\\/www.kakikuu.fi\\\/wp-content\\\/uploads\\\/2024\\\/02\\\/cropped-Capture-5-jpg.webp\",\"contentUrl\":\"https:\\\/\\\/www.kakikuu.fi\\\/wp-content\\\/uploads\\\/2024\\\/02\\\/cropped-Capture-5-jpg.webp\",\"width\":508,\"height\":252,\"caption\":\"K\u00e4kikuu\"},\"image\":{\"@id\":\"https:\\\/\\\/www.kakikuu.fi\\\/#\\\/schema\\\/logo\\\/image\\\/\"},\"sameAs\":[\"https:\\\/\\\/www.facebook.com\\\/profile.php?id=61551999317882\"]}]}<\/script>\n<!-- \/ Yoast SEO plugin. -->","yoast_head_json":{"title":"K\u00e4kikuu tietoturva","description":"Tietoturva ja tiedoistasi huolehtiminen on yksi toimintamme peruspilareista. Emme koskaan luovuta tietojasi eteenp\u00e4in.","robots":{"index":"index","follow":"follow","max-snippet":"max-snippet:-1","max-image-preview":"max-image-preview:large","max-video-preview":"max-video-preview:-1"},"canonical":"https:\/\/www.kakikuu.fi\/en\/privacy-policy\/","og_locale":"en_GB","og_type":"article","og_title":"K\u00e4kikuu tietoturva","og_description":"Tietoturva ja tiedoistasi huolehtiminen on yksi toimintamme peruspilareista. Emme koskaan luovuta tietojasi eteenp\u00e4in.","og_url":"https:\/\/www.kakikuu.fi\/en\/privacy-policy\/","og_site_name":"K\u00e4kikuu","article_publisher":"https:\/\/www.facebook.com\/profile.php?id=61551999317882","article_modified_time":"2024-02-28T06:11:20+00:00","og_image":[{"width":2560,"height":1920,"url":"https:\/\/www.kakikuu.fi\/wp-content\/uploads\/2024\/02\/tobias-fischer-PkbZahEG2Ng-unsplash-scaled.webp","type":"image\/jpeg"}],"twitter_card":"summary_large_image","twitter_misc":{"Estimated reading time":"1 minute"},"schema":{"@context":"https:\/\/schema.org","@graph":[{"@type":"WebPage","@id":"https:\/\/www.kakikuu.fi\/privacy-policy\/","url":"https:\/\/www.kakikuu.fi\/privacy-policy\/","name":"K\u00e4kikuu tietoturva","isPartOf":{"@id":"https:\/\/www.kakikuu.fi\/#website"},"primaryImageOfPage":{"@id":"https:\/\/www.kakikuu.fi\/privacy-policy\/#primaryimage"},"image":{"@id":"https:\/\/www.kakikuu.fi\/privacy-policy\/#primaryimage"},"thumbnailUrl":"https:\/\/www.kakikuu.fi\/wp-content\/uploads\/2024\/02\/tobias-fischer-PkbZahEG2Ng-unsplash-scaled.webp","datePublished":"2022-12-27T11:48:28+00:00","dateModified":"2024-02-28T06:11:20+00:00","description":"Tietoturva ja tiedoistasi huolehtiminen on yksi toimintamme peruspilareista. Emme koskaan luovuta tietojasi eteenp\u00e4in.","breadcrumb":{"@id":"https:\/\/www.kakikuu.fi\/privacy-policy\/#breadcrumb"},"inLanguage":"en-GB","potentialAction":[{"@type":"ReadAction","target":["https:\/\/www.kakikuu.fi\/privacy-policy\/"]}]},{"@type":"ImageObject","inLanguage":"en-GB","@id":"https:\/\/www.kakikuu.fi\/privacy-policy\/#primaryimage","url":"https:\/\/www.kakikuu.fi\/wp-content\/uploads\/2024\/02\/tobias-fischer-PkbZahEG2Ng-unsplash-scaled.webp","contentUrl":"https:\/\/www.kakikuu.fi\/wp-content\/uploads\/2024\/02\/tobias-fischer-PkbZahEG2Ng-unsplash-scaled.webp","width":2560,"height":1920,"caption":"K\u00e4kikuu tietoturvaseloste"},{"@type":"BreadcrumbList","@id":"https:\/\/www.kakikuu.fi\/privacy-policy\/#breadcrumb","itemListElement":[{"@type":"ListItem","position":1,"name":"Etusivu","item":"https:\/\/www.kakikuu.fi\/"},{"@type":"ListItem","position":2,"name":"Tietosuojaseloste"}]},{"@type":"WebSite","@id":"https:\/\/www.kakikuu.fi\/#website","url":"https:\/\/www.kakikuu.fi\/","name":"K\u00e4kikuu","description":"Your Partner in Corporate Responsibility","publisher":{"@id":"https:\/\/www.kakikuu.fi\/#organization"},"potentialAction":[{"@type":"SearchAction","target":{"@type":"EntryPoint","urlTemplate":"https:\/\/www.kakikuu.fi\/?s={search_term_string}"},"query-input":{"@type":"PropertyValueSpecification","valueRequired":true,"valueName":"search_term_string"}}],"inLanguage":"en-GB"},{"@type":"Organization","@id":"https:\/\/www.kakikuu.fi\/#organization","name":"K\u00e4kikuu","url":"https:\/\/www.kakikuu.fi\/","logo":{"@type":"ImageObject","inLanguage":"en-GB","@id":"https:\/\/www.kakikuu.fi\/#\/schema\/logo\/image\/","url":"https:\/\/www.kakikuu.fi\/wp-content\/uploads\/2024\/02\/cropped-Capture-5-jpg.webp","contentUrl":"https:\/\/www.kakikuu.fi\/wp-content\/uploads\/2024\/02\/cropped-Capture-5-jpg.webp","width":508,"height":252,"caption":"K\u00e4kikuu"},"image":{"@id":"https:\/\/www.kakikuu.fi\/#\/schema\/logo\/image\/"},"sameAs":["https:\/\/www.facebook.com\/profile.php?id=61551999317882"]}]}},"_links":{"self":[{"href":"https:\/\/www.kakikuu.fi\/en\/wp-json\/wp\/v2\/pages\/3","targetHints":{"allow":["GET"]}}],"collection":[{"href":"https:\/\/www.kakikuu.fi\/en\/wp-json\/wp\/v2\/pages"}],"about":[{"href":"https:\/\/www.kakikuu.fi\/en\/wp-json\/wp\/v2\/types\/page"}],"author":[{"embeddable":true,"href":"https:\/\/www.kakikuu.fi\/en\/wp-json\/wp\/v2\/users\/1"}],"replies":[{"embeddable":true,"href":"https:\/\/www.kakikuu.fi\/en\/wp-json\/wp\/v2\/comments?post=3"}],"version-history":[{"count":0,"href":"https:\/\/www.kakikuu.fi\/en\/wp-json\/wp\/v2\/pages\/3\/revisions"}],"wp:featuredmedia":[{"embeddable":true,"href":"https:\/\/www.kakikuu.fi\/en\/wp-json\/wp\/v2\/media\/796"}],"wp:attachment":[{"href":"https:\/\/www.kakikuu.fi\/en\/wp-json\/wp\/v2\/media?parent=3"}],"curies":[{"name":"wp","href":"https:\/\/api.w.org\/{rel}","templated":true}]}}