{"id":2284,"date":"2026-04-24T21:18:20","date_gmt":"2026-04-24T19:18:20","guid":{"rendered":"https:\/\/www.kakikuu.fi\/?page_id=2284"},"modified":"2026-04-24T22:07:12","modified_gmt":"2026-04-24T20:07:12","slug":"kaksoisolennaisuusanalyysi-pk-yrityksille","status":"publish","type":"page","link":"https:\/\/www.kakikuu.fi\/en\/kaksoisolennaisuusanalyysi-pk-yrityksille\/","title":{"rendered":"Kaksoisolennaisuusanalyysi pk-yrityksille"},"content":{"rendered":"<p>Kaksoisolennaisuusanalyysi pk-yrityksille on yksi keskeisimmist\u00e4 vastuullisuusty\u00f6n ty\u00f6kaluista, mutta monelle pk-yritykselle se on ep\u00e4selv\u00e4 ja vaikeasti l\u00e4hestytt\u00e4v\u00e4.<\/p>\n\n\n\n<p>T\u00e4m\u00e4 verkkokurssi auttaa ymm\u00e4rt\u00e4m\u00e4\u00e4n, mik\u00e4 merkitys kaksoisolennaisuusanalyysill\u00e4 on pk-yrityksen vastuullisuusty\u00f6ss\u00e4 ja tekem\u00e4\u00e4n analyysin k\u00e4yt\u00e4nn\u00f6ss\u00e4, vaihe vaiheelta.<\/p>\n\n\n\n<hr class=\"wp-block-separator has-alpha-channel-opacity\"\/>\n\n\n\n<h2 class=\"wp-block-heading\">Ongelma<\/h2>\n\n\n\n<p>Pk-yrityksiss\u00e4 ei usein tiedet\u00e4:<\/p>\n\n\n\n<ul class=\"wp-block-list\">\n<li>mit\u00e4 kaksoisolennaisuus tarkoittaa<\/li>\n\n\n\n<li>mit\u00e4 hy\u00f6ty\u00e4 kaksoisolennaisuusanalyysist\u00e4 voi olla pk-yritykselle<\/li>\n\n\n\n<li>mit\u00e4 pit\u00e4isi arvioida<\/li>\n\n\n\n<li>miten analyysi tehd\u00e4\u00e4n k\u00e4yt\u00e4nn\u00f6ss\u00e4<\/li>\n<\/ul>\n\n\n\n<hr class=\"wp-block-separator has-alpha-channel-opacity\"\/>\n\n\n\n<h2 class=\"wp-block-heading\">Ratkaisu<\/h2>\n\n\n\n<p>Kurssi pilkkoo kaksoisolennaisuusanalyysin selkeiksi vaiheiksi ja auttaa tekem\u00e4\u00e4n sen omalle yritykselle sopivalla tavalla.<\/p>\n\n\n\n<hr class=\"wp-block-separator has-alpha-channel-opacity\"\/>\n\n\n\n<h2 class=\"wp-block-heading\">Mit\u00e4 kurssilla tehd\u00e4\u00e4n<\/h2>\n\n\n\n<p>Kurssilla tunnistat sidosryhm\u00e4t, arvioit yrityksen kest\u00e4vyysseikkojen vaikutukset, riskit ja mahdollisuudet sek\u00e4 rakennat analyysin, jota voidaan hy\u00f6dynt\u00e4\u00e4 p\u00e4\u00e4t\u00f6ksenteossa ja sidosryhm\u00e4viestinn\u00e4ss\u00e4.<\/p>\n\n\n\n<hr class=\"wp-block-separator has-alpha-channel-opacity\"\/>\n\n\n\n<h2 class=\"wp-block-heading\">Lopputulos<\/h2>\n\n\n\n<p>Kurssin j\u00e4lkeen sinulla on:<\/p>\n\n\n\n<ul class=\"wp-block-list\">\n<li>tieto siit\u00e4, mik\u00e4 kaksoisolennaisuusanalyysi on<\/li>\n\n\n\n<li>tieto siit\u00e4, mik\u00e4 merkitys analyysill\u00e4 on yrityksen vastuullisuusty\u00f6ss\u00e4<\/li>\n\n\n\n<li>valmis kaksoisolennaisuusanalyysi<\/li>\n\n\n\n<li>ymm\u00e4rrys siit\u00e4, mihin keskitty\u00e4 <\/li>\n\n\n\n<li>pohja strategiselle vastuullisuusty\u00f6lle<\/li>\n<\/ul>\n\n\n\n<hr class=\"wp-block-separator has-alpha-channel-opacity\"\/>\n\n\n\n<h2 class=\"wp-block-heading\">Kenelle sopii<\/h2>\n\n\n\n<p>Sopii pk-yrityksille, jotka:<\/p>\n\n\n\n<ul class=\"wp-block-list\">\n<li>tarvitsevat analyysin ensimm\u00e4ist\u00e4 kertaa <\/li>\n\n\n\n<li>haluavat tehd\u00e4 sen oikein <\/li>\n\n\n\n<li>tarvitsevat selke\u00e4n rakenteen<\/li>\n<\/ul>\n\n\n\n<hr class=\"wp-block-separator has-alpha-channel-opacity\"\/>\n\n\n\n<h2 class=\"wp-block-heading\">Kurssin sis\u00e4lt\u00f6<\/h2>\n\n\n\n<p>Kurssi koostuu kuudesta osasta:<\/p>\n\n\n\n<ul class=\"wp-block-list\">\n<li>Mit\u00e4 kaksoisolennaisuusanalyysi on<\/li>\n\n\n\n<li>Hallinnollisen vastuun kaksoisolennaisuuden arviointi<\/li>\n\n\n\n<li>Taloudellisen vastuun kaksoisolennaisuuden arviointi<\/li>\n\n\n\n<li>Ymp\u00e4rist\u00f6vastuun olennaisuuden arviointi<\/li>\n\n\n\n<li>Sosiaalisen vastuun olennaisuuden arviointi<\/li>\n\n\n\n<li>Kaksoisolennaisuusanalyysin kokoaminen ja hy\u00f6dynt\u00e4minen<\/li>\n<\/ul>\n\n\n\n<hr class=\"wp-block-separator has-alpha-channel-opacity\"\/>\n\n\n\n<h2 class=\"wp-block-heading\">Mit\u00e4 saat<\/h2>\n\n\n\n<ul class=\"wp-block-list\">\n<li>5 teht\u00e4v\u00e4lomaketta<\/li>\n\n\n\n<li>video-opastuksen vaihe vaiheelta<\/li>\n\n\n\n<li>21-sivuisen ty\u00f6kirjan<\/li>\n<\/ul>\n\n\n\n<hr class=\"wp-block-separator has-alpha-channel-opacity\"\/>\n\n\n\n<div class=\"wp-block-buttons is-layout-flex wp-block-buttons-is-layout-flex\">\n<div class=\"wp-block-button\"><a class=\"wp-block-button__link has-background-color-color has-accent-background-color has-text-color has-background has-link-color wp-element-button\" href=\"https:\/\/kakikuu.campwire.com\/checkout\/kaksoisolennaisuusanalyysi-pk-yritykselle-5641aea0\" target=\"_blank\" rel=\"noreferrer noopener\">Tutustu kurssiin<\/a><\/div>\n<\/div>\n\n\n\n<hr class=\"wp-block-separator has-alpha-channel-opacity\"\/>\n\n\n\n<p>Read also the blog post: <a href=\"https:\/\/www.kakikuu.fi\/en\/mita-kaksoisolennaisuusanalyysi-tarkoittaa-pk-yritykselle\/\" target=\"_blank\" rel=\"noreferrer noopener\">Mit\u00e4 kaksoisolennaisuusanalyysi tarkoittaa pk-yritykselle.<\/a><\/p>\n\n\n\n<hr class=\"wp-block-separator has-alpha-channel-opacity\"\/>","protected":false},"excerpt":{"rendered":"<p>Kaksoisolennaisuusanalyysi pk-yrityksille on yksi keskeisimmist\u00e4 vastuullisuusty\u00f6n ty\u00f6kaluista, mutta monelle pk-yritykselle se on ep\u00e4selv\u00e4 ja vaikeasti l\u00e4hestytt\u00e4v\u00e4. T\u00e4m\u00e4 verkkokurssi auttaa ymm\u00e4rt\u00e4m\u00e4\u00e4n, mik\u00e4 merkitys kaksoisolennaisuusanalyysill\u00e4 on pk-yrityksen vastuullisuusty\u00f6ss\u00e4 ja tekem\u00e4\u00e4n analyysin k\u00e4yt\u00e4nn\u00f6ss\u00e4, vaihe vaiheelta. Ongelma Pk-yrityksiss\u00e4 ei usein tiedet\u00e4: Ratkaisu Kurssi pilkkoo kaksoisolennaisuusanalyysin selkeiksi vaiheiksi ja auttaa tekem\u00e4\u00e4n sen omalle yritykselle sopivalla [&hellip;]<\/p>\n","protected":false},"author":1,"featured_media":2042,"parent":0,"menu_order":0,"comment_status":"closed","ping_status":"closed","template":"","meta":{"footnotes":""},"class_list":["post-2284","page","type-page","status-publish","has-post-thumbnail","hentry"],"yoast_head":"<!-- This site is optimized with the Yoast SEO plugin v27.4 - https:\/\/yoast.com\/product\/yoast-seo-wordpress\/ -->\n<title>Kaksoisolennaisuusanalyysi pk-yrityksille \u2013 verkkokurssi<\/title>\n<meta name=\"description\" content=\"Opettele tekem\u00e4\u00e4n pk-yrityksen kaksoisolennaisuusanalyysi vaihe vaiheelta k\u00e4yt\u00e4nn\u00f6nl\u00e4heisesti. Tied\u00e4t, mihin kannattaa keskitty\u00e4.\" \/>\n<meta name=\"robots\" content=\"index, follow, max-snippet:-1, max-image-preview:large, max-video-preview:-1\" \/>\n<link rel=\"canonical\" href=\"https:\/\/www.kakikuu.fi\/en\/kaksoisolennaisuusanalyysi-pk-yrityksille\/\" \/>\n<meta property=\"og:locale\" content=\"en_GB\" \/>\n<meta property=\"og:type\" content=\"article\" \/>\n<meta property=\"og:title\" content=\"Kaksoisolennaisuusanalyysi pk-yrityksille \u2013 verkkokurssi\" \/>\n<meta property=\"og:description\" content=\"Opettele tekem\u00e4\u00e4n pk-yrityksen kaksoisolennaisuusanalyysi vaihe vaiheelta k\u00e4yt\u00e4nn\u00f6nl\u00e4heisesti. Tied\u00e4t, mihin kannattaa keskitty\u00e4.\" \/>\n<meta property=\"og:url\" content=\"https:\/\/www.kakikuu.fi\/en\/kaksoisolennaisuusanalyysi-pk-yrityksille\/\" \/>\n<meta property=\"og:site_name\" content=\"K&auml;kikuu\" \/>\n<meta property=\"article:publisher\" content=\"https:\/\/www.facebook.com\/profile.php?id=61551999317882\" \/>\n<meta property=\"article:modified_time\" content=\"2026-04-24T20:07:12+00:00\" \/>\n<meta property=\"og:image\" content=\"https:\/\/www.kakikuu.fi\/wp-content\/uploads\/2026\/03\/chuttersnap-9rSP3SRUYh4-unsplash-pieni.jpg\" \/>\n\t<meta property=\"og:image:width\" content=\"1000\" \/>\n\t<meta property=\"og:image:height\" content=\"665\" \/>\n\t<meta property=\"og:image:type\" content=\"image\/jpeg\" \/>\n<meta name=\"twitter:card\" content=\"summary_large_image\" \/>\n<meta name=\"twitter:label1\" content=\"Estimated reading time\" \/>\n\t<meta name=\"twitter:data1\" content=\"2 minutes\" \/>\n<script type=\"application\/ld+json\" class=\"yoast-schema-graph\">{\"@context\":\"https:\\\/\\\/schema.org\",\"@graph\":[{\"@type\":\"WebPage\",\"@id\":\"https:\\\/\\\/www.kakikuu.fi\\\/kaksoisolennaisuusanalyysi-pk-yrityksille\\\/\",\"url\":\"https:\\\/\\\/www.kakikuu.fi\\\/kaksoisolennaisuusanalyysi-pk-yrityksille\\\/\",\"name\":\"Kaksoisolennaisuusanalyysi pk-yrityksille \u2013 verkkokurssi\",\"isPartOf\":{\"@id\":\"https:\\\/\\\/www.kakikuu.fi\\\/#website\"},\"primaryImageOfPage\":{\"@id\":\"https:\\\/\\\/www.kakikuu.fi\\\/kaksoisolennaisuusanalyysi-pk-yrityksille\\\/#primaryimage\"},\"image\":{\"@id\":\"https:\\\/\\\/www.kakikuu.fi\\\/kaksoisolennaisuusanalyysi-pk-yrityksille\\\/#primaryimage\"},\"thumbnailUrl\":\"https:\\\/\\\/www.kakikuu.fi\\\/wp-content\\\/uploads\\\/2026\\\/03\\\/chuttersnap-9rSP3SRUYh4-unsplash-pieni.jpg\",\"datePublished\":\"2026-04-24T19:18:20+00:00\",\"dateModified\":\"2026-04-24T20:07:12+00:00\",\"description\":\"Opettele tekem\u00e4\u00e4n pk-yrityksen kaksoisolennaisuusanalyysi vaihe vaiheelta k\u00e4yt\u00e4nn\u00f6nl\u00e4heisesti. Tied\u00e4t, mihin kannattaa keskitty\u00e4.\",\"breadcrumb\":{\"@id\":\"https:\\\/\\\/www.kakikuu.fi\\\/kaksoisolennaisuusanalyysi-pk-yrityksille\\\/#breadcrumb\"},\"inLanguage\":\"en-GB\",\"potentialAction\":[{\"@type\":\"ReadAction\",\"target\":[\"https:\\\/\\\/www.kakikuu.fi\\\/kaksoisolennaisuusanalyysi-pk-yrityksille\\\/\"]}]},{\"@type\":\"ImageObject\",\"inLanguage\":\"en-GB\",\"@id\":\"https:\\\/\\\/www.kakikuu.fi\\\/kaksoisolennaisuusanalyysi-pk-yrityksille\\\/#primaryimage\",\"url\":\"https:\\\/\\\/www.kakikuu.fi\\\/wp-content\\\/uploads\\\/2026\\\/03\\\/chuttersnap-9rSP3SRUYh4-unsplash-pieni.jpg\",\"contentUrl\":\"https:\\\/\\\/www.kakikuu.fi\\\/wp-content\\\/uploads\\\/2026\\\/03\\\/chuttersnap-9rSP3SRUYh4-unsplash-pieni.jpg\",\"width\":1000,\"height\":665,\"caption\":\"Kaksoisolennaisuusanalyysi auttaa pk-yrityst\u00e4 arvioimaan, mitk\u00e4 vastuullisuusteemat ovat toiminnan ja liiketoiminnan kannalta olennaisimpia.\"},{\"@type\":\"BreadcrumbList\",\"@id\":\"https:\\\/\\\/www.kakikuu.fi\\\/kaksoisolennaisuusanalyysi-pk-yrityksille\\\/#breadcrumb\",\"itemListElement\":[{\"@type\":\"ListItem\",\"position\":1,\"name\":\"Etusivu\",\"item\":\"https:\\\/\\\/www.kakikuu.fi\\\/\"},{\"@type\":\"ListItem\",\"position\":2,\"name\":\"Kaksoisolennaisuusanalyysi pk-yrityksille\"}]},{\"@type\":\"WebSite\",\"@id\":\"https:\\\/\\\/www.kakikuu.fi\\\/#website\",\"url\":\"https:\\\/\\\/www.kakikuu.fi\\\/\",\"name\":\"K\u00e4kikuu\",\"description\":\"Yritysvastuun kumppani\",\"publisher\":{\"@id\":\"https:\\\/\\\/www.kakikuu.fi\\\/#organization\"},\"potentialAction\":[{\"@type\":\"SearchAction\",\"target\":{\"@type\":\"EntryPoint\",\"urlTemplate\":\"https:\\\/\\\/www.kakikuu.fi\\\/?s={search_term_string}\"},\"query-input\":{\"@type\":\"PropertyValueSpecification\",\"valueRequired\":true,\"valueName\":\"search_term_string\"}}],\"inLanguage\":\"en-GB\"},{\"@type\":\"Organization\",\"@id\":\"https:\\\/\\\/www.kakikuu.fi\\\/#organization\",\"name\":\"K\u00e4kikuu\",\"url\":\"https:\\\/\\\/www.kakikuu.fi\\\/\",\"logo\":{\"@type\":\"ImageObject\",\"inLanguage\":\"en-GB\",\"@id\":\"https:\\\/\\\/www.kakikuu.fi\\\/#\\\/schema\\\/logo\\\/image\\\/\",\"url\":\"https:\\\/\\\/www.kakikuu.fi\\\/wp-content\\\/uploads\\\/2024\\\/02\\\/cropped-Capture-5-jpg.webp\",\"contentUrl\":\"https:\\\/\\\/www.kakikuu.fi\\\/wp-content\\\/uploads\\\/2024\\\/02\\\/cropped-Capture-5-jpg.webp\",\"width\":508,\"height\":252,\"caption\":\"K\u00e4kikuu\"},\"image\":{\"@id\":\"https:\\\/\\\/www.kakikuu.fi\\\/#\\\/schema\\\/logo\\\/image\\\/\"},\"sameAs\":[\"https:\\\/\\\/www.facebook.com\\\/profile.php?id=61551999317882\"]}]}<\/script>\n<!-- \/ Yoast SEO plugin. -->","yoast_head_json":{"title":"Kaksoisolennaisuusanalyysi pk-yrityksille \u2013 verkkokurssi","description":"Opettele tekem\u00e4\u00e4n pk-yrityksen kaksoisolennaisuusanalyysi vaihe vaiheelta k\u00e4yt\u00e4nn\u00f6nl\u00e4heisesti. Tied\u00e4t, mihin kannattaa keskitty\u00e4.","robots":{"index":"index","follow":"follow","max-snippet":"max-snippet:-1","max-image-preview":"max-image-preview:large","max-video-preview":"max-video-preview:-1"},"canonical":"https:\/\/www.kakikuu.fi\/en\/kaksoisolennaisuusanalyysi-pk-yrityksille\/","og_locale":"en_GB","og_type":"article","og_title":"Kaksoisolennaisuusanalyysi pk-yrityksille \u2013 verkkokurssi","og_description":"Opettele tekem\u00e4\u00e4n pk-yrityksen kaksoisolennaisuusanalyysi vaihe vaiheelta k\u00e4yt\u00e4nn\u00f6nl\u00e4heisesti. Tied\u00e4t, mihin kannattaa keskitty\u00e4.","og_url":"https:\/\/www.kakikuu.fi\/en\/kaksoisolennaisuusanalyysi-pk-yrityksille\/","og_site_name":"K&auml;kikuu","article_publisher":"https:\/\/www.facebook.com\/profile.php?id=61551999317882","article_modified_time":"2026-04-24T20:07:12+00:00","og_image":[{"width":1000,"height":665,"url":"https:\/\/www.kakikuu.fi\/wp-content\/uploads\/2026\/03\/chuttersnap-9rSP3SRUYh4-unsplash-pieni.jpg","type":"image\/jpeg"}],"twitter_card":"summary_large_image","twitter_misc":{"Estimated reading time":"2 minutes"},"schema":{"@context":"https:\/\/schema.org","@graph":[{"@type":"WebPage","@id":"https:\/\/www.kakikuu.fi\/kaksoisolennaisuusanalyysi-pk-yrityksille\/","url":"https:\/\/www.kakikuu.fi\/kaksoisolennaisuusanalyysi-pk-yrityksille\/","name":"Kaksoisolennaisuusanalyysi pk-yrityksille \u2013 verkkokurssi","isPartOf":{"@id":"https:\/\/www.kakikuu.fi\/#website"},"primaryImageOfPage":{"@id":"https:\/\/www.kakikuu.fi\/kaksoisolennaisuusanalyysi-pk-yrityksille\/#primaryimage"},"image":{"@id":"https:\/\/www.kakikuu.fi\/kaksoisolennaisuusanalyysi-pk-yrityksille\/#primaryimage"},"thumbnailUrl":"https:\/\/www.kakikuu.fi\/wp-content\/uploads\/2026\/03\/chuttersnap-9rSP3SRUYh4-unsplash-pieni.jpg","datePublished":"2026-04-24T19:18:20+00:00","dateModified":"2026-04-24T20:07:12+00:00","description":"Opettele tekem\u00e4\u00e4n pk-yrityksen kaksoisolennaisuusanalyysi vaihe vaiheelta k\u00e4yt\u00e4nn\u00f6nl\u00e4heisesti. Tied\u00e4t, mihin kannattaa keskitty\u00e4.","breadcrumb":{"@id":"https:\/\/www.kakikuu.fi\/kaksoisolennaisuusanalyysi-pk-yrityksille\/#breadcrumb"},"inLanguage":"en-GB","potentialAction":[{"@type":"ReadAction","target":["https:\/\/www.kakikuu.fi\/kaksoisolennaisuusanalyysi-pk-yrityksille\/"]}]},{"@type":"ImageObject","inLanguage":"en-GB","@id":"https:\/\/www.kakikuu.fi\/kaksoisolennaisuusanalyysi-pk-yrityksille\/#primaryimage","url":"https:\/\/www.kakikuu.fi\/wp-content\/uploads\/2026\/03\/chuttersnap-9rSP3SRUYh4-unsplash-pieni.jpg","contentUrl":"https:\/\/www.kakikuu.fi\/wp-content\/uploads\/2026\/03\/chuttersnap-9rSP3SRUYh4-unsplash-pieni.jpg","width":1000,"height":665,"caption":"Kaksoisolennaisuusanalyysi auttaa pk-yrityst\u00e4 arvioimaan, mitk\u00e4 vastuullisuusteemat ovat toiminnan ja liiketoiminnan kannalta olennaisimpia."},{"@type":"BreadcrumbList","@id":"https:\/\/www.kakikuu.fi\/kaksoisolennaisuusanalyysi-pk-yrityksille\/#breadcrumb","itemListElement":[{"@type":"ListItem","position":1,"name":"Etusivu","item":"https:\/\/www.kakikuu.fi\/"},{"@type":"ListItem","position":2,"name":"Kaksoisolennaisuusanalyysi pk-yrityksille"}]},{"@type":"WebSite","@id":"https:\/\/www.kakikuu.fi\/#website","url":"https:\/\/www.kakikuu.fi\/","name":"K\u00e4kikuu","description":"Your Partner in Corporate Responsibility","publisher":{"@id":"https:\/\/www.kakikuu.fi\/#organization"},"potentialAction":[{"@type":"SearchAction","target":{"@type":"EntryPoint","urlTemplate":"https:\/\/www.kakikuu.fi\/?s={search_term_string}"},"query-input":{"@type":"PropertyValueSpecification","valueRequired":true,"valueName":"search_term_string"}}],"inLanguage":"en-GB"},{"@type":"Organization","@id":"https:\/\/www.kakikuu.fi\/#organization","name":"K\u00e4kikuu","url":"https:\/\/www.kakikuu.fi\/","logo":{"@type":"ImageObject","inLanguage":"en-GB","@id":"https:\/\/www.kakikuu.fi\/#\/schema\/logo\/image\/","url":"https:\/\/www.kakikuu.fi\/wp-content\/uploads\/2024\/02\/cropped-Capture-5-jpg.webp","contentUrl":"https:\/\/www.kakikuu.fi\/wp-content\/uploads\/2024\/02\/cropped-Capture-5-jpg.webp","width":508,"height":252,"caption":"K\u00e4kikuu"},"image":{"@id":"https:\/\/www.kakikuu.fi\/#\/schema\/logo\/image\/"},"sameAs":["https:\/\/www.facebook.com\/profile.php?id=61551999317882"]}]}},"_links":{"self":[{"href":"https:\/\/www.kakikuu.fi\/en\/wp-json\/wp\/v2\/pages\/2284","targetHints":{"allow":["GET"]}}],"collection":[{"href":"https:\/\/www.kakikuu.fi\/en\/wp-json\/wp\/v2\/pages"}],"about":[{"href":"https:\/\/www.kakikuu.fi\/en\/wp-json\/wp\/v2\/types\/page"}],"author":[{"embeddable":true,"href":"https:\/\/www.kakikuu.fi\/en\/wp-json\/wp\/v2\/users\/1"}],"replies":[{"embeddable":true,"href":"https:\/\/www.kakikuu.fi\/en\/wp-json\/wp\/v2\/comments?post=2284"}],"version-history":[{"count":7,"href":"https:\/\/www.kakikuu.fi\/en\/wp-json\/wp\/v2\/pages\/2284\/revisions"}],"predecessor-version":[{"id":2314,"href":"https:\/\/www.kakikuu.fi\/en\/wp-json\/wp\/v2\/pages\/2284\/revisions\/2314"}],"wp:featuredmedia":[{"embeddable":true,"href":"https:\/\/www.kakikuu.fi\/en\/wp-json\/wp\/v2\/media\/2042"}],"wp:attachment":[{"href":"https:\/\/www.kakikuu.fi\/en\/wp-json\/wp\/v2\/media?parent=2284"}],"curies":[{"name":"wp","href":"https:\/\/api.w.org\/{rel}","templated":true}]}}