{"id":2281,"date":"2026-04-24T21:10:17","date_gmt":"2026-04-24T19:10:17","guid":{"rendered":"https:\/\/www.kakikuu.fi\/?page_id=2281"},"modified":"2026-04-24T22:05:31","modified_gmt":"2026-04-24T20:05:31","slug":"pk-yrityksen-vastuullisuustyon-polku","status":"publish","type":"page","link":"https:\/\/www.kakikuu.fi\/en\/pk-yrityksen-vastuullisuustyon-polku\/","title":{"rendered":"The SME Sustainability Work Path"},"content":{"rendered":"<p>Vastuullisuusty\u00f6 pk-yrityksess\u00e4 j\u00e4\u00e4 usein hajanaiseksi. Tehd\u00e4\u00e4n yksitt\u00e4isi\u00e4 asioita, mutta kokonaisuus puuttuu. Samalla pit\u00e4isi tiet\u00e4\u00e4, mihin keskitty\u00e4, mit\u00e4 mitata ja miten ty\u00f6 vied\u00e4\u00e4n osaksi arkea.<\/p>\n\n\n\n<p>Pk-yrityksen vastuullisuusty\u00f6n polku -verkkokurssi auttaa rakentamaan selke\u00e4n suunnan ja k\u00e4yt\u00e4nn\u00f6n etenemismallin vastuullisuusty\u00f6lle.<\/p>\n\n\n\n<hr class=\"wp-block-separator has-alpha-channel-opacity\"\/>\n\n\n\n<h2 class=\"wp-block-heading\">Ongelma<\/h2>\n\n\n\n<p>Ilman selke\u00e4\u00e4 rakennetta vastuullisuusty\u00f6 j\u00e4\u00e4 helposti irrallisiksi teoiksi. Ei ole yhteist\u00e4 suuntaa, ei priorisointia eik\u00e4 n\u00e4kym\u00e4\u00e4 siihen, mit\u00e4 on tehty ja mit\u00e4 pit\u00e4isi tehd\u00e4 seuraavaksi.<\/p>\n\n\n\n<hr class=\"wp-block-separator has-alpha-channel-opacity\"\/>\n\n\n\n<h2 class=\"wp-block-heading\">Ratkaisu<\/h2>\n\n\n\n<p>Kurssi auttaa j\u00e4sent\u00e4m\u00e4\u00e4n vastuullisuusty\u00f6n kokonaisuudeksi, jossa tunnistetaan nykytila, valitaan olennaiset teemat ja rakennetaan selke\u00e4 etenemismalli.<\/p>\n\n\n\n<hr class=\"wp-block-separator has-alpha-channel-opacity\"\/>\n\n\n\n<h2 class=\"wp-block-heading\">Mit\u00e4 kurssilla tehd\u00e4\u00e4n<\/h2>\n\n\n\n<p>Kurssilla kartoitat yrityksesi vastuullisuusty\u00f6n nykytilan, tunnistat keskeiset vastuullisuusteemat ja rakennat konkreettisen suunnan sek\u00e4 ensimm\u00e4iset toimenpiteet.<\/p>\n\n\n\n<hr class=\"wp-block-separator has-alpha-channel-opacity\"\/>\n\n\n\n<h2 class=\"wp-block-heading\">Lopputulos<\/h2>\n\n\n\n<p>Kurssin j\u00e4lkeen sinulla on:<\/p>\n\n\n\n<ul class=\"wp-block-list\">\n<li>selke\u00e4 kokonaiskuva vastuullisuusty\u00f6st\u00e4 <\/li>\n\n\n\n<li>priorisoidut teemat <\/li>\n\n\n\n<li>k\u00e4yt\u00e4nn\u00f6n etenemismalli<\/li>\n\n\n\n<li>tieto siit\u00e4, miten ty\u00f6 vied\u00e4\u00e4n osaksi yrityksen arkea, johtamista ja viestint\u00e4\u00e4<\/li>\n<\/ul>\n\n\n\n<hr class=\"wp-block-separator has-alpha-channel-opacity\"\/>\n\n\n\n<h2 class=\"wp-block-heading\">Kenelle sopii<\/h2>\n\n\n\n<p>Sopii pk-yrityksille, jotka:<\/p>\n\n\n\n<ul class=\"wp-block-list\">\n<li>eiv\u00e4t tied\u00e4 mist\u00e4 aloittaa <\/li>\n\n\n\n<li>haluavat rakentaa vastuullisuusty\u00f6lle suunnan <\/li>\n\n\n\n<li>tarvitsevat k\u00e4yt\u00e4nn\u00f6nl\u00e4heisen yrityksen ydinliiketoimintaa hy\u00f6dytt\u00e4v\u00e4n mallin<\/li>\n<\/ul>\n\n\n\n<hr class=\"wp-block-separator has-alpha-channel-opacity\"\/>\n\n\n\n<h2 class=\"wp-block-heading\">Kurssin sis\u00e4lt\u00f6<\/h2>\n\n\n\n<p>Kurssi koostuu kuudesta osasta:<\/p>\n\n\n\n<ul class=\"wp-block-list\">\n<li>Assessment of the Current State of Sustainability Work<\/li>\n\n\n\n<li>Materiality Assessment<\/li>\n\n\n\n<li>Arvot, suunta ja tavoitteet<\/li>\n\n\n\n<li>Vastuullisuusty\u00f6 k\u00e4yt\u00e4nt\u00f6\u00f6n<\/li>\n\n\n\n<li>Johtaminen, seuranta ja riskienhallinta<\/li>\n\n\n\n<li>Viestint\u00e4, raportointi ja jatkuva kehitt\u00e4minen<\/li>\n<\/ul>\n\n\n\n<hr class=\"wp-block-separator has-alpha-channel-opacity\"\/>\n\n\n\n<h2 class=\"wp-block-heading\">Mit\u00e4 saat<\/h2>\n\n\n\n<ul class=\"wp-block-list\">\n<li>5 teht\u00e4v\u00e4lomaketta<\/li>\n\n\n\n<li>video-opastuksen vaihe vaiheelta<\/li>\n\n\n\n<li>26-sivuisen ty\u00f6kirjan<\/li>\n<\/ul>\n\n\n\n<hr class=\"wp-block-separator has-alpha-channel-opacity\"\/>\n\n\n\n<div class=\"wp-block-buttons is-layout-flex wp-block-buttons-is-layout-flex\">\n<div class=\"wp-block-button\"><a class=\"wp-block-button__link has-background-color-color has-accent-background-color has-text-color has-background has-link-color wp-element-button\" href=\"https:\/\/kakikuu.campwire.com\/checkout\/pk-yrityksen-vastuullisuustyon-polku-cc493a69\" target=\"_blank\" rel=\"noreferrer noopener\">Tutustu kurssiin<\/a><\/div>\n<\/div>\n\n\n\n<hr class=\"wp-block-separator has-alpha-channel-opacity\"\/>\n\n\n\n<p>Read also the blog post: <a href=\"https:\/\/www.kakikuu.fi\/en\/miten-pk-yrityksen-vastuullisuustyo-kannattaa-rakentaa-kaytannossa\/\" target=\"_blank\" rel=\"noreferrer noopener\">How Should an SME Build its Sustainability Work in Practice?<\/a><\/p>\n\n\n\n<hr class=\"wp-block-separator has-alpha-channel-opacity\"\/>","protected":false},"excerpt":{"rendered":"<p>Vastuullisuusty\u00f6 pk-yrityksess\u00e4 j\u00e4\u00e4 usein hajanaiseksi. Tehd\u00e4\u00e4n yksitt\u00e4isi\u00e4 asioita, mutta kokonaisuus puuttuu. Samalla pit\u00e4isi tiet\u00e4\u00e4, mihin keskitty\u00e4, mit\u00e4 mitata ja miten ty\u00f6 vied\u00e4\u00e4n osaksi arkea. Pk-yrityksen vastuullisuusty\u00f6n polku -verkkokurssi auttaa rakentamaan selke\u00e4n suunnan ja k\u00e4yt\u00e4nn\u00f6n etenemismallin vastuullisuusty\u00f6lle. Ongelma Ilman selke\u00e4\u00e4 rakennetta vastuullisuusty\u00f6 j\u00e4\u00e4 helposti irrallisiksi teoiksi. Ei ole yhteist\u00e4 suuntaa, ei [&hellip;]<\/p>\n","protected":false},"author":1,"featured_media":1932,"parent":0,"menu_order":0,"comment_status":"closed","ping_status":"closed","template":"","meta":{"footnotes":""},"class_list":["post-2281","page","type-page","status-publish","has-post-thumbnail","hentry"],"yoast_head":"<!-- This site is optimized with the Yoast SEO plugin v27.4 - https:\/\/yoast.com\/product\/yoast-seo-wordpress\/ -->\n<title>Vastuullisuusty\u00f6 pk-yrityksess\u00e4 verkkokurssi<\/title>\n<meta name=\"description\" content=\"Rakenna pk-yritykselle selke\u00e4 ja k\u00e4yt\u00e4nn\u00f6nl\u00e4heinen etenemismalli vastuullisuusty\u00f6h\u00f6n vaihe vaiheelta. Vastuullisuusty\u00f6n polku.\" \/>\n<meta name=\"robots\" content=\"index, follow, max-snippet:-1, max-image-preview:large, max-video-preview:-1\" \/>\n<link rel=\"canonical\" href=\"https:\/\/www.kakikuu.fi\/en\/pk-yrityksen-vastuullisuustyon-polku\/\" \/>\n<meta property=\"og:locale\" content=\"en_GB\" \/>\n<meta property=\"og:type\" content=\"article\" \/>\n<meta property=\"og:title\" content=\"Vastuullisuusty\u00f6 pk-yrityksess\u00e4 verkkokurssi\" \/>\n<meta property=\"og:description\" content=\"Rakenna pk-yritykselle selke\u00e4 ja k\u00e4yt\u00e4nn\u00f6nl\u00e4heinen etenemismalli vastuullisuusty\u00f6h\u00f6n vaihe vaiheelta. Vastuullisuusty\u00f6n polku.\" \/>\n<meta property=\"og:url\" content=\"https:\/\/www.kakikuu.fi\/en\/pk-yrityksen-vastuullisuustyon-polku\/\" \/>\n<meta property=\"og:site_name\" content=\"K&auml;kikuu\" \/>\n<meta property=\"article:publisher\" content=\"https:\/\/www.facebook.com\/profile.php?id=61551999317882\" \/>\n<meta property=\"article:modified_time\" content=\"2026-04-24T20:05:31+00:00\" \/>\n<meta property=\"og:image\" content=\"https:\/\/www.kakikuu.fi\/wp-content\/uploads\/2026\/02\/aron-visuals-3jBU9TbKW7o-unsplash-pieni.jpg\" \/>\n\t<meta property=\"og:image:width\" content=\"1000\" \/>\n\t<meta property=\"og:image:height\" content=\"655\" \/>\n\t<meta property=\"og:image:type\" content=\"image\/jpeg\" \/>\n<meta name=\"twitter:card\" content=\"summary_large_image\" \/>\n<meta name=\"twitter:label1\" content=\"Estimated reading time\" \/>\n\t<meta name=\"twitter:data1\" content=\"2 minutes\" \/>\n<script type=\"application\/ld+json\" class=\"yoast-schema-graph\">{\"@context\":\"https:\\\/\\\/schema.org\",\"@graph\":[{\"@type\":\"WebPage\",\"@id\":\"https:\\\/\\\/www.kakikuu.fi\\\/pk-yrityksen-vastuullisuustyon-polku\\\/\",\"url\":\"https:\\\/\\\/www.kakikuu.fi\\\/pk-yrityksen-vastuullisuustyon-polku\\\/\",\"name\":\"Vastuullisuusty\u00f6 pk-yrityksess\u00e4 verkkokurssi\",\"isPartOf\":{\"@id\":\"https:\\\/\\\/www.kakikuu.fi\\\/#website\"},\"primaryImageOfPage\":{\"@id\":\"https:\\\/\\\/www.kakikuu.fi\\\/pk-yrityksen-vastuullisuustyon-polku\\\/#primaryimage\"},\"image\":{\"@id\":\"https:\\\/\\\/www.kakikuu.fi\\\/pk-yrityksen-vastuullisuustyon-polku\\\/#primaryimage\"},\"thumbnailUrl\":\"https:\\\/\\\/www.kakikuu.fi\\\/wp-content\\\/uploads\\\/2026\\\/02\\\/aron-visuals-3jBU9TbKW7o-unsplash-pieni.jpg\",\"datePublished\":\"2026-04-24T19:10:17+00:00\",\"dateModified\":\"2026-04-24T20:05:31+00:00\",\"description\":\"Rakenna pk-yritykselle selke\u00e4 ja k\u00e4yt\u00e4nn\u00f6nl\u00e4heinen etenemismalli vastuullisuusty\u00f6h\u00f6n vaihe vaiheelta. Vastuullisuusty\u00f6n polku.\",\"breadcrumb\":{\"@id\":\"https:\\\/\\\/www.kakikuu.fi\\\/pk-yrityksen-vastuullisuustyon-polku\\\/#breadcrumb\"},\"inLanguage\":\"en-GB\",\"potentialAction\":[{\"@type\":\"ReadAction\",\"target\":[\"https:\\\/\\\/www.kakikuu.fi\\\/pk-yrityksen-vastuullisuustyon-polku\\\/\"]}]},{\"@type\":\"ImageObject\",\"inLanguage\":\"en-GB\",\"@id\":\"https:\\\/\\\/www.kakikuu.fi\\\/pk-yrityksen-vastuullisuustyon-polku\\\/#primaryimage\",\"url\":\"https:\\\/\\\/www.kakikuu.fi\\\/wp-content\\\/uploads\\\/2026\\\/02\\\/aron-visuals-3jBU9TbKW7o-unsplash-pieni.jpg\",\"contentUrl\":\"https:\\\/\\\/www.kakikuu.fi\\\/wp-content\\\/uploads\\\/2026\\\/02\\\/aron-visuals-3jBU9TbKW7o-unsplash-pieni.jpg\",\"width\":1000,\"height\":655,\"caption\":\"vastuullisuus, vastuullisuusty\u00f6., pk-yritys, VSME, CSRD, ESG, vastuullisuusraportti,. ilmainen opas\"},{\"@type\":\"BreadcrumbList\",\"@id\":\"https:\\\/\\\/www.kakikuu.fi\\\/pk-yrityksen-vastuullisuustyon-polku\\\/#breadcrumb\",\"itemListElement\":[{\"@type\":\"ListItem\",\"position\":1,\"name\":\"Etusivu\",\"item\":\"https:\\\/\\\/www.kakikuu.fi\\\/\"},{\"@type\":\"ListItem\",\"position\":2,\"name\":\"Pk-yrityksen vastuullisuusty\u00f6n polku\"}]},{\"@type\":\"WebSite\",\"@id\":\"https:\\\/\\\/www.kakikuu.fi\\\/#website\",\"url\":\"https:\\\/\\\/www.kakikuu.fi\\\/\",\"name\":\"K\u00e4kikuu\",\"description\":\"Yritysvastuun kumppani\",\"publisher\":{\"@id\":\"https:\\\/\\\/www.kakikuu.fi\\\/#organization\"},\"potentialAction\":[{\"@type\":\"SearchAction\",\"target\":{\"@type\":\"EntryPoint\",\"urlTemplate\":\"https:\\\/\\\/www.kakikuu.fi\\\/?s={search_term_string}\"},\"query-input\":{\"@type\":\"PropertyValueSpecification\",\"valueRequired\":true,\"valueName\":\"search_term_string\"}}],\"inLanguage\":\"en-GB\"},{\"@type\":\"Organization\",\"@id\":\"https:\\\/\\\/www.kakikuu.fi\\\/#organization\",\"name\":\"K\u00e4kikuu\",\"url\":\"https:\\\/\\\/www.kakikuu.fi\\\/\",\"logo\":{\"@type\":\"ImageObject\",\"inLanguage\":\"en-GB\",\"@id\":\"https:\\\/\\\/www.kakikuu.fi\\\/#\\\/schema\\\/logo\\\/image\\\/\",\"url\":\"https:\\\/\\\/www.kakikuu.fi\\\/wp-content\\\/uploads\\\/2024\\\/02\\\/cropped-Capture-5-jpg.webp\",\"contentUrl\":\"https:\\\/\\\/www.kakikuu.fi\\\/wp-content\\\/uploads\\\/2024\\\/02\\\/cropped-Capture-5-jpg.webp\",\"width\":508,\"height\":252,\"caption\":\"K\u00e4kikuu\"},\"image\":{\"@id\":\"https:\\\/\\\/www.kakikuu.fi\\\/#\\\/schema\\\/logo\\\/image\\\/\"},\"sameAs\":[\"https:\\\/\\\/www.facebook.com\\\/profile.php?id=61551999317882\"]}]}<\/script>\n<!-- \/ Yoast SEO plugin. -->","yoast_head_json":{"title":"Vastuullisuusty\u00f6 pk-yrityksess\u00e4 verkkokurssi","description":"Rakenna pk-yritykselle selke\u00e4 ja k\u00e4yt\u00e4nn\u00f6nl\u00e4heinen etenemismalli vastuullisuusty\u00f6h\u00f6n vaihe vaiheelta. Vastuullisuusty\u00f6n polku.","robots":{"index":"index","follow":"follow","max-snippet":"max-snippet:-1","max-image-preview":"max-image-preview:large","max-video-preview":"max-video-preview:-1"},"canonical":"https:\/\/www.kakikuu.fi\/en\/pk-yrityksen-vastuullisuustyon-polku\/","og_locale":"en_GB","og_type":"article","og_title":"Vastuullisuusty\u00f6 pk-yrityksess\u00e4 verkkokurssi","og_description":"Rakenna pk-yritykselle selke\u00e4 ja k\u00e4yt\u00e4nn\u00f6nl\u00e4heinen etenemismalli vastuullisuusty\u00f6h\u00f6n vaihe vaiheelta. Vastuullisuusty\u00f6n polku.","og_url":"https:\/\/www.kakikuu.fi\/en\/pk-yrityksen-vastuullisuustyon-polku\/","og_site_name":"K&auml;kikuu","article_publisher":"https:\/\/www.facebook.com\/profile.php?id=61551999317882","article_modified_time":"2026-04-24T20:05:31+00:00","og_image":[{"width":1000,"height":655,"url":"https:\/\/www.kakikuu.fi\/wp-content\/uploads\/2026\/02\/aron-visuals-3jBU9TbKW7o-unsplash-pieni.jpg","type":"image\/jpeg"}],"twitter_card":"summary_large_image","twitter_misc":{"Estimated reading time":"2 minutes"},"schema":{"@context":"https:\/\/schema.org","@graph":[{"@type":"WebPage","@id":"https:\/\/www.kakikuu.fi\/pk-yrityksen-vastuullisuustyon-polku\/","url":"https:\/\/www.kakikuu.fi\/pk-yrityksen-vastuullisuustyon-polku\/","name":"Vastuullisuusty\u00f6 pk-yrityksess\u00e4 verkkokurssi","isPartOf":{"@id":"https:\/\/www.kakikuu.fi\/#website"},"primaryImageOfPage":{"@id":"https:\/\/www.kakikuu.fi\/pk-yrityksen-vastuullisuustyon-polku\/#primaryimage"},"image":{"@id":"https:\/\/www.kakikuu.fi\/pk-yrityksen-vastuullisuustyon-polku\/#primaryimage"},"thumbnailUrl":"https:\/\/www.kakikuu.fi\/wp-content\/uploads\/2026\/02\/aron-visuals-3jBU9TbKW7o-unsplash-pieni.jpg","datePublished":"2026-04-24T19:10:17+00:00","dateModified":"2026-04-24T20:05:31+00:00","description":"Rakenna pk-yritykselle selke\u00e4 ja k\u00e4yt\u00e4nn\u00f6nl\u00e4heinen etenemismalli vastuullisuusty\u00f6h\u00f6n vaihe vaiheelta. Vastuullisuusty\u00f6n polku.","breadcrumb":{"@id":"https:\/\/www.kakikuu.fi\/pk-yrityksen-vastuullisuustyon-polku\/#breadcrumb"},"inLanguage":"en-GB","potentialAction":[{"@type":"ReadAction","target":["https:\/\/www.kakikuu.fi\/pk-yrityksen-vastuullisuustyon-polku\/"]}]},{"@type":"ImageObject","inLanguage":"en-GB","@id":"https:\/\/www.kakikuu.fi\/pk-yrityksen-vastuullisuustyon-polku\/#primaryimage","url":"https:\/\/www.kakikuu.fi\/wp-content\/uploads\/2026\/02\/aron-visuals-3jBU9TbKW7o-unsplash-pieni.jpg","contentUrl":"https:\/\/www.kakikuu.fi\/wp-content\/uploads\/2026\/02\/aron-visuals-3jBU9TbKW7o-unsplash-pieni.jpg","width":1000,"height":655,"caption":"vastuullisuus, vastuullisuusty\u00f6., pk-yritys, VSME, CSRD, ESG, vastuullisuusraportti,. ilmainen opas"},{"@type":"BreadcrumbList","@id":"https:\/\/www.kakikuu.fi\/pk-yrityksen-vastuullisuustyon-polku\/#breadcrumb","itemListElement":[{"@type":"ListItem","position":1,"name":"Etusivu","item":"https:\/\/www.kakikuu.fi\/"},{"@type":"ListItem","position":2,"name":"Pk-yrityksen vastuullisuusty\u00f6n polku"}]},{"@type":"WebSite","@id":"https:\/\/www.kakikuu.fi\/#website","url":"https:\/\/www.kakikuu.fi\/","name":"K\u00e4kikuu","description":"Your Partner in Corporate Responsibility","publisher":{"@id":"https:\/\/www.kakikuu.fi\/#organization"},"potentialAction":[{"@type":"SearchAction","target":{"@type":"EntryPoint","urlTemplate":"https:\/\/www.kakikuu.fi\/?s={search_term_string}"},"query-input":{"@type":"PropertyValueSpecification","valueRequired":true,"valueName":"search_term_string"}}],"inLanguage":"en-GB"},{"@type":"Organization","@id":"https:\/\/www.kakikuu.fi\/#organization","name":"K\u00e4kikuu","url":"https:\/\/www.kakikuu.fi\/","logo":{"@type":"ImageObject","inLanguage":"en-GB","@id":"https:\/\/www.kakikuu.fi\/#\/schema\/logo\/image\/","url":"https:\/\/www.kakikuu.fi\/wp-content\/uploads\/2024\/02\/cropped-Capture-5-jpg.webp","contentUrl":"https:\/\/www.kakikuu.fi\/wp-content\/uploads\/2024\/02\/cropped-Capture-5-jpg.webp","width":508,"height":252,"caption":"K\u00e4kikuu"},"image":{"@id":"https:\/\/www.kakikuu.fi\/#\/schema\/logo\/image\/"},"sameAs":["https:\/\/www.facebook.com\/profile.php?id=61551999317882"]}]}},"_links":{"self":[{"href":"https:\/\/www.kakikuu.fi\/en\/wp-json\/wp\/v2\/pages\/2281","targetHints":{"allow":["GET"]}}],"collection":[{"href":"https:\/\/www.kakikuu.fi\/en\/wp-json\/wp\/v2\/pages"}],"about":[{"href":"https:\/\/www.kakikuu.fi\/en\/wp-json\/wp\/v2\/types\/page"}],"author":[{"embeddable":true,"href":"https:\/\/www.kakikuu.fi\/en\/wp-json\/wp\/v2\/users\/1"}],"replies":[{"embeddable":true,"href":"https:\/\/www.kakikuu.fi\/en\/wp-json\/wp\/v2\/comments?post=2281"}],"version-history":[{"count":6,"href":"https:\/\/www.kakikuu.fi\/en\/wp-json\/wp\/v2\/pages\/2281\/revisions"}],"predecessor-version":[{"id":2312,"href":"https:\/\/www.kakikuu.fi\/en\/wp-json\/wp\/v2\/pages\/2281\/revisions\/2312"}],"wp:featuredmedia":[{"embeddable":true,"href":"https:\/\/www.kakikuu.fi\/en\/wp-json\/wp\/v2\/media\/1932"}],"wp:attachment":[{"href":"https:\/\/www.kakikuu.fi\/en\/wp-json\/wp\/v2\/media?parent=2281"}],"curies":[{"name":"wp","href":"https:\/\/api.w.org\/{rel}","templated":true}]}}