{"id":2205,"date":"2026-04-21T14:53:09","date_gmt":"2026-04-21T12:53:09","guid":{"rendered":"https:\/\/www.kakikuu.fi\/?page_id=2205"},"modified":"2026-04-24T22:06:17","modified_gmt":"2026-04-24T20:06:17","slug":"vsme-verkkokurssi-pk-yrityksille","status":"publish","type":"page","link":"https:\/\/www.kakikuu.fi\/en\/vsme-verkkokurssi-pk-yrityksille\/","title":{"rendered":"VSME verkkokurssi pk-yrityksille"},"content":{"rendered":"<p>VSME verkkokurssi pk-yrityksille auttaa kokoamaan yrityksen vastuullisuustiedot yhteen ja rakentamaan ensimm\u00e4isen VSME-raportin k\u00e4yt\u00e4nn\u00f6ss\u00e4 vaihe vaiheelta.<\/p>\n\n\n\n<p>Monessa pk-yrityksess\u00e4 tieto on jo olemassa, mutta hajallaan. T\u00e4t\u00e4 kurssia varten et tarvitse valmista raportointia \u2013 rakennat sen kurssin aikana.<\/p>\n\n\n\n<hr class=\"wp-block-separator has-alpha-channel-opacity\"\/>\n\n\n\n<h2 class=\"wp-block-heading\">Ongelma<\/h2>\n\n\n\n<p>Moni pk-yritys tunnistaa tilanteen:<\/p>\n\n\n\n<ul class=\"wp-block-list\">\n<li>vastuullisuustietoja pyydet\u00e4\u00e4n eri suunnista<\/li>\n\n\n\n<li>samaa tietoa kysyt\u00e4\u00e4n toistuvasti<\/li>\n\n\n\n<li>yritykselt\u00e4 puuttuu vastuullisuusty\u00f6n kokonaiskuva<\/li>\n<\/ul>\n\n\n\n<p>T\u00e4ll\u00f6in kuluu aikaa, mutta tekeminen ei kehity.<\/p>\n\n\n\n<hr class=\"wp-block-separator has-alpha-channel-opacity\"\/>\n\n\n\n<h2 class=\"wp-block-heading\">Ratkaisu<\/h2>\n\n\n\n<p>T\u00e4ll\u00e4 VSME verkkokurssilla kokoat yrityksen vastuullisuustiedot yhteen paikkaan ja rakennat raportin, jota voit hy\u00f6dynt\u00e4\u00e4 jatkossa kaikissa vastuullisuustietopyynn\u00f6iss\u00e4. Samalla tunnistat yrityksesi vastuullisuusty\u00f6n kehitt\u00e4miskohteet.<\/p>\n\n\n\n<hr class=\"wp-block-separator has-alpha-channel-opacity\"\/>\n\n\n\n<h2 class=\"wp-block-heading\">Mit\u00e4 kurssilla tehd\u00e4\u00e4n<\/h2>\n\n\n\n<p>Kurssi etenee n\u00e4in:<\/p>\n\n\n\n<ul class=\"wp-block-list\">\n<li>k\u00e4yt\u00e4t valmista Excel-raportointity\u00f6kalua, joka ohjaa sinua eteenp\u00e4in<\/li>\n\n\n\n<li>t\u00e4yt\u00e4t vain yrityksellesi olennaiset kohdat<\/li>\n\n\n\n<li>kokoat tiedot vaihe vaiheelta<\/li>\n\n\n\n<li>muodostat raportin suoraan ty\u00f6kalusta<\/li>\n<\/ul>\n\n\n\n<hr class=\"wp-block-separator has-alpha-channel-opacity\"\/>\n\n\n\n<h2 class=\"wp-block-heading\">Lopputulos<\/h2>\n\n\n\n<p>Kurssin j\u00e4lkeen:<\/p>\n\n\n\n<ul class=\"wp-block-list\">\n<li>yrityksesi vastuullisuustiedot ovat yhdess\u00e4 paikassa<\/li>\n\n\n\n<li>sinulla on ensimm\u00e4inen valmis VSME-vastuullisuusraportti<\/li>\n\n\n\n<li>pystyt hy\u00f6dynt\u00e4m\u00e4\u00e4n raporttia sidosryhm\u00e4viestinn\u00e4ss\u00e4, tarjouskilpailuissa ja yrityksesi toiminnan kehitt\u00e4misess\u00e4<\/li>\n<\/ul>\n\n\n\n<hr class=\"wp-block-separator has-alpha-channel-opacity\"\/>\n\n\n\n<h2 class=\"wp-block-heading\">Kenelle kurssi sopii<\/h2>\n\n\n\n<p>VSME-verkkokurssi pk-yrityksille sopii erityisesti, jos:<\/p>\n\n\n\n<ul class=\"wp-block-list\">\n<li>saat vastuullisuuskyselyit\u00e4 asiakkailta ja muilta sidosryhmilt\u00e4<\/li>\n\n\n\n<li>osallistut tarjouskilpailuihin<\/li>\n\n\n\n<li>samaa tietoa pyydet\u00e4\u00e4n usein<\/li>\n\n\n\n<li>haluat selke\u00e4n tavan aloittaa vastuullisuusraportoinnin<\/li>\n<\/ul>\n\n\n\n<hr class=\"wp-block-separator has-alpha-channel-opacity\"\/>\n\n\n\n<h2 class=\"wp-block-heading\">Kurssin sis\u00e4lt\u00f6<\/h2>\n\n\n\n<p>Kurssi koostuu nelj\u00e4st\u00e4 osasta:<\/p>\n\n\n\n<ul class=\"wp-block-list\">\n<li>Mik\u00e4 on VSME ja mihin sit\u00e4 k\u00e4ytet\u00e4\u00e4n<\/li>\n\n\n\n<li>Perusmoduuli \u2013 raportin perusta<\/li>\n\n\n\n<li>T\u00e4ydent\u00e4v\u00e4 moduuli \u2013 tarvittaessa syvent\u00e4minen<\/li>\n\n\n\n<li>Raportti ja k\u00e4yt\u00e4nn\u00f6n hy\u00f6dynt\u00e4minen<\/li>\n<\/ul>\n\n\n\n<hr class=\"wp-block-separator has-alpha-channel-opacity\"\/>\n\n\n\n<h2 class=\"wp-block-heading\">Mit\u00e4 saat<\/h2>\n\n\n\n<ul class=\"wp-block-list\">\n<li>Excel-raportointity\u00f6kalun<\/li>\n\n\n\n<li>video-opastuksen vaihe vaiheelta<\/li>\n\n\n\n<li>21-sivuisen ty\u00f6kirjan<\/li>\n<\/ul>\n\n\n\n<hr class=\"wp-block-separator has-alpha-channel-opacity\"\/>\n\n\n\n<div class=\"wp-block-buttons is-layout-flex wp-block-buttons-is-layout-flex\">\n<div class=\"wp-block-button\"><a class=\"wp-block-button__link has-background-color-color has-accent-background-color has-text-color has-background has-link-color wp-element-button\" href=\"https:\/\/kakikuu.campwire.com\/checkout\/vsme-raportointi-pk-yrityksissa-2db44fbd\" target=\"_blank\" rel=\"noreferrer noopener\">Tutustu kurssiin<\/a><\/div>\n<\/div>\n\n\n\n<hr class=\"wp-block-separator has-alpha-channel-opacity\"\/>\n\n\n\n<p>Kurssi ei vaadi aiempaa kokemusta vastuullisuusraportoinnista.<\/p>\n\n\n\n<p>VSME ei ole pelkk\u00e4 raportointimalli. Se on tapa j\u00e4sent\u00e4\u00e4 yrityksen vastuullisuusty\u00f6 niin, ett\u00e4 sit\u00e4 voidaan oikeasti johtaa ja hy\u00f6dynt\u00e4\u00e4 liiketoiminnassa.<\/p>\n\n\n\n<p>Read also <a href=\"https:\/\/www.kakikuu.fi\/en\/komission-vsme-suositus-pk-yrityksille-mita-se-tarkoittaa-kaytannossa\/\" target=\"_blank\" rel=\"noreferrer noopener\">EU komission suosituksesta VSME-standardin k\u00e4yt\u00f6st\u00e4.<\/a><\/p>\n\n\n\n<hr class=\"wp-block-separator has-alpha-channel-opacity\"\/>\n\n\n\n<p>VSME-standardi pk-yrityksille: <a href=\"https:\/\/www.kakikuu.fi\/en\/vsme-pk-yrityksille-usein-kysytyt-kysymykset\/\" target=\"_blank\" rel=\"noreferrer noopener\">usein esitetyt kysymykset.<\/a><\/p>\n\n\n\n<hr class=\"wp-block-separator has-alpha-channel-opacity\"\/>","protected":false},"excerpt":{"rendered":"<p>VSME verkkokurssi pk-yrityksille auttaa kokoamaan yrityksen vastuullisuustiedot yhteen ja rakentamaan ensimm\u00e4isen VSME-raportin k\u00e4yt\u00e4nn\u00f6ss\u00e4 vaihe vaiheelta. Monessa pk-yrityksess\u00e4 tieto on jo olemassa, mutta hajallaan. T\u00e4t\u00e4 kurssia varten et tarvitse valmista raportointia \u2013 rakennat sen kurssin aikana. Ongelma Moni pk-yritys tunnistaa tilanteen: T\u00e4ll\u00f6in kuluu aikaa, mutta tekeminen ei kehity. Ratkaisu T\u00e4ll\u00e4 VSME [&hellip;]<\/p>\n","protected":false},"author":1,"featured_media":2003,"parent":0,"menu_order":0,"comment_status":"closed","ping_status":"closed","template":"","meta":{"footnotes":""},"class_list":["post-2205","page","type-page","status-publish","has-post-thumbnail","hentry"],"yoast_head":"<!-- This site is optimized with the Yoast SEO plugin v27.4 - https:\/\/yoast.com\/product\/yoast-seo-wordpress\/ -->\n<title>VSME verkkokurssi pk-yrityksille \u2013 k\u00e4yt\u00e4nn\u00f6n kurssi<\/title>\n<meta name=\"description\" content=\"VSME verkkokurssi pk-yrityksille. Opit kokoamaan vastuullisuustiedot ja tekem\u00e4\u00e4n ensimm\u00e4isen VSME-raportin valmiin Excel-ty\u00f6kalun avulla.\" \/>\n<meta name=\"robots\" content=\"index, follow, max-snippet:-1, max-image-preview:large, max-video-preview:-1\" \/>\n<link rel=\"canonical\" href=\"https:\/\/www.kakikuu.fi\/en\/vsme-verkkokurssi-pk-yrityksille\/\" \/>\n<meta property=\"og:locale\" content=\"en_GB\" \/>\n<meta property=\"og:type\" content=\"article\" \/>\n<meta property=\"og:title\" content=\"VSME verkkokurssi pk-yrityksille \u2013 k\u00e4yt\u00e4nn\u00f6n kurssi\" \/>\n<meta property=\"og:description\" content=\"VSME verkkokurssi pk-yrityksille. Opit kokoamaan vastuullisuustiedot ja tekem\u00e4\u00e4n ensimm\u00e4isen VSME-raportin valmiin Excel-ty\u00f6kalun avulla.\" \/>\n<meta property=\"og:url\" content=\"https:\/\/www.kakikuu.fi\/en\/vsme-verkkokurssi-pk-yrityksille\/\" \/>\n<meta property=\"og:site_name\" content=\"K&auml;kikuu\" \/>\n<meta property=\"article:publisher\" content=\"https:\/\/www.facebook.com\/profile.php?id=61551999317882\" \/>\n<meta property=\"article:modified_time\" content=\"2026-04-24T20:06:17+00:00\" \/>\n<meta property=\"og:image\" content=\"https:\/\/www.kakikuu.fi\/wp-content\/uploads\/2026\/02\/glenn-carstens-peters-RLw-UC03Gwc-unsplash-scaled.jpg\" \/>\n\t<meta property=\"og:image:width\" content=\"2560\" \/>\n\t<meta property=\"og:image:height\" content=\"1703\" \/>\n\t<meta property=\"og:image:type\" content=\"image\/jpeg\" \/>\n<meta name=\"twitter:card\" content=\"summary_large_image\" \/>\n<meta name=\"twitter:label1\" content=\"Estimated reading time\" \/>\n\t<meta name=\"twitter:data1\" content=\"2 minutes\" \/>\n<script type=\"application\/ld+json\" class=\"yoast-schema-graph\">{\"@context\":\"https:\\\/\\\/schema.org\",\"@graph\":[{\"@type\":\"WebPage\",\"@id\":\"https:\\\/\\\/www.kakikuu.fi\\\/vsme-verkkokurssi-pk-yrityksille\\\/\",\"url\":\"https:\\\/\\\/www.kakikuu.fi\\\/vsme-verkkokurssi-pk-yrityksille\\\/\",\"name\":\"VSME verkkokurssi pk-yrityksille \u2013 k\u00e4yt\u00e4nn\u00f6n kurssi\",\"isPartOf\":{\"@id\":\"https:\\\/\\\/www.kakikuu.fi\\\/#website\"},\"primaryImageOfPage\":{\"@id\":\"https:\\\/\\\/www.kakikuu.fi\\\/vsme-verkkokurssi-pk-yrityksille\\\/#primaryimage\"},\"image\":{\"@id\":\"https:\\\/\\\/www.kakikuu.fi\\\/vsme-verkkokurssi-pk-yrityksille\\\/#primaryimage\"},\"thumbnailUrl\":\"https:\\\/\\\/www.kakikuu.fi\\\/wp-content\\\/uploads\\\/2026\\\/02\\\/glenn-carstens-peters-RLw-UC03Gwc-unsplash-scaled.jpg\",\"datePublished\":\"2026-04-21T12:53:09+00:00\",\"dateModified\":\"2026-04-24T20:06:17+00:00\",\"description\":\"VSME verkkokurssi pk-yrityksille. Opit kokoamaan vastuullisuustiedot ja tekem\u00e4\u00e4n ensimm\u00e4isen VSME-raportin valmiin Excel-ty\u00f6kalun avulla.\",\"breadcrumb\":{\"@id\":\"https:\\\/\\\/www.kakikuu.fi\\\/vsme-verkkokurssi-pk-yrityksille\\\/#breadcrumb\"},\"inLanguage\":\"en-GB\",\"potentialAction\":[{\"@type\":\"ReadAction\",\"target\":[\"https:\\\/\\\/www.kakikuu.fi\\\/vsme-verkkokurssi-pk-yrityksille\\\/\"]}]},{\"@type\":\"ImageObject\",\"inLanguage\":\"en-GB\",\"@id\":\"https:\\\/\\\/www.kakikuu.fi\\\/vsme-verkkokurssi-pk-yrityksille\\\/#primaryimage\",\"url\":\"https:\\\/\\\/www.kakikuu.fi\\\/wp-content\\\/uploads\\\/2026\\\/02\\\/glenn-carstens-peters-RLw-UC03Gwc-unsplash-scaled.jpg\",\"contentUrl\":\"https:\\\/\\\/www.kakikuu.fi\\\/wp-content\\\/uploads\\\/2026\\\/02\\\/glenn-carstens-peters-RLw-UC03Gwc-unsplash-scaled.jpg\",\"width\":2560,\"height\":1703,\"caption\":\"Hy\u00f6ty syntyy harkinnasta \u2013 ei automaattisesta standardin k\u00e4ytt\u00f6\u00f6notosta.\"},{\"@type\":\"BreadcrumbList\",\"@id\":\"https:\\\/\\\/www.kakikuu.fi\\\/vsme-verkkokurssi-pk-yrityksille\\\/#breadcrumb\",\"itemListElement\":[{\"@type\":\"ListItem\",\"position\":1,\"name\":\"Etusivu\",\"item\":\"https:\\\/\\\/www.kakikuu.fi\\\/\"},{\"@type\":\"ListItem\",\"position\":2,\"name\":\"VSME verkkokurssi pk-yrityksille\"}]},{\"@type\":\"WebSite\",\"@id\":\"https:\\\/\\\/www.kakikuu.fi\\\/#website\",\"url\":\"https:\\\/\\\/www.kakikuu.fi\\\/\",\"name\":\"K\u00e4kikuu\",\"description\":\"Yritysvastuun kumppani\",\"publisher\":{\"@id\":\"https:\\\/\\\/www.kakikuu.fi\\\/#organization\"},\"potentialAction\":[{\"@type\":\"SearchAction\",\"target\":{\"@type\":\"EntryPoint\",\"urlTemplate\":\"https:\\\/\\\/www.kakikuu.fi\\\/?s={search_term_string}\"},\"query-input\":{\"@type\":\"PropertyValueSpecification\",\"valueRequired\":true,\"valueName\":\"search_term_string\"}}],\"inLanguage\":\"en-GB\"},{\"@type\":\"Organization\",\"@id\":\"https:\\\/\\\/www.kakikuu.fi\\\/#organization\",\"name\":\"K\u00e4kikuu\",\"url\":\"https:\\\/\\\/www.kakikuu.fi\\\/\",\"logo\":{\"@type\":\"ImageObject\",\"inLanguage\":\"en-GB\",\"@id\":\"https:\\\/\\\/www.kakikuu.fi\\\/#\\\/schema\\\/logo\\\/image\\\/\",\"url\":\"https:\\\/\\\/www.kakikuu.fi\\\/wp-content\\\/uploads\\\/2024\\\/02\\\/cropped-Capture-5-jpg.webp\",\"contentUrl\":\"https:\\\/\\\/www.kakikuu.fi\\\/wp-content\\\/uploads\\\/2024\\\/02\\\/cropped-Capture-5-jpg.webp\",\"width\":508,\"height\":252,\"caption\":\"K\u00e4kikuu\"},\"image\":{\"@id\":\"https:\\\/\\\/www.kakikuu.fi\\\/#\\\/schema\\\/logo\\\/image\\\/\"},\"sameAs\":[\"https:\\\/\\\/www.facebook.com\\\/profile.php?id=61551999317882\"]}]}<\/script>\n<!-- \/ Yoast SEO plugin. -->","yoast_head_json":{"title":"VSME verkkokurssi pk-yrityksille \u2013 k\u00e4yt\u00e4nn\u00f6n kurssi","description":"VSME verkkokurssi pk-yrityksille. Opit kokoamaan vastuullisuustiedot ja tekem\u00e4\u00e4n ensimm\u00e4isen VSME-raportin valmiin Excel-ty\u00f6kalun avulla.","robots":{"index":"index","follow":"follow","max-snippet":"max-snippet:-1","max-image-preview":"max-image-preview:large","max-video-preview":"max-video-preview:-1"},"canonical":"https:\/\/www.kakikuu.fi\/en\/vsme-verkkokurssi-pk-yrityksille\/","og_locale":"en_GB","og_type":"article","og_title":"VSME verkkokurssi pk-yrityksille \u2013 k\u00e4yt\u00e4nn\u00f6n kurssi","og_description":"VSME verkkokurssi pk-yrityksille. Opit kokoamaan vastuullisuustiedot ja tekem\u00e4\u00e4n ensimm\u00e4isen VSME-raportin valmiin Excel-ty\u00f6kalun avulla.","og_url":"https:\/\/www.kakikuu.fi\/en\/vsme-verkkokurssi-pk-yrityksille\/","og_site_name":"K&auml;kikuu","article_publisher":"https:\/\/www.facebook.com\/profile.php?id=61551999317882","article_modified_time":"2026-04-24T20:06:17+00:00","og_image":[{"width":2560,"height":1703,"url":"https:\/\/www.kakikuu.fi\/wp-content\/uploads\/2026\/02\/glenn-carstens-peters-RLw-UC03Gwc-unsplash-scaled.jpg","type":"image\/jpeg"}],"twitter_card":"summary_large_image","twitter_misc":{"Estimated reading time":"2 minutes"},"schema":{"@context":"https:\/\/schema.org","@graph":[{"@type":"WebPage","@id":"https:\/\/www.kakikuu.fi\/vsme-verkkokurssi-pk-yrityksille\/","url":"https:\/\/www.kakikuu.fi\/vsme-verkkokurssi-pk-yrityksille\/","name":"VSME verkkokurssi pk-yrityksille \u2013 k\u00e4yt\u00e4nn\u00f6n kurssi","isPartOf":{"@id":"https:\/\/www.kakikuu.fi\/#website"},"primaryImageOfPage":{"@id":"https:\/\/www.kakikuu.fi\/vsme-verkkokurssi-pk-yrityksille\/#primaryimage"},"image":{"@id":"https:\/\/www.kakikuu.fi\/vsme-verkkokurssi-pk-yrityksille\/#primaryimage"},"thumbnailUrl":"https:\/\/www.kakikuu.fi\/wp-content\/uploads\/2026\/02\/glenn-carstens-peters-RLw-UC03Gwc-unsplash-scaled.jpg","datePublished":"2026-04-21T12:53:09+00:00","dateModified":"2026-04-24T20:06:17+00:00","description":"VSME verkkokurssi pk-yrityksille. Opit kokoamaan vastuullisuustiedot ja tekem\u00e4\u00e4n ensimm\u00e4isen VSME-raportin valmiin Excel-ty\u00f6kalun avulla.","breadcrumb":{"@id":"https:\/\/www.kakikuu.fi\/vsme-verkkokurssi-pk-yrityksille\/#breadcrumb"},"inLanguage":"en-GB","potentialAction":[{"@type":"ReadAction","target":["https:\/\/www.kakikuu.fi\/vsme-verkkokurssi-pk-yrityksille\/"]}]},{"@type":"ImageObject","inLanguage":"en-GB","@id":"https:\/\/www.kakikuu.fi\/vsme-verkkokurssi-pk-yrityksille\/#primaryimage","url":"https:\/\/www.kakikuu.fi\/wp-content\/uploads\/2026\/02\/glenn-carstens-peters-RLw-UC03Gwc-unsplash-scaled.jpg","contentUrl":"https:\/\/www.kakikuu.fi\/wp-content\/uploads\/2026\/02\/glenn-carstens-peters-RLw-UC03Gwc-unsplash-scaled.jpg","width":2560,"height":1703,"caption":"Hy\u00f6ty syntyy harkinnasta \u2013 ei automaattisesta standardin k\u00e4ytt\u00f6\u00f6notosta."},{"@type":"BreadcrumbList","@id":"https:\/\/www.kakikuu.fi\/vsme-verkkokurssi-pk-yrityksille\/#breadcrumb","itemListElement":[{"@type":"ListItem","position":1,"name":"Etusivu","item":"https:\/\/www.kakikuu.fi\/"},{"@type":"ListItem","position":2,"name":"VSME verkkokurssi pk-yrityksille"}]},{"@type":"WebSite","@id":"https:\/\/www.kakikuu.fi\/#website","url":"https:\/\/www.kakikuu.fi\/","name":"K\u00e4kikuu","description":"Your Partner in Corporate Responsibility","publisher":{"@id":"https:\/\/www.kakikuu.fi\/#organization"},"potentialAction":[{"@type":"SearchAction","target":{"@type":"EntryPoint","urlTemplate":"https:\/\/www.kakikuu.fi\/?s={search_term_string}"},"query-input":{"@type":"PropertyValueSpecification","valueRequired":true,"valueName":"search_term_string"}}],"inLanguage":"en-GB"},{"@type":"Organization","@id":"https:\/\/www.kakikuu.fi\/#organization","name":"K\u00e4kikuu","url":"https:\/\/www.kakikuu.fi\/","logo":{"@type":"ImageObject","inLanguage":"en-GB","@id":"https:\/\/www.kakikuu.fi\/#\/schema\/logo\/image\/","url":"https:\/\/www.kakikuu.fi\/wp-content\/uploads\/2024\/02\/cropped-Capture-5-jpg.webp","contentUrl":"https:\/\/www.kakikuu.fi\/wp-content\/uploads\/2024\/02\/cropped-Capture-5-jpg.webp","width":508,"height":252,"caption":"K\u00e4kikuu"},"image":{"@id":"https:\/\/www.kakikuu.fi\/#\/schema\/logo\/image\/"},"sameAs":["https:\/\/www.facebook.com\/profile.php?id=61551999317882"]}]}},"_links":{"self":[{"href":"https:\/\/www.kakikuu.fi\/en\/wp-json\/wp\/v2\/pages\/2205","targetHints":{"allow":["GET"]}}],"collection":[{"href":"https:\/\/www.kakikuu.fi\/en\/wp-json\/wp\/v2\/pages"}],"about":[{"href":"https:\/\/www.kakikuu.fi\/en\/wp-json\/wp\/v2\/types\/page"}],"author":[{"embeddable":true,"href":"https:\/\/www.kakikuu.fi\/en\/wp-json\/wp\/v2\/users\/1"}],"replies":[{"embeddable":true,"href":"https:\/\/www.kakikuu.fi\/en\/wp-json\/wp\/v2\/comments?post=2205"}],"version-history":[{"count":8,"href":"https:\/\/www.kakikuu.fi\/en\/wp-json\/wp\/v2\/pages\/2205\/revisions"}],"predecessor-version":[{"id":2313,"href":"https:\/\/www.kakikuu.fi\/en\/wp-json\/wp\/v2\/pages\/2205\/revisions\/2313"}],"wp:featuredmedia":[{"embeddable":true,"href":"https:\/\/www.kakikuu.fi\/en\/wp-json\/wp\/v2\/media\/2003"}],"wp:attachment":[{"href":"https:\/\/www.kakikuu.fi\/en\/wp-json\/wp\/v2\/media?parent=2205"}],"curies":[{"name":"wp","href":"https:\/\/api.w.org\/{rel}","templated":true}]}}