{"id":2185,"date":"2026-04-20T16:20:11","date_gmt":"2026-04-20T14:20:11","guid":{"rendered":"https:\/\/www.kakikuu.fi\/?page_id=2185"},"modified":"2026-04-20T16:20:12","modified_gmt":"2026-04-20T14:20:12","slug":"pk-yrityksen-vastuullisuusvaitteiden-tarkistuslista-2","status":"publish","type":"page","link":"https:\/\/www.kakikuu.fi\/en\/pk-yrityksen-vastuullisuusvaitteiden-tarkistuslista-2\/","title":{"rendered":"Pk-yrityksen vastuullisuusv\u00e4itteiden tarkistuslista"},"content":{"rendered":"<p><strong>Pk-yrityksen vastuullisuusv\u00e4itteiden tarkistuslista<\/strong> auttaa yrityst\u00e4 tunnistamaan, mit\u00e4 vastuullisuudesta voidaan sanoa, mit\u00e4 viestinn\u00e4ss\u00e4 kannattaa v\u00e4ltt\u00e4\u00e4 ja miten omia vastuullisuusv\u00e4itteit\u00e4 arvioidaan k\u00e4yt\u00e4nn\u00f6ss\u00e4. <\/p>\n\n\n\n<p>Tarkistuslista on suunnattu pk-yrityksille, jotka haluavat tehd\u00e4 vastuullisuusviestinn\u00e4st\u00e4\u00e4n selke\u00e4mp\u00e4\u00e4, uskottavampaa ja paremmin perusteltua.<\/p>\n\n\n\n<p>Monessa pk-yrityksess\u00e4 vastuullisuudesta viestit\u00e4\u00e4n jo verkkosivuilla, tuote- ja palvelukuvauksissa, tarjouspohjissa, esitteiss\u00e4, myyntimateriaaleissa, mainoksissa, pakkauksissa ja sosiaalisessa mediassa. Siksi omat vastuullisuusv\u00e4itteet kannattaa tarkistaa ennen julkaisemista eik\u00e4 vasta j\u00e4lkik\u00e4teen. <\/p>\n\n\n\n<p>Ep\u00e4tarkka viestint\u00e4 heikent\u00e4\u00e4 uskottavuutta, ja liian yleinen v\u00e4ite voi antaa liian laajan mielikuvan yrityksen vastuullisuudesta. Lis\u00e4ksi vastuullisuusv\u00e4itteit\u00e4 koskeva s\u00e4\u00e4ntely on kiristym\u00e4ss\u00e4.<\/p>\n\n\n\n<p>T\u00e4m\u00e4 maksuton tarkistuslista auttaa hahmottamaan, millainen on hyv\u00e4 vastuullisuusv\u00e4ite. Samalla tarkistuslista nostaa esiin, mit\u00e4 viestinn\u00e4ss\u00e4 kannattaa v\u00e4ltt\u00e4\u00e4. Tarkistuslistassa yrityksen vastuullisuusv\u00e4itteit\u00e4 testataan kolmella kysymyksell\u00e4. Kun vastuullisuusv\u00e4itteet k\u00e4yd\u00e4\u00e4n l\u00e4pi v\u00e4ite kerrallaan, viestinn\u00e4st\u00e4 tulee selke\u00e4mp\u00e4\u00e4, uskottavampaa ja turvallisempaa.<\/p>\n\n\n\n<p>Lataa maksuton tarkistuslista ja k\u00e4y yrityksesi vastuullisuusv\u00e4itteet l\u00e4pi selke\u00e4sti ja j\u00e4rjestelm\u00e4llisesti.<\/p>\n\n\n\n<div class=\"wp-block-buttons is-layout-flex wp-block-buttons-is-layout-flex\">\n<div class=\"wp-block-button\"><a class=\"wp-block-button__link has-background-color-color has-accent-background-color has-text-color has-background has-link-color wp-element-button\" href=\"https:\/\/www.kakikuu.fi\/wp-content\/uploads\/2026\/04\/Pk-yrityksen-vastuullisuusvaitteiden-tarkistuslista.pdf\" target=\"_blank\" rel=\"noreferrer noopener\">Lataa tarkistuslista<\/a><\/div>\n<\/div>\n\n\n\n<hr class=\"wp-block-separator has-alpha-channel-opacity\"\/>\n\n\n\n<p>Haluatko menn\u00e4 pidemm\u00e4lle? Tutustu my\u00f6s verkkokurssiin <strong><a href=\"https:\/\/kakikuu.campwire.com\/checkout\/pk-yrityksen-vastuullisuusvaitteet-ja-uskottava-vastuullisuusviestinta-5fce04a8\" target=\"_blank\" rel=\"noreferrer noopener\">SME sustainability claims and credible sustainability communication (in Finnish).<\/a><\/strong>, jossa aihe k\u00e4yd\u00e4\u00e4n perusteellisesti l\u00e4pi k\u00e4yt\u00e4nn\u00f6n esimerkkien, ty\u00f6kirjan ja teht\u00e4v\u00e4lomakkeen avulla.<\/p>\n\n\n\n<p><\/p>","protected":false},"excerpt":{"rendered":"<p>Pk-yrityksen vastuullisuusv\u00e4itteiden tarkistuslista auttaa yrityst\u00e4 tunnistamaan, mit\u00e4 vastuullisuudesta voidaan sanoa, mit\u00e4 viestinn\u00e4ss\u00e4 kannattaa v\u00e4ltt\u00e4\u00e4 ja miten omia vastuullisuusv\u00e4itteit\u00e4 arvioidaan k\u00e4yt\u00e4nn\u00f6ss\u00e4. Tarkistuslista on suunnattu pk-yrityksille, jotka haluavat tehd\u00e4 vastuullisuusviestinn\u00e4st\u00e4\u00e4n selke\u00e4mp\u00e4\u00e4, uskottavampaa ja paremmin perusteltua. Monessa pk-yrityksess\u00e4 vastuullisuudesta viestit\u00e4\u00e4n jo verkkosivuilla, tuote- ja palvelukuvauksissa, tarjouspohjissa, esitteiss\u00e4, myyntimateriaaleissa, mainoksissa, pakkauksissa ja sosiaalisessa mediassa. [&hellip;]<\/p>\n","protected":false},"author":1,"featured_media":2172,"parent":0,"menu_order":0,"comment_status":"closed","ping_status":"closed","template":"","meta":{"footnotes":""},"class_list":["post-2185","page","type-page","status-publish","has-post-thumbnail","hentry"],"yoast_head":"<!-- This site is optimized with the Yoast SEO plugin v27.4 - https:\/\/yoast.com\/product\/yoast-seo-wordpress\/ -->\n<title>Pk-yrityksen vastuullisuusv\u00e4itteiden tarkistuslista - K&auml;kikuu<\/title>\n<meta name=\"robots\" content=\"index, follow, max-snippet:-1, max-image-preview:large, max-video-preview:-1\" \/>\n<link rel=\"canonical\" href=\"https:\/\/www.kakikuu.fi\/en\/pk-yrityksen-vastuullisuusvaitteiden-tarkistuslista-2\/\" \/>\n<meta property=\"og:locale\" content=\"en_GB\" \/>\n<meta property=\"og:type\" content=\"article\" \/>\n<meta property=\"og:title\" content=\"Pk-yrityksen vastuullisuusv\u00e4itteiden tarkistuslista - K&auml;kikuu\" \/>\n<meta property=\"og:description\" content=\"Pk-yrityksen vastuullisuusv\u00e4itteiden tarkistuslista auttaa yrityst\u00e4 tunnistamaan, mit\u00e4 vastuullisuudesta voidaan sanoa, mit\u00e4 viestinn\u00e4ss\u00e4 kannattaa v\u00e4ltt\u00e4\u00e4 ja miten omia vastuullisuusv\u00e4itteit\u00e4 arvioidaan k\u00e4yt\u00e4nn\u00f6ss\u00e4. Tarkistuslista on suunnattu pk-yrityksille, jotka haluavat tehd\u00e4 vastuullisuusviestinn\u00e4st\u00e4\u00e4n selke\u00e4mp\u00e4\u00e4, uskottavampaa ja paremmin perusteltua. Monessa pk-yrityksess\u00e4 vastuullisuudesta viestit\u00e4\u00e4n jo verkkosivuilla, tuote- ja palvelukuvauksissa, tarjouspohjissa, esitteiss\u00e4, myyntimateriaaleissa, mainoksissa, pakkauksissa ja sosiaalisessa mediassa. [&hellip;]\" \/>\n<meta property=\"og:url\" content=\"https:\/\/www.kakikuu.fi\/en\/pk-yrityksen-vastuullisuusvaitteiden-tarkistuslista-2\/\" \/>\n<meta property=\"og:site_name\" content=\"K&auml;kikuu\" \/>\n<meta property=\"article:publisher\" content=\"https:\/\/www.facebook.com\/profile.php?id=61551999317882\" \/>\n<meta property=\"article:modified_time\" content=\"2026-04-20T14:20:12+00:00\" \/>\n<meta property=\"og:image\" content=\"https:\/\/www.kakikuu.fi\/wp-content\/uploads\/2026\/04\/agence-olloweb-d9ILr-dbEdg-unsplash-pieni.jpg\" \/>\n\t<meta property=\"og:image:width\" content=\"1000\" \/>\n\t<meta property=\"og:image:height\" content=\"664\" \/>\n\t<meta property=\"og:image:type\" content=\"image\/jpeg\" \/>\n<meta name=\"twitter:card\" content=\"summary_large_image\" \/>\n<meta name=\"twitter:label1\" content=\"Estimated reading time\" \/>\n\t<meta name=\"twitter:data1\" content=\"2 minutes\" \/>\n<script type=\"application\/ld+json\" class=\"yoast-schema-graph\">{\"@context\":\"https:\\\/\\\/schema.org\",\"@graph\":[{\"@type\":\"WebPage\",\"@id\":\"https:\\\/\\\/www.kakikuu.fi\\\/pk-yrityksen-vastuullisuusvaitteiden-tarkistuslista-2\\\/\",\"url\":\"https:\\\/\\\/www.kakikuu.fi\\\/pk-yrityksen-vastuullisuusvaitteiden-tarkistuslista-2\\\/\",\"name\":\"Pk-yrityksen vastuullisuusv\u00e4itteiden tarkistuslista - K&auml;kikuu\",\"isPartOf\":{\"@id\":\"https:\\\/\\\/www.kakikuu.fi\\\/#website\"},\"primaryImageOfPage\":{\"@id\":\"https:\\\/\\\/www.kakikuu.fi\\\/pk-yrityksen-vastuullisuusvaitteiden-tarkistuslista-2\\\/#primaryimage\"},\"image\":{\"@id\":\"https:\\\/\\\/www.kakikuu.fi\\\/pk-yrityksen-vastuullisuusvaitteiden-tarkistuslista-2\\\/#primaryimage\"},\"thumbnailUrl\":\"https:\\\/\\\/www.kakikuu.fi\\\/wp-content\\\/uploads\\\/2026\\\/04\\\/agence-olloweb-d9ILr-dbEdg-unsplash-pieni.jpg\",\"datePublished\":\"2026-04-20T14:20:11+00:00\",\"dateModified\":\"2026-04-20T14:20:12+00:00\",\"breadcrumb\":{\"@id\":\"https:\\\/\\\/www.kakikuu.fi\\\/pk-yrityksen-vastuullisuusvaitteiden-tarkistuslista-2\\\/#breadcrumb\"},\"inLanguage\":\"en-GB\",\"potentialAction\":[{\"@type\":\"ReadAction\",\"target\":[\"https:\\\/\\\/www.kakikuu.fi\\\/pk-yrityksen-vastuullisuusvaitteiden-tarkistuslista-2\\\/\"]}]},{\"@type\":\"ImageObject\",\"inLanguage\":\"en-GB\",\"@id\":\"https:\\\/\\\/www.kakikuu.fi\\\/pk-yrityksen-vastuullisuusvaitteiden-tarkistuslista-2\\\/#primaryimage\",\"url\":\"https:\\\/\\\/www.kakikuu.fi\\\/wp-content\\\/uploads\\\/2026\\\/04\\\/agence-olloweb-d9ILr-dbEdg-unsplash-pieni.jpg\",\"contentUrl\":\"https:\\\/\\\/www.kakikuu.fi\\\/wp-content\\\/uploads\\\/2026\\\/04\\\/agence-olloweb-d9ILr-dbEdg-unsplash-pieni.jpg\",\"width\":1000,\"height\":664,\"caption\":\"Vastuullisuusv\u00e4ite kannattaa esitt\u00e4\u00e4 niin, ett\u00e4 sen taustalla oleva peruste voidaan kertoa selke\u00e4sti.\"},{\"@type\":\"BreadcrumbList\",\"@id\":\"https:\\\/\\\/www.kakikuu.fi\\\/pk-yrityksen-vastuullisuusvaitteiden-tarkistuslista-2\\\/#breadcrumb\",\"itemListElement\":[{\"@type\":\"ListItem\",\"position\":1,\"name\":\"Etusivu\",\"item\":\"https:\\\/\\\/www.kakikuu.fi\\\/\"},{\"@type\":\"ListItem\",\"position\":2,\"name\":\"Pk-yrityksen vastuullisuusv\u00e4itteiden tarkistuslista\"}]},{\"@type\":\"WebSite\",\"@id\":\"https:\\\/\\\/www.kakikuu.fi\\\/#website\",\"url\":\"https:\\\/\\\/www.kakikuu.fi\\\/\",\"name\":\"K\u00e4kikuu\",\"description\":\"Yritysvastuun kumppani\",\"publisher\":{\"@id\":\"https:\\\/\\\/www.kakikuu.fi\\\/#organization\"},\"potentialAction\":[{\"@type\":\"SearchAction\",\"target\":{\"@type\":\"EntryPoint\",\"urlTemplate\":\"https:\\\/\\\/www.kakikuu.fi\\\/?s={search_term_string}\"},\"query-input\":{\"@type\":\"PropertyValueSpecification\",\"valueRequired\":true,\"valueName\":\"search_term_string\"}}],\"inLanguage\":\"en-GB\"},{\"@type\":\"Organization\",\"@id\":\"https:\\\/\\\/www.kakikuu.fi\\\/#organization\",\"name\":\"K\u00e4kikuu\",\"url\":\"https:\\\/\\\/www.kakikuu.fi\\\/\",\"logo\":{\"@type\":\"ImageObject\",\"inLanguage\":\"en-GB\",\"@id\":\"https:\\\/\\\/www.kakikuu.fi\\\/#\\\/schema\\\/logo\\\/image\\\/\",\"url\":\"https:\\\/\\\/www.kakikuu.fi\\\/wp-content\\\/uploads\\\/2024\\\/02\\\/cropped-Capture-5-jpg.webp\",\"contentUrl\":\"https:\\\/\\\/www.kakikuu.fi\\\/wp-content\\\/uploads\\\/2024\\\/02\\\/cropped-Capture-5-jpg.webp\",\"width\":508,\"height\":252,\"caption\":\"K\u00e4kikuu\"},\"image\":{\"@id\":\"https:\\\/\\\/www.kakikuu.fi\\\/#\\\/schema\\\/logo\\\/image\\\/\"},\"sameAs\":[\"https:\\\/\\\/www.facebook.com\\\/profile.php?id=61551999317882\"]}]}<\/script>\n<!-- \/ Yoast SEO plugin. -->","yoast_head_json":{"title":"Pk-yrityksen vastuullisuusv\u00e4itteiden tarkistuslista - K&auml;kikuu","robots":{"index":"index","follow":"follow","max-snippet":"max-snippet:-1","max-image-preview":"max-image-preview:large","max-video-preview":"max-video-preview:-1"},"canonical":"https:\/\/www.kakikuu.fi\/en\/pk-yrityksen-vastuullisuusvaitteiden-tarkistuslista-2\/","og_locale":"en_GB","og_type":"article","og_title":"Pk-yrityksen vastuullisuusv\u00e4itteiden tarkistuslista - K&auml;kikuu","og_description":"Pk-yrityksen vastuullisuusv\u00e4itteiden tarkistuslista auttaa yrityst\u00e4 tunnistamaan, mit\u00e4 vastuullisuudesta voidaan sanoa, mit\u00e4 viestinn\u00e4ss\u00e4 kannattaa v\u00e4ltt\u00e4\u00e4 ja miten omia vastuullisuusv\u00e4itteit\u00e4 arvioidaan k\u00e4yt\u00e4nn\u00f6ss\u00e4. Tarkistuslista on suunnattu pk-yrityksille, jotka haluavat tehd\u00e4 vastuullisuusviestinn\u00e4st\u00e4\u00e4n selke\u00e4mp\u00e4\u00e4, uskottavampaa ja paremmin perusteltua. Monessa pk-yrityksess\u00e4 vastuullisuudesta viestit\u00e4\u00e4n jo verkkosivuilla, tuote- ja palvelukuvauksissa, tarjouspohjissa, esitteiss\u00e4, myyntimateriaaleissa, mainoksissa, pakkauksissa ja sosiaalisessa mediassa. [&hellip;]","og_url":"https:\/\/www.kakikuu.fi\/en\/pk-yrityksen-vastuullisuusvaitteiden-tarkistuslista-2\/","og_site_name":"K&auml;kikuu","article_publisher":"https:\/\/www.facebook.com\/profile.php?id=61551999317882","article_modified_time":"2026-04-20T14:20:12+00:00","og_image":[{"width":1000,"height":664,"url":"https:\/\/www.kakikuu.fi\/wp-content\/uploads\/2026\/04\/agence-olloweb-d9ILr-dbEdg-unsplash-pieni.jpg","type":"image\/jpeg"}],"twitter_card":"summary_large_image","twitter_misc":{"Estimated reading time":"2 minutes"},"schema":{"@context":"https:\/\/schema.org","@graph":[{"@type":"WebPage","@id":"https:\/\/www.kakikuu.fi\/pk-yrityksen-vastuullisuusvaitteiden-tarkistuslista-2\/","url":"https:\/\/www.kakikuu.fi\/pk-yrityksen-vastuullisuusvaitteiden-tarkistuslista-2\/","name":"Pk-yrityksen vastuullisuusv\u00e4itteiden tarkistuslista - K&auml;kikuu","isPartOf":{"@id":"https:\/\/www.kakikuu.fi\/#website"},"primaryImageOfPage":{"@id":"https:\/\/www.kakikuu.fi\/pk-yrityksen-vastuullisuusvaitteiden-tarkistuslista-2\/#primaryimage"},"image":{"@id":"https:\/\/www.kakikuu.fi\/pk-yrityksen-vastuullisuusvaitteiden-tarkistuslista-2\/#primaryimage"},"thumbnailUrl":"https:\/\/www.kakikuu.fi\/wp-content\/uploads\/2026\/04\/agence-olloweb-d9ILr-dbEdg-unsplash-pieni.jpg","datePublished":"2026-04-20T14:20:11+00:00","dateModified":"2026-04-20T14:20:12+00:00","breadcrumb":{"@id":"https:\/\/www.kakikuu.fi\/pk-yrityksen-vastuullisuusvaitteiden-tarkistuslista-2\/#breadcrumb"},"inLanguage":"en-GB","potentialAction":[{"@type":"ReadAction","target":["https:\/\/www.kakikuu.fi\/pk-yrityksen-vastuullisuusvaitteiden-tarkistuslista-2\/"]}]},{"@type":"ImageObject","inLanguage":"en-GB","@id":"https:\/\/www.kakikuu.fi\/pk-yrityksen-vastuullisuusvaitteiden-tarkistuslista-2\/#primaryimage","url":"https:\/\/www.kakikuu.fi\/wp-content\/uploads\/2026\/04\/agence-olloweb-d9ILr-dbEdg-unsplash-pieni.jpg","contentUrl":"https:\/\/www.kakikuu.fi\/wp-content\/uploads\/2026\/04\/agence-olloweb-d9ILr-dbEdg-unsplash-pieni.jpg","width":1000,"height":664,"caption":"Vastuullisuusv\u00e4ite kannattaa esitt\u00e4\u00e4 niin, ett\u00e4 sen taustalla oleva peruste voidaan kertoa selke\u00e4sti."},{"@type":"BreadcrumbList","@id":"https:\/\/www.kakikuu.fi\/pk-yrityksen-vastuullisuusvaitteiden-tarkistuslista-2\/#breadcrumb","itemListElement":[{"@type":"ListItem","position":1,"name":"Etusivu","item":"https:\/\/www.kakikuu.fi\/"},{"@type":"ListItem","position":2,"name":"Pk-yrityksen vastuullisuusv\u00e4itteiden tarkistuslista"}]},{"@type":"WebSite","@id":"https:\/\/www.kakikuu.fi\/#website","url":"https:\/\/www.kakikuu.fi\/","name":"K\u00e4kikuu","description":"Your Partner in Corporate Responsibility","publisher":{"@id":"https:\/\/www.kakikuu.fi\/#organization"},"potentialAction":[{"@type":"SearchAction","target":{"@type":"EntryPoint","urlTemplate":"https:\/\/www.kakikuu.fi\/?s={search_term_string}"},"query-input":{"@type":"PropertyValueSpecification","valueRequired":true,"valueName":"search_term_string"}}],"inLanguage":"en-GB"},{"@type":"Organization","@id":"https:\/\/www.kakikuu.fi\/#organization","name":"K\u00e4kikuu","url":"https:\/\/www.kakikuu.fi\/","logo":{"@type":"ImageObject","inLanguage":"en-GB","@id":"https:\/\/www.kakikuu.fi\/#\/schema\/logo\/image\/","url":"https:\/\/www.kakikuu.fi\/wp-content\/uploads\/2024\/02\/cropped-Capture-5-jpg.webp","contentUrl":"https:\/\/www.kakikuu.fi\/wp-content\/uploads\/2024\/02\/cropped-Capture-5-jpg.webp","width":508,"height":252,"caption":"K\u00e4kikuu"},"image":{"@id":"https:\/\/www.kakikuu.fi\/#\/schema\/logo\/image\/"},"sameAs":["https:\/\/www.facebook.com\/profile.php?id=61551999317882"]}]}},"_links":{"self":[{"href":"https:\/\/www.kakikuu.fi\/en\/wp-json\/wp\/v2\/pages\/2185","targetHints":{"allow":["GET"]}}],"collection":[{"href":"https:\/\/www.kakikuu.fi\/en\/wp-json\/wp\/v2\/pages"}],"about":[{"href":"https:\/\/www.kakikuu.fi\/en\/wp-json\/wp\/v2\/types\/page"}],"author":[{"embeddable":true,"href":"https:\/\/www.kakikuu.fi\/en\/wp-json\/wp\/v2\/users\/1"}],"replies":[{"embeddable":true,"href":"https:\/\/www.kakikuu.fi\/en\/wp-json\/wp\/v2\/comments?post=2185"}],"version-history":[{"count":3,"href":"https:\/\/www.kakikuu.fi\/en\/wp-json\/wp\/v2\/pages\/2185\/revisions"}],"predecessor-version":[{"id":2190,"href":"https:\/\/www.kakikuu.fi\/en\/wp-json\/wp\/v2\/pages\/2185\/revisions\/2190"}],"wp:featuredmedia":[{"embeddable":true,"href":"https:\/\/www.kakikuu.fi\/en\/wp-json\/wp\/v2\/media\/2172"}],"wp:attachment":[{"href":"https:\/\/www.kakikuu.fi\/en\/wp-json\/wp\/v2\/media?parent=2185"}],"curies":[{"name":"wp","href":"https:\/\/api.w.org\/{rel}","templated":true}]}}