{"id":2080,"date":"2026-04-07T19:09:44","date_gmt":"2026-04-07T17:09:44","guid":{"rendered":"https:\/\/www.kakikuu.fi\/?page_id=2080"},"modified":"2026-04-21T15:31:02","modified_gmt":"2026-04-21T13:31:02","slug":"verkkokurssit-pk-yrityksille","status":"publish","type":"page","link":"https:\/\/www.kakikuu.fi\/en\/verkkokurssit-pk-yrityksille\/","title":{"rendered":"Verkkokurssit pk-yrityksille"},"content":{"rendered":"<p>Verkkokurssit pk-yrityksille tarjoavat k\u00e4yt\u00e4nn\u00f6nl\u00e4heisen tavan rakentaa vastuullisuusty\u00f6t\u00e4 selke\u00e4sti, hallitusti ja liiketoimintaa tukevalla tavalla. K\u00e4kikuun verkkokurssit on suunniteltu yrityksille, jotka haluavat vied\u00e4 vastuullisuusty\u00f6t\u00e4 eteenp\u00e4in k\u00e4yt\u00e4nn\u00f6ss\u00e4 ja omaan liiketoimintaansa sopivalla tavalla.<\/p>\n\n\n\n<hr class=\"wp-block-separator has-alpha-channel-opacity\"\/>\n\n\n\n<h2 class=\"wp-block-heading\">Viestinn\u00e4n verkkokurssi pk-yrityksille<\/h2>\n\n\n\n<p><strong>Laita yrityksesi vastuullisuusviestint\u00e4 kuntoon:<\/strong> <strong><a href=\"https:\/\/kakikuu.campwire.com\/checkout\/pk-yrityksen-vastuullisuusvaitteet-ja-uskottava-vastuullisuusviestinta-5fce04a8\" target=\"_blank\" rel=\"noreferrer noopener\">SME sustainability claims and credible sustainability communication (in Finnish).<\/a><\/strong> <strong>89,- \u20ac + alv.<\/strong><\/p>\n\n\n\n<p>4-osainen viestinn\u00e4n verkkokurssi, joka auttaa tekem\u00e4\u00e4n yrityksen vastuullisuusviestinn\u00e4st\u00e4 selke\u00e4mp\u00e4\u00e4, paremmin perusteltua ja uskottavampaa.<\/p>\n\n\n\n<p>Opit tunnistamaan, miss\u00e4 vastuullisuusv\u00e4itteit\u00e4 esiintyy, miten niit\u00e4 arvioidaan ja mit\u00e4 niille tarvittaessa pit\u00e4\u00e4 tehd\u00e4. Tavoitteena on tehd\u00e4 yrityksen vastuullisuusviestinn\u00e4st\u00e4 selke\u00e4mp\u00e4\u00e4, paremmin perusteltua ja uskottavampaa.<\/p>\n\n\n\n<div class=\"wp-block-buttons is-layout-flex wp-block-buttons-is-layout-flex\">\n<div class=\"wp-block-button\"><a class=\"wp-block-button__link has-background-color-color has-accent-background-color has-text-color has-background has-link-color wp-element-button\" href=\"https:\/\/kakikuu.campwire.com\/checkout\/pk-yrityksen-vastuullisuusvaitteet-ja-uskottava-vastuullisuusviestinta-5fce04a8\" target=\"_blank\" rel=\"noreferrer noopener\">Kurkkaa t\u00e4st\u00e4<\/a><\/div>\n<\/div>\n\n\n\n<hr class=\"wp-block-separator has-alpha-channel-opacity\"\/>\n\n\n\n<p>Haluatko aloittaa kevyemmin? Lataa maksuton <a href=\"https:\/\/www.kakikuu.fi\/en\/pk-yrityksen-vastuullisuusvaitteiden-tarkistuslista-2\/\" target=\"_blank\" rel=\"noreferrer noopener\">tarkistuslista pk-yrityksen vastuullisuusv\u00e4itteiden arviointiin.<\/a><\/p>\n\n\n\n<hr class=\"wp-block-separator has-alpha-channel-opacity\"\/>\n\n\n\n<h2 class=\"wp-block-heading\">VSME verkkokurssi pk-yrityksille<\/h2>\n\n\n\n<p><strong>Aloita vastuullisuusraportointi t\u00e4st\u00e4:<\/strong> <a href=\"https:\/\/www.kakikuu.fi\/en\/vsme-verkkokurssi-pk-yrityksille\/\" target=\"_blank\" rel=\"noreferrer noopener\">VSME Reporting for SMEs (in Finnish).<\/a><strong> 349,- \u20ac + alv.<\/strong><\/p>\n\n\n\n<p>4-osainen VSME verkkokurssi, jossa kokoat yrityksesi vastuullisuustiedot yhteen paikkaan ja rakennat ensimm\u00e4isen VSME-raporttisi vaihe vaiheelta valmiin Excel-ty\u00f6kalun avulla.<\/p>\n\n\n\n<p>Lopputuloksena sinulla on yrityksesi vastuullisuustiedot koottuna yhteen paikkaan ja ensimm\u00e4inen VSME-vastuullisuusraportti valmis. Raporttia pystyt hy\u00f6dynt\u00e4m\u00e4\u00e4n yrityksesi liiketoiminnan kehitt\u00e4misess\u00e4, p\u00e4\u00e4t\u00f6ksenteossa ja sidosryhm\u00e4viestinn\u00e4ss\u00e4.<\/p>\n\n\n\n<div class=\"wp-block-buttons is-layout-flex wp-block-buttons-is-layout-flex\">\n<div class=\"wp-block-button\"><a class=\"wp-block-button__link has-background-color-color has-accent-background-color has-text-color has-background has-link-color wp-element-button\" href=\"https:\/\/kakikuu.campwire.com\/checkout\/vsme-raportointi-pk-yrityksissa-2db44fbd\" target=\"_blank\" rel=\"noreferrer noopener\">Aloita kurssi<\/a><\/div>\n<\/div>\n\n\n\n<hr class=\"wp-block-separator has-alpha-channel-opacity\"\/>\n\n\n\n<h2 class=\"wp-block-heading\">Pk-yrityksen vastuullisuusty\u00f6n verkkokurssi<\/h2>\n\n\n\n<p><strong>Jatka vastuullisuusty\u00f6t\u00e4 t\u00e4st\u00e4: <\/strong><a style=\"font-weight: bold;\" href=\"https:\/\/kakikuu.campwire.com\/checkout\/pk-yrityksen-vastuullisuustyon-polku-cc493a69\" type=\"link\" id=\"https:\/\/kakikuu.campwire.com\/checkout\/pk-yrityksen-vastuullisuustyon-polku-cc493a69\" target=\"_blank\" rel=\"noreferrer noopener\">The SME Sustainability Work Path<\/a> <strong>349,- \u20ac + alv. <\/strong><\/p>\n\n\n\n<p>6-osainen vastullisuusty\u00f6n verkkokurssi, joka auttaa rakentamaan yrityksen vastuullisuusty\u00f6lle selke\u00e4n suunnan ja k\u00e4yt\u00e4nn\u00f6n etenemismallin.<\/p>\n\n\n\n<p>Kurssin j\u00e4lkeen yrityksell\u00e4 on selke\u00e4, k\u00e4yt\u00e4nn\u00f6nl\u00e4heinen etenemismalli vastuullisuusty\u00f6h\u00f6n. Yritys tunnistaa, mitk\u00e4 vastuullisuusteemat ovat sen toiminnan kannalta olennaisimpia, mit\u00e4 asioita kannattaa tehd\u00e4 ensin ja miten ty\u00f6 vied\u00e4\u00e4n osaksi arkea, johtamista ja viestint\u00e4\u00e4.<\/p>\n\n\n\n<div class=\"wp-block-buttons is-layout-flex wp-block-buttons-is-layout-flex\">\n<div class=\"wp-block-button\"><a class=\"wp-block-button__link has-background-color-color has-accent-background-color has-text-color has-background has-link-color wp-element-button\" href=\"https:\/\/kakikuu.campwire.com\/checkout\/pk-yrityksen-vastuullisuustyon-polku-cc493a69\" target=\"_blank\" rel=\"noreferrer noopener\">Rakenna suunta<\/a><\/div>\n<\/div>\n\n\n\n<hr class=\"wp-block-separator has-alpha-channel-opacity\"\/>\n\n\n\n<h2 class=\"wp-block-heading\">Kaksoisolennaisuusanalyysi pk-yrityksille<\/h2>\n\n\n\n<p><strong>Syvenn\u00e4 t\u00e4st\u00e4: <a href=\"https:\/\/kakikuu.campwire.com\/checkout\/kaksoisolennaisuusanalyysi-pk-yritykselle-5641aea0\" type=\"link\" id=\"https:\/\/kakikuu.campwire.com\/checkout\/kaksoisolennaisuusanalyysi-pk-yritykselle-5641aea0\" target=\"_blank\" rel=\"noreferrer noopener\">Kaksoisolennaisuusanalyysi pk-yrityksille <\/a>349,- \u20ac + alv.<\/strong><\/p>\n\n\n\n<p>6-osainen verkkokurssi, jolla rakennat kaksoisolennaisuusanalyysin vaihe vaiheelta.<\/p>\n\n\n\n<p>Lopputuloksena yrityksell\u00e4si on selke\u00e4mpi ymm\u00e4rrys siit\u00e4, mihin vastuullisuusty\u00f6ss\u00e4 kannattaa keskitty\u00e4, mit\u00e4 kannattaa tehd\u00e4 ensin ja miten analyysi\u00e4 voidaan hy\u00f6dynt\u00e4\u00e4 yrityksen arjessa, p\u00e4\u00e4t\u00f6ksenteossa, raportoinnissa ja viestinn\u00e4ss\u00e4.<\/p>\n\n\n\n<div class=\"wp-block-buttons is-layout-flex wp-block-buttons-is-layout-flex\">\n<div class=\"wp-block-button\"><a class=\"wp-block-button__link has-background-color-color has-accent-background-color has-text-color has-background has-link-color wp-element-button\" href=\"https:\/\/kakikuu.campwire.com\/checkout\/kaksoisolennaisuusanalyysi-pk-yritykselle-5641aea0\" target=\"_blank\" rel=\"noreferrer noopener\">Tee analyysi<\/a><\/div>\n<\/div>\n\n\n\n<hr class=\"wp-block-separator has-alpha-channel-opacity\"\/>\n\n\n\n<hr class=\"wp-block-separator has-alpha-channel-opacity\"\/>\n\n\n\n<h2 class=\"wp-block-heading\">K\u00e4yt\u00e4nn\u00f6nl\u00e4heinen tapa edet\u00e4 vastuullisuusty\u00f6ss\u00e4<\/h2>\n\n\n\n<p>K\u00e4kikuun verkkokurssit auttavat viem\u00e4\u00e4n vastuullisuusty\u00f6t\u00e4 k\u00e4yt\u00e4nt\u00f6\u00f6n vaihe vaiheelta. Kurssien sis\u00e4lt\u00f6 perustuu siihen ajatukseen, ett\u00e4 pk-yrityksen vastuullisuusty\u00f6n pit\u00e4\u00e4 tukea yrityksen arkea, p\u00e4\u00e4t\u00f6ksentekoa ja liiketoiminnan kehitt\u00e4mist\u00e4.<\/p>\n\n\n\n<p>Verkkokurssi pk-yrityksille sopii erityisesti silloin, kun yrityksess\u00e4 halutaan:<\/p>\n\n\n\n<ul class=\"wp-block-list\">\n<li>saada selke\u00e4 kuva siit\u00e4, mist\u00e4 vastuullisuusty\u00f6ss\u00e4 kannattaa aloittaa<\/li>\n\n\n\n<li>tunnistaa t\u00e4rkeimm\u00e4t vastuullisuusteemat<\/li>\n\n\n\n<li>rakentaa k\u00e4yt\u00e4nn\u00f6n etenemismalli vastuullisuusty\u00f6lle<\/li>\n\n\n\n<li>kehitt\u00e4\u00e4 vastuullisuutta osana normaalia liiketoimintaa<\/li>\n\n\n\n<li>raportoida vastuullisuusty\u00f6n tuloksista<\/li>\n<\/ul>\n\n\n\n<hr class=\"wp-block-separator has-alpha-channel-opacity\"\/>\n\n\n\n<p><\/p>","protected":false},"excerpt":{"rendered":"<p>Verkkokurssit pk-yrityksille tarjoavat k\u00e4yt\u00e4nn\u00f6nl\u00e4heisen tavan rakentaa vastuullisuusty\u00f6t\u00e4 selke\u00e4sti, hallitusti ja liiketoimintaa tukevalla tavalla. K\u00e4kikuun verkkokurssit on suunniteltu yrityksille, jotka haluavat vied\u00e4 vastuullisuusty\u00f6t\u00e4 eteenp\u00e4in k\u00e4yt\u00e4nn\u00f6ss\u00e4 ja omaan liiketoimintaansa sopivalla tavalla. Viestinn\u00e4n verkkokurssi pk-yrityksille Laita yrityksesi vastuullisuusviestint\u00e4 kuntoon: Pk-yrityksen vastuullisuusv\u00e4itteet ja uskottava vastuullisuusviestint\u00e4 89,- \u20ac + alv. 4-osainen viestinn\u00e4n verkkokurssi, joka auttaa [&hellip;]<\/p>\n","protected":false},"author":1,"featured_media":2081,"parent":0,"menu_order":0,"comment_status":"closed","ping_status":"closed","template":"","meta":{"footnotes":""},"class_list":["post-2080","page","type-page","status-publish","has-post-thumbnail","hentry"],"yoast_head":"<!-- This site is optimized with the Yoast SEO plugin v27.5 - https:\/\/yoast.com\/product\/yoast-seo-wordpress\/ -->\n<title>Verkkokurssi pk-yrityksille | K\u00e4kikuu Oy<\/title>\n<meta name=\"description\" content=\"Verkkokurssit pk-yrityksille auttavat rakentamaan vastuullisuusty\u00f6lle selke\u00e4n suunnan ja k\u00e4yt\u00e4nn\u00f6n etenemismallin.\" \/>\n<meta name=\"robots\" content=\"index, follow, max-snippet:-1, max-image-preview:large, max-video-preview:-1\" \/>\n<link rel=\"canonical\" href=\"https:\/\/www.kakikuu.fi\/en\/verkkokurssit-pk-yrityksille\/\" \/>\n<meta property=\"og:locale\" content=\"en_GB\" \/>\n<meta property=\"og:type\" content=\"article\" \/>\n<meta property=\"og:title\" content=\"Verkkokurssi pk-yrityksille | K\u00e4kikuu Oy\" \/>\n<meta property=\"og:description\" content=\"Verkkokurssit pk-yrityksille auttavat rakentamaan vastuullisuusty\u00f6lle selke\u00e4n suunnan ja k\u00e4yt\u00e4nn\u00f6n etenemismallin.\" \/>\n<meta property=\"og:url\" content=\"https:\/\/www.kakikuu.fi\/en\/verkkokurssit-pk-yrityksille\/\" \/>\n<meta property=\"og:site_name\" content=\"K\u00e4kikuu\" \/>\n<meta property=\"article:publisher\" content=\"https:\/\/www.facebook.com\/profile.php?id=61551999317882\" \/>\n<meta property=\"article:modified_time\" content=\"2026-04-21T13:31:02+00:00\" \/>\n<meta property=\"og:image\" content=\"https:\/\/www.kakikuu.fi\/wp-content\/uploads\/2026\/04\/Kakikuu-Oy-kansikuva-Campwire.webp\" \/>\n\t<meta property=\"og:image:width\" content=\"1360\" \/>\n\t<meta property=\"og:image:height\" content=\"765\" \/>\n\t<meta property=\"og:image:type\" content=\"image\/webp\" \/>\n<meta name=\"twitter:card\" content=\"summary_large_image\" \/>\n<meta name=\"twitter:label1\" content=\"Estimated reading time\" \/>\n\t<meta name=\"twitter:data1\" content=\"3 minutes\" \/>\n<script type=\"application\/ld+json\" class=\"yoast-schema-graph\">{\"@context\":\"https:\\\/\\\/schema.org\",\"@graph\":[{\"@type\":\"WebPage\",\"@id\":\"https:\\\/\\\/www.kakikuu.fi\\\/verkkokurssit-pk-yrityksille\\\/\",\"url\":\"https:\\\/\\\/www.kakikuu.fi\\\/verkkokurssit-pk-yrityksille\\\/\",\"name\":\"Verkkokurssi pk-yrityksille | K\u00e4kikuu Oy\",\"isPartOf\":{\"@id\":\"https:\\\/\\\/www.kakikuu.fi\\\/#website\"},\"primaryImageOfPage\":{\"@id\":\"https:\\\/\\\/www.kakikuu.fi\\\/verkkokurssit-pk-yrityksille\\\/#primaryimage\"},\"image\":{\"@id\":\"https:\\\/\\\/www.kakikuu.fi\\\/verkkokurssit-pk-yrityksille\\\/#primaryimage\"},\"thumbnailUrl\":\"https:\\\/\\\/www.kakikuu.fi\\\/wp-content\\\/uploads\\\/2026\\\/04\\\/Kakikuu-Oy-kansikuva-Campwire.webp\",\"datePublished\":\"2026-04-07T17:09:44+00:00\",\"dateModified\":\"2026-04-21T13:31:02+00:00\",\"description\":\"Verkkokurssit pk-yrityksille auttavat rakentamaan vastuullisuusty\u00f6lle selke\u00e4n suunnan ja k\u00e4yt\u00e4nn\u00f6n etenemismallin.\",\"breadcrumb\":{\"@id\":\"https:\\\/\\\/www.kakikuu.fi\\\/verkkokurssit-pk-yrityksille\\\/#breadcrumb\"},\"inLanguage\":\"en-GB\",\"potentialAction\":[{\"@type\":\"ReadAction\",\"target\":[\"https:\\\/\\\/www.kakikuu.fi\\\/verkkokurssit-pk-yrityksille\\\/\"]}]},{\"@type\":\"ImageObject\",\"inLanguage\":\"en-GB\",\"@id\":\"https:\\\/\\\/www.kakikuu.fi\\\/verkkokurssit-pk-yrityksille\\\/#primaryimage\",\"url\":\"https:\\\/\\\/www.kakikuu.fi\\\/wp-content\\\/uploads\\\/2026\\\/04\\\/Kakikuu-Oy-kansikuva-Campwire.webp\",\"contentUrl\":\"https:\\\/\\\/www.kakikuu.fi\\\/wp-content\\\/uploads\\\/2026\\\/04\\\/Kakikuu-Oy-kansikuva-Campwire.webp\",\"width\":1360,\"height\":765,\"caption\":\"K\u00e4yt\u00e4nn\u00f6nl\u00e4heisi\u00e4 verkkokursseja pk-yritysten vastuullisuusty\u00f6h\u00f6n\"},{\"@type\":\"BreadcrumbList\",\"@id\":\"https:\\\/\\\/www.kakikuu.fi\\\/verkkokurssit-pk-yrityksille\\\/#breadcrumb\",\"itemListElement\":[{\"@type\":\"ListItem\",\"position\":1,\"name\":\"Etusivu\",\"item\":\"https:\\\/\\\/www.kakikuu.fi\\\/\"},{\"@type\":\"ListItem\",\"position\":2,\"name\":\"Verkkokurssit pk-yrityksille\"}]},{\"@type\":\"WebSite\",\"@id\":\"https:\\\/\\\/www.kakikuu.fi\\\/#website\",\"url\":\"https:\\\/\\\/www.kakikuu.fi\\\/\",\"name\":\"K\u00e4kikuu\",\"description\":\"Yritysvastuun kumppani\",\"publisher\":{\"@id\":\"https:\\\/\\\/www.kakikuu.fi\\\/#organization\"},\"potentialAction\":[{\"@type\":\"SearchAction\",\"target\":{\"@type\":\"EntryPoint\",\"urlTemplate\":\"https:\\\/\\\/www.kakikuu.fi\\\/?s={search_term_string}\"},\"query-input\":{\"@type\":\"PropertyValueSpecification\",\"valueRequired\":true,\"valueName\":\"search_term_string\"}}],\"inLanguage\":\"en-GB\"},{\"@type\":\"Organization\",\"@id\":\"https:\\\/\\\/www.kakikuu.fi\\\/#organization\",\"name\":\"K\u00e4kikuu\",\"url\":\"https:\\\/\\\/www.kakikuu.fi\\\/\",\"logo\":{\"@type\":\"ImageObject\",\"inLanguage\":\"en-GB\",\"@id\":\"https:\\\/\\\/www.kakikuu.fi\\\/#\\\/schema\\\/logo\\\/image\\\/\",\"url\":\"https:\\\/\\\/www.kakikuu.fi\\\/wp-content\\\/uploads\\\/2024\\\/02\\\/cropped-Capture-5-jpg.webp\",\"contentUrl\":\"https:\\\/\\\/www.kakikuu.fi\\\/wp-content\\\/uploads\\\/2024\\\/02\\\/cropped-Capture-5-jpg.webp\",\"width\":508,\"height\":252,\"caption\":\"K\u00e4kikuu\"},\"image\":{\"@id\":\"https:\\\/\\\/www.kakikuu.fi\\\/#\\\/schema\\\/logo\\\/image\\\/\"},\"sameAs\":[\"https:\\\/\\\/www.facebook.com\\\/profile.php?id=61551999317882\"]}]}<\/script>\n<!-- \/ Yoast SEO plugin. -->","yoast_head_json":{"title":"Verkkokurssi pk-yrityksille | K\u00e4kikuu Oy","description":"Verkkokurssit pk-yrityksille auttavat rakentamaan vastuullisuusty\u00f6lle selke\u00e4n suunnan ja k\u00e4yt\u00e4nn\u00f6n etenemismallin.","robots":{"index":"index","follow":"follow","max-snippet":"max-snippet:-1","max-image-preview":"max-image-preview:large","max-video-preview":"max-video-preview:-1"},"canonical":"https:\/\/www.kakikuu.fi\/en\/verkkokurssit-pk-yrityksille\/","og_locale":"en_GB","og_type":"article","og_title":"Verkkokurssi pk-yrityksille | K\u00e4kikuu Oy","og_description":"Verkkokurssit pk-yrityksille auttavat rakentamaan vastuullisuusty\u00f6lle selke\u00e4n suunnan ja k\u00e4yt\u00e4nn\u00f6n etenemismallin.","og_url":"https:\/\/www.kakikuu.fi\/en\/verkkokurssit-pk-yrityksille\/","og_site_name":"K\u00e4kikuu","article_publisher":"https:\/\/www.facebook.com\/profile.php?id=61551999317882","article_modified_time":"2026-04-21T13:31:02+00:00","og_image":[{"width":1360,"height":765,"url":"https:\/\/www.kakikuu.fi\/wp-content\/uploads\/2026\/04\/Kakikuu-Oy-kansikuva-Campwire.webp","type":"image\/webp"}],"twitter_card":"summary_large_image","twitter_misc":{"Estimated reading time":"3 minutes"},"schema":{"@context":"https:\/\/schema.org","@graph":[{"@type":"WebPage","@id":"https:\/\/www.kakikuu.fi\/verkkokurssit-pk-yrityksille\/","url":"https:\/\/www.kakikuu.fi\/verkkokurssit-pk-yrityksille\/","name":"Verkkokurssi pk-yrityksille | K\u00e4kikuu Oy","isPartOf":{"@id":"https:\/\/www.kakikuu.fi\/#website"},"primaryImageOfPage":{"@id":"https:\/\/www.kakikuu.fi\/verkkokurssit-pk-yrityksille\/#primaryimage"},"image":{"@id":"https:\/\/www.kakikuu.fi\/verkkokurssit-pk-yrityksille\/#primaryimage"},"thumbnailUrl":"https:\/\/www.kakikuu.fi\/wp-content\/uploads\/2026\/04\/Kakikuu-Oy-kansikuva-Campwire.webp","datePublished":"2026-04-07T17:09:44+00:00","dateModified":"2026-04-21T13:31:02+00:00","description":"Verkkokurssit pk-yrityksille auttavat rakentamaan vastuullisuusty\u00f6lle selke\u00e4n suunnan ja k\u00e4yt\u00e4nn\u00f6n etenemismallin.","breadcrumb":{"@id":"https:\/\/www.kakikuu.fi\/verkkokurssit-pk-yrityksille\/#breadcrumb"},"inLanguage":"en-GB","potentialAction":[{"@type":"ReadAction","target":["https:\/\/www.kakikuu.fi\/verkkokurssit-pk-yrityksille\/"]}]},{"@type":"ImageObject","inLanguage":"en-GB","@id":"https:\/\/www.kakikuu.fi\/verkkokurssit-pk-yrityksille\/#primaryimage","url":"https:\/\/www.kakikuu.fi\/wp-content\/uploads\/2026\/04\/Kakikuu-Oy-kansikuva-Campwire.webp","contentUrl":"https:\/\/www.kakikuu.fi\/wp-content\/uploads\/2026\/04\/Kakikuu-Oy-kansikuva-Campwire.webp","width":1360,"height":765,"caption":"K\u00e4yt\u00e4nn\u00f6nl\u00e4heisi\u00e4 verkkokursseja pk-yritysten vastuullisuusty\u00f6h\u00f6n"},{"@type":"BreadcrumbList","@id":"https:\/\/www.kakikuu.fi\/verkkokurssit-pk-yrityksille\/#breadcrumb","itemListElement":[{"@type":"ListItem","position":1,"name":"Etusivu","item":"https:\/\/www.kakikuu.fi\/"},{"@type":"ListItem","position":2,"name":"Verkkokurssit pk-yrityksille"}]},{"@type":"WebSite","@id":"https:\/\/www.kakikuu.fi\/#website","url":"https:\/\/www.kakikuu.fi\/","name":"K\u00e4kikuu","description":"Your Partner in Corporate Responsibility","publisher":{"@id":"https:\/\/www.kakikuu.fi\/#organization"},"potentialAction":[{"@type":"SearchAction","target":{"@type":"EntryPoint","urlTemplate":"https:\/\/www.kakikuu.fi\/?s={search_term_string}"},"query-input":{"@type":"PropertyValueSpecification","valueRequired":true,"valueName":"search_term_string"}}],"inLanguage":"en-GB"},{"@type":"Organization","@id":"https:\/\/www.kakikuu.fi\/#organization","name":"K\u00e4kikuu","url":"https:\/\/www.kakikuu.fi\/","logo":{"@type":"ImageObject","inLanguage":"en-GB","@id":"https:\/\/www.kakikuu.fi\/#\/schema\/logo\/image\/","url":"https:\/\/www.kakikuu.fi\/wp-content\/uploads\/2024\/02\/cropped-Capture-5-jpg.webp","contentUrl":"https:\/\/www.kakikuu.fi\/wp-content\/uploads\/2024\/02\/cropped-Capture-5-jpg.webp","width":508,"height":252,"caption":"K\u00e4kikuu"},"image":{"@id":"https:\/\/www.kakikuu.fi\/#\/schema\/logo\/image\/"},"sameAs":["https:\/\/www.facebook.com\/profile.php?id=61551999317882"]}]}},"_links":{"self":[{"href":"https:\/\/www.kakikuu.fi\/en\/wp-json\/wp\/v2\/pages\/2080","targetHints":{"allow":["GET"]}}],"collection":[{"href":"https:\/\/www.kakikuu.fi\/en\/wp-json\/wp\/v2\/pages"}],"about":[{"href":"https:\/\/www.kakikuu.fi\/en\/wp-json\/wp\/v2\/types\/page"}],"author":[{"embeddable":true,"href":"https:\/\/www.kakikuu.fi\/en\/wp-json\/wp\/v2\/users\/1"}],"replies":[{"embeddable":true,"href":"https:\/\/www.kakikuu.fi\/en\/wp-json\/wp\/v2\/comments?post=2080"}],"version-history":[{"count":41,"href":"https:\/\/www.kakikuu.fi\/en\/wp-json\/wp\/v2\/pages\/2080\/revisions"}],"predecessor-version":[{"id":2223,"href":"https:\/\/www.kakikuu.fi\/en\/wp-json\/wp\/v2\/pages\/2080\/revisions\/2223"}],"wp:featuredmedia":[{"embeddable":true,"href":"https:\/\/www.kakikuu.fi\/en\/wp-json\/wp\/v2\/media\/2081"}],"wp:attachment":[{"href":"https:\/\/www.kakikuu.fi\/en\/wp-json\/wp\/v2\/media?parent=2080"}],"curies":[{"name":"wp","href":"https:\/\/api.w.org\/{rel}","templated":true}]}}