{"id":1704,"date":"2025-11-09T12:05:56","date_gmt":"2025-11-09T10:05:56","guid":{"rendered":"https:\/\/www.kakikuu.fi\/?page_id=1704"},"modified":"2026-02-01T17:50:54","modified_gmt":"2026-02-01T15:50:54","slug":"vastuullisuustyon-ratkaisut-oppilaitoksille-ja-kehittajille","status":"publish","type":"page","link":"https:\/\/www.kakikuu.fi\/en\/vastuullisuustyon-ratkaisut-oppilaitoksille-ja-kehittajille\/","title":{"rendered":"Sustainability Solutions for Education and Development"},"content":{"rendered":"\n<p>K\u00e4kikuu tarjoaa k\u00e4yt\u00e4nn\u00f6nl\u00e4heiset ja vaikuttavat vastuullisuusty\u00f6n ratkaisut, joilla voidaan vahvistaa sek\u00e4 opetuksen ett\u00e4 kehitt\u00e4mistoiminnan kest\u00e4v\u00e4\u00e4 perustaa. Vastuullisuusty\u00f6 on strateginen ty\u00f6kalu, jolla rakennetaan uudistumiskyky\u00e4, kest\u00e4v\u00e4\u00e4 kilpailuetua ja yhteist\u00e4 tulevaisuutta.<\/p>\n\n\n\n<p>Oppilaitokset ja kehitt\u00e4misorganisaatiot toimivat keskeisiss\u00e4 rooleissa kest\u00e4v\u00e4n muutoksen ekosysteemiss\u00e4 vahvistaen osaamista, tukien yritysten ja organisaatioiden uudistumista ja rakentaen pitk\u00e4n aikav\u00e4lin kest\u00e4v\u00e4\u00e4 kilpailukyky\u00e4. T\u00e4m\u00e4 tukee toiminnan jatkuvuutta ja resilienssi\u00e4 sek\u00e4 rakentaa kest\u00e4v\u00e4\u00e4 tulevaisuutta meille kaikille.<\/p>\n\n\n\n<p>Keskeisi\u00e4 teemojamme ovat:<\/p>\n\n\n\n<ul class=\"wp-block-list\">\n<li><strong>Muutoskyvykkyys ja digitalisaatio:<\/strong> kyky hy\u00f6dynt\u00e4\u00e4 teknologiaa, dataa ja uusia toimintamalleja.<\/li>\n\n\n\n<li><strong>Pk-yritysten kest\u00e4vyysraportointi: <\/strong>mit\u00e4 yritysten kannattaa tehd\u00e4 nopeasti muuttuvassa s\u00e4\u00e4ntely-ymp\u00e4rist\u00f6ss\u00e4.<\/li>\n\n\n\n<li><strong>Muutosjohtaminen:<\/strong> kest\u00e4vyysmuutos tarvitsee johtamista, joka sitouttaa ihmiset ja yhdist\u00e4\u00e4 strategiat k\u00e4yt\u00e4nn\u00f6n arjen tekemiseen.<\/li>\n\n\n\n<li><strong>Sis\u00e4iset resurssit ja kyvykkyydet:<\/strong> henkil\u00f6st\u00f6n osaaminen, organisaation kulttuuri ja yhteinen visio ovat vastuullisuusty\u00f6n todellisia voimavaroja.<\/li>\n\n\n\n<li><strong>Ulkoiset vaikutukset ja mahdollisuudet:<\/strong> verkostot, kumppanuudet ja yhteiskunnallinen vaikuttavuus antavat lis\u00e4resursseja ja laajentavat vastuullisuusty\u00f6n vaikuttavuutta yksitt\u00e4isen organisaation ulkopuolelle.<\/li>\n\n\n\n<li><strong>Vastuullisuusty\u00f6n mittarointi:<\/strong> selke\u00e4 ja kattava mittaristo tekee vastuullisuusty\u00f6n vaikutukset n\u00e4kyviksi, tukee p\u00e4\u00e4t\u00f6ksentekoa ja ohjaa jatkuvaan parantamiseen.<\/li>\n\n\n\n<li><strong>Kiertotalous systeemisen\u00e4 ratkaisuna:<\/strong> resurssien k\u00e4ytt\u00f6, tuotanto ja kulutus muodostavat kest\u00e4v\u00e4n ja taloudellisesti kannattavan kierron.<\/li>\n\n\n\n<li><strong>Kaksik\u00e4ytt\u00f6-toimintaymp\u00e4rist\u00f6:<\/strong> pk-yritys- ja start-up-yritysten vastuullisuusty\u00f6n n\u00e4k\u00f6kulma. Mit\u00e4 asioita yritysten tulee ottaa huomioon innovaatiotoiminnassa, vientivalvonnassa ja riskienhallinnassa.<\/li>\n<\/ul>\n\n\n\n<p>Tarjoamme oppilaitoksille ja kehitt\u00e4misorganisaatioille k\u00e4yt\u00e4nn\u00f6n ty\u00f6kalut ja asiantuntemuksen vastuullisuusty\u00f6n kehitt\u00e4miseen. Ratkaisut voivat olla <strong>key-note-puheenvuoroja, koulutuksia, ty\u00f6pajoja, sparrauksia, kehitt\u00e4misprojektien tukea<\/strong> tai vaikkapa <strong>mittaroinnin ja arvioinnin kehitt\u00e4mist\u00e4 <\/strong>&#8211; organisaation omista tarpeista ja tavoitteista k\u00e4sin.<\/p>\n\n\n\n<hr class=\"wp-block-separator has-alpha-channel-opacity\"\/>\n\n\n\n<p>Ota yhteytt\u00e4:<\/p>\n\n\n<div class=\"wpforms-container wpforms-container-full wpforms-block wpforms-block-6fe9f6bb-84bd-4263-9e48-9aade423e803\" id=\"wpforms-120\"><form id=\"wpforms-form-120\" class=\"wpforms-validate wpforms-form wpforms-ajax-form\" data-formid=\"120\" method=\"post\" enctype=\"multipart\/form-data\" action=\"\/en\/wp-json\/wp\/v2\/pages\/1704\" data-token=\"a8d42a3abd6b31b9716272d955485850\" data-token-time=\"1777279417\"><noscript class=\"wpforms-error-noscript\">Please enable JavaScript in your browser to complete this form.<\/noscript><div class=\"wpforms-field-container\"><div id=\"wpforms-120-field_0-container\" class=\"wpforms-field wpforms-field-name\" data-field-id=\"0\"><label class=\"wpforms-field-label\" for=\"wpforms-120-field_0\">Nimi <span class=\"wpforms-required-label\">*<\/span><\/label><input type=\"text\" id=\"wpforms-120-field_0\" class=\"wpforms-field-medium wpforms-field-required\" name=\"wpforms[fields][0]\" required><\/div><div id=\"wpforms-120-field_1-container\" class=\"wpforms-field wpforms-field-email\" data-field-id=\"1\"><label class=\"wpforms-field-label\" for=\"wpforms-120-field_1\">S\u00e4hk\u00f6postiosoitteesi <span class=\"wpforms-required-label\">*<\/span><\/label><input type=\"email\" id=\"wpforms-120-field_1\" class=\"wpforms-field-medium wpforms-field-required\" name=\"wpforms[fields][1]\" spellcheck=\"false\" required><\/div><div id=\"wpforms-120-field_2-container\" class=\"wpforms-field wpforms-field-textarea\" data-field-id=\"2\"><label class=\"wpforms-field-label\" for=\"wpforms-120-field_2\">Viestisi meille<\/label><textarea id=\"wpforms-120-field_2\" class=\"wpforms-field-medium\" name=\"wpforms[fields][2]\" ><\/textarea><\/div><\/div><!-- .wpforms-field-container --><div class=\"wpforms-submit-container\" ><input type=\"hidden\" name=\"wpforms[id]\" value=\"120\"><input type=\"hidden\" name=\"page_title\" value=\"\"><input type=\"hidden\" name=\"page_url\" value=\"https:\/\/www.kakikuu.fi\/en\/wp-json\/wp\/v2\/pages\/1704\"><input type=\"hidden\" name=\"url_referer\" value=\"\"><button type=\"submit\" name=\"wpforms[submit]\" id=\"wpforms-submit-120\" class=\"wpforms-submit\" data-alt-text=\"L\u00e4hetet\u00e4\u00e4n...\" data-submit-text=\"L\u00e4het\u00e4\" aria-live=\"assertive\" value=\"wpforms-submit\">L\u00e4het\u00e4<\/button><img loading=\"lazy\" decoding=\"async\" src=\"https:\/\/www.kakikuu.fi\/wp-content\/plugins\/wpforms-lite\/assets\/images\/submit-spin.svg\" class=\"wpforms-submit-spinner\" style=\"display: none;\" width=\"26\" height=\"26\" alt=\"Loading\"><\/div><\/form><\/div>  <!-- .wpforms-container -->","protected":false},"excerpt":{"rendered":"<p>K\u00e4kikuu tarjoaa k\u00e4yt\u00e4nn\u00f6nl\u00e4heiset ja vaikuttavat vastuullisuusty\u00f6n ratkaisut, joilla voidaan vahvistaa sek\u00e4 opetuksen ett\u00e4 kehitt\u00e4mistoiminnan kest\u00e4v\u00e4\u00e4 perustaa. Vastuullisuusty\u00f6 on strateginen ty\u00f6kalu, jolla rakennetaan uudistumiskyky\u00e4, kest\u00e4v\u00e4\u00e4 kilpailuetua ja yhteist\u00e4 tulevaisuutta. Oppilaitokset ja kehitt\u00e4misorganisaatiot toimivat keskeisiss\u00e4 rooleissa kest\u00e4v\u00e4n muutoksen ekosysteemiss\u00e4 vahvistaen osaamista, tukien yritysten ja organisaatioiden uudistumista ja rakentaen pitk\u00e4n aikav\u00e4lin kest\u00e4v\u00e4\u00e4 kilpailukyky\u00e4. [&hellip;]<\/p>\n","protected":false},"author":1,"featured_media":1705,"parent":0,"menu_order":0,"comment_status":"closed","ping_status":"closed","template":"","meta":{"footnotes":""},"class_list":["post-1704","page","type-page","status-publish","has-post-thumbnail","hentry"],"yoast_head":"<!-- This site is optimized with the Yoast SEO plugin v27.4 - https:\/\/yoast.com\/product\/yoast-seo-wordpress\/ -->\n<title>Vastuullisuusty\u00f6n ratkaisut oppilaitoksille ja kehitt\u00e4jille | K\u00e4kikuu<\/title>\n<meta name=\"description\" content=\"K\u00e4kikuu tarjoaa oppilaitoksille ja kehitt\u00e4jille k\u00e4yt\u00e4nn\u00f6nl\u00e4heisi\u00e4 vastuullisuusty\u00f6n ratkaisuja opetuksen ja kehitt\u00e4misty\u00f6n tueksi.\" \/>\n<meta name=\"robots\" content=\"index, follow, max-snippet:-1, max-image-preview:large, max-video-preview:-1\" \/>\n<link rel=\"canonical\" href=\"https:\/\/www.kakikuu.fi\/en\/vastuullisuustyon-ratkaisut-oppilaitoksille-ja-kehittajille\/\" \/>\n<meta property=\"og:locale\" content=\"en_GB\" \/>\n<meta property=\"og:type\" content=\"article\" \/>\n<meta property=\"og:title\" content=\"Vastuullisuusty\u00f6n ratkaisut oppilaitoksille ja kehitt\u00e4jille | K\u00e4kikuu\" \/>\n<meta property=\"og:description\" content=\"K\u00e4kikuu tarjoaa oppilaitoksille ja kehitt\u00e4jille k\u00e4yt\u00e4nn\u00f6nl\u00e4heisi\u00e4 vastuullisuusty\u00f6n ratkaisuja opetuksen ja kehitt\u00e4misty\u00f6n tueksi.\" \/>\n<meta property=\"og:url\" content=\"https:\/\/www.kakikuu.fi\/en\/vastuullisuustyon-ratkaisut-oppilaitoksille-ja-kehittajille\/\" \/>\n<meta property=\"og:site_name\" content=\"K\u00e4kikuu\" \/>\n<meta property=\"article:publisher\" content=\"https:\/\/www.facebook.com\/profile.php?id=61551999317882\" \/>\n<meta property=\"article:modified_time\" content=\"2026-02-01T15:50:54+00:00\" \/>\n<meta property=\"og:image\" content=\"https:\/\/www.kakikuu.fi\/wp-content\/uploads\/2025\/11\/kenny-eliason-1-aA2Fadydc-unsplash.jpg\" \/>\n\t<meta property=\"og:image:width\" content=\"1500\" \/>\n\t<meta property=\"og:image:height\" content=\"1000\" \/>\n\t<meta property=\"og:image:type\" content=\"image\/jpeg\" \/>\n<meta name=\"twitter:card\" content=\"summary_large_image\" \/>\n<meta name=\"twitter:label1\" content=\"Estimated reading time\" \/>\n\t<meta name=\"twitter:data1\" content=\"2 minutes\" \/>\n<script type=\"application\/ld+json\" class=\"yoast-schema-graph\">{\"@context\":\"https:\\\/\\\/schema.org\",\"@graph\":[{\"@type\":\"WebPage\",\"@id\":\"https:\\\/\\\/www.kakikuu.fi\\\/vastuullisuustyon-ratkaisut-oppilaitoksille-ja-kehittajille\\\/\",\"url\":\"https:\\\/\\\/www.kakikuu.fi\\\/vastuullisuustyon-ratkaisut-oppilaitoksille-ja-kehittajille\\\/\",\"name\":\"Vastuullisuusty\u00f6n ratkaisut oppilaitoksille ja kehitt\u00e4jille | K\u00e4kikuu\",\"isPartOf\":{\"@id\":\"https:\\\/\\\/www.kakikuu.fi\\\/#website\"},\"primaryImageOfPage\":{\"@id\":\"https:\\\/\\\/www.kakikuu.fi\\\/vastuullisuustyon-ratkaisut-oppilaitoksille-ja-kehittajille\\\/#primaryimage\"},\"image\":{\"@id\":\"https:\\\/\\\/www.kakikuu.fi\\\/vastuullisuustyon-ratkaisut-oppilaitoksille-ja-kehittajille\\\/#primaryimage\"},\"thumbnailUrl\":\"https:\\\/\\\/www.kakikuu.fi\\\/wp-content\\\/uploads\\\/2025\\\/11\\\/kenny-eliason-1-aA2Fadydc-unsplash.jpg\",\"datePublished\":\"2025-11-09T10:05:56+00:00\",\"dateModified\":\"2026-02-01T15:50:54+00:00\",\"description\":\"K\u00e4kikuu tarjoaa oppilaitoksille ja kehitt\u00e4jille k\u00e4yt\u00e4nn\u00f6nl\u00e4heisi\u00e4 vastuullisuusty\u00f6n ratkaisuja opetuksen ja kehitt\u00e4misty\u00f6n tueksi.\",\"breadcrumb\":{\"@id\":\"https:\\\/\\\/www.kakikuu.fi\\\/vastuullisuustyon-ratkaisut-oppilaitoksille-ja-kehittajille\\\/#breadcrumb\"},\"inLanguage\":\"en-GB\",\"potentialAction\":[{\"@type\":\"ReadAction\",\"target\":[\"https:\\\/\\\/www.kakikuu.fi\\\/vastuullisuustyon-ratkaisut-oppilaitoksille-ja-kehittajille\\\/\"]}]},{\"@type\":\"ImageObject\",\"inLanguage\":\"en-GB\",\"@id\":\"https:\\\/\\\/www.kakikuu.fi\\\/vastuullisuustyon-ratkaisut-oppilaitoksille-ja-kehittajille\\\/#primaryimage\",\"url\":\"https:\\\/\\\/www.kakikuu.fi\\\/wp-content\\\/uploads\\\/2025\\\/11\\\/kenny-eliason-1-aA2Fadydc-unsplash.jpg\",\"contentUrl\":\"https:\\\/\\\/www.kakikuu.fi\\\/wp-content\\\/uploads\\\/2025\\\/11\\\/kenny-eliason-1-aA2Fadydc-unsplash.jpg\",\"width\":1500,\"height\":1000,\"caption\":\"Vastuullisuusty\u00f6n ratkaisut oppilaitoksille ja kehitt\u00e4misorganisaatioille\"},{\"@type\":\"BreadcrumbList\",\"@id\":\"https:\\\/\\\/www.kakikuu.fi\\\/vastuullisuustyon-ratkaisut-oppilaitoksille-ja-kehittajille\\\/#breadcrumb\",\"itemListElement\":[{\"@type\":\"ListItem\",\"position\":1,\"name\":\"Etusivu\",\"item\":\"https:\\\/\\\/www.kakikuu.fi\\\/\"},{\"@type\":\"ListItem\",\"position\":2,\"name\":\"Vastuullisuusty\u00f6n ratkaisut oppilaitoksille ja kehitt\u00e4jille\"}]},{\"@type\":\"WebSite\",\"@id\":\"https:\\\/\\\/www.kakikuu.fi\\\/#website\",\"url\":\"https:\\\/\\\/www.kakikuu.fi\\\/\",\"name\":\"K\u00e4kikuu\",\"description\":\"Yritysvastuun kumppani\",\"publisher\":{\"@id\":\"https:\\\/\\\/www.kakikuu.fi\\\/#organization\"},\"potentialAction\":[{\"@type\":\"SearchAction\",\"target\":{\"@type\":\"EntryPoint\",\"urlTemplate\":\"https:\\\/\\\/www.kakikuu.fi\\\/?s={search_term_string}\"},\"query-input\":{\"@type\":\"PropertyValueSpecification\",\"valueRequired\":true,\"valueName\":\"search_term_string\"}}],\"inLanguage\":\"en-GB\"},{\"@type\":\"Organization\",\"@id\":\"https:\\\/\\\/www.kakikuu.fi\\\/#organization\",\"name\":\"K\u00e4kikuu\",\"url\":\"https:\\\/\\\/www.kakikuu.fi\\\/\",\"logo\":{\"@type\":\"ImageObject\",\"inLanguage\":\"en-GB\",\"@id\":\"https:\\\/\\\/www.kakikuu.fi\\\/#\\\/schema\\\/logo\\\/image\\\/\",\"url\":\"https:\\\/\\\/www.kakikuu.fi\\\/wp-content\\\/uploads\\\/2024\\\/02\\\/cropped-Capture-5-jpg.webp\",\"contentUrl\":\"https:\\\/\\\/www.kakikuu.fi\\\/wp-content\\\/uploads\\\/2024\\\/02\\\/cropped-Capture-5-jpg.webp\",\"width\":508,\"height\":252,\"caption\":\"K\u00e4kikuu\"},\"image\":{\"@id\":\"https:\\\/\\\/www.kakikuu.fi\\\/#\\\/schema\\\/logo\\\/image\\\/\"},\"sameAs\":[\"https:\\\/\\\/www.facebook.com\\\/profile.php?id=61551999317882\"]}]}<\/script>\n<!-- \/ Yoast SEO plugin. -->","yoast_head_json":{"title":"Vastuullisuusty\u00f6n ratkaisut oppilaitoksille ja kehitt\u00e4jille | K\u00e4kikuu","description":"K\u00e4kikuu tarjoaa oppilaitoksille ja kehitt\u00e4jille k\u00e4yt\u00e4nn\u00f6nl\u00e4heisi\u00e4 vastuullisuusty\u00f6n ratkaisuja opetuksen ja kehitt\u00e4misty\u00f6n tueksi.","robots":{"index":"index","follow":"follow","max-snippet":"max-snippet:-1","max-image-preview":"max-image-preview:large","max-video-preview":"max-video-preview:-1"},"canonical":"https:\/\/www.kakikuu.fi\/en\/vastuullisuustyon-ratkaisut-oppilaitoksille-ja-kehittajille\/","og_locale":"en_GB","og_type":"article","og_title":"Vastuullisuusty\u00f6n ratkaisut oppilaitoksille ja kehitt\u00e4jille | K\u00e4kikuu","og_description":"K\u00e4kikuu tarjoaa oppilaitoksille ja kehitt\u00e4jille k\u00e4yt\u00e4nn\u00f6nl\u00e4heisi\u00e4 vastuullisuusty\u00f6n ratkaisuja opetuksen ja kehitt\u00e4misty\u00f6n tueksi.","og_url":"https:\/\/www.kakikuu.fi\/en\/vastuullisuustyon-ratkaisut-oppilaitoksille-ja-kehittajille\/","og_site_name":"K\u00e4kikuu","article_publisher":"https:\/\/www.facebook.com\/profile.php?id=61551999317882","article_modified_time":"2026-02-01T15:50:54+00:00","og_image":[{"width":1500,"height":1000,"url":"https:\/\/www.kakikuu.fi\/wp-content\/uploads\/2025\/11\/kenny-eliason-1-aA2Fadydc-unsplash.jpg","type":"image\/jpeg"}],"twitter_card":"summary_large_image","twitter_misc":{"Estimated reading time":"2 minutes"},"schema":{"@context":"https:\/\/schema.org","@graph":[{"@type":"WebPage","@id":"https:\/\/www.kakikuu.fi\/vastuullisuustyon-ratkaisut-oppilaitoksille-ja-kehittajille\/","url":"https:\/\/www.kakikuu.fi\/vastuullisuustyon-ratkaisut-oppilaitoksille-ja-kehittajille\/","name":"Vastuullisuusty\u00f6n ratkaisut oppilaitoksille ja kehitt\u00e4jille | K\u00e4kikuu","isPartOf":{"@id":"https:\/\/www.kakikuu.fi\/#website"},"primaryImageOfPage":{"@id":"https:\/\/www.kakikuu.fi\/vastuullisuustyon-ratkaisut-oppilaitoksille-ja-kehittajille\/#primaryimage"},"image":{"@id":"https:\/\/www.kakikuu.fi\/vastuullisuustyon-ratkaisut-oppilaitoksille-ja-kehittajille\/#primaryimage"},"thumbnailUrl":"https:\/\/www.kakikuu.fi\/wp-content\/uploads\/2025\/11\/kenny-eliason-1-aA2Fadydc-unsplash.jpg","datePublished":"2025-11-09T10:05:56+00:00","dateModified":"2026-02-01T15:50:54+00:00","description":"K\u00e4kikuu tarjoaa oppilaitoksille ja kehitt\u00e4jille k\u00e4yt\u00e4nn\u00f6nl\u00e4heisi\u00e4 vastuullisuusty\u00f6n ratkaisuja opetuksen ja kehitt\u00e4misty\u00f6n tueksi.","breadcrumb":{"@id":"https:\/\/www.kakikuu.fi\/vastuullisuustyon-ratkaisut-oppilaitoksille-ja-kehittajille\/#breadcrumb"},"inLanguage":"en-GB","potentialAction":[{"@type":"ReadAction","target":["https:\/\/www.kakikuu.fi\/vastuullisuustyon-ratkaisut-oppilaitoksille-ja-kehittajille\/"]}]},{"@type":"ImageObject","inLanguage":"en-GB","@id":"https:\/\/www.kakikuu.fi\/vastuullisuustyon-ratkaisut-oppilaitoksille-ja-kehittajille\/#primaryimage","url":"https:\/\/www.kakikuu.fi\/wp-content\/uploads\/2025\/11\/kenny-eliason-1-aA2Fadydc-unsplash.jpg","contentUrl":"https:\/\/www.kakikuu.fi\/wp-content\/uploads\/2025\/11\/kenny-eliason-1-aA2Fadydc-unsplash.jpg","width":1500,"height":1000,"caption":"Vastuullisuusty\u00f6n ratkaisut oppilaitoksille ja kehitt\u00e4misorganisaatioille"},{"@type":"BreadcrumbList","@id":"https:\/\/www.kakikuu.fi\/vastuullisuustyon-ratkaisut-oppilaitoksille-ja-kehittajille\/#breadcrumb","itemListElement":[{"@type":"ListItem","position":1,"name":"Etusivu","item":"https:\/\/www.kakikuu.fi\/"},{"@type":"ListItem","position":2,"name":"Vastuullisuusty\u00f6n ratkaisut oppilaitoksille ja kehitt\u00e4jille"}]},{"@type":"WebSite","@id":"https:\/\/www.kakikuu.fi\/#website","url":"https:\/\/www.kakikuu.fi\/","name":"K\u00e4kikuu","description":"Your Partner in Corporate Responsibility","publisher":{"@id":"https:\/\/www.kakikuu.fi\/#organization"},"potentialAction":[{"@type":"SearchAction","target":{"@type":"EntryPoint","urlTemplate":"https:\/\/www.kakikuu.fi\/?s={search_term_string}"},"query-input":{"@type":"PropertyValueSpecification","valueRequired":true,"valueName":"search_term_string"}}],"inLanguage":"en-GB"},{"@type":"Organization","@id":"https:\/\/www.kakikuu.fi\/#organization","name":"K\u00e4kikuu","url":"https:\/\/www.kakikuu.fi\/","logo":{"@type":"ImageObject","inLanguage":"en-GB","@id":"https:\/\/www.kakikuu.fi\/#\/schema\/logo\/image\/","url":"https:\/\/www.kakikuu.fi\/wp-content\/uploads\/2024\/02\/cropped-Capture-5-jpg.webp","contentUrl":"https:\/\/www.kakikuu.fi\/wp-content\/uploads\/2024\/02\/cropped-Capture-5-jpg.webp","width":508,"height":252,"caption":"K\u00e4kikuu"},"image":{"@id":"https:\/\/www.kakikuu.fi\/#\/schema\/logo\/image\/"},"sameAs":["https:\/\/www.facebook.com\/profile.php?id=61551999317882"]}]}},"_links":{"self":[{"href":"https:\/\/www.kakikuu.fi\/en\/wp-json\/wp\/v2\/pages\/1704","targetHints":{"allow":["GET"]}}],"collection":[{"href":"https:\/\/www.kakikuu.fi\/en\/wp-json\/wp\/v2\/pages"}],"about":[{"href":"https:\/\/www.kakikuu.fi\/en\/wp-json\/wp\/v2\/types\/page"}],"author":[{"embeddable":true,"href":"https:\/\/www.kakikuu.fi\/en\/wp-json\/wp\/v2\/users\/1"}],"replies":[{"embeddable":true,"href":"https:\/\/www.kakikuu.fi\/en\/wp-json\/wp\/v2\/comments?post=1704"}],"version-history":[{"count":4,"href":"https:\/\/www.kakikuu.fi\/en\/wp-json\/wp\/v2\/pages\/1704\/revisions"}],"predecessor-version":[{"id":1762,"href":"https:\/\/www.kakikuu.fi\/en\/wp-json\/wp\/v2\/pages\/1704\/revisions\/1762"}],"wp:featuredmedia":[{"embeddable":true,"href":"https:\/\/www.kakikuu.fi\/en\/wp-json\/wp\/v2\/media\/1705"}],"wp:attachment":[{"href":"https:\/\/www.kakikuu.fi\/en\/wp-json\/wp\/v2\/media?parent=1704"}],"curies":[{"name":"wp","href":"https:\/\/api.w.org\/{rel}","templated":true}]}}