{"id":1485,"date":"2025-04-12T16:08:49","date_gmt":"2025-04-12T14:08:49","guid":{"rendered":"https:\/\/www.kakikuu.fi\/?page_id=1485"},"modified":"2026-03-08T17:31:04","modified_gmt":"2026-03-08T15:31:04","slug":"yritysvastuun-kumppani","status":"publish","type":"page","link":"https:\/\/www.kakikuu.fi\/en\/","title":{"rendered":"Business-driven Sustainability Work for SMEs"},"content":{"rendered":"<p class=\"has-text-align-center\">Yritt\u00e4j\u00e4n arvomaailma ja yrityksen arvot ovat yrityksen t\u00e4rkein voimavara ja innovaatioiden l\u00e4hde. Uskomme, ett\u00e4 my\u00f6s vastuullisuus alkaa yritt\u00e4j\u00e4n omista periaatteista ja halusta tehd\u00e4 oikein. K\u00e4kikuu tarjoaa liiketoimintal\u00e4ht\u00f6ist\u00e4 vastuullisuusty\u00f6t\u00e4 pk-yrityksille, jotka haluavat kehitt\u00e4\u00e4 toimintaansa k\u00e4yt\u00e4nn\u00f6llisesti ja vaikuttavasti. Asiakkaanamme saat meilt\u00e4 k\u00e4yt\u00e4nn\u00f6nl\u00e4heisen, ymm\u00e4rrett\u00e4v\u00e4n ja asiantuntevan avun vastuullisen liiketoimintamallin toteuttamiseen, jotta yrityksesi voi tehd\u00e4 oman n\u00e4k\u00f6ist\u00e4ns\u00e4 ja kokoistansa vastuullisuusty\u00f6t\u00e4 ja menesty\u00e4 my\u00f6s tulevaisuudessa. Palveluihimme kuuluvat muun muassa vastuullisuusk\u00e4sikirjat, vastuullisuusstrategiat, CSRD- ja taksonomiastrategiat, hiilijalanj\u00e4ljen laskenta sek\u00e4 vastuullisuusraportointi. K\u00e4kikuu on osaava ja luotettava pk-yritysten vastuullisuusty\u00f6n kumppani.<\/p>\n\n\n\n<p><\/p>","protected":false},"excerpt":{"rendered":"<p>Yritt\u00e4j\u00e4n arvomaailma ja yrityksen arvot ovat yrityksen t\u00e4rkein voimavara ja innovaatioiden l\u00e4hde. Uskomme, ett\u00e4 my\u00f6s vastuullisuus alkaa yritt\u00e4j\u00e4n omista periaatteista ja halusta tehd\u00e4 oikein. K\u00e4kikuu tarjoaa liiketoimintal\u00e4ht\u00f6ist\u00e4 vastuullisuusty\u00f6t\u00e4 pk-yrityksille, jotka haluavat kehitt\u00e4\u00e4 toimintaansa k\u00e4yt\u00e4nn\u00f6llisesti ja vaikuttavasti. Asiakkaanamme saat meilt\u00e4 k\u00e4yt\u00e4nn\u00f6nl\u00e4heisen, ymm\u00e4rrett\u00e4v\u00e4n ja asiantuntevan avun vastuullisen liiketoimintamallin toteuttamiseen, jotta yrityksesi voi [&hellip;]<\/p>\n","protected":false},"author":1,"featured_media":1187,"parent":0,"menu_order":0,"comment_status":"closed","ping_status":"closed","template":"","meta":{"footnotes":""},"class_list":["post-1485","page","type-page","status-publish","has-post-thumbnail","hentry"],"yoast_head":"<!-- This site is optimized with the Yoast SEO plugin v27.4 - https:\/\/yoast.com\/product\/yoast-seo-wordpress\/ -->\n<title>Liiketoimintal\u00e4ht\u00f6ist\u00e4 vastuullisuusty\u00f6t\u00e4 pk-yrityksille | K\u00e4kikuu<\/title>\n<meta name=\"description\" content=\"Liiketoimintal\u00e4ht\u00f6ist\u00e4 vastuullisuusty\u00f6t\u00e4 pk-yrityksille. K\u00e4kikuu auttaa kehitt\u00e4m\u00e4\u00e4n vastuullisuutta yrityksen omista l\u00e4ht\u00f6kohdista.\" \/>\n<meta name=\"robots\" content=\"index, follow, max-snippet:-1, max-image-preview:large, max-video-preview:-1\" \/>\n<link rel=\"canonical\" href=\"https:\/\/www.kakikuu.fi\/en\/\" \/>\n<meta property=\"og:locale\" content=\"en_GB\" \/>\n<meta property=\"og:type\" content=\"article\" \/>\n<meta property=\"og:title\" content=\"Liiketoimintal\u00e4ht\u00f6ist\u00e4 vastuullisuusty\u00f6t\u00e4 pk-yrityksille | K\u00e4kikuu\" \/>\n<meta property=\"og:description\" content=\"Liiketoimintal\u00e4ht\u00f6ist\u00e4 vastuullisuusty\u00f6t\u00e4 pk-yrityksille. K\u00e4kikuu auttaa kehitt\u00e4m\u00e4\u00e4n vastuullisuutta yrityksen omista l\u00e4ht\u00f6kohdista.\" \/>\n<meta property=\"og:url\" content=\"https:\/\/www.kakikuu.fi\/en\/\" \/>\n<meta property=\"og:site_name\" content=\"K&auml;kikuu\" \/>\n<meta property=\"article:publisher\" content=\"https:\/\/www.facebook.com\/profile.php?id=61551999317882\" \/>\n<meta property=\"article:modified_time\" content=\"2026-03-08T15:31:04+00:00\" \/>\n<meta name=\"twitter:card\" content=\"summary_large_image\" \/>\n<meta name=\"twitter:label1\" content=\"Estimated reading time\" \/>\n\t<meta name=\"twitter:data1\" content=\"1 minute\" \/>\n<script type=\"application\/ld+json\" class=\"yoast-schema-graph\">{\"@context\":\"https:\\\/\\\/schema.org\",\"@graph\":[{\"@type\":\"WebPage\",\"@id\":\"https:\\\/\\\/www.kakikuu.fi\\\/\",\"url\":\"https:\\\/\\\/www.kakikuu.fi\\\/\",\"name\":\"Liiketoimintal\u00e4ht\u00f6ist\u00e4 vastuullisuusty\u00f6t\u00e4 pk-yrityksille | K\u00e4kikuu\",\"isPartOf\":{\"@id\":\"https:\\\/\\\/www.kakikuu.fi\\\/#website\"},\"primaryImageOfPage\":{\"@id\":\"https:\\\/\\\/www.kakikuu.fi\\\/#primaryimage\"},\"image\":{\"@id\":\"https:\\\/\\\/www.kakikuu.fi\\\/#primaryimage\"},\"thumbnailUrl\":\"https:\\\/\\\/www.kakikuu.fi\\\/wp-content\\\/uploads\\\/2024\\\/10\\\/2-unnamed-01-small-1.jpg\",\"datePublished\":\"2025-04-12T14:08:49+00:00\",\"dateModified\":\"2026-03-08T15:31:04+00:00\",\"description\":\"Liiketoimintal\u00e4ht\u00f6ist\u00e4 vastuullisuusty\u00f6t\u00e4 pk-yrityksille. K\u00e4kikuu auttaa kehitt\u00e4m\u00e4\u00e4n vastuullisuutta yrityksen omista l\u00e4ht\u00f6kohdista.\",\"breadcrumb\":{\"@id\":\"https:\\\/\\\/www.kakikuu.fi\\\/#breadcrumb\"},\"inLanguage\":\"en-GB\",\"potentialAction\":[{\"@type\":\"ReadAction\",\"target\":[\"https:\\\/\\\/www.kakikuu.fi\\\/\"]}]},{\"@type\":\"ImageObject\",\"inLanguage\":\"en-GB\",\"@id\":\"https:\\\/\\\/www.kakikuu.fi\\\/#primaryimage\",\"url\":\"https:\\\/\\\/www.kakikuu.fi\\\/wp-content\\\/uploads\\\/2024\\\/10\\\/2-unnamed-01-small-1.jpg\",\"contentUrl\":\"https:\\\/\\\/www.kakikuu.fi\\\/wp-content\\\/uploads\\\/2024\\\/10\\\/2-unnamed-01-small-1.jpg\",\"width\":1500,\"height\":1125,\"caption\":\"vastuullisuus pk-yritys pk-yritykset vastuullisuusty\u00f6 vastuullisuusstrategia vastuullisuusraportti CSRD ESG VSME liiketoimintal\u00e4ht\u00f6inen vastuullisuusty\u00f6 pk-yrityksille\"},{\"@type\":\"BreadcrumbList\",\"@id\":\"https:\\\/\\\/www.kakikuu.fi\\\/#breadcrumb\",\"itemListElement\":[{\"@type\":\"ListItem\",\"position\":1,\"name\":\"Etusivu\",\"item\":\"https:\\\/\\\/www.kakikuu.fi\\\/\"},{\"@type\":\"ListItem\",\"position\":2,\"name\":\"Liiketoimintal\u00e4ht\u00f6ist\u00e4 vastuullisuusty\u00f6t\u00e4 pk-yrityksille\"}]},{\"@type\":\"WebSite\",\"@id\":\"https:\\\/\\\/www.kakikuu.fi\\\/#website\",\"url\":\"https:\\\/\\\/www.kakikuu.fi\\\/\",\"name\":\"K\u00e4kikuu\",\"description\":\"Yritysvastuun kumppani\",\"publisher\":{\"@id\":\"https:\\\/\\\/www.kakikuu.fi\\\/#organization\"},\"potentialAction\":[{\"@type\":\"SearchAction\",\"target\":{\"@type\":\"EntryPoint\",\"urlTemplate\":\"https:\\\/\\\/www.kakikuu.fi\\\/?s={search_term_string}\"},\"query-input\":{\"@type\":\"PropertyValueSpecification\",\"valueRequired\":true,\"valueName\":\"search_term_string\"}}],\"inLanguage\":\"en-GB\"},{\"@type\":\"Organization\",\"@id\":\"https:\\\/\\\/www.kakikuu.fi\\\/#organization\",\"name\":\"K\u00e4kikuu\",\"url\":\"https:\\\/\\\/www.kakikuu.fi\\\/\",\"logo\":{\"@type\":\"ImageObject\",\"inLanguage\":\"en-GB\",\"@id\":\"https:\\\/\\\/www.kakikuu.fi\\\/#\\\/schema\\\/logo\\\/image\\\/\",\"url\":\"https:\\\/\\\/www.kakikuu.fi\\\/wp-content\\\/uploads\\\/2024\\\/02\\\/cropped-Capture-5-jpg.webp\",\"contentUrl\":\"https:\\\/\\\/www.kakikuu.fi\\\/wp-content\\\/uploads\\\/2024\\\/02\\\/cropped-Capture-5-jpg.webp\",\"width\":508,\"height\":252,\"caption\":\"K\u00e4kikuu\"},\"image\":{\"@id\":\"https:\\\/\\\/www.kakikuu.fi\\\/#\\\/schema\\\/logo\\\/image\\\/\"},\"sameAs\":[\"https:\\\/\\\/www.facebook.com\\\/profile.php?id=61551999317882\"]}]}<\/script>\n<!-- \/ Yoast SEO plugin. -->","yoast_head_json":{"title":"Liiketoimintal\u00e4ht\u00f6ist\u00e4 vastuullisuusty\u00f6t\u00e4 pk-yrityksille | K\u00e4kikuu","description":"Liiketoimintal\u00e4ht\u00f6ist\u00e4 vastuullisuusty\u00f6t\u00e4 pk-yrityksille. K\u00e4kikuu auttaa kehitt\u00e4m\u00e4\u00e4n vastuullisuutta yrityksen omista l\u00e4ht\u00f6kohdista.","robots":{"index":"index","follow":"follow","max-snippet":"max-snippet:-1","max-image-preview":"max-image-preview:large","max-video-preview":"max-video-preview:-1"},"canonical":"https:\/\/www.kakikuu.fi\/en\/","og_locale":"en_GB","og_type":"article","og_title":"Liiketoimintal\u00e4ht\u00f6ist\u00e4 vastuullisuusty\u00f6t\u00e4 pk-yrityksille | K\u00e4kikuu","og_description":"Liiketoimintal\u00e4ht\u00f6ist\u00e4 vastuullisuusty\u00f6t\u00e4 pk-yrityksille. K\u00e4kikuu auttaa kehitt\u00e4m\u00e4\u00e4n vastuullisuutta yrityksen omista l\u00e4ht\u00f6kohdista.","og_url":"https:\/\/www.kakikuu.fi\/en\/","og_site_name":"K&auml;kikuu","article_publisher":"https:\/\/www.facebook.com\/profile.php?id=61551999317882","article_modified_time":"2026-03-08T15:31:04+00:00","twitter_card":"summary_large_image","twitter_misc":{"Estimated reading time":"1 minute"},"schema":{"@context":"https:\/\/schema.org","@graph":[{"@type":"WebPage","@id":"https:\/\/www.kakikuu.fi\/","url":"https:\/\/www.kakikuu.fi\/","name":"Liiketoimintal\u00e4ht\u00f6ist\u00e4 vastuullisuusty\u00f6t\u00e4 pk-yrityksille | K\u00e4kikuu","isPartOf":{"@id":"https:\/\/www.kakikuu.fi\/#website"},"primaryImageOfPage":{"@id":"https:\/\/www.kakikuu.fi\/#primaryimage"},"image":{"@id":"https:\/\/www.kakikuu.fi\/#primaryimage"},"thumbnailUrl":"https:\/\/www.kakikuu.fi\/wp-content\/uploads\/2024\/10\/2-unnamed-01-small-1.jpg","datePublished":"2025-04-12T14:08:49+00:00","dateModified":"2026-03-08T15:31:04+00:00","description":"Liiketoimintal\u00e4ht\u00f6ist\u00e4 vastuullisuusty\u00f6t\u00e4 pk-yrityksille. K\u00e4kikuu auttaa kehitt\u00e4m\u00e4\u00e4n vastuullisuutta yrityksen omista l\u00e4ht\u00f6kohdista.","breadcrumb":{"@id":"https:\/\/www.kakikuu.fi\/#breadcrumb"},"inLanguage":"en-GB","potentialAction":[{"@type":"ReadAction","target":["https:\/\/www.kakikuu.fi\/"]}]},{"@type":"ImageObject","inLanguage":"en-GB","@id":"https:\/\/www.kakikuu.fi\/#primaryimage","url":"https:\/\/www.kakikuu.fi\/wp-content\/uploads\/2024\/10\/2-unnamed-01-small-1.jpg","contentUrl":"https:\/\/www.kakikuu.fi\/wp-content\/uploads\/2024\/10\/2-unnamed-01-small-1.jpg","width":1500,"height":1125,"caption":"vastuullisuus pk-yritys pk-yritykset vastuullisuusty\u00f6 vastuullisuusstrategia vastuullisuusraportti CSRD ESG VSME liiketoimintal\u00e4ht\u00f6inen vastuullisuusty\u00f6 pk-yrityksille"},{"@type":"BreadcrumbList","@id":"https:\/\/www.kakikuu.fi\/#breadcrumb","itemListElement":[{"@type":"ListItem","position":1,"name":"Etusivu","item":"https:\/\/www.kakikuu.fi\/"},{"@type":"ListItem","position":2,"name":"Liiketoimintal\u00e4ht\u00f6ist\u00e4 vastuullisuusty\u00f6t\u00e4 pk-yrityksille"}]},{"@type":"WebSite","@id":"https:\/\/www.kakikuu.fi\/#website","url":"https:\/\/www.kakikuu.fi\/","name":"K\u00e4kikuu","description":"Your Partner in Corporate Responsibility","publisher":{"@id":"https:\/\/www.kakikuu.fi\/#organization"},"potentialAction":[{"@type":"SearchAction","target":{"@type":"EntryPoint","urlTemplate":"https:\/\/www.kakikuu.fi\/?s={search_term_string}"},"query-input":{"@type":"PropertyValueSpecification","valueRequired":true,"valueName":"search_term_string"}}],"inLanguage":"en-GB"},{"@type":"Organization","@id":"https:\/\/www.kakikuu.fi\/#organization","name":"K\u00e4kikuu","url":"https:\/\/www.kakikuu.fi\/","logo":{"@type":"ImageObject","inLanguage":"en-GB","@id":"https:\/\/www.kakikuu.fi\/#\/schema\/logo\/image\/","url":"https:\/\/www.kakikuu.fi\/wp-content\/uploads\/2024\/02\/cropped-Capture-5-jpg.webp","contentUrl":"https:\/\/www.kakikuu.fi\/wp-content\/uploads\/2024\/02\/cropped-Capture-5-jpg.webp","width":508,"height":252,"caption":"K\u00e4kikuu"},"image":{"@id":"https:\/\/www.kakikuu.fi\/#\/schema\/logo\/image\/"},"sameAs":["https:\/\/www.facebook.com\/profile.php?id=61551999317882"]}]}},"_links":{"self":[{"href":"https:\/\/www.kakikuu.fi\/en\/wp-json\/wp\/v2\/pages\/1485","targetHints":{"allow":["GET"]}}],"collection":[{"href":"https:\/\/www.kakikuu.fi\/en\/wp-json\/wp\/v2\/pages"}],"about":[{"href":"https:\/\/www.kakikuu.fi\/en\/wp-json\/wp\/v2\/types\/page"}],"author":[{"embeddable":true,"href":"https:\/\/www.kakikuu.fi\/en\/wp-json\/wp\/v2\/users\/1"}],"replies":[{"embeddable":true,"href":"https:\/\/www.kakikuu.fi\/en\/wp-json\/wp\/v2\/comments?post=1485"}],"version-history":[{"count":11,"href":"https:\/\/www.kakikuu.fi\/en\/wp-json\/wp\/v2\/pages\/1485\/revisions"}],"predecessor-version":[{"id":1955,"href":"https:\/\/www.kakikuu.fi\/en\/wp-json\/wp\/v2\/pages\/1485\/revisions\/1955"}],"wp:featuredmedia":[{"embeddable":true,"href":"https:\/\/www.kakikuu.fi\/en\/wp-json\/wp\/v2\/media\/1187"}],"wp:attachment":[{"href":"https:\/\/www.kakikuu.fi\/en\/wp-json\/wp\/v2\/media?parent=1485"}],"curies":[{"name":"wp","href":"https:\/\/api.w.org\/{rel}","templated":true}]}}