{"id":1431,"date":"2025-04-06T15:03:55","date_gmt":"2025-04-06T13:03:55","guid":{"rendered":"https:\/\/www.kakikuu.fi\/?page_id=1431"},"modified":"2026-02-10T12:03:24","modified_gmt":"2026-02-10T10:03:24","slug":"vastuullisuustyon-itsearviointilomake","status":"publish","type":"page","link":"https:\/\/www.kakikuu.fi\/en\/vastuullisuustyon-itsearviointilomake\/","title":{"rendered":"Assessment of the Current State of Sustainability Work"},"content":{"rendered":"\n<h2 class=\"wp-block-heading\">Aloita yrityksesi vastuullisuusty\u00f6 maksuttomalla nykytilan kartoituksella<\/h2>\n\n\n\n<p>Maksuton vastuullisuusty\u00f6n itsearviointilomake mahdollistaa yrityksen vastuullisuusty\u00f6n nykytilan kartoituksen ja toimii perustana vastuullisuusty\u00f6n kehitt\u00e4miselle ja raportoinnille. Lomake on mikro- ja pk-yrityksille suunnattu k\u00e4yt\u00e4nn\u00f6nl\u00e4heinen ty\u00f6kalu, joka perustuu EU:n mikro- ja pk-yritysten vapaaehtoiseen yritysvastuun <a href=\"https:\/\/www.kakikuu.fi\/vsme-kestavyysraportointistandardi-pk-yrityksille\/\" target=\"_blank\" rel=\"noreferrer noopener\">VSME-raportointistandardiin<\/a>, tutkimustietoon ja laajaan kokemukseemme pk-yritysten vastuullisuusty\u00f6n kehitt\u00e4misest\u00e4.<\/p>\n\n\n\n<p>Lomakkeen avulla yritys voi arvioida vastuullisuusty\u00f6ns\u00e4 nykytilan, l\u00f6yt\u00e4\u00e4 t\u00e4rkeimm\u00e4t kehitt\u00e4miskohteet ja oivaltaa, miten vastuullisuus voi tuoda pysyv\u00e4\u00e4 kilpailuetua.<\/p>\n\n\n\n<p>Yritys t\u00e4ytt\u00e4\u00e4 lomakkeen soveltuvin osin \u2013 vastaa kaikkiin niihin kysymyksiin, jotka koskevat yrityksesi liiketoimintaa ja vastuullisuusty\u00f6t\u00e4.<\/p>\n\n\n\n<p>T\u00e4ytetty vastuullisuusty\u00f6n itsearviointilomake toimii perustana K\u00e4kikuu Oy:n tuottamalle, erikseen tilattavalle maksulliselle <a href=\"https:\/\/www.kakikuu.fi\/yrityksen-vastuullisuusraportti\/\" target=\"_blank\" rel=\"noreferrer noopener\">vastuullisuusraportille<\/a> sek\u00e4 mahdollisille jatkopalveluille, kuten <a href=\"https:\/\/www.kakikuu.fi\/ratkaisut\/yrityksen-vastuullisuusstrategia\/\" target=\"_blank\" rel=\"noreferrer noopener\">vastuullisuusstrategian<\/a> laadinnalle.<\/p>\n\n\n\n<p><strong>Lomakkeen t\u00e4ytt\u00e4minen on maksutonta eik\u00e4 sido yrityst\u00e4 mihink\u00e4\u00e4n.<\/strong><\/p>\n\n\n\n<ul class=\"wp-block-list\">\n<li>Saat selke\u00e4n kokonaiskuvan vastuullisuusty\u00f6si nykytilasta<\/li>\n\n\n\n<li>Tunnistat vahvuudet ja kehitt\u00e4miskohteet<\/li>\n\n\n\n<li>Et tarvitse asiantuntijaa &#8211; lomake on itseohjautuva<\/li>\n\n\n\n<li>Tukee strategia- ja raportointity\u00f6t\u00e4 &#8211; k\u00e4yt\u00e4nn\u00f6nl\u00e4heisesti ja konkreettisesti<\/li>\n\n\n\n<li>Soveltuu kaikille toimialoille<\/li>\n\n\n\n<li>Halutessasi voit tilata maksullisen koostetun vastuullisuusraportin<\/li>\n<\/ul>\n\n\n\n<p>\u00a9 K\u00e4kikuu Oy. Sis\u00e4lt\u00f6 on suojattu tekij\u00e4noikeudella ja tarkoitettu vain asiakask\u00e4ytt\u00f6\u00f6n. Sis\u00e4ll\u00f6n kopiointi tai kaupallinen k\u00e4ytt\u00f6 ilman lupaa on kielletty.<\/p>\n\n\n\n<hr class=\"wp-block-separator has-alpha-channel-opacity\"\/>\n\n\n\n<p>Haluatko ensin lyhyen kokonaiskuvan pk-yrityksen vastuullisuusty\u00f6st\u00e4? Lataa maksuton pk-yrityksen vastuullisuusty\u00f6n <a href=\"https:\/\/www.kakikuu.fi\/pk-yrityksen-vastuullisuustyon-opas\/\" target=\"_blank\" rel=\"noreferrer noopener\">opas<\/a>.<\/p>\n\n\n\n<hr class=\"wp-block-separator has-alpha-channel-opacity\"\/>\n\n\n\n<p class=\"has-large-font-size\">Tilaa maksuton lomake <a href=\"https:\/\/docs.google.com\/forms\/d\/e\/1FAIpQLScezb6ibBFMshKeKlNyH0y11as-iJIWWHo2tpIbIrQOZ4bjMQ\/viewform?usp=header\" target=\"_blank\" rel=\"noreferrer noopener\">t\u00e4st\u00e4.<\/a><\/p>\n\n\n\n<figure class=\"wp-block-image size-full\"><img loading=\"lazy\" decoding=\"async\" width=\"1024\" height=\"768\" src=\"https:\/\/www.kakikuu.fi\/wp-content\/uploads\/2025\/04\/PK-yrityksen-vastuullisuustyon-itsearviointi.png\" alt=\"Vastuullisuusty\u00f6n itsearviointilomake\" class=\"wp-image-1434\" srcset=\"https:\/\/www.kakikuu.fi\/wp-content\/uploads\/2025\/04\/PK-yrityksen-vastuullisuustyon-itsearviointi.png 1024w, https:\/\/www.kakikuu.fi\/wp-content\/uploads\/2025\/04\/PK-yrityksen-vastuullisuustyon-itsearviointi-300x225.png 300w, https:\/\/www.kakikuu.fi\/wp-content\/uploads\/2025\/04\/PK-yrityksen-vastuullisuustyon-itsearviointi-768x576.png 768w\" sizes=\"auto, (max-width: 1024px) 100vw, 1024px\" \/><\/figure>\n\n\n\n<p class=\"has-text-align-center has-large-font-size\">Tilaa maksuton lomake <a href=\"https:\/\/docs.google.com\/forms\/d\/e\/1FAIpQLScezb6ibBFMshKeKlNyH0y11as-iJIWWHo2tpIbIrQOZ4bjMQ\/viewform?usp=header\" target=\"_blank\" rel=\"noreferrer noopener\">t\u00e4st\u00e4.<\/a><\/p>\n\n\n\n<hr class=\"wp-block-separator has-alpha-channel-opacity\"\/>\n\n\n\n<h2 class=\"wp-block-heading\">Usein esitetyt kysymykset<\/h2>\n\n\n\n<h4 class=\"wp-block-heading\"><strong>Voinko t\u00e4ytt\u00e4\u00e4 lomakkeen, vaikka en ole tehnyt viel\u00e4 mit\u00e4\u00e4n vastuullisuuden eteen?<\/strong><\/h4>\n\n\n\n<p>Kyll\u00e4, juuri siin\u00e4 tilanteessa lomake on erityisen hy\u00f6dyllinen. Lomakkeen avulla kartoitat nykytilan ja n\u00e4et, mit\u00e4 kehitt\u00e4miskohteita yrityksesi vastuullisuusty\u00f6ss\u00e4 on.<\/p>\n\n\n\n<hr class=\"wp-block-separator has-alpha-channel-opacity\"\/>\n\n\n\n<h4 class=\"wp-block-heading\"><strong>Pit\u00e4\u00e4k\u00f6 minun julkaista tiedot jossain?<\/strong><\/h4>\n\n\n\n<p>Ei. Lomake on yrityksesi vastuullisuusty\u00f6n kehitt\u00e4misen sis\u00e4inen ty\u00f6kalu. Kun olet p\u00e4\u00e4ssyt alkuun, voit my\u00f6hemmin julkaista vastuullisuusraportteja sidosryhmillesi.<\/p>\n\n\n\n<hr class=\"wp-block-separator has-alpha-channel-opacity\"\/>\n\n\n\n<h4 class=\"wp-block-heading\"><strong>Jos t\u00e4yt\u00e4n nyt lomakkeen, voinko tilata maksullisen raportin my\u00f6hemmin?<\/strong><\/h4>\n\n\n\n<p>Kyll\u00e4. S\u00e4ilyt\u00e4mme tiedot luottamuksellisesti my\u00f6hempi\u00e4 tarpeitasi varten.<\/p>\n\n\n\n<hr class=\"wp-block-separator has-alpha-channel-opacity\"\/>\n\n\n\n<h4 class=\"wp-block-heading\"><strong>Miksi vastuullisuusty\u00f6h\u00f6n ryhtyminen on t\u00e4rke\u00e4\u00e4 pk-yrityksille?<\/strong><\/h4>\n\n\n\n<p>Vastuullisuus ei ole en\u00e4\u00e4 vain isojen yritysten asia. Yh\u00e4 useampi asiakas, kumppani ja ty\u00f6ntekij\u00e4 odottaa pk-yrityksilt\u00e4 vastuullisia toimintatapoja. Hyvin rakennettu vastuullisuusty\u00f6 tuo pk-yritykselle selkeit\u00e4 hy\u00f6tyj\u00e4:<\/p>\n\n\n\n<ul class=\"wp-block-list\">\n<li>parempi maine ja asiakasluottamus<\/li>\n\n\n\n<li>helpompi ty\u00f6ntekij\u00f6iden sitouttaminen ja rekrytointi<\/li>\n\n\n\n<li>kustannuss\u00e4\u00e4st\u00f6j\u00e4 energian ja resurssien k\u00e4yt\u00f6ss\u00e4<\/li>\n\n\n\n<li>kilpailuetu ja valmius tuleviin vaatimuksiin <\/li>\n<\/ul>\n\n\n\n<p>Aloittaminen ei vaadi kaikkea kerralla \u2013 juuri siksi t\u00e4m\u00e4 itsearviointilomake on tehty.<\/p>\n\n\n\n<hr class=\"wp-block-separator has-alpha-channel-opacity\"\/>\n\n\n\n<p class=\"has-large-font-size\">Jos sinulla her\u00e4\u00e4 kysymyksi\u00e4, ota yhteytt\u00e4:<\/p>\n\n\n<div class=\"wpforms-container wpforms-container-full wpforms-block wpforms-block-bab72b7f-bf9e-4078-9b36-aaf65e13cab9\" id=\"wpforms-120\"><form id=\"wpforms-form-120\" class=\"wpforms-validate wpforms-form wpforms-ajax-form\" data-formid=\"120\" method=\"post\" enctype=\"multipart\/form-data\" action=\"\/en\/wp-json\/wp\/v2\/pages\/1431\" data-token=\"a8d42a3abd6b31b9716272d955485850\" data-token-time=\"1777278881\"><noscript class=\"wpforms-error-noscript\">Please enable JavaScript in your browser to complete this form.<\/noscript><div class=\"wpforms-field-container\"><div id=\"wpforms-120-field_0-container\" class=\"wpforms-field wpforms-field-name\" data-field-id=\"0\"><label class=\"wpforms-field-label\" for=\"wpforms-120-field_0\">Nimi <span class=\"wpforms-required-label\">*<\/span><\/label><input type=\"text\" id=\"wpforms-120-field_0\" class=\"wpforms-field-medium wpforms-field-required\" name=\"wpforms[fields][0]\" required><\/div><div id=\"wpforms-120-field_1-container\" class=\"wpforms-field wpforms-field-email\" data-field-id=\"1\"><label class=\"wpforms-field-label\" for=\"wpforms-120-field_1\">S\u00e4hk\u00f6postiosoitteesi <span class=\"wpforms-required-label\">*<\/span><\/label><input type=\"email\" id=\"wpforms-120-field_1\" class=\"wpforms-field-medium wpforms-field-required\" name=\"wpforms[fields][1]\" spellcheck=\"false\" required><\/div><div id=\"wpforms-120-field_2-container\" class=\"wpforms-field wpforms-field-textarea\" data-field-id=\"2\"><label class=\"wpforms-field-label\" for=\"wpforms-120-field_2\">Viestisi meille<\/label><textarea id=\"wpforms-120-field_2\" class=\"wpforms-field-medium\" name=\"wpforms[fields][2]\" ><\/textarea><\/div><\/div><!-- .wpforms-field-container --><div class=\"wpforms-submit-container\" ><input type=\"hidden\" name=\"wpforms[id]\" value=\"120\"><input type=\"hidden\" name=\"page_title\" value=\"\"><input type=\"hidden\" name=\"page_url\" value=\"https:\/\/www.kakikuu.fi\/en\/wp-json\/wp\/v2\/pages\/1431\"><input type=\"hidden\" name=\"url_referer\" value=\"\"><button type=\"submit\" name=\"wpforms[submit]\" id=\"wpforms-submit-120\" class=\"wpforms-submit\" data-alt-text=\"L\u00e4hetet\u00e4\u00e4n...\" data-submit-text=\"L\u00e4het\u00e4\" aria-live=\"assertive\" value=\"wpforms-submit\">L\u00e4het\u00e4<\/button><img loading=\"lazy\" decoding=\"async\" src=\"https:\/\/www.kakikuu.fi\/wp-content\/plugins\/wpforms-lite\/assets\/images\/submit-spin.svg\" class=\"wpforms-submit-spinner\" style=\"display: none;\" width=\"26\" height=\"26\" alt=\"Loading\"><\/div><\/form><\/div>  <!-- .wpforms-container -->","protected":false},"excerpt":{"rendered":"<p>Aloita yrityksesi vastuullisuusty\u00f6 maksuttomalla nykytilan kartoituksella Maksuton vastuullisuusty\u00f6n itsearviointilomake mahdollistaa yrityksen vastuullisuusty\u00f6n nykytilan kartoituksen ja toimii perustana vastuullisuusty\u00f6n kehitt\u00e4miselle ja raportoinnille. Lomake on mikro- ja pk-yrityksille suunnattu k\u00e4yt\u00e4nn\u00f6nl\u00e4heinen ty\u00f6kalu, joka perustuu EU:n mikro- ja pk-yritysten vapaaehtoiseen yritysvastuun VSME-raportointistandardiin, tutkimustietoon ja laajaan kokemukseemme pk-yritysten vastuullisuusty\u00f6n kehitt\u00e4misest\u00e4. Lomakkeen avulla yritys voi arvioida [&hellip;]<\/p>\n","protected":false},"author":1,"featured_media":1433,"parent":0,"menu_order":0,"comment_status":"closed","ping_status":"closed","template":"","meta":{"footnotes":""},"class_list":["post-1431","page","type-page","status-publish","has-post-thumbnail","hentry"],"yoast_head":"<!-- This site is optimized with the Yoast SEO plugin v27.4 - https:\/\/yoast.com\/product\/yoast-seo-wordpress\/ -->\n<title>Vastuullisuusty\u00f6n nykytilan kartoitus \u2013 VSME-pohjainen | K\u00e4kikuu<\/title>\n<meta name=\"description\" content=\"Maksuton vastuullisuusty\u00f6n nykytilan kartoitus auttaa pk-yrityst\u00e4 tunnistamaan kehityskohteet ja etenem\u00e4\u00e4n hallitusti.\" \/>\n<meta name=\"robots\" content=\"index, follow, max-snippet:-1, max-image-preview:large, max-video-preview:-1\" \/>\n<link rel=\"canonical\" href=\"https:\/\/www.kakikuu.fi\/en\/vastuullisuustyon-itsearviointilomake\/\" \/>\n<meta property=\"og:locale\" content=\"en_GB\" \/>\n<meta property=\"og:type\" content=\"article\" \/>\n<meta property=\"og:title\" content=\"Vastuullisuusty\u00f6n nykytilan kartoitus \u2013 VSME-pohjainen | K\u00e4kikuu\" \/>\n<meta property=\"og:description\" content=\"Maksuton vastuullisuusty\u00f6n nykytilan kartoitus auttaa pk-yrityst\u00e4 tunnistamaan kehityskohteet ja etenem\u00e4\u00e4n hallitusti.\" \/>\n<meta property=\"og:url\" content=\"https:\/\/www.kakikuu.fi\/en\/vastuullisuustyon-itsearviointilomake\/\" \/>\n<meta property=\"og:site_name\" content=\"K\u00e4kikuu\" \/>\n<meta property=\"article:publisher\" content=\"https:\/\/www.facebook.com\/profile.php?id=61551999317882\" \/>\n<meta property=\"article:modified_time\" content=\"2026-02-10T10:03:24+00:00\" \/>\n<meta property=\"og:image\" content=\"https:\/\/www.kakikuu.fi\/wp-content\/uploads\/2025\/04\/glenn-carstens-peters-RLw-UC03Gwc-unsplash-pieni-1.jpg\" \/>\n\t<meta property=\"og:image:width\" content=\"1000\" \/>\n\t<meta property=\"og:image:height\" content=\"665\" \/>\n\t<meta property=\"og:image:type\" content=\"image\/jpeg\" \/>\n<meta name=\"twitter:card\" content=\"summary_large_image\" \/>\n<meta name=\"twitter:label1\" content=\"Estimated reading time\" \/>\n\t<meta name=\"twitter:data1\" content=\"3 minutes\" \/>\n<script type=\"application\/ld+json\" class=\"yoast-schema-graph\">{\"@context\":\"https:\\\/\\\/schema.org\",\"@graph\":[{\"@type\":\"WebPage\",\"@id\":\"https:\\\/\\\/www.kakikuu.fi\\\/vastuullisuustyon-itsearviointilomake\\\/\",\"url\":\"https:\\\/\\\/www.kakikuu.fi\\\/vastuullisuustyon-itsearviointilomake\\\/\",\"name\":\"Vastuullisuusty\u00f6n nykytilan kartoitus \u2013 VSME-pohjainen | K\u00e4kikuu\",\"isPartOf\":{\"@id\":\"https:\\\/\\\/www.kakikuu.fi\\\/#website\"},\"primaryImageOfPage\":{\"@id\":\"https:\\\/\\\/www.kakikuu.fi\\\/vastuullisuustyon-itsearviointilomake\\\/#primaryimage\"},\"image\":{\"@id\":\"https:\\\/\\\/www.kakikuu.fi\\\/vastuullisuustyon-itsearviointilomake\\\/#primaryimage\"},\"thumbnailUrl\":\"https:\\\/\\\/www.kakikuu.fi\\\/wp-content\\\/uploads\\\/2025\\\/04\\\/glenn-carstens-peters-RLw-UC03Gwc-unsplash-pieni-1.jpg\",\"datePublished\":\"2025-04-06T13:03:55+00:00\",\"dateModified\":\"2026-02-10T10:03:24+00:00\",\"description\":\"Maksuton vastuullisuusty\u00f6n nykytilan kartoitus auttaa pk-yrityst\u00e4 tunnistamaan kehityskohteet ja etenem\u00e4\u00e4n hallitusti.\",\"breadcrumb\":{\"@id\":\"https:\\\/\\\/www.kakikuu.fi\\\/vastuullisuustyon-itsearviointilomake\\\/#breadcrumb\"},\"inLanguage\":\"en-GB\",\"potentialAction\":[{\"@type\":\"ReadAction\",\"target\":[\"https:\\\/\\\/www.kakikuu.fi\\\/vastuullisuustyon-itsearviointilomake\\\/\"]}]},{\"@type\":\"ImageObject\",\"inLanguage\":\"en-GB\",\"@id\":\"https:\\\/\\\/www.kakikuu.fi\\\/vastuullisuustyon-itsearviointilomake\\\/#primaryimage\",\"url\":\"https:\\\/\\\/www.kakikuu.fi\\\/wp-content\\\/uploads\\\/2025\\\/04\\\/glenn-carstens-peters-RLw-UC03Gwc-unsplash-pieni-1.jpg\",\"contentUrl\":\"https:\\\/\\\/www.kakikuu.fi\\\/wp-content\\\/uploads\\\/2025\\\/04\\\/glenn-carstens-peters-RLw-UC03Gwc-unsplash-pieni-1.jpg\",\"width\":1000,\"height\":665,\"caption\":\"pk-yritys, mikroyritys, vastuullisuusty\u00f6, vastuullisuus, yritysvastuu, vastuullisuusraportti, kest\u00e4vyysraportti, vastuullisuusstrategia, VSME, CSRD. ESRS\"},{\"@type\":\"BreadcrumbList\",\"@id\":\"https:\\\/\\\/www.kakikuu.fi\\\/vastuullisuustyon-itsearviointilomake\\\/#breadcrumb\",\"itemListElement\":[{\"@type\":\"ListItem\",\"position\":1,\"name\":\"Etusivu\",\"item\":\"https:\\\/\\\/www.kakikuu.fi\\\/\"},{\"@type\":\"ListItem\",\"position\":2,\"name\":\"Vastuullisuusty\u00f6n nykytilan kartoitus\"}]},{\"@type\":\"WebSite\",\"@id\":\"https:\\\/\\\/www.kakikuu.fi\\\/#website\",\"url\":\"https:\\\/\\\/www.kakikuu.fi\\\/\",\"name\":\"K\u00e4kikuu\",\"description\":\"Yritysvastuun kumppani\",\"publisher\":{\"@id\":\"https:\\\/\\\/www.kakikuu.fi\\\/#organization\"},\"potentialAction\":[{\"@type\":\"SearchAction\",\"target\":{\"@type\":\"EntryPoint\",\"urlTemplate\":\"https:\\\/\\\/www.kakikuu.fi\\\/?s={search_term_string}\"},\"query-input\":{\"@type\":\"PropertyValueSpecification\",\"valueRequired\":true,\"valueName\":\"search_term_string\"}}],\"inLanguage\":\"en-GB\"},{\"@type\":\"Organization\",\"@id\":\"https:\\\/\\\/www.kakikuu.fi\\\/#organization\",\"name\":\"K\u00e4kikuu\",\"url\":\"https:\\\/\\\/www.kakikuu.fi\\\/\",\"logo\":{\"@type\":\"ImageObject\",\"inLanguage\":\"en-GB\",\"@id\":\"https:\\\/\\\/www.kakikuu.fi\\\/#\\\/schema\\\/logo\\\/image\\\/\",\"url\":\"https:\\\/\\\/www.kakikuu.fi\\\/wp-content\\\/uploads\\\/2024\\\/02\\\/cropped-Capture-5-jpg.webp\",\"contentUrl\":\"https:\\\/\\\/www.kakikuu.fi\\\/wp-content\\\/uploads\\\/2024\\\/02\\\/cropped-Capture-5-jpg.webp\",\"width\":508,\"height\":252,\"caption\":\"K\u00e4kikuu\"},\"image\":{\"@id\":\"https:\\\/\\\/www.kakikuu.fi\\\/#\\\/schema\\\/logo\\\/image\\\/\"},\"sameAs\":[\"https:\\\/\\\/www.facebook.com\\\/profile.php?id=61551999317882\"]}]}<\/script>\n<!-- \/ Yoast SEO plugin. -->","yoast_head_json":{"title":"Vastuullisuusty\u00f6n nykytilan kartoitus \u2013 VSME-pohjainen | K\u00e4kikuu","description":"Maksuton vastuullisuusty\u00f6n nykytilan kartoitus auttaa pk-yrityst\u00e4 tunnistamaan kehityskohteet ja etenem\u00e4\u00e4n hallitusti.","robots":{"index":"index","follow":"follow","max-snippet":"max-snippet:-1","max-image-preview":"max-image-preview:large","max-video-preview":"max-video-preview:-1"},"canonical":"https:\/\/www.kakikuu.fi\/en\/vastuullisuustyon-itsearviointilomake\/","og_locale":"en_GB","og_type":"article","og_title":"Vastuullisuusty\u00f6n nykytilan kartoitus \u2013 VSME-pohjainen | K\u00e4kikuu","og_description":"Maksuton vastuullisuusty\u00f6n nykytilan kartoitus auttaa pk-yrityst\u00e4 tunnistamaan kehityskohteet ja etenem\u00e4\u00e4n hallitusti.","og_url":"https:\/\/www.kakikuu.fi\/en\/vastuullisuustyon-itsearviointilomake\/","og_site_name":"K\u00e4kikuu","article_publisher":"https:\/\/www.facebook.com\/profile.php?id=61551999317882","article_modified_time":"2026-02-10T10:03:24+00:00","og_image":[{"width":1000,"height":665,"url":"https:\/\/www.kakikuu.fi\/wp-content\/uploads\/2025\/04\/glenn-carstens-peters-RLw-UC03Gwc-unsplash-pieni-1.jpg","type":"image\/jpeg"}],"twitter_card":"summary_large_image","twitter_misc":{"Estimated reading time":"3 minutes"},"schema":{"@context":"https:\/\/schema.org","@graph":[{"@type":"WebPage","@id":"https:\/\/www.kakikuu.fi\/vastuullisuustyon-itsearviointilomake\/","url":"https:\/\/www.kakikuu.fi\/vastuullisuustyon-itsearviointilomake\/","name":"Vastuullisuusty\u00f6n nykytilan kartoitus \u2013 VSME-pohjainen | K\u00e4kikuu","isPartOf":{"@id":"https:\/\/www.kakikuu.fi\/#website"},"primaryImageOfPage":{"@id":"https:\/\/www.kakikuu.fi\/vastuullisuustyon-itsearviointilomake\/#primaryimage"},"image":{"@id":"https:\/\/www.kakikuu.fi\/vastuullisuustyon-itsearviointilomake\/#primaryimage"},"thumbnailUrl":"https:\/\/www.kakikuu.fi\/wp-content\/uploads\/2025\/04\/glenn-carstens-peters-RLw-UC03Gwc-unsplash-pieni-1.jpg","datePublished":"2025-04-06T13:03:55+00:00","dateModified":"2026-02-10T10:03:24+00:00","description":"Maksuton vastuullisuusty\u00f6n nykytilan kartoitus auttaa pk-yrityst\u00e4 tunnistamaan kehityskohteet ja etenem\u00e4\u00e4n hallitusti.","breadcrumb":{"@id":"https:\/\/www.kakikuu.fi\/vastuullisuustyon-itsearviointilomake\/#breadcrumb"},"inLanguage":"en-GB","potentialAction":[{"@type":"ReadAction","target":["https:\/\/www.kakikuu.fi\/vastuullisuustyon-itsearviointilomake\/"]}]},{"@type":"ImageObject","inLanguage":"en-GB","@id":"https:\/\/www.kakikuu.fi\/vastuullisuustyon-itsearviointilomake\/#primaryimage","url":"https:\/\/www.kakikuu.fi\/wp-content\/uploads\/2025\/04\/glenn-carstens-peters-RLw-UC03Gwc-unsplash-pieni-1.jpg","contentUrl":"https:\/\/www.kakikuu.fi\/wp-content\/uploads\/2025\/04\/glenn-carstens-peters-RLw-UC03Gwc-unsplash-pieni-1.jpg","width":1000,"height":665,"caption":"pk-yritys, mikroyritys, vastuullisuusty\u00f6, vastuullisuus, yritysvastuu, vastuullisuusraportti, kest\u00e4vyysraportti, vastuullisuusstrategia, VSME, CSRD. ESRS"},{"@type":"BreadcrumbList","@id":"https:\/\/www.kakikuu.fi\/vastuullisuustyon-itsearviointilomake\/#breadcrumb","itemListElement":[{"@type":"ListItem","position":1,"name":"Etusivu","item":"https:\/\/www.kakikuu.fi\/"},{"@type":"ListItem","position":2,"name":"Vastuullisuusty\u00f6n nykytilan kartoitus"}]},{"@type":"WebSite","@id":"https:\/\/www.kakikuu.fi\/#website","url":"https:\/\/www.kakikuu.fi\/","name":"K\u00e4kikuu","description":"Your Partner in Corporate Responsibility","publisher":{"@id":"https:\/\/www.kakikuu.fi\/#organization"},"potentialAction":[{"@type":"SearchAction","target":{"@type":"EntryPoint","urlTemplate":"https:\/\/www.kakikuu.fi\/?s={search_term_string}"},"query-input":{"@type":"PropertyValueSpecification","valueRequired":true,"valueName":"search_term_string"}}],"inLanguage":"en-GB"},{"@type":"Organization","@id":"https:\/\/www.kakikuu.fi\/#organization","name":"K\u00e4kikuu","url":"https:\/\/www.kakikuu.fi\/","logo":{"@type":"ImageObject","inLanguage":"en-GB","@id":"https:\/\/www.kakikuu.fi\/#\/schema\/logo\/image\/","url":"https:\/\/www.kakikuu.fi\/wp-content\/uploads\/2024\/02\/cropped-Capture-5-jpg.webp","contentUrl":"https:\/\/www.kakikuu.fi\/wp-content\/uploads\/2024\/02\/cropped-Capture-5-jpg.webp","width":508,"height":252,"caption":"K\u00e4kikuu"},"image":{"@id":"https:\/\/www.kakikuu.fi\/#\/schema\/logo\/image\/"},"sameAs":["https:\/\/www.facebook.com\/profile.php?id=61551999317882"]}]}},"_links":{"self":[{"href":"https:\/\/www.kakikuu.fi\/en\/wp-json\/wp\/v2\/pages\/1431","targetHints":{"allow":["GET"]}}],"collection":[{"href":"https:\/\/www.kakikuu.fi\/en\/wp-json\/wp\/v2\/pages"}],"about":[{"href":"https:\/\/www.kakikuu.fi\/en\/wp-json\/wp\/v2\/types\/page"}],"author":[{"embeddable":true,"href":"https:\/\/www.kakikuu.fi\/en\/wp-json\/wp\/v2\/users\/1"}],"replies":[{"embeddable":true,"href":"https:\/\/www.kakikuu.fi\/en\/wp-json\/wp\/v2\/comments?post=1431"}],"version-history":[{"count":6,"href":"https:\/\/www.kakikuu.fi\/en\/wp-json\/wp\/v2\/pages\/1431\/revisions"}],"predecessor-version":[{"id":1975,"href":"https:\/\/www.kakikuu.fi\/en\/wp-json\/wp\/v2\/pages\/1431\/revisions\/1975"}],"wp:featuredmedia":[{"embeddable":true,"href":"https:\/\/www.kakikuu.fi\/en\/wp-json\/wp\/v2\/media\/1433"}],"wp:attachment":[{"href":"https:\/\/www.kakikuu.fi\/en\/wp-json\/wp\/v2\/media?parent=1431"}],"curies":[{"name":"wp","href":"https:\/\/api.w.org\/{rel}","templated":true}]}}