{"id":1332,"date":"2024-12-01T14:43:49","date_gmt":"2024-12-01T12:43:49","guid":{"rendered":"https:\/\/www.kakikuu.fi\/?page_id=1332"},"modified":"2026-02-01T19:27:59","modified_gmt":"2026-02-01T17:27:59","slug":"human-responsibility-hures-ihmiskeskeinen-vastuullisuuskonsepti","status":"publish","type":"page","link":"https:\/\/www.kakikuu.fi\/en\/human-responsibility-hures-ihmiskeskeinen-vastuullisuuskonsepti\/","title":{"rendered":"Human Responsibility HuRes\u00ae \u2013 Human-Centered Sustainability Concept"},"content":{"rendered":"\n<p>Human Responsibility HuRes\u00ae on vastuullisuuskonsepti pk-yrityksille ja organisaatioille. Sen keski\u00f6ss\u00e4 on ihmiskeskeinen vastuullisuus. Konseptin perusajatus on, ett\u00e4 organisaation tulee kohdella kaikkia sidosryhmi\u00e4\u00e4n \u2013 ty\u00f6ntekij\u00f6it\u00e4\u00e4n, asiakkaitaan ja yhteisty\u00f6kumppaneitaan \u2013 oikeudenmukaisesti ja yhdenvertaisesti, osoittaa arvostustaan heit\u00e4 kohtaan ja olla aina kaikessa rehellinen. N\u00e4in organisaatio rakentaa luottamusta ja lis\u00e4\u00e4 omaa ja sidosryhmiens\u00e4 hyvinvointia. Human Responsibility HuRes\u00ae painottaa, ett\u00e4 ihmisten hyv\u00e4 kohtelu ei ole vain strateginen valinta vaan perustavanlaatuinen velvollisuus. Organisaation eettiset arvot ohjaavat kaikkea toimintaa ja p\u00e4\u00e4t\u00f6ksentekoa.<\/p>\n\n\n\n<p>Human Responsibility HuRes\u00ae-konsepti auttaa organisaatiota vahvistamaan ty\u00f6ntekij\u00f6iden ja sidosryhmien hyvinvointia, rakentamaan luottamusta sek\u00e4 edist\u00e4m\u00e4\u00e4n kest\u00e4v\u00e4\u00e4 ja taloudellisesti vakaata toimintaa.<\/p>\n\n\n\n<figure class=\"wp-block-image size-large\"><img loading=\"lazy\" decoding=\"async\" width=\"1024\" height=\"205\" src=\"https:\/\/www.kakikuu.fi\/wp-content\/uploads\/2024\/12\/Human-Responsibility-logo-ilman-taustaa-2-1024x205.png\" alt=\"\" class=\"wp-image-1347\" srcset=\"https:\/\/www.kakikuu.fi\/wp-content\/uploads\/2024\/12\/Human-Responsibility-logo-ilman-taustaa-2-1024x205.png 1024w, https:\/\/www.kakikuu.fi\/wp-content\/uploads\/2024\/12\/Human-Responsibility-logo-ilman-taustaa-2-300x60.png 300w, https:\/\/www.kakikuu.fi\/wp-content\/uploads\/2024\/12\/Human-Responsibility-logo-ilman-taustaa-2-768x153.png 768w, https:\/\/www.kakikuu.fi\/wp-content\/uploads\/2024\/12\/Human-Responsibility-logo-ilman-taustaa-2.png 1181w\" sizes=\"auto, (max-width: 1024px) 100vw, 1024px\" \/><\/figure>\n\n\n\n<p>Human Responsibility HuRes\u00ae -konseptin l\u00e4ht\u00f6kohtana on ajatus siit\u00e4, ett\u00e4 ihmisten hyv\u00e4 kohtelu on vastuullisen toiminnan perusta. T\u00e4m\u00e4 tarkoittaa, ett\u00e4 organisaation eettiset arvot ohjaavat sen toimintaa vastuullisuuden ja kest\u00e4v\u00e4n kehityksen p\u00e4\u00e4m\u00e4\u00e4rien edist\u00e4miseksi:<\/p>\n\n\n\n<ul class=\"wp-block-list\">\n<li>Yhdenvertaisuus: organisaatio huolehtii siit\u00e4, ett\u00e4 ket\u00e4\u00e4n ei syrjit\u00e4 tai aseteta ep\u00e4edulliseen asemaan.<\/li>\n\n\n\n<li>Oikeudenmukaisuus: organisaatio kohtelee kaikkia reilusti ja yhdenvertaisesti.<\/li>\n\n\n\n<li>Arvostus: organisaatio kunnioittaa ihmisi\u00e4, heid\u00e4n ajatuksiaan, toimintaansa ja oikeuksiaan.<\/li>\n\n\n\n<li>Rehellisyys: organisaation toiminta on kaikessa totuudenmukaista ja l\u00e4pin\u00e4kyv\u00e4\u00e4.<\/li>\n\n\n\n<li>Empatia: organisaatiolla on kyky asettua toisen asemaan ja ymm\u00e4rt\u00e4\u00e4 h\u00e4nen n\u00e4k\u00f6kulmiaan ja tunteitaan.<\/li>\n\n\n\n<li>Luottamus: organisaatio uskoo toisten ihmisten ja organisaatioiden toimintaan ja tarkoitusperiin ja rakentaa oman toimintansa rehellisyyden, vastuullisuuden ja johdonmukaisuuden varaan.<\/li>\n\n\n\n<li>Hyvinvointi: Ihmisten tarpeet ja hyvinvointi ovat kaiken toiminnan prioriteetti.<\/li>\n<\/ul>\n\n\n\n<p>Human Responsibility\u00ae -konseptissa organisaatio sitoutuu jatkuvaan rakentavaan vuoropuheluun sidosryhmiens\u00e4 kanssa. Organisaatio toteuttaa jatkuvan oppimisen periaatteita mahdollistamalla ty\u00f6ntekij\u00f6illeen ammatillisen ja ihmiskeskeisen vastuullisuusosaamisen kehitt\u00e4misen. Organisaatio tukee asiakkaitaan ja arvoketjuaan heid\u00e4n vastuullisuusty\u00f6ss\u00e4\u00e4n ja edist\u00e4\u00e4 n\u00e4in ihmiskeskeisen vastuullisuuden kokonaisvaltaista toteutumista. Organisaatio tunnistaa, ett\u00e4 rohkea, utelias ja innovatiivinen asenne tukevat organisaation kest\u00e4v\u00e4\u00e4 kehityst\u00e4 ja ihmisten hyvinvointia.<\/p>\n\n\n\n<figure class=\"wp-block-image size-full\"><img loading=\"lazy\" decoding=\"async\" width=\"800\" height=\"533\" src=\"https:\/\/www.kakikuu.fi\/wp-content\/uploads\/2024\/12\/helena-lopes-PGnqT0rXWLs-unsplash-2.jpg\" alt=\"\" class=\"wp-image-1340\" srcset=\"https:\/\/www.kakikuu.fi\/wp-content\/uploads\/2024\/12\/helena-lopes-PGnqT0rXWLs-unsplash-2.jpg 800w, https:\/\/www.kakikuu.fi\/wp-content\/uploads\/2024\/12\/helena-lopes-PGnqT0rXWLs-unsplash-2-300x200.jpg 300w, https:\/\/www.kakikuu.fi\/wp-content\/uploads\/2024\/12\/helena-lopes-PGnqT0rXWLs-unsplash-2-768x512.jpg 768w, https:\/\/www.kakikuu.fi\/wp-content\/uploads\/2024\/12\/helena-lopes-PGnqT0rXWLs-unsplash-2-360x240.jpg 360w\" sizes=\"auto, (max-width: 800px) 100vw, 800px\" \/><\/figure>\n\n\n\n<p class=\"has-text-align-center\"><\/p>\n\n\n\n<h2 class=\"wp-block-heading\">Vastuullisuuden kolme tukipilaria<\/h2>\n\n\n\n<p>Human Responsibility HuRes\u00ae -konsepti rakentuu ihmiskeskeisen vastuullisuuden kolmelle tukipilarille:<\/p>\n\n\n\n<ul class=\"wp-block-list\">\n<li>Ihmiset \u2013 jokainen on yht\u00e4 arvokas<\/li>\n\n\n\n<li>Taloudellinen vastuu \u2013 raha on mahdollistaja<\/li>\n\n\n\n<li>Ymp\u00e4rist\u00f6vastuu \u2013 luonto on mittaamaton arvo<\/li>\n<\/ul>\n\n\n<div class=\"wp-block-image\">\n<figure class=\"aligncenter size-full\"><img loading=\"lazy\" decoding=\"async\" width=\"1920\" height=\"1080\" src=\"https:\/\/www.kakikuu.fi\/wp-content\/uploads\/2024\/12\/Vastuullisuuden-kolme-tukipilaria-2.png\" alt=\"\" class=\"wp-image-1348\" srcset=\"https:\/\/www.kakikuu.fi\/wp-content\/uploads\/2024\/12\/Vastuullisuuden-kolme-tukipilaria-2.png 1920w, https:\/\/www.kakikuu.fi\/wp-content\/uploads\/2024\/12\/Vastuullisuuden-kolme-tukipilaria-2-300x169.png 300w, https:\/\/www.kakikuu.fi\/wp-content\/uploads\/2024\/12\/Vastuullisuuden-kolme-tukipilaria-2-1024x576.png 1024w, https:\/\/www.kakikuu.fi\/wp-content\/uploads\/2024\/12\/Vastuullisuuden-kolme-tukipilaria-2-768x432.png 768w, https:\/\/www.kakikuu.fi\/wp-content\/uploads\/2024\/12\/Vastuullisuuden-kolme-tukipilaria-2-1536x864.png 1536w\" sizes=\"auto, (max-width: 1920px) 100vw, 1920px\" \/><\/figure>\n<\/div>\n\n\n<p class=\"has-text-align-center\">&#8211;<\/p>\n\n\n\n<h2 class=\"wp-block-heading\">Kuusi askelta ihmiskeskeiseen vastuullisuuteen<\/h2>\n\n\n\n<p>K\u00e4kikuun ihmiskeskeisen vastuullisuuskonseptin kuusi askelta muodostavat kokonaisvaltaisen prosessin, joka vie organisaatiosi vastuullisuusty\u00f6n uudelle tasolle. Prosessi auttaa asettamaan selke\u00e4t tavoitteet ja m\u00e4\u00e4rittelem\u00e4\u00e4n konkreettiset toimenpiteet, joita tuetaan viestinn\u00e4ll\u00e4, johtamisella ja seurannalla. Lopulta jatkuva arviointi ja kehitt\u00e4minen varmistavat, ett\u00e4 organisaatiosi ihmiskeskeinen vastuullisuusty\u00f6 pysyy ajantasaisena ja vaikuttavana.<\/p>\n\n\n\n<p>Kuule lis\u00e4\u00e4 organisaatiosi ihmiskeskeisest\u00e4 vastuullisuuskonseptista:<\/p>\n\n\n<div class=\"wpforms-container wpforms-container-full wpforms-block wpforms-block-1852b1c7-139e-4bb7-83ba-80ea5b8d78c7\" id=\"wpforms-120\"><form id=\"wpforms-form-120\" class=\"wpforms-validate wpforms-form wpforms-ajax-form\" data-formid=\"120\" method=\"post\" enctype=\"multipart\/form-data\" action=\"\/en\/wp-json\/wp\/v2\/pages\/1332\" data-token=\"a8d42a3abd6b31b9716272d955485850\" data-token-time=\"1777278849\"><noscript class=\"wpforms-error-noscript\">Please enable JavaScript in your browser to complete this form.<\/noscript><div class=\"wpforms-field-container\"><div id=\"wpforms-120-field_0-container\" class=\"wpforms-field wpforms-field-name\" data-field-id=\"0\"><label class=\"wpforms-field-label\" for=\"wpforms-120-field_0\">Nimi <span class=\"wpforms-required-label\">*<\/span><\/label><input type=\"text\" id=\"wpforms-120-field_0\" class=\"wpforms-field-medium wpforms-field-required\" name=\"wpforms[fields][0]\" required><\/div><div id=\"wpforms-120-field_1-container\" class=\"wpforms-field wpforms-field-email\" data-field-id=\"1\"><label class=\"wpforms-field-label\" for=\"wpforms-120-field_1\">S\u00e4hk\u00f6postiosoitteesi <span class=\"wpforms-required-label\">*<\/span><\/label><input type=\"email\" id=\"wpforms-120-field_1\" class=\"wpforms-field-medium wpforms-field-required\" name=\"wpforms[fields][1]\" spellcheck=\"false\" required><\/div><div id=\"wpforms-120-field_2-container\" class=\"wpforms-field wpforms-field-textarea\" data-field-id=\"2\"><label class=\"wpforms-field-label\" for=\"wpforms-120-field_2\">Viestisi meille<\/label><textarea id=\"wpforms-120-field_2\" class=\"wpforms-field-medium\" name=\"wpforms[fields][2]\" ><\/textarea><\/div><\/div><!-- .wpforms-field-container --><div class=\"wpforms-submit-container\" ><input type=\"hidden\" name=\"wpforms[id]\" value=\"120\"><input type=\"hidden\" name=\"page_title\" value=\"\"><input type=\"hidden\" name=\"page_url\" value=\"https:\/\/www.kakikuu.fi\/en\/wp-json\/wp\/v2\/pages\/1332\"><input type=\"hidden\" name=\"url_referer\" value=\"\"><button type=\"submit\" name=\"wpforms[submit]\" id=\"wpforms-submit-120\" class=\"wpforms-submit\" data-alt-text=\"L\u00e4hetet\u00e4\u00e4n...\" data-submit-text=\"L\u00e4het\u00e4\" aria-live=\"assertive\" value=\"wpforms-submit\">L\u00e4het\u00e4<\/button><img loading=\"lazy\" decoding=\"async\" src=\"https:\/\/www.kakikuu.fi\/wp-content\/plugins\/wpforms-lite\/assets\/images\/submit-spin.svg\" class=\"wpforms-submit-spinner\" style=\"display: none;\" width=\"26\" height=\"26\" alt=\"Loading\"><\/div><\/form><\/div>  <!-- .wpforms-container -->","protected":false},"excerpt":{"rendered":"<p>Human Responsibility HuRes\u00ae on vastuullisuuskonsepti pk-yrityksille ja organisaatioille. Sen keski\u00f6ss\u00e4 on ihmiskeskeinen vastuullisuus. Konseptin perusajatus on, ett\u00e4 organisaation tulee kohdella kaikkia sidosryhmi\u00e4\u00e4n \u2013 ty\u00f6ntekij\u00f6it\u00e4\u00e4n, asiakkaitaan ja yhteisty\u00f6kumppaneitaan \u2013 oikeudenmukaisesti ja yhdenvertaisesti, osoittaa arvostustaan heit\u00e4 kohtaan ja olla aina kaikessa rehellinen. N\u00e4in organisaatio rakentaa luottamusta ja lis\u00e4\u00e4 omaa ja sidosryhmiens\u00e4 hyvinvointia. [&hellip;]<\/p>\n","protected":false},"author":1,"featured_media":1333,"parent":0,"menu_order":0,"comment_status":"closed","ping_status":"closed","template":"","meta":{"footnotes":""},"class_list":["post-1332","page","type-page","status-publish","has-post-thumbnail","hentry"],"yoast_head":"<!-- This site is optimized with the Yoast SEO plugin v27.4 - https:\/\/yoast.com\/product\/yoast-seo-wordpress\/ -->\n<title>Ihmiskeskeinen vastuullisuus | HuRes\u00ae-konsepti<\/title>\n<meta name=\"description\" content=\"Human Responsibility HuRes\u00ae tuo vastuullisuusty\u00f6n ytimeen ihmiset ja arjen p\u00e4\u00e4t\u00f6kset pk-yrityksiss\u00e4 ja organisaatioissa.\" \/>\n<meta name=\"robots\" content=\"index, follow, max-snippet:-1, max-image-preview:large, max-video-preview:-1\" \/>\n<link rel=\"canonical\" href=\"https:\/\/www.kakikuu.fi\/en\/human-responsibility-hures-ihmiskeskeinen-vastuullisuuskonsepti\/\" \/>\n<meta property=\"og:locale\" content=\"en_GB\" \/>\n<meta property=\"og:type\" content=\"article\" \/>\n<meta property=\"og:title\" content=\"Ihmiskeskeinen vastuullisuus | HuRes\u00ae-konsepti\" \/>\n<meta property=\"og:description\" content=\"Human Responsibility HuRes\u00ae tuo vastuullisuusty\u00f6n ytimeen ihmiset ja arjen p\u00e4\u00e4t\u00f6kset pk-yrityksiss\u00e4 ja organisaatioissa.\" \/>\n<meta property=\"og:url\" content=\"https:\/\/www.kakikuu.fi\/en\/human-responsibility-hures-ihmiskeskeinen-vastuullisuuskonsepti\/\" \/>\n<meta property=\"og:site_name\" content=\"K\u00e4kikuu\" \/>\n<meta property=\"article:publisher\" content=\"https:\/\/www.facebook.com\/profile.php?id=61551999317882\" \/>\n<meta property=\"article:modified_time\" content=\"2026-02-01T17:27:59+00:00\" \/>\n<meta property=\"og:image\" content=\"https:\/\/www.kakikuu.fi\/wp-content\/uploads\/2024\/12\/HuRes-kansikuva.png\" \/>\n\t<meta property=\"og:image:width\" content=\"300\" \/>\n\t<meta property=\"og:image:height\" content=\"180\" \/>\n\t<meta property=\"og:image:type\" content=\"image\/png\" \/>\n<meta name=\"twitter:card\" content=\"summary_large_image\" \/>\n<meta name=\"twitter:label1\" content=\"Estimated reading time\" \/>\n\t<meta name=\"twitter:data1\" content=\"3 minutes\" \/>\n<script type=\"application\/ld+json\" class=\"yoast-schema-graph\">{\"@context\":\"https:\\\/\\\/schema.org\",\"@graph\":[{\"@type\":\"WebPage\",\"@id\":\"https:\\\/\\\/www.kakikuu.fi\\\/human-responsibility-hures-ihmiskeskeinen-vastuullisuuskonsepti\\\/\",\"url\":\"https:\\\/\\\/www.kakikuu.fi\\\/human-responsibility-hures-ihmiskeskeinen-vastuullisuuskonsepti\\\/\",\"name\":\"Ihmiskeskeinen vastuullisuus | HuRes\u00ae-konsepti\",\"isPartOf\":{\"@id\":\"https:\\\/\\\/www.kakikuu.fi\\\/#website\"},\"primaryImageOfPage\":{\"@id\":\"https:\\\/\\\/www.kakikuu.fi\\\/human-responsibility-hures-ihmiskeskeinen-vastuullisuuskonsepti\\\/#primaryimage\"},\"image\":{\"@id\":\"https:\\\/\\\/www.kakikuu.fi\\\/human-responsibility-hures-ihmiskeskeinen-vastuullisuuskonsepti\\\/#primaryimage\"},\"thumbnailUrl\":\"https:\\\/\\\/www.kakikuu.fi\\\/wp-content\\\/uploads\\\/2024\\\/12\\\/HuRes-kansikuva.png\",\"datePublished\":\"2024-12-01T12:43:49+00:00\",\"dateModified\":\"2026-02-01T17:27:59+00:00\",\"description\":\"Human Responsibility HuRes\u00ae tuo vastuullisuusty\u00f6n ytimeen ihmiset ja arjen p\u00e4\u00e4t\u00f6kset pk-yrityksiss\u00e4 ja organisaatioissa.\",\"breadcrumb\":{\"@id\":\"https:\\\/\\\/www.kakikuu.fi\\\/human-responsibility-hures-ihmiskeskeinen-vastuullisuuskonsepti\\\/#breadcrumb\"},\"inLanguage\":\"en-GB\",\"potentialAction\":[{\"@type\":\"ReadAction\",\"target\":[\"https:\\\/\\\/www.kakikuu.fi\\\/human-responsibility-hures-ihmiskeskeinen-vastuullisuuskonsepti\\\/\"]}]},{\"@type\":\"ImageObject\",\"inLanguage\":\"en-GB\",\"@id\":\"https:\\\/\\\/www.kakikuu.fi\\\/human-responsibility-hures-ihmiskeskeinen-vastuullisuuskonsepti\\\/#primaryimage\",\"url\":\"https:\\\/\\\/www.kakikuu.fi\\\/wp-content\\\/uploads\\\/2024\\\/12\\\/HuRes-kansikuva.png\",\"contentUrl\":\"https:\\\/\\\/www.kakikuu.fi\\\/wp-content\\\/uploads\\\/2024\\\/12\\\/HuRes-kansikuva.png\",\"width\":300,\"height\":180,\"caption\":\"Human Responsibility, vastuullisuus, yritysvstuu, ihminen, ihmiskeskeisyys\"},{\"@type\":\"BreadcrumbList\",\"@id\":\"https:\\\/\\\/www.kakikuu.fi\\\/human-responsibility-hures-ihmiskeskeinen-vastuullisuuskonsepti\\\/#breadcrumb\",\"itemListElement\":[{\"@type\":\"ListItem\",\"position\":1,\"name\":\"Etusivu\",\"item\":\"https:\\\/\\\/www.kakikuu.fi\\\/\"},{\"@type\":\"ListItem\",\"position\":2,\"name\":\"Human Responsibility HuRes\u00ae \u2013 ihmiskeskeinen vastuullisuuskonsepti\"}]},{\"@type\":\"WebSite\",\"@id\":\"https:\\\/\\\/www.kakikuu.fi\\\/#website\",\"url\":\"https:\\\/\\\/www.kakikuu.fi\\\/\",\"name\":\"K\u00e4kikuu\",\"description\":\"Yritysvastuun kumppani\",\"publisher\":{\"@id\":\"https:\\\/\\\/www.kakikuu.fi\\\/#organization\"},\"potentialAction\":[{\"@type\":\"SearchAction\",\"target\":{\"@type\":\"EntryPoint\",\"urlTemplate\":\"https:\\\/\\\/www.kakikuu.fi\\\/?s={search_term_string}\"},\"query-input\":{\"@type\":\"PropertyValueSpecification\",\"valueRequired\":true,\"valueName\":\"search_term_string\"}}],\"inLanguage\":\"en-GB\"},{\"@type\":\"Organization\",\"@id\":\"https:\\\/\\\/www.kakikuu.fi\\\/#organization\",\"name\":\"K\u00e4kikuu\",\"url\":\"https:\\\/\\\/www.kakikuu.fi\\\/\",\"logo\":{\"@type\":\"ImageObject\",\"inLanguage\":\"en-GB\",\"@id\":\"https:\\\/\\\/www.kakikuu.fi\\\/#\\\/schema\\\/logo\\\/image\\\/\",\"url\":\"https:\\\/\\\/www.kakikuu.fi\\\/wp-content\\\/uploads\\\/2024\\\/02\\\/cropped-Capture-5-jpg.webp\",\"contentUrl\":\"https:\\\/\\\/www.kakikuu.fi\\\/wp-content\\\/uploads\\\/2024\\\/02\\\/cropped-Capture-5-jpg.webp\",\"width\":508,\"height\":252,\"caption\":\"K\u00e4kikuu\"},\"image\":{\"@id\":\"https:\\\/\\\/www.kakikuu.fi\\\/#\\\/schema\\\/logo\\\/image\\\/\"},\"sameAs\":[\"https:\\\/\\\/www.facebook.com\\\/profile.php?id=61551999317882\"]}]}<\/script>\n<!-- \/ Yoast SEO plugin. -->","yoast_head_json":{"title":"Ihmiskeskeinen vastuullisuus | HuRes\u00ae-konsepti","description":"Human Responsibility HuRes\u00ae tuo vastuullisuusty\u00f6n ytimeen ihmiset ja arjen p\u00e4\u00e4t\u00f6kset pk-yrityksiss\u00e4 ja organisaatioissa.","robots":{"index":"index","follow":"follow","max-snippet":"max-snippet:-1","max-image-preview":"max-image-preview:large","max-video-preview":"max-video-preview:-1"},"canonical":"https:\/\/www.kakikuu.fi\/en\/human-responsibility-hures-ihmiskeskeinen-vastuullisuuskonsepti\/","og_locale":"en_GB","og_type":"article","og_title":"Ihmiskeskeinen vastuullisuus | HuRes\u00ae-konsepti","og_description":"Human Responsibility HuRes\u00ae tuo vastuullisuusty\u00f6n ytimeen ihmiset ja arjen p\u00e4\u00e4t\u00f6kset pk-yrityksiss\u00e4 ja organisaatioissa.","og_url":"https:\/\/www.kakikuu.fi\/en\/human-responsibility-hures-ihmiskeskeinen-vastuullisuuskonsepti\/","og_site_name":"K\u00e4kikuu","article_publisher":"https:\/\/www.facebook.com\/profile.php?id=61551999317882","article_modified_time":"2026-02-01T17:27:59+00:00","og_image":[{"width":300,"height":180,"url":"https:\/\/www.kakikuu.fi\/wp-content\/uploads\/2024\/12\/HuRes-kansikuva.png","type":"image\/png"}],"twitter_card":"summary_large_image","twitter_misc":{"Estimated reading time":"3 minutes"},"schema":{"@context":"https:\/\/schema.org","@graph":[{"@type":"WebPage","@id":"https:\/\/www.kakikuu.fi\/human-responsibility-hures-ihmiskeskeinen-vastuullisuuskonsepti\/","url":"https:\/\/www.kakikuu.fi\/human-responsibility-hures-ihmiskeskeinen-vastuullisuuskonsepti\/","name":"Ihmiskeskeinen vastuullisuus | HuRes\u00ae-konsepti","isPartOf":{"@id":"https:\/\/www.kakikuu.fi\/#website"},"primaryImageOfPage":{"@id":"https:\/\/www.kakikuu.fi\/human-responsibility-hures-ihmiskeskeinen-vastuullisuuskonsepti\/#primaryimage"},"image":{"@id":"https:\/\/www.kakikuu.fi\/human-responsibility-hures-ihmiskeskeinen-vastuullisuuskonsepti\/#primaryimage"},"thumbnailUrl":"https:\/\/www.kakikuu.fi\/wp-content\/uploads\/2024\/12\/HuRes-kansikuva.png","datePublished":"2024-12-01T12:43:49+00:00","dateModified":"2026-02-01T17:27:59+00:00","description":"Human Responsibility HuRes\u00ae tuo vastuullisuusty\u00f6n ytimeen ihmiset ja arjen p\u00e4\u00e4t\u00f6kset pk-yrityksiss\u00e4 ja organisaatioissa.","breadcrumb":{"@id":"https:\/\/www.kakikuu.fi\/human-responsibility-hures-ihmiskeskeinen-vastuullisuuskonsepti\/#breadcrumb"},"inLanguage":"en-GB","potentialAction":[{"@type":"ReadAction","target":["https:\/\/www.kakikuu.fi\/human-responsibility-hures-ihmiskeskeinen-vastuullisuuskonsepti\/"]}]},{"@type":"ImageObject","inLanguage":"en-GB","@id":"https:\/\/www.kakikuu.fi\/human-responsibility-hures-ihmiskeskeinen-vastuullisuuskonsepti\/#primaryimage","url":"https:\/\/www.kakikuu.fi\/wp-content\/uploads\/2024\/12\/HuRes-kansikuva.png","contentUrl":"https:\/\/www.kakikuu.fi\/wp-content\/uploads\/2024\/12\/HuRes-kansikuva.png","width":300,"height":180,"caption":"Human Responsibility, vastuullisuus, yritysvstuu, ihminen, ihmiskeskeisyys"},{"@type":"BreadcrumbList","@id":"https:\/\/www.kakikuu.fi\/human-responsibility-hures-ihmiskeskeinen-vastuullisuuskonsepti\/#breadcrumb","itemListElement":[{"@type":"ListItem","position":1,"name":"Etusivu","item":"https:\/\/www.kakikuu.fi\/"},{"@type":"ListItem","position":2,"name":"Human Responsibility HuRes\u00ae \u2013 ihmiskeskeinen vastuullisuuskonsepti"}]},{"@type":"WebSite","@id":"https:\/\/www.kakikuu.fi\/#website","url":"https:\/\/www.kakikuu.fi\/","name":"K\u00e4kikuu","description":"Your Partner in Corporate Responsibility","publisher":{"@id":"https:\/\/www.kakikuu.fi\/#organization"},"potentialAction":[{"@type":"SearchAction","target":{"@type":"EntryPoint","urlTemplate":"https:\/\/www.kakikuu.fi\/?s={search_term_string}"},"query-input":{"@type":"PropertyValueSpecification","valueRequired":true,"valueName":"search_term_string"}}],"inLanguage":"en-GB"},{"@type":"Organization","@id":"https:\/\/www.kakikuu.fi\/#organization","name":"K\u00e4kikuu","url":"https:\/\/www.kakikuu.fi\/","logo":{"@type":"ImageObject","inLanguage":"en-GB","@id":"https:\/\/www.kakikuu.fi\/#\/schema\/logo\/image\/","url":"https:\/\/www.kakikuu.fi\/wp-content\/uploads\/2024\/02\/cropped-Capture-5-jpg.webp","contentUrl":"https:\/\/www.kakikuu.fi\/wp-content\/uploads\/2024\/02\/cropped-Capture-5-jpg.webp","width":508,"height":252,"caption":"K\u00e4kikuu"},"image":{"@id":"https:\/\/www.kakikuu.fi\/#\/schema\/logo\/image\/"},"sameAs":["https:\/\/www.facebook.com\/profile.php?id=61551999317882"]}]}},"_links":{"self":[{"href":"https:\/\/www.kakikuu.fi\/en\/wp-json\/wp\/v2\/pages\/1332","targetHints":{"allow":["GET"]}}],"collection":[{"href":"https:\/\/www.kakikuu.fi\/en\/wp-json\/wp\/v2\/pages"}],"about":[{"href":"https:\/\/www.kakikuu.fi\/en\/wp-json\/wp\/v2\/types\/page"}],"author":[{"embeddable":true,"href":"https:\/\/www.kakikuu.fi\/en\/wp-json\/wp\/v2\/users\/1"}],"replies":[{"embeddable":true,"href":"https:\/\/www.kakikuu.fi\/en\/wp-json\/wp\/v2\/comments?post=1332"}],"version-history":[{"count":2,"href":"https:\/\/www.kakikuu.fi\/en\/wp-json\/wp\/v2\/pages\/1332\/revisions"}],"predecessor-version":[{"id":1859,"href":"https:\/\/www.kakikuu.fi\/en\/wp-json\/wp\/v2\/pages\/1332\/revisions\/1859"}],"wp:featuredmedia":[{"embeddable":true,"href":"https:\/\/www.kakikuu.fi\/en\/wp-json\/wp\/v2\/media\/1333"}],"wp:attachment":[{"href":"https:\/\/www.kakikuu.fi\/en\/wp-json\/wp\/v2\/media?parent=1332"}],"curies":[{"name":"wp","href":"https:\/\/api.w.org\/{rel}","templated":true}]}}