{"id":1159,"date":"2024-10-20T20:10:40","date_gmt":"2024-10-20T18:10:40","guid":{"rendered":"https:\/\/www.kakikuu.fi\/?page_id=1159"},"modified":"2024-11-03T07:36:38","modified_gmt":"2024-11-03T05:36:38","slug":"kirja-vastuullisuustyo-pk-yrityksissa","status":"publish","type":"page","link":"https:\/\/www.kakikuu.fi\/en\/kirja-vastuullisuustyo-pk-yrityksissa\/","title":{"rendered":"Book: Sustainability Work in Small and Medium-Sized Enterprises"},"content":{"rendered":"<p>Sustainability Work in SMEs \u2013 A Guide to Successful Business, <em>Sustainability Work in SMEs - A Guide to Successful Business<\/em>&nbsp;takes the reader on a clear and practical journey toward a sustainable business model and long-term success. This book inspires and encourages impactful sustainability work, offering insights into the opportunities it brings for small and medium-sized enterprises of all sizes and sectors. Available in Finnish only.<\/p>\n\n\n<div class=\"wp-block-image\">\n<figure class=\"aligncenter size-full is-resized\"><img loading=\"lazy\" decoding=\"async\" width=\"465\" height=\"654\" src=\"https:\/\/www.kakikuu.fi\/wp-content\/uploads\/2024\/10\/Capture-little-jpg.webp\" alt=\"\" class=\"wp-image-1195\" style=\"width:381px;height:auto\" srcset=\"https:\/\/www.kakikuu.fi\/wp-content\/uploads\/2024\/10\/Capture-little-jpg.webp 465w, https:\/\/www.kakikuu.fi\/wp-content\/uploads\/2024\/10\/Capture-little-213x300.webp 213w\" sizes=\"auto, (max-width: 465px) 100vw, 465px\" \/><\/figure>\n<\/div>\n\n\n<p><em>Sustainability Work in SMEs - A Guide to Successful Business<\/em>&nbsp;was born out of the need to bring together all the essential knowledge small and medium-sized enterprises need for their sustainability efforts \u2013 in one comprehensive volume. The book guides readers through the entire journey of corporate sustainability, leading toward a sustainable business model. It provides a solid foundation for impactful sustainability work and demonstrates its benefits and necessity for any company that wants to take responsibility and remain profitable in the future.\n\nEvery company should be able to carry out sustainability work based on its own starting point \u2013 systematically and with clear goals. This enables effective use of limited resources and helps integrate sustainability and sound business into a lasting concept.<\/p>\n\n\n\n<p>This book is written for everyone interested in sustainable development and the opportunities it brings. It offers entrepreneurs, current and future business professionals a clear understanding of the full scope of sustainability work in small and medium-sized enterprises. At the same time, it supports company leaders, specialists, and students in understanding the specific characteristics of sustainability in SMEs.\n\nThe book encourages and empowers companies to engage in sustainability work, showing how a systematic approach not only benefits the environment and society but also contributes to the company\u2019s financial performance\u2014both in the short and long term. <\/p>\n\n\n\n<p class=\"has-text-align-center\">&#8211;<\/p>\n\n\n\n<p><strong>What readers are saying:<\/strong><\/p>\n\n\n\n<p>\u201c<em>Sustainability Work in SMEs - A Guide to Successful Business&nbsp;<\/em>\"Sustainability Work in SMEs \u2013 A Guide to Successful Business is a timely and comprehensive book on sustainability efforts in small and medium-sized enterprises. It offers a deep and practical perspective on the principles, implementation, and benefits of sustainability work for businesses of all sizes. The language is easy to understand, and the real-life examples help readers grasp how sustainability is connected to everyday business operations. I recommend this book to all SMEs and anyone interested in sustainability in business.\"<\/p>\n\n\n\n<p>\u2013&nbsp;<strong>Marko Ahtiainen,<\/strong>CEO, Association of Entrepreneurs in H\u00e4me Region<\/p>\n\n\n\n<p class=\"has-text-align-center\">&#8211;<\/p>\n\n\n\n<p>Download a free <a href=\"https:\/\/issuu.com\/kauppakamari\/docs\/vastuullisuustyo_pk_yrityksissa_\" target=\"_blank\" rel=\"noreferrer noopener\">sample<\/a><\/p>\n\n\n\n<p class=\"has-text-align-center\">&#8211;<\/p>\n\n\n\n<p>The book can be ordered from the Chamber of Commerce <a href=\"https:\/\/www.kauppakamarikauppa.fi\/products\/vastuullisuustyo-pk-yrityksissa-opas-tuloksekkaaseen-liiketoimintaan?srsltid=AfmBOor3JERZ9GCjTFPjhBB9kQR-FM8v_1M1EE87fOsa-6zByHYt_EYf\" target=\"_blank\" rel=\"noreferrer noopener\">store<\/a>.<\/p>","protected":false},"excerpt":{"rendered":"<p>Jukka K. Niemen kirjoittama Vastuullisuusty\u00f6 pk-yrityksiss\u00e4 \u2013 opas tuloksekkaaseen liiketoimintaan&nbsp;vie lukijan ymm\u00e4rrett\u00e4v\u00e4sti ja k\u00e4yt\u00e4nn\u00f6nl\u00e4heisesti matkalle kohti yrityksen kest\u00e4v\u00e4\u00e4 liiketoimintamallia ja menestyst\u00e4. Kirja inspiroi ja kannustaa lukijaansa vaikuttavaan vastuullisuusty\u00f6h\u00f6n ja antaa oivalluksia sen tuomista mahdollisuuksista ihan kaiken kokoisissa pk-yrityksiss\u00e4. Vastuullisuusty\u00f6 pk-yrityksiss\u00e4 \u2013 opas tuloksekkaaseen liiketoimintaan&nbsp;-teos on syntynyt tarpeesta koota kaikki pk-yritysten [&hellip;]<\/p>\n","protected":false},"author":1,"featured_media":1195,"parent":0,"menu_order":0,"comment_status":"closed","ping_status":"closed","template":"","meta":{"footnotes":""},"class_list":["post-1159","page","type-page","status-publish","has-post-thumbnail","hentry"],"yoast_head":"<!-- This site is optimized with the Yoast SEO plugin v27.5 - https:\/\/yoast.com\/product\/yoast-seo-wordpress\/ -->\n<title>Vastuullisuusty\u00f6 pk-yrityksiss\u00e4 \u2013kirja<\/title>\n<meta name=\"description\" content=\"Vastuullisuusty\u00f6 pk-yrityksiss\u00e4 \u2013 opas tuloksekkaaseen liiketoimintaan inspiroi lukijaansa vaikuttavaan vastuullisuusty\u00f6h\u00f6n.\" \/>\n<meta name=\"robots\" content=\"index, follow, max-snippet:-1, max-image-preview:large, max-video-preview:-1\" \/>\n<link rel=\"canonical\" href=\"https:\/\/www.kakikuu.fi\/en\/kirja-vastuullisuustyo-pk-yrityksissa\/\" \/>\n<meta property=\"og:locale\" content=\"en_GB\" \/>\n<meta property=\"og:type\" content=\"article\" \/>\n<meta property=\"og:title\" content=\"Vastuullisuusty\u00f6 pk-yrityksiss\u00e4 \u2013kirja\" \/>\n<meta property=\"og:description\" content=\"Vastuullisuusty\u00f6 pk-yrityksiss\u00e4 \u2013 opas tuloksekkaaseen liiketoimintaan inspiroi lukijaansa vaikuttavaan vastuullisuusty\u00f6h\u00f6n.\" \/>\n<meta property=\"og:url\" content=\"https:\/\/www.kakikuu.fi\/en\/kirja-vastuullisuustyo-pk-yrityksissa\/\" \/>\n<meta property=\"og:site_name\" content=\"K\u00e4kikuu\" \/>\n<meta property=\"article:publisher\" content=\"https:\/\/www.facebook.com\/profile.php?id=61551999317882\" \/>\n<meta property=\"article:modified_time\" content=\"2024-11-03T05:36:38+00:00\" \/>\n<meta property=\"og:image\" content=\"https:\/\/www.kakikuu.fi\/wp-content\/uploads\/2024\/10\/Capture-little-jpg.webp\" \/>\n\t<meta property=\"og:image:width\" content=\"465\" \/>\n\t<meta property=\"og:image:height\" content=\"654\" \/>\n\t<meta property=\"og:image:type\" content=\"image\/jpeg\" \/>\n<meta name=\"twitter:card\" content=\"summary_large_image\" \/>\n<meta name=\"twitter:label1\" content=\"Estimated reading time\" \/>\n\t<meta name=\"twitter:data1\" content=\"2 minutes\" \/>\n<script type=\"application\/ld+json\" class=\"yoast-schema-graph\">{\"@context\":\"https:\\\/\\\/schema.org\",\"@graph\":[{\"@type\":\"WebPage\",\"@id\":\"https:\\\/\\\/www.kakikuu.fi\\\/kirja-vastuullisuustyo-pk-yrityksissa\\\/\",\"url\":\"https:\\\/\\\/www.kakikuu.fi\\\/kirja-vastuullisuustyo-pk-yrityksissa\\\/\",\"name\":\"Vastuullisuusty\u00f6 pk-yrityksiss\u00e4 \u2013kirja\",\"isPartOf\":{\"@id\":\"https:\\\/\\\/www.kakikuu.fi\\\/#website\"},\"primaryImageOfPage\":{\"@id\":\"https:\\\/\\\/www.kakikuu.fi\\\/kirja-vastuullisuustyo-pk-yrityksissa\\\/#primaryimage\"},\"image\":{\"@id\":\"https:\\\/\\\/www.kakikuu.fi\\\/kirja-vastuullisuustyo-pk-yrityksissa\\\/#primaryimage\"},\"thumbnailUrl\":\"https:\\\/\\\/www.kakikuu.fi\\\/wp-content\\\/uploads\\\/2024\\\/10\\\/Capture-little-jpg.webp\",\"datePublished\":\"2024-10-20T18:10:40+00:00\",\"dateModified\":\"2024-11-03T05:36:38+00:00\",\"description\":\"Vastuullisuusty\u00f6 pk-yrityksiss\u00e4 \u2013 opas tuloksekkaaseen liiketoimintaan inspiroi lukijaansa vaikuttavaan vastuullisuusty\u00f6h\u00f6n.\",\"breadcrumb\":{\"@id\":\"https:\\\/\\\/www.kakikuu.fi\\\/kirja-vastuullisuustyo-pk-yrityksissa\\\/#breadcrumb\"},\"inLanguage\":\"en-GB\",\"potentialAction\":[{\"@type\":\"ReadAction\",\"target\":[\"https:\\\/\\\/www.kakikuu.fi\\\/kirja-vastuullisuustyo-pk-yrityksissa\\\/\"]}]},{\"@type\":\"ImageObject\",\"inLanguage\":\"en-GB\",\"@id\":\"https:\\\/\\\/www.kakikuu.fi\\\/kirja-vastuullisuustyo-pk-yrityksissa\\\/#primaryimage\",\"url\":\"https:\\\/\\\/www.kakikuu.fi\\\/wp-content\\\/uploads\\\/2024\\\/10\\\/Capture-little-jpg.webp\",\"contentUrl\":\"https:\\\/\\\/www.kakikuu.fi\\\/wp-content\\\/uploads\\\/2024\\\/10\\\/Capture-little-jpg.webp\",\"width\":465,\"height\":654,\"caption\":\"Vastuullisuusty\u00f6 pk-yrityksiss\u00e4 - opas tuloksekkaaseen liiketoimintaan\"},{\"@type\":\"BreadcrumbList\",\"@id\":\"https:\\\/\\\/www.kakikuu.fi\\\/kirja-vastuullisuustyo-pk-yrityksissa\\\/#breadcrumb\",\"itemListElement\":[{\"@type\":\"ListItem\",\"position\":1,\"name\":\"Etusivu\",\"item\":\"https:\\\/\\\/www.kakikuu.fi\\\/\"},{\"@type\":\"ListItem\",\"position\":2,\"name\":\"Kirja Vastuullisuusty\u00f6 pk-yrityksiss\u00e4\"}]},{\"@type\":\"WebSite\",\"@id\":\"https:\\\/\\\/www.kakikuu.fi\\\/#website\",\"url\":\"https:\\\/\\\/www.kakikuu.fi\\\/\",\"name\":\"K\u00e4kikuu\",\"description\":\"Yritysvastuun kumppani\",\"publisher\":{\"@id\":\"https:\\\/\\\/www.kakikuu.fi\\\/#organization\"},\"potentialAction\":[{\"@type\":\"SearchAction\",\"target\":{\"@type\":\"EntryPoint\",\"urlTemplate\":\"https:\\\/\\\/www.kakikuu.fi\\\/?s={search_term_string}\"},\"query-input\":{\"@type\":\"PropertyValueSpecification\",\"valueRequired\":true,\"valueName\":\"search_term_string\"}}],\"inLanguage\":\"en-GB\"},{\"@type\":\"Organization\",\"@id\":\"https:\\\/\\\/www.kakikuu.fi\\\/#organization\",\"name\":\"K\u00e4kikuu\",\"url\":\"https:\\\/\\\/www.kakikuu.fi\\\/\",\"logo\":{\"@type\":\"ImageObject\",\"inLanguage\":\"en-GB\",\"@id\":\"https:\\\/\\\/www.kakikuu.fi\\\/#\\\/schema\\\/logo\\\/image\\\/\",\"url\":\"https:\\\/\\\/www.kakikuu.fi\\\/wp-content\\\/uploads\\\/2024\\\/02\\\/cropped-Capture-5-jpg.webp\",\"contentUrl\":\"https:\\\/\\\/www.kakikuu.fi\\\/wp-content\\\/uploads\\\/2024\\\/02\\\/cropped-Capture-5-jpg.webp\",\"width\":508,\"height\":252,\"caption\":\"K\u00e4kikuu\"},\"image\":{\"@id\":\"https:\\\/\\\/www.kakikuu.fi\\\/#\\\/schema\\\/logo\\\/image\\\/\"},\"sameAs\":[\"https:\\\/\\\/www.facebook.com\\\/profile.php?id=61551999317882\"]}]}<\/script>\n<!-- \/ Yoast SEO plugin. -->","yoast_head_json":{"title":"Vastuullisuusty\u00f6 pk-yrityksiss\u00e4 \u2013kirja","description":"Vastuullisuusty\u00f6 pk-yrityksiss\u00e4 \u2013 opas tuloksekkaaseen liiketoimintaan inspiroi lukijaansa vaikuttavaan vastuullisuusty\u00f6h\u00f6n.","robots":{"index":"index","follow":"follow","max-snippet":"max-snippet:-1","max-image-preview":"max-image-preview:large","max-video-preview":"max-video-preview:-1"},"canonical":"https:\/\/www.kakikuu.fi\/en\/kirja-vastuullisuustyo-pk-yrityksissa\/","og_locale":"en_GB","og_type":"article","og_title":"Vastuullisuusty\u00f6 pk-yrityksiss\u00e4 \u2013kirja","og_description":"Vastuullisuusty\u00f6 pk-yrityksiss\u00e4 \u2013 opas tuloksekkaaseen liiketoimintaan inspiroi lukijaansa vaikuttavaan vastuullisuusty\u00f6h\u00f6n.","og_url":"https:\/\/www.kakikuu.fi\/en\/kirja-vastuullisuustyo-pk-yrityksissa\/","og_site_name":"K\u00e4kikuu","article_publisher":"https:\/\/www.facebook.com\/profile.php?id=61551999317882","article_modified_time":"2024-11-03T05:36:38+00:00","og_image":[{"width":465,"height":654,"url":"https:\/\/www.kakikuu.fi\/wp-content\/uploads\/2024\/10\/Capture-little-jpg.webp","type":"image\/jpeg"}],"twitter_card":"summary_large_image","twitter_misc":{"Estimated reading time":"2 minutes"},"schema":{"@context":"https:\/\/schema.org","@graph":[{"@type":"WebPage","@id":"https:\/\/www.kakikuu.fi\/kirja-vastuullisuustyo-pk-yrityksissa\/","url":"https:\/\/www.kakikuu.fi\/kirja-vastuullisuustyo-pk-yrityksissa\/","name":"Vastuullisuusty\u00f6 pk-yrityksiss\u00e4 \u2013kirja","isPartOf":{"@id":"https:\/\/www.kakikuu.fi\/#website"},"primaryImageOfPage":{"@id":"https:\/\/www.kakikuu.fi\/kirja-vastuullisuustyo-pk-yrityksissa\/#primaryimage"},"image":{"@id":"https:\/\/www.kakikuu.fi\/kirja-vastuullisuustyo-pk-yrityksissa\/#primaryimage"},"thumbnailUrl":"https:\/\/www.kakikuu.fi\/wp-content\/uploads\/2024\/10\/Capture-little-jpg.webp","datePublished":"2024-10-20T18:10:40+00:00","dateModified":"2024-11-03T05:36:38+00:00","description":"Vastuullisuusty\u00f6 pk-yrityksiss\u00e4 \u2013 opas tuloksekkaaseen liiketoimintaan inspiroi lukijaansa vaikuttavaan vastuullisuusty\u00f6h\u00f6n.","breadcrumb":{"@id":"https:\/\/www.kakikuu.fi\/kirja-vastuullisuustyo-pk-yrityksissa\/#breadcrumb"},"inLanguage":"en-GB","potentialAction":[{"@type":"ReadAction","target":["https:\/\/www.kakikuu.fi\/kirja-vastuullisuustyo-pk-yrityksissa\/"]}]},{"@type":"ImageObject","inLanguage":"en-GB","@id":"https:\/\/www.kakikuu.fi\/kirja-vastuullisuustyo-pk-yrityksissa\/#primaryimage","url":"https:\/\/www.kakikuu.fi\/wp-content\/uploads\/2024\/10\/Capture-little-jpg.webp","contentUrl":"https:\/\/www.kakikuu.fi\/wp-content\/uploads\/2024\/10\/Capture-little-jpg.webp","width":465,"height":654,"caption":"Vastuullisuusty\u00f6 pk-yrityksiss\u00e4 - opas tuloksekkaaseen liiketoimintaan"},{"@type":"BreadcrumbList","@id":"https:\/\/www.kakikuu.fi\/kirja-vastuullisuustyo-pk-yrityksissa\/#breadcrumb","itemListElement":[{"@type":"ListItem","position":1,"name":"Etusivu","item":"https:\/\/www.kakikuu.fi\/"},{"@type":"ListItem","position":2,"name":"Kirja Vastuullisuusty\u00f6 pk-yrityksiss\u00e4"}]},{"@type":"WebSite","@id":"https:\/\/www.kakikuu.fi\/#website","url":"https:\/\/www.kakikuu.fi\/","name":"K\u00e4kikuu","description":"Your Partner in Corporate Responsibility","publisher":{"@id":"https:\/\/www.kakikuu.fi\/#organization"},"potentialAction":[{"@type":"SearchAction","target":{"@type":"EntryPoint","urlTemplate":"https:\/\/www.kakikuu.fi\/?s={search_term_string}"},"query-input":{"@type":"PropertyValueSpecification","valueRequired":true,"valueName":"search_term_string"}}],"inLanguage":"en-GB"},{"@type":"Organization","@id":"https:\/\/www.kakikuu.fi\/#organization","name":"K\u00e4kikuu","url":"https:\/\/www.kakikuu.fi\/","logo":{"@type":"ImageObject","inLanguage":"en-GB","@id":"https:\/\/www.kakikuu.fi\/#\/schema\/logo\/image\/","url":"https:\/\/www.kakikuu.fi\/wp-content\/uploads\/2024\/02\/cropped-Capture-5-jpg.webp","contentUrl":"https:\/\/www.kakikuu.fi\/wp-content\/uploads\/2024\/02\/cropped-Capture-5-jpg.webp","width":508,"height":252,"caption":"K\u00e4kikuu"},"image":{"@id":"https:\/\/www.kakikuu.fi\/#\/schema\/logo\/image\/"},"sameAs":["https:\/\/www.facebook.com\/profile.php?id=61551999317882"]}]}},"_links":{"self":[{"href":"https:\/\/www.kakikuu.fi\/en\/wp-json\/wp\/v2\/pages\/1159","targetHints":{"allow":["GET"]}}],"collection":[{"href":"https:\/\/www.kakikuu.fi\/en\/wp-json\/wp\/v2\/pages"}],"about":[{"href":"https:\/\/www.kakikuu.fi\/en\/wp-json\/wp\/v2\/types\/page"}],"author":[{"embeddable":true,"href":"https:\/\/www.kakikuu.fi\/en\/wp-json\/wp\/v2\/users\/1"}],"replies":[{"embeddable":true,"href":"https:\/\/www.kakikuu.fi\/en\/wp-json\/wp\/v2\/comments?post=1159"}],"version-history":[{"count":0,"href":"https:\/\/www.kakikuu.fi\/en\/wp-json\/wp\/v2\/pages\/1159\/revisions"}],"wp:featuredmedia":[{"embeddable":true,"href":"https:\/\/www.kakikuu.fi\/en\/wp-json\/wp\/v2\/media\/1195"}],"wp:attachment":[{"href":"https:\/\/www.kakikuu.fi\/en\/wp-json\/wp\/v2\/media?parent=1159"}],"curies":[{"name":"wp","href":"https:\/\/api.w.org\/{rel}","templated":true}]}}