{"id":1132,"date":"2024-09-29T21:28:41","date_gmt":"2024-09-29T19:28:41","guid":{"rendered":"https:\/\/www.kakikuu.fi\/?page_id=1132"},"modified":"2026-02-02T21:24:50","modified_gmt":"2026-02-02T19:24:50","slug":"yrityksen-vastuullisuusraportti","status":"publish","type":"page","link":"https:\/\/www.kakikuu.fi\/en\/yrityksen-vastuullisuusraportti\/","title":{"rendered":"Company\u2019s Sustainability Report"},"content":{"rendered":"\n<p>Yrityksen vastuullisuusraportti on yrityksen vastuullisuusviestinn\u00e4n t\u00e4rkein ty\u00f6kalu. Raportillaan yritys tekee vastuullisuusty\u00f6ns\u00e4 n\u00e4kyv\u00e4ksi ja antaa sidosryhmilleen mahdollisuuden sen p\u00e4\u00e4m\u00e4\u00e4rien, menetelmien, kehityksen ja tulosten arviointiin.<\/p>\n\n\n\n<p>K\u00e4kikuun vastuullisuusraportti perustuu yrityksen tekem\u00e4\u00e4n vastuullisuusty\u00f6n <a href=\"https:\/\/www.kakikuu.fi\/en\/vastuullisuustyon-itsearviointilomake\/\" target=\"_blank\" rel=\"noreferrer noopener\">itsearviointiin<\/a>, joka pohjautuu osin EU:n pk-yrityksille kehitettyyn vapaaehtoiseen <a href=\"https:\/\/www.kakikuu.fi\/en\/vsme-kestavyysraportointistandardi-pk-yrityksille\/\" target=\"_blank\" rel=\"noreferrer noopener\">VSME-standardiin<\/a>. Itsearviointi on kuitenkin muokattu liiketoimintal\u00e4ht\u00f6iseksi ja pk-yritysten arkeen sopivaksi.<\/p>\n\n\n\n<p>Raportti kokoaa yhteen yrityksen vastuullisuusty\u00f6n nykytilan ja viestii yrityksen <a href=\"https:\/\/www.kakikuu.fi\/en\/ratkaisut\/yrityksen-vastuullisuusstrategia\/\" target=\"_blank\" rel=\"noreferrer noopener\">vastuullisuusstrategian<\/a> ja  kehitt\u00e4mistoimenpiteiden toimeenpanon tilasta. Raportti on my\u00f6s t\u00e4rke\u00e4 osa yrityksen viestint\u00e4\u00e4, sill\u00e4 se altistaa yrityksen vastuullisuusty\u00f6n sidosryhmien arvostelulle ja tuo n\u00e4kyv\u00e4ksi my\u00f6s strategian toteutumisen ja vastuullisuusty\u00f6n kehityksen ajan my\u00f6t\u00e4.<\/p>\n\n\n\n<p>Raportointiprosessi tukee yrityksen vastuullisuusty\u00f6t\u00e4 ja kirkastaa sen arvoja, p\u00e4\u00e4m\u00e4\u00e4ri\u00e4 ja toimintamalleja. Vastuullisuusraportti kokoaa my\u00f6s oleellista tietoa yrityksen p\u00e4\u00e4t\u00f6ksenteon tueksi.<\/p>\n\n\n\n<p><\/p>\n\n\n\n<p><\/p>\n\n\n\n<p>Kysy lis\u00e4\u00e4 ja pyyd\u00e4 tarjous:<\/p>\n\n\n<div class=\"wpforms-container wpforms-container-full wpforms-block wpforms-block-57771718-7c98-4f1a-bf26-5d8b74e6d79f\" id=\"wpforms-120\"><form id=\"wpforms-form-120\" class=\"wpforms-validate wpforms-form wpforms-ajax-form\" data-formid=\"120\" method=\"post\" enctype=\"multipart\/form-data\" action=\"\/en\/wp-json\/wp\/v2\/pages\/1132\" data-token=\"a8d42a3abd6b31b9716272d955485850\" data-token-time=\"1777279418\"><noscript class=\"wpforms-error-noscript\">Please enable JavaScript in your browser to complete this form.<\/noscript><div class=\"wpforms-field-container\"><div id=\"wpforms-120-field_0-container\" class=\"wpforms-field wpforms-field-name\" data-field-id=\"0\"><label class=\"wpforms-field-label\" for=\"wpforms-120-field_0\">Nimi <span class=\"wpforms-required-label\">*<\/span><\/label><input type=\"text\" id=\"wpforms-120-field_0\" class=\"wpforms-field-medium wpforms-field-required\" name=\"wpforms[fields][0]\" required><\/div><div id=\"wpforms-120-field_1-container\" class=\"wpforms-field wpforms-field-email\" data-field-id=\"1\"><label class=\"wpforms-field-label\" for=\"wpforms-120-field_1\">S\u00e4hk\u00f6postiosoitteesi <span class=\"wpforms-required-label\">*<\/span><\/label><input type=\"email\" id=\"wpforms-120-field_1\" class=\"wpforms-field-medium wpforms-field-required\" name=\"wpforms[fields][1]\" spellcheck=\"false\" required><\/div><div id=\"wpforms-120-field_2-container\" class=\"wpforms-field wpforms-field-textarea\" data-field-id=\"2\"><label class=\"wpforms-field-label\" for=\"wpforms-120-field_2\">Viestisi meille<\/label><textarea id=\"wpforms-120-field_2\" class=\"wpforms-field-medium\" name=\"wpforms[fields][2]\" ><\/textarea><\/div><\/div><!-- .wpforms-field-container --><div class=\"wpforms-submit-container\" ><input type=\"hidden\" name=\"wpforms[id]\" value=\"120\"><input type=\"hidden\" name=\"page_title\" value=\"\"><input type=\"hidden\" name=\"page_url\" value=\"https:\/\/www.kakikuu.fi\/en\/wp-json\/wp\/v2\/pages\/1132\"><input type=\"hidden\" name=\"url_referer\" value=\"\"><button type=\"submit\" name=\"wpforms[submit]\" id=\"wpforms-submit-120\" class=\"wpforms-submit\" data-alt-text=\"L\u00e4hetet\u00e4\u00e4n...\" data-submit-text=\"L\u00e4het\u00e4\" aria-live=\"assertive\" value=\"wpforms-submit\">L\u00e4het\u00e4<\/button><img loading=\"lazy\" decoding=\"async\" src=\"https:\/\/www.kakikuu.fi\/wp-content\/plugins\/wpforms-lite\/assets\/images\/submit-spin.svg\" class=\"wpforms-submit-spinner\" style=\"display: none;\" width=\"26\" height=\"26\" alt=\"Loading\"><\/div><\/form><\/div>  <!-- .wpforms-container -->","protected":false},"excerpt":{"rendered":"<p>Yrityksen vastuullisuusraportti on yrityksen vastuullisuusviestinn\u00e4n t\u00e4rkein ty\u00f6kalu. Raportillaan yritys tekee vastuullisuusty\u00f6ns\u00e4 n\u00e4kyv\u00e4ksi ja antaa sidosryhmilleen mahdollisuuden sen p\u00e4\u00e4m\u00e4\u00e4rien, menetelmien, kehityksen ja tulosten arviointiin. K\u00e4kikuun vastuullisuusraportti perustuu yrityksen tekem\u00e4\u00e4n vastuullisuusty\u00f6n itsearviointiin, joka pohjautuu osin EU:n pk-yrityksille kehitettyyn vapaaehtoiseen VSME-standardiin. Itsearviointi on kuitenkin muokattu liiketoimintal\u00e4ht\u00f6iseksi ja pk-yritysten arkeen sopivaksi. Raportti kokoaa yhteen [&hellip;]<\/p>\n","protected":false},"author":1,"featured_media":1134,"parent":0,"menu_order":0,"comment_status":"closed","ping_status":"closed","template":"","meta":{"footnotes":""},"class_list":["post-1132","page","type-page","status-publish","has-post-thumbnail","hentry"],"yoast_head":"<!-- This site is optimized with the Yoast SEO plugin v27.4 - https:\/\/yoast.com\/product\/yoast-seo-wordpress\/ -->\n<title>Vastuullisuusraportti pk-yrityksille | K\u00e4kikuu<\/title>\n<meta name=\"description\" content=\"Vastuullisuusraportti auttaa pk-yrityst\u00e4 tekem\u00e4\u00e4n vastuullisuusty\u00f6n n\u00e4kyv\u00e4ksi ja tukemaan viestint\u00e4\u00e4, johtamista ja p\u00e4\u00e4t\u00f6ksentekoa.\" \/>\n<meta name=\"robots\" content=\"index, follow, max-snippet:-1, max-image-preview:large, max-video-preview:-1\" \/>\n<link rel=\"canonical\" href=\"https:\/\/www.kakikuu.fi\/en\/yrityksen-vastuullisuusraportti\/\" \/>\n<meta property=\"og:locale\" content=\"en_GB\" \/>\n<meta property=\"og:type\" content=\"article\" \/>\n<meta property=\"og:title\" content=\"Vastuullisuusraportti pk-yrityksille | K\u00e4kikuu\" \/>\n<meta property=\"og:description\" content=\"Vastuullisuusraportti auttaa pk-yrityst\u00e4 tekem\u00e4\u00e4n vastuullisuusty\u00f6n n\u00e4kyv\u00e4ksi ja tukemaan viestint\u00e4\u00e4, johtamista ja p\u00e4\u00e4t\u00f6ksentekoa.\" \/>\n<meta property=\"og:url\" content=\"https:\/\/www.kakikuu.fi\/en\/yrityksen-vastuullisuusraportti\/\" \/>\n<meta property=\"og:site_name\" content=\"K\u00e4kikuu\" \/>\n<meta property=\"article:publisher\" content=\"https:\/\/www.facebook.com\/profile.php?id=61551999317882\" \/>\n<meta property=\"article:modified_time\" content=\"2026-02-02T19:24:50+00:00\" \/>\n<meta property=\"og:image\" content=\"https:\/\/www.kakikuu.fi\/wp-content\/uploads\/2024\/09\/lukas-blazek-mcSDtbWXUZU-unsplash-scaled.webp\" \/>\n\t<meta property=\"og:image:width\" content=\"2560\" \/>\n\t<meta property=\"og:image:height\" content=\"1695\" \/>\n\t<meta property=\"og:image:type\" content=\"image\/jpeg\" \/>\n<meta name=\"twitter:card\" content=\"summary_large_image\" \/>\n<meta name=\"twitter:label1\" content=\"Estimated reading time\" \/>\n\t<meta name=\"twitter:data1\" content=\"1 minute\" \/>\n<script type=\"application\/ld+json\" class=\"yoast-schema-graph\">{\"@context\":\"https:\\\/\\\/schema.org\",\"@graph\":[{\"@type\":\"WebPage\",\"@id\":\"https:\\\/\\\/www.kakikuu.fi\\\/yrityksen-vastuullisuusraportti\\\/\",\"url\":\"https:\\\/\\\/www.kakikuu.fi\\\/yrityksen-vastuullisuusraportti\\\/\",\"name\":\"Vastuullisuusraportti pk-yrityksille | K\u00e4kikuu\",\"isPartOf\":{\"@id\":\"https:\\\/\\\/www.kakikuu.fi\\\/#website\"},\"primaryImageOfPage\":{\"@id\":\"https:\\\/\\\/www.kakikuu.fi\\\/yrityksen-vastuullisuusraportti\\\/#primaryimage\"},\"image\":{\"@id\":\"https:\\\/\\\/www.kakikuu.fi\\\/yrityksen-vastuullisuusraportti\\\/#primaryimage\"},\"thumbnailUrl\":\"https:\\\/\\\/www.kakikuu.fi\\\/wp-content\\\/uploads\\\/2024\\\/09\\\/lukas-blazek-mcSDtbWXUZU-unsplash-scaled.webp\",\"datePublished\":\"2024-09-29T19:28:41+00:00\",\"dateModified\":\"2026-02-02T19:24:50+00:00\",\"description\":\"Vastuullisuusraportti auttaa pk-yrityst\u00e4 tekem\u00e4\u00e4n vastuullisuusty\u00f6n n\u00e4kyv\u00e4ksi ja tukemaan viestint\u00e4\u00e4, johtamista ja p\u00e4\u00e4t\u00f6ksentekoa.\",\"breadcrumb\":{\"@id\":\"https:\\\/\\\/www.kakikuu.fi\\\/yrityksen-vastuullisuusraportti\\\/#breadcrumb\"},\"inLanguage\":\"en-GB\",\"potentialAction\":[{\"@type\":\"ReadAction\",\"target\":[\"https:\\\/\\\/www.kakikuu.fi\\\/yrityksen-vastuullisuusraportti\\\/\"]}]},{\"@type\":\"ImageObject\",\"inLanguage\":\"en-GB\",\"@id\":\"https:\\\/\\\/www.kakikuu.fi\\\/yrityksen-vastuullisuusraportti\\\/#primaryimage\",\"url\":\"https:\\\/\\\/www.kakikuu.fi\\\/wp-content\\\/uploads\\\/2024\\\/09\\\/lukas-blazek-mcSDtbWXUZU-unsplash-scaled.webp\",\"contentUrl\":\"https:\\\/\\\/www.kakikuu.fi\\\/wp-content\\\/uploads\\\/2024\\\/09\\\/lukas-blazek-mcSDtbWXUZU-unsplash-scaled.webp\",\"width\":2560,\"height\":1695,\"caption\":\"K\u00e4kikuu - Vastuullisuusraportti on yrityksen vastuullisuusviestinn\u00e4n t\u00e4rkein ty\u00f6kalu\"},{\"@type\":\"BreadcrumbList\",\"@id\":\"https:\\\/\\\/www.kakikuu.fi\\\/yrityksen-vastuullisuusraportti\\\/#breadcrumb\",\"itemListElement\":[{\"@type\":\"ListItem\",\"position\":1,\"name\":\"Etusivu\",\"item\":\"https:\\\/\\\/www.kakikuu.fi\\\/\"},{\"@type\":\"ListItem\",\"position\":2,\"name\":\"Yrityksen vastuullisuusraportti\"}]},{\"@type\":\"WebSite\",\"@id\":\"https:\\\/\\\/www.kakikuu.fi\\\/#website\",\"url\":\"https:\\\/\\\/www.kakikuu.fi\\\/\",\"name\":\"K\u00e4kikuu\",\"description\":\"Yritysvastuun kumppani\",\"publisher\":{\"@id\":\"https:\\\/\\\/www.kakikuu.fi\\\/#organization\"},\"potentialAction\":[{\"@type\":\"SearchAction\",\"target\":{\"@type\":\"EntryPoint\",\"urlTemplate\":\"https:\\\/\\\/www.kakikuu.fi\\\/?s={search_term_string}\"},\"query-input\":{\"@type\":\"PropertyValueSpecification\",\"valueRequired\":true,\"valueName\":\"search_term_string\"}}],\"inLanguage\":\"en-GB\"},{\"@type\":\"Organization\",\"@id\":\"https:\\\/\\\/www.kakikuu.fi\\\/#organization\",\"name\":\"K\u00e4kikuu\",\"url\":\"https:\\\/\\\/www.kakikuu.fi\\\/\",\"logo\":{\"@type\":\"ImageObject\",\"inLanguage\":\"en-GB\",\"@id\":\"https:\\\/\\\/www.kakikuu.fi\\\/#\\\/schema\\\/logo\\\/image\\\/\",\"url\":\"https:\\\/\\\/www.kakikuu.fi\\\/wp-content\\\/uploads\\\/2024\\\/02\\\/cropped-Capture-5-jpg.webp\",\"contentUrl\":\"https:\\\/\\\/www.kakikuu.fi\\\/wp-content\\\/uploads\\\/2024\\\/02\\\/cropped-Capture-5-jpg.webp\",\"width\":508,\"height\":252,\"caption\":\"K\u00e4kikuu\"},\"image\":{\"@id\":\"https:\\\/\\\/www.kakikuu.fi\\\/#\\\/schema\\\/logo\\\/image\\\/\"},\"sameAs\":[\"https:\\\/\\\/www.facebook.com\\\/profile.php?id=61551999317882\"]}]}<\/script>\n<!-- \/ Yoast SEO plugin. -->","yoast_head_json":{"title":"Vastuullisuusraportti pk-yrityksille | K\u00e4kikuu","description":"Vastuullisuusraportti auttaa pk-yrityst\u00e4 tekem\u00e4\u00e4n vastuullisuusty\u00f6n n\u00e4kyv\u00e4ksi ja tukemaan viestint\u00e4\u00e4, johtamista ja p\u00e4\u00e4t\u00f6ksentekoa.","robots":{"index":"index","follow":"follow","max-snippet":"max-snippet:-1","max-image-preview":"max-image-preview:large","max-video-preview":"max-video-preview:-1"},"canonical":"https:\/\/www.kakikuu.fi\/en\/yrityksen-vastuullisuusraportti\/","og_locale":"en_GB","og_type":"article","og_title":"Vastuullisuusraportti pk-yrityksille | K\u00e4kikuu","og_description":"Vastuullisuusraportti auttaa pk-yrityst\u00e4 tekem\u00e4\u00e4n vastuullisuusty\u00f6n n\u00e4kyv\u00e4ksi ja tukemaan viestint\u00e4\u00e4, johtamista ja p\u00e4\u00e4t\u00f6ksentekoa.","og_url":"https:\/\/www.kakikuu.fi\/en\/yrityksen-vastuullisuusraportti\/","og_site_name":"K\u00e4kikuu","article_publisher":"https:\/\/www.facebook.com\/profile.php?id=61551999317882","article_modified_time":"2026-02-02T19:24:50+00:00","og_image":[{"width":2560,"height":1695,"url":"https:\/\/www.kakikuu.fi\/wp-content\/uploads\/2024\/09\/lukas-blazek-mcSDtbWXUZU-unsplash-scaled.webp","type":"image\/jpeg"}],"twitter_card":"summary_large_image","twitter_misc":{"Estimated reading time":"1 minute"},"schema":{"@context":"https:\/\/schema.org","@graph":[{"@type":"WebPage","@id":"https:\/\/www.kakikuu.fi\/yrityksen-vastuullisuusraportti\/","url":"https:\/\/www.kakikuu.fi\/yrityksen-vastuullisuusraportti\/","name":"Vastuullisuusraportti pk-yrityksille | K\u00e4kikuu","isPartOf":{"@id":"https:\/\/www.kakikuu.fi\/#website"},"primaryImageOfPage":{"@id":"https:\/\/www.kakikuu.fi\/yrityksen-vastuullisuusraportti\/#primaryimage"},"image":{"@id":"https:\/\/www.kakikuu.fi\/yrityksen-vastuullisuusraportti\/#primaryimage"},"thumbnailUrl":"https:\/\/www.kakikuu.fi\/wp-content\/uploads\/2024\/09\/lukas-blazek-mcSDtbWXUZU-unsplash-scaled.webp","datePublished":"2024-09-29T19:28:41+00:00","dateModified":"2026-02-02T19:24:50+00:00","description":"Vastuullisuusraportti auttaa pk-yrityst\u00e4 tekem\u00e4\u00e4n vastuullisuusty\u00f6n n\u00e4kyv\u00e4ksi ja tukemaan viestint\u00e4\u00e4, johtamista ja p\u00e4\u00e4t\u00f6ksentekoa.","breadcrumb":{"@id":"https:\/\/www.kakikuu.fi\/yrityksen-vastuullisuusraportti\/#breadcrumb"},"inLanguage":"en-GB","potentialAction":[{"@type":"ReadAction","target":["https:\/\/www.kakikuu.fi\/yrityksen-vastuullisuusraportti\/"]}]},{"@type":"ImageObject","inLanguage":"en-GB","@id":"https:\/\/www.kakikuu.fi\/yrityksen-vastuullisuusraportti\/#primaryimage","url":"https:\/\/www.kakikuu.fi\/wp-content\/uploads\/2024\/09\/lukas-blazek-mcSDtbWXUZU-unsplash-scaled.webp","contentUrl":"https:\/\/www.kakikuu.fi\/wp-content\/uploads\/2024\/09\/lukas-blazek-mcSDtbWXUZU-unsplash-scaled.webp","width":2560,"height":1695,"caption":"K\u00e4kikuu - Vastuullisuusraportti on yrityksen vastuullisuusviestinn\u00e4n t\u00e4rkein ty\u00f6kalu"},{"@type":"BreadcrumbList","@id":"https:\/\/www.kakikuu.fi\/yrityksen-vastuullisuusraportti\/#breadcrumb","itemListElement":[{"@type":"ListItem","position":1,"name":"Etusivu","item":"https:\/\/www.kakikuu.fi\/"},{"@type":"ListItem","position":2,"name":"Yrityksen vastuullisuusraportti"}]},{"@type":"WebSite","@id":"https:\/\/www.kakikuu.fi\/#website","url":"https:\/\/www.kakikuu.fi\/","name":"K\u00e4kikuu","description":"Your Partner in Corporate Responsibility","publisher":{"@id":"https:\/\/www.kakikuu.fi\/#organization"},"potentialAction":[{"@type":"SearchAction","target":{"@type":"EntryPoint","urlTemplate":"https:\/\/www.kakikuu.fi\/?s={search_term_string}"},"query-input":{"@type":"PropertyValueSpecification","valueRequired":true,"valueName":"search_term_string"}}],"inLanguage":"en-GB"},{"@type":"Organization","@id":"https:\/\/www.kakikuu.fi\/#organization","name":"K\u00e4kikuu","url":"https:\/\/www.kakikuu.fi\/","logo":{"@type":"ImageObject","inLanguage":"en-GB","@id":"https:\/\/www.kakikuu.fi\/#\/schema\/logo\/image\/","url":"https:\/\/www.kakikuu.fi\/wp-content\/uploads\/2024\/02\/cropped-Capture-5-jpg.webp","contentUrl":"https:\/\/www.kakikuu.fi\/wp-content\/uploads\/2024\/02\/cropped-Capture-5-jpg.webp","width":508,"height":252,"caption":"K\u00e4kikuu"},"image":{"@id":"https:\/\/www.kakikuu.fi\/#\/schema\/logo\/image\/"},"sameAs":["https:\/\/www.facebook.com\/profile.php?id=61551999317882"]}]}},"_links":{"self":[{"href":"https:\/\/www.kakikuu.fi\/en\/wp-json\/wp\/v2\/pages\/1132","targetHints":{"allow":["GET"]}}],"collection":[{"href":"https:\/\/www.kakikuu.fi\/en\/wp-json\/wp\/v2\/pages"}],"about":[{"href":"https:\/\/www.kakikuu.fi\/en\/wp-json\/wp\/v2\/types\/page"}],"author":[{"embeddable":true,"href":"https:\/\/www.kakikuu.fi\/en\/wp-json\/wp\/v2\/users\/1"}],"replies":[{"embeddable":true,"href":"https:\/\/www.kakikuu.fi\/en\/wp-json\/wp\/v2\/comments?post=1132"}],"version-history":[{"count":4,"href":"https:\/\/www.kakikuu.fi\/en\/wp-json\/wp\/v2\/pages\/1132\/revisions"}],"predecessor-version":[{"id":1926,"href":"https:\/\/www.kakikuu.fi\/en\/wp-json\/wp\/v2\/pages\/1132\/revisions\/1926"}],"wp:featuredmedia":[{"embeddable":true,"href":"https:\/\/www.kakikuu.fi\/en\/wp-json\/wp\/v2\/media\/1134"}],"wp:attachment":[{"href":"https:\/\/www.kakikuu.fi\/en\/wp-json\/wp\/v2\/media?parent=1132"}],"curies":[{"name":"wp","href":"https:\/\/api.w.org\/{rel}","templated":true}]}}