{"id":112,"date":"2022-12-27T16:57:55","date_gmt":"2022-12-27T14:57:55","guid":{"rendered":"http:\/\/www.kakikuu.fi\/?page_id=112"},"modified":"2026-02-02T22:27:42","modified_gmt":"2026-02-02T20:27:42","slug":"referenssit","status":"publish","type":"page","link":"https:\/\/www.kakikuu.fi\/en\/referenssit\/","title":{"rendered":"References"},"content":{"rendered":"<h2 class=\"wp-block-heading\">K\u00e4kikuu's References<\/h2>\n\n\n\n<p>Below are examples of sustainability work carried out by K\u00e4kikuu Oy with SMEs and organizations.<\/p>\n\n\n\n<p class=\"has-text-align-left\">K\u00e4kikuu\u2019s references are our clients, with whom we have collaboratively built responsible business practices. <\/p>\n\n\n\n<blockquote class=\"wp-block-quote is-layout-flow wp-block-quote-is-layout-flow\">\n<p>From the perspective of a busy entrepreneur, the process of creating the company\u2019s Sustainability Work Handbook progressed very smoothly and efficiently. The company\u2019s needs and overall picture were first assessed through a few targeted meetings and focused questions. Thanks to this thorough groundwork, the handbook development moved forward quickly. Strong expertise and in-depth knowledge of sustainability topics were evident at every stage of the process.<\/p>\n\n\n\n<p>This process and the resulting Sustainability Work Handbook have encouraged a broader and more diverse perspective on sustainability than before.<\/p>\n\n\n\n<p>I warmly recommend other small business owners to invest in and explore this topic as well.<\/p>\n\n\n\n<p>Thank you, K\u00e4kikuu!<\/p>\n\n\n\n<p>Marika Rantanen, Entrepreneur, H\u00e4meenlinna Physiotherapy<\/p>\n<\/blockquote>\n\n\n\n<p class=\"has-text-align-center\">&#8211;<\/p>\n\n\n\n<div class=\"wp-block-columns is-layout-flex wp-container-core-columns-is-layout-28f84493 wp-block-columns-is-layout-flex\">\n<div class=\"wp-block-column is-layout-flow wp-block-column-is-layout-flow\">\n<figure class=\"wp-block-image size-full\"><img loading=\"lazy\" decoding=\"async\" width=\"198\" height=\"115\" src=\"https:\/\/www.kakikuu.fi\/wp-content\/uploads\/2023\/11\/Vekka-logo.jpg\" alt=\"\" class=\"wp-image-530\"\/><\/figure>\n\n\n\n<p class=\"has-text-align-center\"><a href=\"http:\/\/www.vekka.fi\" target=\"_blank\" rel=\"noreferrer noopener\">Vekka Group Oy<\/a> is a company established in 1931, providing scheduled and school transportation as well as charter services. In addition to its home region of Kanta-H\u00e4me, the company operates in P\u00e4ij\u00e4t-H\u00e4me, Pirkanmaa, Kainuu, and Ostrobothnia. <a href=\"https:\/\/www.kakikuu.fi\/en\/ratkaisut\/yrityksen-vastuullisuusstrategia\/\" target=\"_blank\" rel=\"noreferrer noopener\">sustainability strategy<\/a> was made for years 2023-25 and a taxonomy strategy.<\/p>\n<\/div>\n\n\n\n<div class=\"wp-block-column is-layout-flow wp-block-column-is-layout-flow\">\n<figure class=\"wp-block-image size-full is-resized\"><img loading=\"lazy\" decoding=\"async\" width=\"220\" height=\"84\" src=\"https:\/\/www.kakikuu.fi\/wp-content\/uploads\/2023\/11\/hamk_logo_text_large_fin-220x120-1.jpg\" alt=\"\" class=\"wp-image-529\" style=\"width:262px;height:auto\"\/><\/figure>\n\n\n\n<p class=\"has-text-align-center\"><a href=\"http:\/\/www.hamk.fi\" target=\"_blank\" rel=\"noreferrer noopener\">H\u00e4me University of Applied Sciences<\/a> was a co-implementer in the Green Transition, Change Capability, and Digitalization for Companies (REACT-EU) project. As part of the project, business mentoring sessions and materials were developed to support SMEs on their development path toward a responsible business model.\n\nExplore the project's <a data-type=\"link\" data-id=\"https:\/\/react.humak.fi\/\" href=\"https:\/\/react.humak.fi\/\" target=\"_blank\" rel=\"noreferrer noopener\">digital workbook.<\/a>.<\/p>\n<\/div>\n\n\n\n<div class=\"wp-block-column is-layout-flow wp-block-column-is-layout-flow\">\n<figure class=\"wp-block-image size-full\"><img loading=\"lazy\" decoding=\"async\" width=\"252\" height=\"99\" src=\"https:\/\/www.kakikuu.fi\/wp-content\/uploads\/2024\/01\/semat-logo-png.png\" alt=\"\" class=\"wp-image-646\"\/><\/figure>\n\n\n\n<p class=\"has-text-align-center\"><a href=\"https:\/\/sematgroup.com\/fi\/case\/vastuullisuus\/\" target=\"_blank\" rel=\"noreferrer noopener\">Semat<\/a> is a full-service project house that provides external project managers and professionals in project support functions for various project assignments and business development needs. <a href=\"https:\/\/www.kakikuu.fi\/en\/ratkaisut\/hiilijalanjaljen-laskenta\/\" target=\"_blank\" rel=\"noreferrer noopener\">carbon footprint calculation<\/a> and <a href=\"https:\/\/www.kakikuu.fi\/en\/ratkaisut\/yrityksen-vastuullisuusstrategia\/\" target=\"_blank\" rel=\"noreferrer noopener\">sustainability strategy <\/a>was made for the company for the years 2024-2026.<\/p>\n<\/div>\n<\/div>\n\n\n\n<div class=\"wp-block-columns is-layout-flex wp-container-core-columns-is-layout-28f84493 wp-block-columns-is-layout-flex\">\n<div class=\"wp-block-column is-layout-flow wp-block-column-is-layout-flow\">\n<figure class=\"wp-block-image size-full\"><img loading=\"lazy\" decoding=\"async\" width=\"209\" height=\"116\" src=\"https:\/\/www.kakikuu.fi\/wp-content\/uploads\/2024\/01\/Villa-Marenki-logo.png\" alt=\"\" class=\"wp-image-648\"\/><\/figure>\n\n\n\n<p class=\"has-text-align-center\"><a href=\"http:\/\/www.villamarenki.fi\" target=\"_blank\" rel=\"noreferrer noopener\">Cafe Villa Marenki<\/a> is a caf\u00e9 and patisserie based in H\u00e4meenlinna, dedicated to preserving Finnish caf\u00e9 culture and traditional patisserie craftsmanship. Together with Villa Marenki, we laid the groundwork for a more responsible business model. This included, among other things, the foundation for <a href=\"https:\/\/www.kakikuu.fi\/en\/ratkaisut\/hiilijalanjaljen-laskenta\/\" target=\"_blank\" rel=\"noreferrer noopener\">carbon footprint calculation<\/a> and concrete actions toward becoming a carbon-neutral bakery.<\/p>\n<\/div>\n\n\n\n<div class=\"wp-block-column is-layout-flow wp-block-column-is-layout-flow\">\n<figure class=\"wp-block-image size-large\"><img loading=\"lazy\" decoding=\"async\" width=\"1024\" height=\"409\" src=\"https:\/\/www.kakikuu.fi\/wp-content\/uploads\/2024\/09\/hml_logo-1-1024x409.webp\" alt=\"\" class=\"wp-image-1140\" srcset=\"https:\/\/www.kakikuu.fi\/wp-content\/uploads\/2024\/09\/hml_logo-1-1024x409.webp 1024w, https:\/\/www.kakikuu.fi\/wp-content\/uploads\/2024\/09\/hml_logo-1-300x120.webp 300w, https:\/\/www.kakikuu.fi\/wp-content\/uploads\/2024\/09\/hml_logo-1-768x306.webp 768w, https:\/\/www.kakikuu.fi\/wp-content\/uploads\/2024\/09\/hml_logo-1-png.webp 1283w\" sizes=\"auto, (max-width: 1024px) 100vw, 1024px\" \/><\/figure>\n\n\n\n<p><\/p>\n\n\n\n<p class=\"has-text-align-center\"><a href=\"https:\/\/hmlfysioterapia.fi\/\" target=\"_blank\" rel=\"noreferrer noopener\">H\u00e4meenlinna Physiotherapy<\/a> is a five-person micro-enterprise providing physiotherapy and rehabilitation services, committed to promoting sustainability as an integral part of its daily operations. <a href=\"https:\/\/www.kakikuu.fi\/en\/ratkaisut\/pk-yrityksen-vastuullisuustyon-kasikirja\/\" target=\"_blank\" rel=\"noreferrer noopener\">SME Sustainablity Work Handbook<\/a> is a lighter tool than a full sustainability strategy. It clarifies the direction, goals, and methods of a company\u2019s sustainability work, enabling impactful action even with limited resources.<\/p>\n\n\n\n<p><\/p>\n<\/div>\n\n\n\n<div class=\"wp-block-column is-layout-flow wp-block-column-is-layout-flow\">\n<figure class=\"wp-block-image size-full is-resized\"><img loading=\"lazy\" decoding=\"async\" width=\"346\" height=\"247\" src=\"https:\/\/www.kakikuu.fi\/wp-content\/uploads\/2025\/06\/MP-Maustepalvelu-1.jpg\" alt=\"\" class=\"wp-image-1585\" style=\"width:198px;height:auto\" srcset=\"https:\/\/www.kakikuu.fi\/wp-content\/uploads\/2025\/06\/MP-Maustepalvelu-1.jpg 346w, https:\/\/www.kakikuu.fi\/wp-content\/uploads\/2025\/06\/MP-Maustepalvelu-1-300x214.jpg 300w, https:\/\/www.kakikuu.fi\/wp-content\/uploads\/2025\/06\/MP-Maustepalvelu-1-18x12.jpg 18w\" sizes=\"auto, (max-width: 346px) 100vw, 346px\" \/><\/figure>\n\n\n\n<p class=\"has-text-align-center translation-block\">is Finland\u2019s leading expert and supplier of food components. The company is a versatile partner for the food industry, offering comprehensive services from concept development to the production and delivery of customer-specific blends. Together with the company, we carried out a<\/p>\n<\/div>\n<\/div>\n\n\n\n<div class=\"wp-block-columns is-layout-flex wp-container-core-columns-is-layout-28f84493 wp-block-columns-is-layout-flex\">\n<div class=\"wp-block-column is-layout-flow wp-block-column-is-layout-flow\">\n<figure class=\"wp-block-image size-large\"><img loading=\"lazy\" decoding=\"async\" width=\"1024\" height=\"387\" src=\"https:\/\/www.kakikuu.fi\/wp-content\/uploads\/2025\/06\/01_linnan-kehitys-logo-2023_vaaka_sininen-1024x387.png\" alt=\"\" class=\"wp-image-1593\" srcset=\"https:\/\/www.kakikuu.fi\/wp-content\/uploads\/2025\/06\/01_linnan-kehitys-logo-2023_vaaka_sininen-1024x387.png 1024w, https:\/\/www.kakikuu.fi\/wp-content\/uploads\/2025\/06\/01_linnan-kehitys-logo-2023_vaaka_sininen-300x113.png 300w, https:\/\/www.kakikuu.fi\/wp-content\/uploads\/2025\/06\/01_linnan-kehitys-logo-2023_vaaka_sininen-768x290.png 768w, https:\/\/www.kakikuu.fi\/wp-content\/uploads\/2025\/06\/01_linnan-kehitys-logo-2023_vaaka_sininen-1536x580.png 1536w, https:\/\/www.kakikuu.fi\/wp-content\/uploads\/2025\/06\/01_linnan-kehitys-logo-2023_vaaka_sininen-2048x773.png 2048w, https:\/\/www.kakikuu.fi\/wp-content\/uploads\/2025\/06\/01_linnan-kehitys-logo-2023_vaaka_sininen-18x7.png 18w\" sizes=\"auto, (max-width: 1024px) 100vw, 1024px\" \/><\/figure>\n<\/div>\n\n\n\n<div class=\"wp-block-column is-layout-flow wp-block-column-is-layout-flow\">\n<figure class=\"wp-block-image size-full\"><img loading=\"lazy\" decoding=\"async\" width=\"280\" height=\"116\" src=\"https:\/\/www.kakikuu.fi\/wp-content\/uploads\/2025\/07\/valiomies_m_syv.avif\" alt=\"\" class=\"wp-image-1636\" srcset=\"https:\/\/www.kakikuu.fi\/wp-content\/uploads\/2025\/07\/valiomies_m_syv.avif 280w, https:\/\/www.kakikuu.fi\/wp-content\/uploads\/2025\/07\/valiomies_m_syv-18x7.avif 18w\" sizes=\"auto, (max-width: 280px) 100vw, 280px\" \/><\/figure>\n<\/div>\n\n\n\n<div class=\"wp-block-column is-layout-flow wp-block-column-is-layout-flow\"><\/div>\n<\/div>\n\n\n\n<div class=\"wp-block-columns is-layout-flex wp-container-core-columns-is-layout-28f84493 wp-block-columns-is-layout-flex\">\n<div class=\"wp-block-column is-layout-flow wp-block-column-is-layout-flow\">\n<p class=\"has-text-align-center\">On behalf of <a href=\"https:\/\/www.linnan.fi\/\" target=\"_blank\" rel=\"noreferrer noopener\">Linnan Kehitys,<\/a> the economic development company of H\u00e4meenlinna, <a href=\"https:\/\/www.kakikuu.fi\/en\/ratkaisut\/fasilitoitu-tyopaja\/\" target=\"_blank\" rel=\"noreferrer noopener\">a discussion event<\/a> was held as part of the H\u00e4me Smart Growth project under the theme Competitive Advantage through Sustainability for SMEs. The event covered the fundamentals of sustainability work and explored how small and medium-sized enterprises can get started and progress towards a sustainable business model.<\/p>\n<\/div>\n\n\n\n<div class=\"wp-block-column is-layout-flow wp-block-column-is-layout-flow\">\n<p class=\"has-text-align-center\">Valiomies is a company offering high-quality and timeless clothing for men, with a walk-in store in H\u00e4meenlinna and an <a href=\"https:\/\/valiomies.fi\/\" target=\"_blank\" rel=\"noreferrer noopener\">online shop<\/a>The company has decades of experience in men\u2019s fashion. <a href=\"https:\/\/www.kakikuu.fi\/en\/ratkaisut\/pk-yrityksen-vastuullisuustyon-kasikirja\/\" target=\"_blank\" rel=\"noreferrer noopener\">K\u00e4kikuu\u00b4s sustainability handbook<\/a>was created for the company, focusing on the key priorities of its sustainability work and building sustainable competitive advantage.<\/p>\n<\/div>\n\n\n\n<div class=\"wp-block-column is-layout-flow wp-block-column-is-layout-flow\"><\/div>\n<\/div>\n\n\n\n<p><\/p>","protected":false},"excerpt":{"rendered":"<p>K\u00e4kikuun referenssit Alla on esimerkkej\u00e4 K\u00e4kikuu Oy:n tekem\u00e4st\u00e4 vastuullisuusty\u00f6st\u00e4 pk-yritysten ja organisaatioiden kanssa. K\u00e4kikuun referenssit ovat asiakkaitamme, joiden kanssa olemme yhdess\u00e4 rakentaneet yrityksen vastullisuutta. Kiireisen yritt\u00e4j\u00e4n kannalta yrityksen vastuullisuusty\u00f6n k\u00e4sikirjan laatiminen eteni eritt\u00e4in sujuvasti ja napakasti. Yrityksen tarpeita ja kokonaiskuvaa kartoitettiin aluksi muutamilla tapaamisilla ja kohdennetuilla kysymyksill\u00e4. Perusteellisen pohjaty\u00f6n ansiosta [&hellip;]<\/p>\n","protected":false},"author":1,"featured_media":1197,"parent":0,"menu_order":0,"comment_status":"closed","ping_status":"closed","template":"","meta":{"footnotes":""},"class_list":["post-112","page","type-page","status-publish","has-post-thumbnail","hentry"],"yoast_head":"<!-- This site is optimized with the Yoast SEO plugin v27.4 - https:\/\/yoast.com\/product\/yoast-seo-wordpress\/ -->\n<title>K\u00e4kikuu - referenssit<\/title>\n<meta name=\"description\" content=\"Referenssit ovat asiakkaita, joiden kanssa olemme rakentaneet vastuullisuutta. Vastullisuusty\u00f6n kehitt\u00e4minen on niille t\u00e4rke\u00e4 arvo.\" \/>\n<meta name=\"robots\" content=\"index, follow, max-snippet:-1, max-image-preview:large, max-video-preview:-1\" \/>\n<link rel=\"canonical\" href=\"https:\/\/www.kakikuu.fi\/en\/referenssit\/\" \/>\n<meta property=\"og:locale\" content=\"en_GB\" \/>\n<meta property=\"og:type\" content=\"article\" \/>\n<meta property=\"og:title\" content=\"K\u00e4kikuu - referenssit\" \/>\n<meta property=\"og:description\" content=\"Referenssit ovat asiakkaita, joiden kanssa olemme rakentaneet vastuullisuutta. Vastullisuusty\u00f6n kehitt\u00e4minen on niille t\u00e4rke\u00e4 arvo.\" \/>\n<meta property=\"og:url\" content=\"https:\/\/www.kakikuu.fi\/en\/referenssit\/\" \/>\n<meta property=\"og:site_name\" content=\"K\u00e4kikuu\" \/>\n<meta property=\"article:publisher\" content=\"https:\/\/www.facebook.com\/profile.php?id=61551999317882\" \/>\n<meta property=\"article:modified_time\" content=\"2026-02-02T20:27:42+00:00\" \/>\n<meta property=\"og:image\" content=\"https:\/\/www.kakikuu.fi\/wp-content\/uploads\/2024\/10\/headway-5QgIuuBxKwM-unsplash-pienempi-jpg.webp\" \/>\n\t<meta property=\"og:image:width\" content=\"1500\" \/>\n\t<meta property=\"og:image:height\" content=\"1000\" \/>\n\t<meta property=\"og:image:type\" content=\"image\/jpeg\" \/>\n<meta name=\"twitter:card\" content=\"summary_large_image\" \/>\n<meta name=\"twitter:label1\" content=\"Estimated reading time\" \/>\n\t<meta name=\"twitter:data1\" content=\"4 minutes\" \/>\n<script type=\"application\/ld+json\" class=\"yoast-schema-graph\">{\"@context\":\"https:\\\/\\\/schema.org\",\"@graph\":[{\"@type\":\"WebPage\",\"@id\":\"https:\\\/\\\/www.kakikuu.fi\\\/referenssit\\\/\",\"url\":\"https:\\\/\\\/www.kakikuu.fi\\\/referenssit\\\/\",\"name\":\"K\u00e4kikuu - referenssit\",\"isPartOf\":{\"@id\":\"https:\\\/\\\/www.kakikuu.fi\\\/#website\"},\"primaryImageOfPage\":{\"@id\":\"https:\\\/\\\/www.kakikuu.fi\\\/referenssit\\\/#primaryimage\"},\"image\":{\"@id\":\"https:\\\/\\\/www.kakikuu.fi\\\/referenssit\\\/#primaryimage\"},\"thumbnailUrl\":\"https:\\\/\\\/www.kakikuu.fi\\\/wp-content\\\/uploads\\\/2024\\\/10\\\/headway-5QgIuuBxKwM-unsplash-pienempi-jpg.webp\",\"datePublished\":\"2022-12-27T14:57:55+00:00\",\"dateModified\":\"2026-02-02T20:27:42+00:00\",\"description\":\"Referenssit ovat asiakkaita, joiden kanssa olemme rakentaneet vastuullisuutta. Vastullisuusty\u00f6n kehitt\u00e4minen on niille t\u00e4rke\u00e4 arvo.\",\"breadcrumb\":{\"@id\":\"https:\\\/\\\/www.kakikuu.fi\\\/referenssit\\\/#breadcrumb\"},\"inLanguage\":\"en-GB\",\"potentialAction\":[{\"@type\":\"ReadAction\",\"target\":[\"https:\\\/\\\/www.kakikuu.fi\\\/referenssit\\\/\"]}]},{\"@type\":\"ImageObject\",\"inLanguage\":\"en-GB\",\"@id\":\"https:\\\/\\\/www.kakikuu.fi\\\/referenssit\\\/#primaryimage\",\"url\":\"https:\\\/\\\/www.kakikuu.fi\\\/wp-content\\\/uploads\\\/2024\\\/10\\\/headway-5QgIuuBxKwM-unsplash-pienempi-jpg.webp\",\"contentUrl\":\"https:\\\/\\\/www.kakikuu.fi\\\/wp-content\\\/uploads\\\/2024\\\/10\\\/headway-5QgIuuBxKwM-unsplash-pienempi-jpg.webp\",\"width\":1500,\"height\":1000,\"caption\":\"K\u00e4kikuu on yritysten ja organisaatioiden kumppani vastuullisuusty\u00f6ss\u00e4\"},{\"@type\":\"BreadcrumbList\",\"@id\":\"https:\\\/\\\/www.kakikuu.fi\\\/referenssit\\\/#breadcrumb\",\"itemListElement\":[{\"@type\":\"ListItem\",\"position\":1,\"name\":\"Etusivu\",\"item\":\"https:\\\/\\\/www.kakikuu.fi\\\/\"},{\"@type\":\"ListItem\",\"position\":2,\"name\":\"Referenssit\"}]},{\"@type\":\"WebSite\",\"@id\":\"https:\\\/\\\/www.kakikuu.fi\\\/#website\",\"url\":\"https:\\\/\\\/www.kakikuu.fi\\\/\",\"name\":\"K\u00e4kikuu\",\"description\":\"Yritysvastuun kumppani\",\"publisher\":{\"@id\":\"https:\\\/\\\/www.kakikuu.fi\\\/#organization\"},\"potentialAction\":[{\"@type\":\"SearchAction\",\"target\":{\"@type\":\"EntryPoint\",\"urlTemplate\":\"https:\\\/\\\/www.kakikuu.fi\\\/?s={search_term_string}\"},\"query-input\":{\"@type\":\"PropertyValueSpecification\",\"valueRequired\":true,\"valueName\":\"search_term_string\"}}],\"inLanguage\":\"en-GB\"},{\"@type\":\"Organization\",\"@id\":\"https:\\\/\\\/www.kakikuu.fi\\\/#organization\",\"name\":\"K\u00e4kikuu\",\"url\":\"https:\\\/\\\/www.kakikuu.fi\\\/\",\"logo\":{\"@type\":\"ImageObject\",\"inLanguage\":\"en-GB\",\"@id\":\"https:\\\/\\\/www.kakikuu.fi\\\/#\\\/schema\\\/logo\\\/image\\\/\",\"url\":\"https:\\\/\\\/www.kakikuu.fi\\\/wp-content\\\/uploads\\\/2024\\\/02\\\/cropped-Capture-5-jpg.webp\",\"contentUrl\":\"https:\\\/\\\/www.kakikuu.fi\\\/wp-content\\\/uploads\\\/2024\\\/02\\\/cropped-Capture-5-jpg.webp\",\"width\":508,\"height\":252,\"caption\":\"K\u00e4kikuu\"},\"image\":{\"@id\":\"https:\\\/\\\/www.kakikuu.fi\\\/#\\\/schema\\\/logo\\\/image\\\/\"},\"sameAs\":[\"https:\\\/\\\/www.facebook.com\\\/profile.php?id=61551999317882\"]}]}<\/script>\n<!-- \/ Yoast SEO plugin. -->","yoast_head_json":{"title":"K\u00e4kikuu - referenssit","description":"Referenssit ovat asiakkaita, joiden kanssa olemme rakentaneet vastuullisuutta. Vastullisuusty\u00f6n kehitt\u00e4minen on niille t\u00e4rke\u00e4 arvo.","robots":{"index":"index","follow":"follow","max-snippet":"max-snippet:-1","max-image-preview":"max-image-preview:large","max-video-preview":"max-video-preview:-1"},"canonical":"https:\/\/www.kakikuu.fi\/en\/referenssit\/","og_locale":"en_GB","og_type":"article","og_title":"K\u00e4kikuu - referenssit","og_description":"Referenssit ovat asiakkaita, joiden kanssa olemme rakentaneet vastuullisuutta. Vastullisuusty\u00f6n kehitt\u00e4minen on niille t\u00e4rke\u00e4 arvo.","og_url":"https:\/\/www.kakikuu.fi\/en\/referenssit\/","og_site_name":"K\u00e4kikuu","article_publisher":"https:\/\/www.facebook.com\/profile.php?id=61551999317882","article_modified_time":"2026-02-02T20:27:42+00:00","og_image":[{"width":1500,"height":1000,"url":"https:\/\/www.kakikuu.fi\/wp-content\/uploads\/2024\/10\/headway-5QgIuuBxKwM-unsplash-pienempi-jpg.webp","type":"image\/jpeg"}],"twitter_card":"summary_large_image","twitter_misc":{"Estimated reading time":"4 minutes"},"schema":{"@context":"https:\/\/schema.org","@graph":[{"@type":"WebPage","@id":"https:\/\/www.kakikuu.fi\/referenssit\/","url":"https:\/\/www.kakikuu.fi\/referenssit\/","name":"K\u00e4kikuu - referenssit","isPartOf":{"@id":"https:\/\/www.kakikuu.fi\/#website"},"primaryImageOfPage":{"@id":"https:\/\/www.kakikuu.fi\/referenssit\/#primaryimage"},"image":{"@id":"https:\/\/www.kakikuu.fi\/referenssit\/#primaryimage"},"thumbnailUrl":"https:\/\/www.kakikuu.fi\/wp-content\/uploads\/2024\/10\/headway-5QgIuuBxKwM-unsplash-pienempi-jpg.webp","datePublished":"2022-12-27T14:57:55+00:00","dateModified":"2026-02-02T20:27:42+00:00","description":"Referenssit ovat asiakkaita, joiden kanssa olemme rakentaneet vastuullisuutta. Vastullisuusty\u00f6n kehitt\u00e4minen on niille t\u00e4rke\u00e4 arvo.","breadcrumb":{"@id":"https:\/\/www.kakikuu.fi\/referenssit\/#breadcrumb"},"inLanguage":"en-GB","potentialAction":[{"@type":"ReadAction","target":["https:\/\/www.kakikuu.fi\/referenssit\/"]}]},{"@type":"ImageObject","inLanguage":"en-GB","@id":"https:\/\/www.kakikuu.fi\/referenssit\/#primaryimage","url":"https:\/\/www.kakikuu.fi\/wp-content\/uploads\/2024\/10\/headway-5QgIuuBxKwM-unsplash-pienempi-jpg.webp","contentUrl":"https:\/\/www.kakikuu.fi\/wp-content\/uploads\/2024\/10\/headway-5QgIuuBxKwM-unsplash-pienempi-jpg.webp","width":1500,"height":1000,"caption":"K\u00e4kikuu on yritysten ja organisaatioiden kumppani vastuullisuusty\u00f6ss\u00e4"},{"@type":"BreadcrumbList","@id":"https:\/\/www.kakikuu.fi\/referenssit\/#breadcrumb","itemListElement":[{"@type":"ListItem","position":1,"name":"Etusivu","item":"https:\/\/www.kakikuu.fi\/"},{"@type":"ListItem","position":2,"name":"Referenssit"}]},{"@type":"WebSite","@id":"https:\/\/www.kakikuu.fi\/#website","url":"https:\/\/www.kakikuu.fi\/","name":"K\u00e4kikuu","description":"Your Partner in Corporate Responsibility","publisher":{"@id":"https:\/\/www.kakikuu.fi\/#organization"},"potentialAction":[{"@type":"SearchAction","target":{"@type":"EntryPoint","urlTemplate":"https:\/\/www.kakikuu.fi\/?s={search_term_string}"},"query-input":{"@type":"PropertyValueSpecification","valueRequired":true,"valueName":"search_term_string"}}],"inLanguage":"en-GB"},{"@type":"Organization","@id":"https:\/\/www.kakikuu.fi\/#organization","name":"K\u00e4kikuu","url":"https:\/\/www.kakikuu.fi\/","logo":{"@type":"ImageObject","inLanguage":"en-GB","@id":"https:\/\/www.kakikuu.fi\/#\/schema\/logo\/image\/","url":"https:\/\/www.kakikuu.fi\/wp-content\/uploads\/2024\/02\/cropped-Capture-5-jpg.webp","contentUrl":"https:\/\/www.kakikuu.fi\/wp-content\/uploads\/2024\/02\/cropped-Capture-5-jpg.webp","width":508,"height":252,"caption":"K\u00e4kikuu"},"image":{"@id":"https:\/\/www.kakikuu.fi\/#\/schema\/logo\/image\/"},"sameAs":["https:\/\/www.facebook.com\/profile.php?id=61551999317882"]}]}},"_links":{"self":[{"href":"https:\/\/www.kakikuu.fi\/en\/wp-json\/wp\/v2\/pages\/112","targetHints":{"allow":["GET"]}}],"collection":[{"href":"https:\/\/www.kakikuu.fi\/en\/wp-json\/wp\/v2\/pages"}],"about":[{"href":"https:\/\/www.kakikuu.fi\/en\/wp-json\/wp\/v2\/types\/page"}],"author":[{"embeddable":true,"href":"https:\/\/www.kakikuu.fi\/en\/wp-json\/wp\/v2\/users\/1"}],"replies":[{"embeddable":true,"href":"https:\/\/www.kakikuu.fi\/en\/wp-json\/wp\/v2\/comments?post=112"}],"version-history":[{"count":4,"href":"https:\/\/www.kakikuu.fi\/en\/wp-json\/wp\/v2\/pages\/112\/revisions"}],"predecessor-version":[{"id":1927,"href":"https:\/\/www.kakikuu.fi\/en\/wp-json\/wp\/v2\/pages\/112\/revisions\/1927"}],"wp:featuredmedia":[{"embeddable":true,"href":"https:\/\/www.kakikuu.fi\/en\/wp-json\/wp\/v2\/media\/1197"}],"wp:attachment":[{"href":"https:\/\/www.kakikuu.fi\/en\/wp-json\/wp\/v2\/media?parent=112"}],"curies":[{"name":"wp","href":"https:\/\/api.w.org\/{rel}","templated":true}]}}