{"id":1084,"date":"2024-08-08T14:47:33","date_gmt":"2024-08-08T12:47:33","guid":{"rendered":"https:\/\/www.kakikuu.fi\/?page_id=1084"},"modified":"2026-02-01T18:45:06","modified_gmt":"2026-02-01T16:45:06","slug":"vastuullisuustyon-kasikirja-pk-yrityksille","status":"publish","type":"page","link":"https:\/\/www.kakikuu.fi\/en\/ratkaisut\/vastuullisuustyon-kasikirja-pk-yrityksille\/","title":{"rendered":"Sustainability Handbook for SMEs"},"content":{"rendered":"\n<p>Vastuullisuusty\u00f6n k\u00e4sikirja pk-yrityksille on pienen ja keskisuuren yrityksen vastuullisuusstrategian kevennetty versio. Se on matalan kynnyksen ty\u00f6kalu, joka toimii yrityksen vastuullisuusty\u00f6n opaskirjana ja auttaa tekem\u00e4\u00e4n vaikuttavaa ja kustannustehokasta vastuullisuusty\u00f6t\u00e4. K\u00e4sikirja tarjoaa konkreettiset ty\u00f6kalut ja ohjeet, joiden avulla yritykselle voidaan rakentaa kest\u00e4v\u00e4n liiketoiminnan perustan ilman monimutkaisia prosesseja. Samalla se auttaa varmistamaan, ett\u00e4 kaikki ty\u00f6ntekij\u00e4t yrityksess\u00e4 ymm\u00e4rt\u00e4v\u00e4t vastuullisuusty\u00f6n merkityksen ja oman roolinsa sen edist\u00e4misess\u00e4.<\/p>\n\n\n\n<p>Vastuullisuusty\u00f6n k\u00e4sikirja r\u00e4\u00e4t\u00e4l\u00f6id\u00e4\u00e4n aina yritykselle sen tarpeiden ja tavoitteiden mukaan. K\u00e4sikirja voi sis\u00e4lt\u00e4\u00e4 esimerkiksi seuraavia osia:<\/p>\n\n\n\n<ul class=\"wp-block-list\">\n<li>Johdanto &#8211; miksi vastuullisuusty\u00f6 on t\u00e4rke\u00e4\u00e4 &#8211; yrityksen toimintaymp\u00e4rist\u00f6n kuvaus<\/li>\n\n\n\n<li>Yrityksen arvot ja periaatteet &#8211; vastuullinen hallinto ja liiketoiminta<\/li>\n\n\n\n<li>Vastuullisuusty\u00f6n p\u00e4\u00e4m\u00e4\u00e4r\u00e4t<\/li>\n\n\n\n<li>Sidosryhm\u00e4ty\u00f6<\/li>\n\n\n\n<li>Yrityksen olennaisten vastuullisuusteemojen tunnistaminen ja priorisointi<\/li>\n\n\n\n<li>Ymp\u00e4rist\u00f6vastuun periaatteet ja toimenpiteet  &#8211; energiankulutus, j\u00e4tteiden hallinta ja luonnonvarojen kest\u00e4v\u00e4 k\u00e4ytt\u00f6<\/li>\n\n\n\n<li>Sosiaalisen vastuun periaatteet ja toimenpiteet &#8211; ty\u00f6ymp\u00e4rist\u00f6, ty\u00f6ntekij\u00f6iden hyvinvointi ja yrityksen yhteis\u00f6suhteet<\/li>\n\n\n\n<li>Taloudellisen vastuun periaatteet ja toimenpiteet<\/li>\n\n\n\n<li>Yrityksen arvoketju vastuullisuusty\u00f6n n\u00e4k\u00f6kulmasta<\/li>\n\n\n\n<li>Vastuullisuusviestint\u00e4<\/li>\n\n\n\n<li>Vastuullisuusty\u00f6n seuranta ja kehitt\u00e4minen<\/li>\n\n\n\n<li>Yhteenveto ja toimintaohjeet<\/li>\n<\/ul>\n\n\n\n<p>Vastuullisuusty\u00f6n k\u00e4sikirjalla otat ensimm\u00e4iset askeleet kohti vastuullista ja kest\u00e4v\u00e4\u00e4 liiketoimintamallia. Samalla vahvistat yrityksesi riskienhallintaaa ja br\u00e4ndi\u00e4, vahvistat sen asemaa rahoitusmarkkinoilla sek\u00e4 edist\u00e4t yrityksesi kilpailukyky\u00e4 ja pitk\u00e4j\u00e4nteist\u00e4 menestyst\u00e4. K\u00e4sikirjan avulla olet my\u00f6s valmiimpi kohtaamaan tulevaa kest\u00e4vyyss\u00e4\u00e4ntely\u00e4.<\/p>\n\n\n\n<p class=\"has-text-align-center\">&#8211;<\/p>\n\n\n\n<blockquote class=\"wp-block-quote is-layout-flow wp-block-quote-is-layout-flow\">\n<p>Kiireisen yritt\u00e4j\u00e4n kannalta yrityksen vastuullisuusty\u00f6n k\u00e4sikirjan laatiminen eteni eritt\u00e4in sujuvasti ja napakasti. Yrityksen tarpeita ja kokonaiskuvaa kartoitettiin aluksi muutamilla tapaamisilla ja kohdennetuilla kysymyksill\u00e4. Perusteellisen pohjaty\u00f6n ansiosta k\u00e4sikirjan teko eteni vauhdikkaasti. Vahva asiantuntijuus ja osaaminen vastuullisuusteemaan liittyen tuli esiin kaikissa prosessin vaiheissa.<\/p>\n\n\n\n<p>T\u00e4m\u00e4 prosessi ja sen lopputuotoksena k\u00e4ytt\u00f6\u00f6n otettu vastuullisuusty\u00f6n k\u00e4sikirja on her\u00e4tt\u00e4nyt ajattelemaan vastuullisuutta aiempaa monipuolisemmin ja laajemmin.<\/p>\n\n\n\n<p>Suosittelen l\u00e4mpim\u00e4sti muillekin pienyritt\u00e4jille t\u00e4h\u00e4n asiaan panostamista ja perehtymist\u00e4.<\/p>\n\n\n\n<p>Kiitos K\u00e4kikuu!<\/p>\n\n\n\n<p>Marika Rantanen, yritt\u00e4j\u00e4, H\u00e4meenlinnan fysioterapia<\/p>\n<\/blockquote>\n\n\n\n<p class=\"has-text-align-center\">&#8211;<\/p>\n\n\n\n<p>Kysy lis\u00e4\u00e4 ja pyyd\u00e4 tarjous:<\/p>\n\n\n<div class=\"wpforms-container wpforms-container-full wpforms-block wpforms-block-606c2c9b-dd9b-4ebc-915d-efbcb6c0f39f\" id=\"wpforms-120\"><form id=\"wpforms-form-120\" class=\"wpforms-validate wpforms-form wpforms-ajax-form\" data-formid=\"120\" method=\"post\" enctype=\"multipart\/form-data\" action=\"\/en\/wp-json\/wp\/v2\/pages\/1084\" data-token=\"2ae052a2f676fd45fd64eb8c8a73ae3c\" data-token-time=\"1777708849\"><noscript class=\"wpforms-error-noscript\">Please enable JavaScript in your browser to complete this form.<\/noscript><div class=\"wpforms-field-container\"><div id=\"wpforms-120-field_0-container\" class=\"wpforms-field wpforms-field-name\" data-field-id=\"0\"><label class=\"wpforms-field-label\" for=\"wpforms-120-field_0\">Nimi <span class=\"wpforms-required-label\">*<\/span><\/label><input type=\"text\" id=\"wpforms-120-field_0\" class=\"wpforms-field-medium wpforms-field-required\" name=\"wpforms[fields][0]\" required><\/div><div id=\"wpforms-120-field_1-container\" class=\"wpforms-field wpforms-field-email\" data-field-id=\"1\"><label class=\"wpforms-field-label\" for=\"wpforms-120-field_1\">S\u00e4hk\u00f6postiosoitteesi <span class=\"wpforms-required-label\">*<\/span><\/label><input type=\"email\" id=\"wpforms-120-field_1\" class=\"wpforms-field-medium wpforms-field-required\" name=\"wpforms[fields][1]\" spellcheck=\"false\" required><\/div><div id=\"wpforms-120-field_2-container\" class=\"wpforms-field wpforms-field-textarea\" data-field-id=\"2\"><label class=\"wpforms-field-label\" for=\"wpforms-120-field_2\">Viestisi meille<\/label><textarea id=\"wpforms-120-field_2\" class=\"wpforms-field-medium\" name=\"wpforms[fields][2]\" ><\/textarea><\/div><\/div><!-- .wpforms-field-container --><div class=\"wpforms-submit-container\" ><input type=\"hidden\" name=\"wpforms[id]\" value=\"120\"><input type=\"hidden\" name=\"page_title\" value=\"\"><input type=\"hidden\" name=\"page_url\" value=\"https:\/\/www.kakikuu.fi\/en\/wp-json\/wp\/v2\/pages\/1084\"><input type=\"hidden\" name=\"url_referer\" value=\"\"><button type=\"submit\" name=\"wpforms[submit]\" id=\"wpforms-submit-120\" class=\"wpforms-submit\" data-alt-text=\"L\u00e4hetet\u00e4\u00e4n...\" data-submit-text=\"L\u00e4het\u00e4\" aria-live=\"assertive\" value=\"wpforms-submit\">L\u00e4het\u00e4<\/button><img loading=\"lazy\" decoding=\"async\" src=\"https:\/\/www.kakikuu.fi\/wp-content\/plugins\/wpforms-lite\/assets\/images\/submit-spin.svg\" class=\"wpforms-submit-spinner\" style=\"display: none;\" width=\"26\" height=\"26\" alt=\"Loading\"><\/div><\/form><\/div>  <!-- .wpforms-container -->","protected":false},"excerpt":{"rendered":"<p>Vastuullisuusty\u00f6n k\u00e4sikirja pk-yrityksille on pienen ja keskisuuren yrityksen vastuullisuusstrategian kevennetty versio. Se on matalan kynnyksen ty\u00f6kalu, joka toimii yrityksen vastuullisuusty\u00f6n opaskirjana ja auttaa tekem\u00e4\u00e4n vaikuttavaa ja kustannustehokasta vastuullisuusty\u00f6t\u00e4. K\u00e4sikirja tarjoaa konkreettiset ty\u00f6kalut ja ohjeet, joiden avulla yritykselle voidaan rakentaa kest\u00e4v\u00e4n liiketoiminnan perustan ilman monimutkaisia prosesseja. Samalla se auttaa varmistamaan, ett\u00e4 [&hellip;]<\/p>\n","protected":false},"author":1,"featured_media":1214,"parent":34,"menu_order":0,"comment_status":"closed","ping_status":"closed","template":"","meta":{"footnotes":""},"class_list":["post-1084","page","type-page","status-publish","has-post-thumbnail","hentry"],"yoast_head":"<!-- This site is optimized with the Yoast SEO plugin v27.5 - https:\/\/yoast.com\/product\/yoast-seo-wordpress\/ -->\n<title>Vastuullisuusty\u00f6n k\u00e4sikirja \u2013 k\u00e4yt\u00e4nn\u00f6n opas pk-yrityksille | K\u00e4kikuu<\/title>\n<meta name=\"description\" content=\"K\u00e4yt\u00e4nn\u00f6n vastuullisuusty\u00f6n k\u00e4sikirja pk-yrityksille. Selkeytt\u00e4\u00e4 tekemist\u00e4 ja tukee vaikuttavaa vastuullisuusty\u00f6t\u00e4.\" \/>\n<meta name=\"robots\" content=\"index, follow, max-snippet:-1, max-image-preview:large, max-video-preview:-1\" \/>\n<link rel=\"canonical\" href=\"https:\/\/www.kakikuu.fi\/en\/ratkaisut\/vastuullisuustyon-kasikirja-pk-yrityksille\/\" \/>\n<meta property=\"og:locale\" content=\"en_GB\" \/>\n<meta property=\"og:type\" content=\"article\" \/>\n<meta property=\"og:title\" content=\"Vastuullisuusty\u00f6n k\u00e4sikirja \u2013 k\u00e4yt\u00e4nn\u00f6n opas pk-yrityksille | K\u00e4kikuu\" \/>\n<meta property=\"og:description\" content=\"K\u00e4yt\u00e4nn\u00f6n vastuullisuusty\u00f6n k\u00e4sikirja pk-yrityksille. Selkeytt\u00e4\u00e4 tekemist\u00e4 ja tukee vaikuttavaa vastuullisuusty\u00f6t\u00e4.\" \/>\n<meta property=\"og:url\" content=\"https:\/\/www.kakikuu.fi\/en\/ratkaisut\/vastuullisuustyon-kasikirja-pk-yrityksille\/\" \/>\n<meta property=\"og:site_name\" content=\"K\u00e4kikuu\" \/>\n<meta property=\"article:publisher\" content=\"https:\/\/www.facebook.com\/profile.php?id=61551999317882\" \/>\n<meta property=\"article:modified_time\" content=\"2026-02-01T16:45:06+00:00\" \/>\n<meta property=\"og:image\" content=\"https:\/\/www.kakikuu.fi\/wp-content\/uploads\/2024\/10\/fleur-dQf7RZhMOJU-unsplash-small-jpg.webp\" \/>\n\t<meta property=\"og:image:width\" content=\"1500\" \/>\n\t<meta property=\"og:image:height\" content=\"1000\" \/>\n\t<meta property=\"og:image:type\" content=\"image\/jpeg\" \/>\n<meta name=\"twitter:card\" content=\"summary_large_image\" \/>\n<meta name=\"twitter:label1\" content=\"Estimated reading time\" \/>\n\t<meta name=\"twitter:data1\" content=\"2 minutes\" \/>\n<script type=\"application\/ld+json\" class=\"yoast-schema-graph\">{\"@context\":\"https:\\\/\\\/schema.org\",\"@graph\":[{\"@type\":\"WebPage\",\"@id\":\"https:\\\/\\\/www.kakikuu.fi\\\/ratkaisut\\\/vastuullisuustyon-kasikirja-pk-yrityksille\\\/\",\"url\":\"https:\\\/\\\/www.kakikuu.fi\\\/ratkaisut\\\/vastuullisuustyon-kasikirja-pk-yrityksille\\\/\",\"name\":\"Vastuullisuusty\u00f6n k\u00e4sikirja \u2013 k\u00e4yt\u00e4nn\u00f6n opas pk-yrityksille | K\u00e4kikuu\",\"isPartOf\":{\"@id\":\"https:\\\/\\\/www.kakikuu.fi\\\/#website\"},\"primaryImageOfPage\":{\"@id\":\"https:\\\/\\\/www.kakikuu.fi\\\/ratkaisut\\\/vastuullisuustyon-kasikirja-pk-yrityksille\\\/#primaryimage\"},\"image\":{\"@id\":\"https:\\\/\\\/www.kakikuu.fi\\\/ratkaisut\\\/vastuullisuustyon-kasikirja-pk-yrityksille\\\/#primaryimage\"},\"thumbnailUrl\":\"https:\\\/\\\/www.kakikuu.fi\\\/wp-content\\\/uploads\\\/2024\\\/10\\\/fleur-dQf7RZhMOJU-unsplash-small-jpg.webp\",\"datePublished\":\"2024-08-08T12:47:33+00:00\",\"dateModified\":\"2026-02-01T16:45:06+00:00\",\"description\":\"K\u00e4yt\u00e4nn\u00f6n vastuullisuusty\u00f6n k\u00e4sikirja pk-yrityksille. Selkeytt\u00e4\u00e4 tekemist\u00e4 ja tukee vaikuttavaa vastuullisuusty\u00f6t\u00e4.\",\"breadcrumb\":{\"@id\":\"https:\\\/\\\/www.kakikuu.fi\\\/ratkaisut\\\/vastuullisuustyon-kasikirja-pk-yrityksille\\\/#breadcrumb\"},\"inLanguage\":\"en-GB\",\"potentialAction\":[{\"@type\":\"ReadAction\",\"target\":[\"https:\\\/\\\/www.kakikuu.fi\\\/ratkaisut\\\/vastuullisuustyon-kasikirja-pk-yrityksille\\\/\"]}]},{\"@type\":\"ImageObject\",\"inLanguage\":\"en-GB\",\"@id\":\"https:\\\/\\\/www.kakikuu.fi\\\/ratkaisut\\\/vastuullisuustyon-kasikirja-pk-yrityksille\\\/#primaryimage\",\"url\":\"https:\\\/\\\/www.kakikuu.fi\\\/wp-content\\\/uploads\\\/2024\\\/10\\\/fleur-dQf7RZhMOJU-unsplash-small-jpg.webp\",\"contentUrl\":\"https:\\\/\\\/www.kakikuu.fi\\\/wp-content\\\/uploads\\\/2024\\\/10\\\/fleur-dQf7RZhMOJU-unsplash-small-jpg.webp\",\"width\":1500,\"height\":1000,\"caption\":\"Pk-yrityksen vastuullisuusty\u00f6n opas\"},{\"@type\":\"BreadcrumbList\",\"@id\":\"https:\\\/\\\/www.kakikuu.fi\\\/ratkaisut\\\/vastuullisuustyon-kasikirja-pk-yrityksille\\\/#breadcrumb\",\"itemListElement\":[{\"@type\":\"ListItem\",\"position\":1,\"name\":\"Etusivu\",\"item\":\"https:\\\/\\\/www.kakikuu.fi\\\/\"},{\"@type\":\"ListItem\",\"position\":2,\"name\":\"Vastuullisuusty\u00f6n ratkaisut pk-yrityksille\",\"item\":\"https:\\\/\\\/www.kakikuu.fi\\\/ratkaisut\\\/\"},{\"@type\":\"ListItem\",\"position\":3,\"name\":\"Vastuullisuusty\u00f6n k\u00e4sikirja pk-yrityksille\"}]},{\"@type\":\"WebSite\",\"@id\":\"https:\\\/\\\/www.kakikuu.fi\\\/#website\",\"url\":\"https:\\\/\\\/www.kakikuu.fi\\\/\",\"name\":\"K\u00e4kikuu\",\"description\":\"Yritysvastuun kumppani\",\"publisher\":{\"@id\":\"https:\\\/\\\/www.kakikuu.fi\\\/#organization\"},\"potentialAction\":[{\"@type\":\"SearchAction\",\"target\":{\"@type\":\"EntryPoint\",\"urlTemplate\":\"https:\\\/\\\/www.kakikuu.fi\\\/?s={search_term_string}\"},\"query-input\":{\"@type\":\"PropertyValueSpecification\",\"valueRequired\":true,\"valueName\":\"search_term_string\"}}],\"inLanguage\":\"en-GB\"},{\"@type\":\"Organization\",\"@id\":\"https:\\\/\\\/www.kakikuu.fi\\\/#organization\",\"name\":\"K\u00e4kikuu\",\"url\":\"https:\\\/\\\/www.kakikuu.fi\\\/\",\"logo\":{\"@type\":\"ImageObject\",\"inLanguage\":\"en-GB\",\"@id\":\"https:\\\/\\\/www.kakikuu.fi\\\/#\\\/schema\\\/logo\\\/image\\\/\",\"url\":\"https:\\\/\\\/www.kakikuu.fi\\\/wp-content\\\/uploads\\\/2024\\\/02\\\/cropped-Capture-5-jpg.webp\",\"contentUrl\":\"https:\\\/\\\/www.kakikuu.fi\\\/wp-content\\\/uploads\\\/2024\\\/02\\\/cropped-Capture-5-jpg.webp\",\"width\":508,\"height\":252,\"caption\":\"K\u00e4kikuu\"},\"image\":{\"@id\":\"https:\\\/\\\/www.kakikuu.fi\\\/#\\\/schema\\\/logo\\\/image\\\/\"},\"sameAs\":[\"https:\\\/\\\/www.facebook.com\\\/profile.php?id=61551999317882\"]}]}<\/script>\n<!-- \/ Yoast SEO plugin. -->","yoast_head_json":{"title":"Vastuullisuusty\u00f6n k\u00e4sikirja \u2013 k\u00e4yt\u00e4nn\u00f6n opas pk-yrityksille | K\u00e4kikuu","description":"K\u00e4yt\u00e4nn\u00f6n vastuullisuusty\u00f6n k\u00e4sikirja pk-yrityksille. Selkeytt\u00e4\u00e4 tekemist\u00e4 ja tukee vaikuttavaa vastuullisuusty\u00f6t\u00e4.","robots":{"index":"index","follow":"follow","max-snippet":"max-snippet:-1","max-image-preview":"max-image-preview:large","max-video-preview":"max-video-preview:-1"},"canonical":"https:\/\/www.kakikuu.fi\/en\/ratkaisut\/vastuullisuustyon-kasikirja-pk-yrityksille\/","og_locale":"en_GB","og_type":"article","og_title":"Vastuullisuusty\u00f6n k\u00e4sikirja \u2013 k\u00e4yt\u00e4nn\u00f6n opas pk-yrityksille | K\u00e4kikuu","og_description":"K\u00e4yt\u00e4nn\u00f6n vastuullisuusty\u00f6n k\u00e4sikirja pk-yrityksille. Selkeytt\u00e4\u00e4 tekemist\u00e4 ja tukee vaikuttavaa vastuullisuusty\u00f6t\u00e4.","og_url":"https:\/\/www.kakikuu.fi\/en\/ratkaisut\/vastuullisuustyon-kasikirja-pk-yrityksille\/","og_site_name":"K\u00e4kikuu","article_publisher":"https:\/\/www.facebook.com\/profile.php?id=61551999317882","article_modified_time":"2026-02-01T16:45:06+00:00","og_image":[{"width":1500,"height":1000,"url":"https:\/\/www.kakikuu.fi\/wp-content\/uploads\/2024\/10\/fleur-dQf7RZhMOJU-unsplash-small-jpg.webp","type":"image\/jpeg"}],"twitter_card":"summary_large_image","twitter_misc":{"Estimated reading time":"2 minutes"},"schema":{"@context":"https:\/\/schema.org","@graph":[{"@type":"WebPage","@id":"https:\/\/www.kakikuu.fi\/ratkaisut\/vastuullisuustyon-kasikirja-pk-yrityksille\/","url":"https:\/\/www.kakikuu.fi\/ratkaisut\/vastuullisuustyon-kasikirja-pk-yrityksille\/","name":"Vastuullisuusty\u00f6n k\u00e4sikirja \u2013 k\u00e4yt\u00e4nn\u00f6n opas pk-yrityksille | K\u00e4kikuu","isPartOf":{"@id":"https:\/\/www.kakikuu.fi\/#website"},"primaryImageOfPage":{"@id":"https:\/\/www.kakikuu.fi\/ratkaisut\/vastuullisuustyon-kasikirja-pk-yrityksille\/#primaryimage"},"image":{"@id":"https:\/\/www.kakikuu.fi\/ratkaisut\/vastuullisuustyon-kasikirja-pk-yrityksille\/#primaryimage"},"thumbnailUrl":"https:\/\/www.kakikuu.fi\/wp-content\/uploads\/2024\/10\/fleur-dQf7RZhMOJU-unsplash-small-jpg.webp","datePublished":"2024-08-08T12:47:33+00:00","dateModified":"2026-02-01T16:45:06+00:00","description":"K\u00e4yt\u00e4nn\u00f6n vastuullisuusty\u00f6n k\u00e4sikirja pk-yrityksille. Selkeytt\u00e4\u00e4 tekemist\u00e4 ja tukee vaikuttavaa vastuullisuusty\u00f6t\u00e4.","breadcrumb":{"@id":"https:\/\/www.kakikuu.fi\/ratkaisut\/vastuullisuustyon-kasikirja-pk-yrityksille\/#breadcrumb"},"inLanguage":"en-GB","potentialAction":[{"@type":"ReadAction","target":["https:\/\/www.kakikuu.fi\/ratkaisut\/vastuullisuustyon-kasikirja-pk-yrityksille\/"]}]},{"@type":"ImageObject","inLanguage":"en-GB","@id":"https:\/\/www.kakikuu.fi\/ratkaisut\/vastuullisuustyon-kasikirja-pk-yrityksille\/#primaryimage","url":"https:\/\/www.kakikuu.fi\/wp-content\/uploads\/2024\/10\/fleur-dQf7RZhMOJU-unsplash-small-jpg.webp","contentUrl":"https:\/\/www.kakikuu.fi\/wp-content\/uploads\/2024\/10\/fleur-dQf7RZhMOJU-unsplash-small-jpg.webp","width":1500,"height":1000,"caption":"Pk-yrityksen vastuullisuusty\u00f6n opas"},{"@type":"BreadcrumbList","@id":"https:\/\/www.kakikuu.fi\/ratkaisut\/vastuullisuustyon-kasikirja-pk-yrityksille\/#breadcrumb","itemListElement":[{"@type":"ListItem","position":1,"name":"Etusivu","item":"https:\/\/www.kakikuu.fi\/"},{"@type":"ListItem","position":2,"name":"Vastuullisuusty\u00f6n ratkaisut pk-yrityksille","item":"https:\/\/www.kakikuu.fi\/ratkaisut\/"},{"@type":"ListItem","position":3,"name":"Vastuullisuusty\u00f6n k\u00e4sikirja pk-yrityksille"}]},{"@type":"WebSite","@id":"https:\/\/www.kakikuu.fi\/#website","url":"https:\/\/www.kakikuu.fi\/","name":"K\u00e4kikuu","description":"Your Partner in Corporate Responsibility","publisher":{"@id":"https:\/\/www.kakikuu.fi\/#organization"},"potentialAction":[{"@type":"SearchAction","target":{"@type":"EntryPoint","urlTemplate":"https:\/\/www.kakikuu.fi\/?s={search_term_string}"},"query-input":{"@type":"PropertyValueSpecification","valueRequired":true,"valueName":"search_term_string"}}],"inLanguage":"en-GB"},{"@type":"Organization","@id":"https:\/\/www.kakikuu.fi\/#organization","name":"K\u00e4kikuu","url":"https:\/\/www.kakikuu.fi\/","logo":{"@type":"ImageObject","inLanguage":"en-GB","@id":"https:\/\/www.kakikuu.fi\/#\/schema\/logo\/image\/","url":"https:\/\/www.kakikuu.fi\/wp-content\/uploads\/2024\/02\/cropped-Capture-5-jpg.webp","contentUrl":"https:\/\/www.kakikuu.fi\/wp-content\/uploads\/2024\/02\/cropped-Capture-5-jpg.webp","width":508,"height":252,"caption":"K\u00e4kikuu"},"image":{"@id":"https:\/\/www.kakikuu.fi\/#\/schema\/logo\/image\/"},"sameAs":["https:\/\/www.facebook.com\/profile.php?id=61551999317882"]}]}},"_links":{"self":[{"href":"https:\/\/www.kakikuu.fi\/en\/wp-json\/wp\/v2\/pages\/1084","targetHints":{"allow":["GET"]}}],"collection":[{"href":"https:\/\/www.kakikuu.fi\/en\/wp-json\/wp\/v2\/pages"}],"about":[{"href":"https:\/\/www.kakikuu.fi\/en\/wp-json\/wp\/v2\/types\/page"}],"author":[{"embeddable":true,"href":"https:\/\/www.kakikuu.fi\/en\/wp-json\/wp\/v2\/users\/1"}],"replies":[{"embeddable":true,"href":"https:\/\/www.kakikuu.fi\/en\/wp-json\/wp\/v2\/comments?post=1084"}],"version-history":[{"count":3,"href":"https:\/\/www.kakikuu.fi\/en\/wp-json\/wp\/v2\/pages\/1084\/revisions"}],"predecessor-version":[{"id":1845,"href":"https:\/\/www.kakikuu.fi\/en\/wp-json\/wp\/v2\/pages\/1084\/revisions\/1845"}],"up":[{"embeddable":true,"href":"https:\/\/www.kakikuu.fi\/en\/wp-json\/wp\/v2\/pages\/34"}],"wp:featuredmedia":[{"embeddable":true,"href":"https:\/\/www.kakikuu.fi\/en\/wp-json\/wp\/v2\/media\/1214"}],"wp:attachment":[{"href":"https:\/\/www.kakikuu.fi\/en\/wp-json\/wp\/v2\/media?parent=1084"}],"curies":[{"name":"wp","href":"https:\/\/api.w.org\/{rel}","templated":true}]}}