{"id":1005,"date":"2024-06-22T16:15:39","date_gmt":"2024-06-22T14:15:39","guid":{"rendered":"https:\/\/www.kakikuu.fi\/?page_id=1005"},"modified":"2026-02-01T19:23:53","modified_gmt":"2026-02-01T17:23:53","slug":"fasilitoitu-tyopaja","status":"publish","type":"page","link":"https:\/\/www.kakikuu.fi\/en\/ratkaisut\/fasilitoitu-tyopaja\/","title":{"rendered":"Facilitated Workshop"},"content":{"rendered":"\n<p>Fasilitoiduilla ty\u00f6pajoilla varmistat, ett\u00e4 yrityksesi saa parhaan mahdolisuuden hy\u00f6dyn vastuullisuustuotteistamme ja -ratkaisuistamme. K\u00e4kikuun fasilitoidut ty\u00f6pajat suunnitellaan tukemaan yrityksesi vastuullisuusty\u00f6t\u00e4 ja sen jalkauttamista k\u00e4yt\u00e4nn\u00f6nl\u00e4heisesti ja vaikuttavasti.<\/p>\n\n\n\n<ul class=\"wp-block-list\">\n<li>R\u00e4\u00e4t\u00e4l\u00f6idyt ty\u00f6pajat &#8211; jokainen ty\u00f6paja suunnitellaan yrityksesi tarpeiden mukaan, jotta saat juuri sinun liiketoimintasi kannalta olennaista tietoa ja konkreettisia ty\u00f6kaluja.<\/li>\n\n\n\n<li>Asiantunteva fasilitointi &#8211; kokenut fasilitaattorimme ohjaa ty\u00f6pajan alusta loppuun varmistaen, ett\u00e4 kaikki osallistujat saavat \u00e4\u00e4nens\u00e4 kuuluviin ja ett\u00e4 ty\u00f6paja etenee suunnitellusti ja tavoitteellisesti.<\/li>\n\n\n\n<li>K\u00e4yt\u00e4nn\u00f6nl\u00e4heinen l\u00e4hestymistapa &#8211; ty\u00f6pajoissa keskityt\u00e4\u00e4n konkreettisiin toimenpiteisiin ja ratkaisuihin, jotka voit ottaa heti k\u00e4ytt\u00f6\u00f6n yrityksesi toiminnassa. T\u00e4m\u00e4 auttaa sinua edist\u00e4m\u00e4\u00e4n yrityksesi vastuullisuusty\u00f6t\u00e4 tehokkaasti ja vaikuttavasti.<\/li>\n\n\n\n<li>Yhteisty\u00f6 ja osallistaminen &#8211; ty\u00f6pajojen avulla voit osallistaa yrityksesi avainhenkil\u00f6t ja sidosryhm\u00e4t vastuullisuusty\u00f6h\u00f6n, mik\u00e4 parantaa sitoutumista ja yhteisymm\u00e4rryst\u00e4.<\/li>\n\n\n\n<li>Innovatiiviset menetelm\u00e4t &#8211; hy\u00f6dynn\u00e4mme uusimpia fasilitointimenetelmi\u00e4 ja ty\u00f6kaluja, jotka tekev\u00e4t ty\u00f6pajoista inspiroivia ja tehokkaita. T\u00e4m\u00e4 auttaa sinua l\u00f6yt\u00e4m\u00e4\u00e4n innovatiivisia ratkaisuja ja toimintatapoja.<\/li>\n\n\n\n<li>Konkreettiset tulokset &#8211; ty\u00f6pajojen tuloksena saat selkeit\u00e4 toimintasuunnitelmia, raportteja ja mittareita, joiden avulla voit seurata edistymist\u00e4 ja varmistaa tavoitteiden saavuttamisen.<\/li>\n\n\n\n<li>Jatkuva tuki &#8211; ty\u00f6pajojen j\u00e4lkeen tarjoamme jatkuvaa tukea ja neuvontaa, jotta voit varmistaa ty\u00f6pajoissa kehitettyjen suunnitelmien ja toimenpiteiden onnistuneen toteutuksen.<\/li>\n<\/ul>\n\n\n\n<p><\/p>\n\n\n\n<p>Kysy lis\u00e4\u00e4 ja pyyd\u00e4 tarjous:<\/p>\n\n\n<div class=\"wpforms-container wpforms-container-full wpforms-block wpforms-block-deb871a0-0e6c-4101-b940-fe36ed0bcade\" id=\"wpforms-120\"><form id=\"wpforms-form-120\" class=\"wpforms-validate wpforms-form wpforms-ajax-form\" data-formid=\"120\" method=\"post\" enctype=\"multipart\/form-data\" action=\"\/en\/wp-json\/wp\/v2\/pages\/1005\" data-token=\"a8d42a3abd6b31b9716272d955485850\" data-token-time=\"1777278849\"><noscript class=\"wpforms-error-noscript\">Please enable JavaScript in your browser to complete this form.<\/noscript><div class=\"wpforms-field-container\"><div id=\"wpforms-120-field_0-container\" class=\"wpforms-field wpforms-field-name\" data-field-id=\"0\"><label class=\"wpforms-field-label\" for=\"wpforms-120-field_0\">Nimi <span class=\"wpforms-required-label\">*<\/span><\/label><input type=\"text\" id=\"wpforms-120-field_0\" class=\"wpforms-field-medium wpforms-field-required\" name=\"wpforms[fields][0]\" required><\/div><div id=\"wpforms-120-field_1-container\" class=\"wpforms-field wpforms-field-email\" data-field-id=\"1\"><label class=\"wpforms-field-label\" for=\"wpforms-120-field_1\">S\u00e4hk\u00f6postiosoitteesi <span class=\"wpforms-required-label\">*<\/span><\/label><input type=\"email\" id=\"wpforms-120-field_1\" class=\"wpforms-field-medium wpforms-field-required\" name=\"wpforms[fields][1]\" spellcheck=\"false\" required><\/div><div id=\"wpforms-120-field_2-container\" class=\"wpforms-field wpforms-field-textarea\" data-field-id=\"2\"><label class=\"wpforms-field-label\" for=\"wpforms-120-field_2\">Viestisi meille<\/label><textarea id=\"wpforms-120-field_2\" class=\"wpforms-field-medium\" name=\"wpforms[fields][2]\" ><\/textarea><\/div><\/div><!-- .wpforms-field-container --><div class=\"wpforms-submit-container\" ><input type=\"hidden\" name=\"wpforms[id]\" value=\"120\"><input type=\"hidden\" name=\"page_title\" value=\"\"><input type=\"hidden\" name=\"page_url\" value=\"https:\/\/www.kakikuu.fi\/en\/wp-json\/wp\/v2\/pages\/1005\"><input type=\"hidden\" name=\"url_referer\" value=\"\"><button type=\"submit\" name=\"wpforms[submit]\" id=\"wpforms-submit-120\" class=\"wpforms-submit\" data-alt-text=\"L\u00e4hetet\u00e4\u00e4n...\" data-submit-text=\"L\u00e4het\u00e4\" aria-live=\"assertive\" value=\"wpforms-submit\">L\u00e4het\u00e4<\/button><img loading=\"lazy\" decoding=\"async\" src=\"https:\/\/www.kakikuu.fi\/wp-content\/plugins\/wpforms-lite\/assets\/images\/submit-spin.svg\" class=\"wpforms-submit-spinner\" style=\"display: none;\" width=\"26\" height=\"26\" alt=\"Loading\"><\/div><\/form><\/div>  <!-- .wpforms-container -->","protected":false},"excerpt":{"rendered":"<p>Fasilitoiduilla ty\u00f6pajoilla varmistat, ett\u00e4 yrityksesi saa parhaan mahdolisuuden hy\u00f6dyn vastuullisuustuotteistamme ja -ratkaisuistamme. K\u00e4kikuun fasilitoidut ty\u00f6pajat suunnitellaan tukemaan yrityksesi vastuullisuusty\u00f6t\u00e4 ja sen jalkauttamista k\u00e4yt\u00e4nn\u00f6nl\u00e4heisesti ja vaikuttavasti. Kysy lis\u00e4\u00e4 ja pyyd\u00e4 tarjous:<\/p>","protected":false},"author":1,"featured_media":1197,"parent":34,"menu_order":8,"comment_status":"closed","ping_status":"closed","template":"","meta":{"footnotes":""},"class_list":["post-1005","page","type-page","status-publish","has-post-thumbnail","hentry"],"yoast_head":"<!-- This site is optimized with the Yoast SEO plugin v27.4 - https:\/\/yoast.com\/product\/yoast-seo-wordpress\/ -->\n<title>Fasilitoitu ty\u00f6paja vastuullisuusty\u00f6h\u00f6n | K\u00e4kikuu<\/title>\n<meta name=\"description\" content=\"Fasilitoitu ty\u00f6paja auttaa pk-yrityst\u00e4 kirkastamaan vastuullisuusty\u00f6n tavoitteet, priorisoimaan teemat ja viem\u00e4\u00e4n asiat k\u00e4yt\u00e4nt\u00f6\u00f6n.\" \/>\n<meta name=\"robots\" content=\"index, follow, max-snippet:-1, max-image-preview:large, max-video-preview:-1\" \/>\n<link rel=\"canonical\" href=\"https:\/\/www.kakikuu.fi\/en\/ratkaisut\/fasilitoitu-tyopaja\/\" \/>\n<meta property=\"og:locale\" content=\"en_GB\" \/>\n<meta property=\"og:type\" content=\"article\" \/>\n<meta property=\"og:title\" content=\"Fasilitoitu ty\u00f6paja vastuullisuusty\u00f6h\u00f6n | K\u00e4kikuu\" \/>\n<meta property=\"og:description\" content=\"Fasilitoitu ty\u00f6paja auttaa pk-yrityst\u00e4 kirkastamaan vastuullisuusty\u00f6n tavoitteet, priorisoimaan teemat ja viem\u00e4\u00e4n asiat k\u00e4yt\u00e4nt\u00f6\u00f6n.\" \/>\n<meta property=\"og:url\" content=\"https:\/\/www.kakikuu.fi\/en\/ratkaisut\/fasilitoitu-tyopaja\/\" \/>\n<meta property=\"og:site_name\" content=\"K\u00e4kikuu\" \/>\n<meta property=\"article:publisher\" content=\"https:\/\/www.facebook.com\/profile.php?id=61551999317882\" \/>\n<meta property=\"article:modified_time\" content=\"2026-02-01T17:23:53+00:00\" \/>\n<meta property=\"og:image\" content=\"https:\/\/www.kakikuu.fi\/wp-content\/uploads\/2024\/10\/headway-5QgIuuBxKwM-unsplash-pienempi-jpg.webp\" \/>\n\t<meta property=\"og:image:width\" content=\"1500\" \/>\n\t<meta property=\"og:image:height\" content=\"1000\" \/>\n\t<meta property=\"og:image:type\" content=\"image\/jpeg\" \/>\n<meta name=\"twitter:card\" content=\"summary_large_image\" \/>\n<meta name=\"twitter:label1\" content=\"Estimated reading time\" \/>\n\t<meta name=\"twitter:data1\" content=\"2 minutes\" \/>\n<script type=\"application\/ld+json\" class=\"yoast-schema-graph\">{\"@context\":\"https:\\\/\\\/schema.org\",\"@graph\":[{\"@type\":\"WebPage\",\"@id\":\"https:\\\/\\\/www.kakikuu.fi\\\/ratkaisut\\\/fasilitoitu-tyopaja\\\/\",\"url\":\"https:\\\/\\\/www.kakikuu.fi\\\/ratkaisut\\\/fasilitoitu-tyopaja\\\/\",\"name\":\"Fasilitoitu ty\u00f6paja vastuullisuusty\u00f6h\u00f6n | K\u00e4kikuu\",\"isPartOf\":{\"@id\":\"https:\\\/\\\/www.kakikuu.fi\\\/#website\"},\"primaryImageOfPage\":{\"@id\":\"https:\\\/\\\/www.kakikuu.fi\\\/ratkaisut\\\/fasilitoitu-tyopaja\\\/#primaryimage\"},\"image\":{\"@id\":\"https:\\\/\\\/www.kakikuu.fi\\\/ratkaisut\\\/fasilitoitu-tyopaja\\\/#primaryimage\"},\"thumbnailUrl\":\"https:\\\/\\\/www.kakikuu.fi\\\/wp-content\\\/uploads\\\/2024\\\/10\\\/headway-5QgIuuBxKwM-unsplash-pienempi-jpg.webp\",\"datePublished\":\"2024-06-22T14:15:39+00:00\",\"dateModified\":\"2026-02-01T17:23:53+00:00\",\"description\":\"Fasilitoitu ty\u00f6paja auttaa pk-yrityst\u00e4 kirkastamaan vastuullisuusty\u00f6n tavoitteet, priorisoimaan teemat ja viem\u00e4\u00e4n asiat k\u00e4yt\u00e4nt\u00f6\u00f6n.\",\"breadcrumb\":{\"@id\":\"https:\\\/\\\/www.kakikuu.fi\\\/ratkaisut\\\/fasilitoitu-tyopaja\\\/#breadcrumb\"},\"inLanguage\":\"en-GB\",\"potentialAction\":[{\"@type\":\"ReadAction\",\"target\":[\"https:\\\/\\\/www.kakikuu.fi\\\/ratkaisut\\\/fasilitoitu-tyopaja\\\/\"]}]},{\"@type\":\"ImageObject\",\"inLanguage\":\"en-GB\",\"@id\":\"https:\\\/\\\/www.kakikuu.fi\\\/ratkaisut\\\/fasilitoitu-tyopaja\\\/#primaryimage\",\"url\":\"https:\\\/\\\/www.kakikuu.fi\\\/wp-content\\\/uploads\\\/2024\\\/10\\\/headway-5QgIuuBxKwM-unsplash-pienempi-jpg.webp\",\"contentUrl\":\"https:\\\/\\\/www.kakikuu.fi\\\/wp-content\\\/uploads\\\/2024\\\/10\\\/headway-5QgIuuBxKwM-unsplash-pienempi-jpg.webp\",\"width\":1500,\"height\":1000,\"caption\":\"K\u00e4kikuu on yritysten ja organisaatioiden kumppani vastuullisuusty\u00f6ss\u00e4\"},{\"@type\":\"BreadcrumbList\",\"@id\":\"https:\\\/\\\/www.kakikuu.fi\\\/ratkaisut\\\/fasilitoitu-tyopaja\\\/#breadcrumb\",\"itemListElement\":[{\"@type\":\"ListItem\",\"position\":1,\"name\":\"Etusivu\",\"item\":\"https:\\\/\\\/www.kakikuu.fi\\\/\"},{\"@type\":\"ListItem\",\"position\":2,\"name\":\"Vastuullisuusty\u00f6n ratkaisut pk-yrityksille\",\"item\":\"https:\\\/\\\/www.kakikuu.fi\\\/ratkaisut\\\/\"},{\"@type\":\"ListItem\",\"position\":3,\"name\":\"Fasilitoitu ty\u00f6paja\"}]},{\"@type\":\"WebSite\",\"@id\":\"https:\\\/\\\/www.kakikuu.fi\\\/#website\",\"url\":\"https:\\\/\\\/www.kakikuu.fi\\\/\",\"name\":\"K\u00e4kikuu\",\"description\":\"Yritysvastuun kumppani\",\"publisher\":{\"@id\":\"https:\\\/\\\/www.kakikuu.fi\\\/#organization\"},\"potentialAction\":[{\"@type\":\"SearchAction\",\"target\":{\"@type\":\"EntryPoint\",\"urlTemplate\":\"https:\\\/\\\/www.kakikuu.fi\\\/?s={search_term_string}\"},\"query-input\":{\"@type\":\"PropertyValueSpecification\",\"valueRequired\":true,\"valueName\":\"search_term_string\"}}],\"inLanguage\":\"en-GB\"},{\"@type\":\"Organization\",\"@id\":\"https:\\\/\\\/www.kakikuu.fi\\\/#organization\",\"name\":\"K\u00e4kikuu\",\"url\":\"https:\\\/\\\/www.kakikuu.fi\\\/\",\"logo\":{\"@type\":\"ImageObject\",\"inLanguage\":\"en-GB\",\"@id\":\"https:\\\/\\\/www.kakikuu.fi\\\/#\\\/schema\\\/logo\\\/image\\\/\",\"url\":\"https:\\\/\\\/www.kakikuu.fi\\\/wp-content\\\/uploads\\\/2024\\\/02\\\/cropped-Capture-5-jpg.webp\",\"contentUrl\":\"https:\\\/\\\/www.kakikuu.fi\\\/wp-content\\\/uploads\\\/2024\\\/02\\\/cropped-Capture-5-jpg.webp\",\"width\":508,\"height\":252,\"caption\":\"K\u00e4kikuu\"},\"image\":{\"@id\":\"https:\\\/\\\/www.kakikuu.fi\\\/#\\\/schema\\\/logo\\\/image\\\/\"},\"sameAs\":[\"https:\\\/\\\/www.facebook.com\\\/profile.php?id=61551999317882\"]}]}<\/script>\n<!-- \/ Yoast SEO plugin. -->","yoast_head_json":{"title":"Fasilitoitu ty\u00f6paja vastuullisuusty\u00f6h\u00f6n | K\u00e4kikuu","description":"Fasilitoitu ty\u00f6paja auttaa pk-yrityst\u00e4 kirkastamaan vastuullisuusty\u00f6n tavoitteet, priorisoimaan teemat ja viem\u00e4\u00e4n asiat k\u00e4yt\u00e4nt\u00f6\u00f6n.","robots":{"index":"index","follow":"follow","max-snippet":"max-snippet:-1","max-image-preview":"max-image-preview:large","max-video-preview":"max-video-preview:-1"},"canonical":"https:\/\/www.kakikuu.fi\/en\/ratkaisut\/fasilitoitu-tyopaja\/","og_locale":"en_GB","og_type":"article","og_title":"Fasilitoitu ty\u00f6paja vastuullisuusty\u00f6h\u00f6n | K\u00e4kikuu","og_description":"Fasilitoitu ty\u00f6paja auttaa pk-yrityst\u00e4 kirkastamaan vastuullisuusty\u00f6n tavoitteet, priorisoimaan teemat ja viem\u00e4\u00e4n asiat k\u00e4yt\u00e4nt\u00f6\u00f6n.","og_url":"https:\/\/www.kakikuu.fi\/en\/ratkaisut\/fasilitoitu-tyopaja\/","og_site_name":"K\u00e4kikuu","article_publisher":"https:\/\/www.facebook.com\/profile.php?id=61551999317882","article_modified_time":"2026-02-01T17:23:53+00:00","og_image":[{"width":1500,"height":1000,"url":"https:\/\/www.kakikuu.fi\/wp-content\/uploads\/2024\/10\/headway-5QgIuuBxKwM-unsplash-pienempi-jpg.webp","type":"image\/jpeg"}],"twitter_card":"summary_large_image","twitter_misc":{"Estimated reading time":"2 minutes"},"schema":{"@context":"https:\/\/schema.org","@graph":[{"@type":"WebPage","@id":"https:\/\/www.kakikuu.fi\/ratkaisut\/fasilitoitu-tyopaja\/","url":"https:\/\/www.kakikuu.fi\/ratkaisut\/fasilitoitu-tyopaja\/","name":"Fasilitoitu ty\u00f6paja vastuullisuusty\u00f6h\u00f6n | K\u00e4kikuu","isPartOf":{"@id":"https:\/\/www.kakikuu.fi\/#website"},"primaryImageOfPage":{"@id":"https:\/\/www.kakikuu.fi\/ratkaisut\/fasilitoitu-tyopaja\/#primaryimage"},"image":{"@id":"https:\/\/www.kakikuu.fi\/ratkaisut\/fasilitoitu-tyopaja\/#primaryimage"},"thumbnailUrl":"https:\/\/www.kakikuu.fi\/wp-content\/uploads\/2024\/10\/headway-5QgIuuBxKwM-unsplash-pienempi-jpg.webp","datePublished":"2024-06-22T14:15:39+00:00","dateModified":"2026-02-01T17:23:53+00:00","description":"Fasilitoitu ty\u00f6paja auttaa pk-yrityst\u00e4 kirkastamaan vastuullisuusty\u00f6n tavoitteet, priorisoimaan teemat ja viem\u00e4\u00e4n asiat k\u00e4yt\u00e4nt\u00f6\u00f6n.","breadcrumb":{"@id":"https:\/\/www.kakikuu.fi\/ratkaisut\/fasilitoitu-tyopaja\/#breadcrumb"},"inLanguage":"en-GB","potentialAction":[{"@type":"ReadAction","target":["https:\/\/www.kakikuu.fi\/ratkaisut\/fasilitoitu-tyopaja\/"]}]},{"@type":"ImageObject","inLanguage":"en-GB","@id":"https:\/\/www.kakikuu.fi\/ratkaisut\/fasilitoitu-tyopaja\/#primaryimage","url":"https:\/\/www.kakikuu.fi\/wp-content\/uploads\/2024\/10\/headway-5QgIuuBxKwM-unsplash-pienempi-jpg.webp","contentUrl":"https:\/\/www.kakikuu.fi\/wp-content\/uploads\/2024\/10\/headway-5QgIuuBxKwM-unsplash-pienempi-jpg.webp","width":1500,"height":1000,"caption":"K\u00e4kikuu on yritysten ja organisaatioiden kumppani vastuullisuusty\u00f6ss\u00e4"},{"@type":"BreadcrumbList","@id":"https:\/\/www.kakikuu.fi\/ratkaisut\/fasilitoitu-tyopaja\/#breadcrumb","itemListElement":[{"@type":"ListItem","position":1,"name":"Etusivu","item":"https:\/\/www.kakikuu.fi\/"},{"@type":"ListItem","position":2,"name":"Vastuullisuusty\u00f6n ratkaisut pk-yrityksille","item":"https:\/\/www.kakikuu.fi\/ratkaisut\/"},{"@type":"ListItem","position":3,"name":"Fasilitoitu ty\u00f6paja"}]},{"@type":"WebSite","@id":"https:\/\/www.kakikuu.fi\/#website","url":"https:\/\/www.kakikuu.fi\/","name":"K\u00e4kikuu","description":"Your Partner in Corporate Responsibility","publisher":{"@id":"https:\/\/www.kakikuu.fi\/#organization"},"potentialAction":[{"@type":"SearchAction","target":{"@type":"EntryPoint","urlTemplate":"https:\/\/www.kakikuu.fi\/?s={search_term_string}"},"query-input":{"@type":"PropertyValueSpecification","valueRequired":true,"valueName":"search_term_string"}}],"inLanguage":"en-GB"},{"@type":"Organization","@id":"https:\/\/www.kakikuu.fi\/#organization","name":"K\u00e4kikuu","url":"https:\/\/www.kakikuu.fi\/","logo":{"@type":"ImageObject","inLanguage":"en-GB","@id":"https:\/\/www.kakikuu.fi\/#\/schema\/logo\/image\/","url":"https:\/\/www.kakikuu.fi\/wp-content\/uploads\/2024\/02\/cropped-Capture-5-jpg.webp","contentUrl":"https:\/\/www.kakikuu.fi\/wp-content\/uploads\/2024\/02\/cropped-Capture-5-jpg.webp","width":508,"height":252,"caption":"K\u00e4kikuu"},"image":{"@id":"https:\/\/www.kakikuu.fi\/#\/schema\/logo\/image\/"},"sameAs":["https:\/\/www.facebook.com\/profile.php?id=61551999317882"]}]}},"_links":{"self":[{"href":"https:\/\/www.kakikuu.fi\/en\/wp-json\/wp\/v2\/pages\/1005","targetHints":{"allow":["GET"]}}],"collection":[{"href":"https:\/\/www.kakikuu.fi\/en\/wp-json\/wp\/v2\/pages"}],"about":[{"href":"https:\/\/www.kakikuu.fi\/en\/wp-json\/wp\/v2\/types\/page"}],"author":[{"embeddable":true,"href":"https:\/\/www.kakikuu.fi\/en\/wp-json\/wp\/v2\/users\/1"}],"replies":[{"embeddable":true,"href":"https:\/\/www.kakikuu.fi\/en\/wp-json\/wp\/v2\/comments?post=1005"}],"version-history":[{"count":1,"href":"https:\/\/www.kakikuu.fi\/en\/wp-json\/wp\/v2\/pages\/1005\/revisions"}],"predecessor-version":[{"id":1856,"href":"https:\/\/www.kakikuu.fi\/en\/wp-json\/wp\/v2\/pages\/1005\/revisions\/1856"}],"up":[{"embeddable":true,"href":"https:\/\/www.kakikuu.fi\/en\/wp-json\/wp\/v2\/pages\/34"}],"wp:featuredmedia":[{"embeddable":true,"href":"https:\/\/www.kakikuu.fi\/en\/wp-json\/wp\/v2\/media\/1197"}],"wp:attachment":[{"href":"https:\/\/www.kakikuu.fi\/en\/wp-json\/wp\/v2\/media?parent=1005"}],"curies":[{"name":"wp","href":"https:\/\/api.w.org\/{rel}","templated":true}]}}